{"id":4133,"date":"2025-05-23T14:34:03","date_gmt":"2025-05-23T17:34:03","guid":{"rendered":"https:\/\/pos.uel.br\/geografia\/?page_id=4133"},"modified":"2025-05-23T14:34:04","modified_gmt":"2025-05-23T17:34:04","slug":"representantes-estudiantiles","status":"publish","type":"page","link":"https:\/\/pos.uel.br\/geografia\/es\/representantes-estudiantiles\/","title":{"rendered":"Representantes Estudiantiles"},"content":{"rendered":"\n<p><\/p>\n\n\n\n<p>La representaci\u00f3n estudiantil est\u00e1 compuesta por una lista de un(a) investigador(a) doctoral y un(a) investigador(a) de maestr\u00eda. Son elegidos por sus pares para un mandato de un (1) a\u00f1o, permiti\u00e9ndose una (1) reelecci\u00f3n. Son responsables de la integraci\u00f3n y orientaci\u00f3n de nuevos investigadores, el seguimiento y articulaci\u00f3n de los Grupos de Trabajo (GT), as\u00ed como de la elaboraci\u00f3n y ejecuci\u00f3n de acciones estrat\u00e9gicas en conjunto con la Comisi\u00f3n Coordinadora y el Cuerpo de Investigadores. Ocupan esca\u00f1os en los consejos del Departamento de Geograf\u00eda (DGEO\/UEL), del Programa de Posgrado en Geograf\u00eda (PPGEO\/UEL) y en la Asociaci\u00f3n Nacional de Posgrado e Investigaci\u00f3n en Geograf\u00eda (ANPEGE).<\/p>\n\n\n\n<p><\/p>\n\n\n\n<h4 class=\"wp-block-heading\"><strong>Mandato: Febrero 2025 \u2013 Actualidad<\/strong><br><\/h4>\n\n\n\n<div class=\"wp-block-columns is-layout-flex wp-container-core-columns-is-layout-9d6595d7 wp-block-columns-is-layout-flex\">\n<div class=\"wp-block-column is-layout-flow wp-block-column-is-layout-flow\">\n<p class=\"has-text-align-center\"><strong><strong>Representante Estudiantil de Doctorado<\/strong><\/strong><\/p>\n\n\n\n<p class=\"has-text-align-center\"><strong><a href=\"http:\/\/lattes.cnpq.br\/2399338222725742\" data-type=\"link\" data-id=\"http:\/\/lattes.cnpq.br\/2399338222725742\" target=\"_blank\" rel=\"noreferrer noopener\">Alessandro&nbsp;Rodrigues de Lima&nbsp;Brand\u00e3o<\/a><\/strong><\/p>\n\n\n\n<p class=\"has-text-align-center\">Licenciado en Geograf\u00eda (UEMS), M\u00e1ster en Econom\u00eda Regional (UEL) y Doctorando en Geograf\u00eda (PPGEO\/UEL)<\/p>\n\n\n\n<p class=\"has-text-align-center\"><strong>Contact<\/strong>o: <a href=\"mailto:professoralessandrolimabrandao@outlook.com\" data-type=\"mailto\" data-id=\"mailto:vinicius.belquiman@uel.br\" target=\"_blank\" rel=\"noreferrer noopener\">professoralessandrolimabrandao@outlook.com<\/a><\/p>\n<\/div>\n\n\n\n<div class=\"wp-block-column is-layout-flow wp-block-column-is-layout-flow\">\n<p class=\"has-text-align-center\"><strong><strong>Representante Estudiantil de Maestr\u00eda<\/strong><\/strong><\/p>\n\n\n\n<p class=\"has-text-align-center\"><a href=\"http:\/\/lattes.cnpq.br\/8917672129691598\" data-type=\"link\" data-id=\"http:\/\/lattes.cnpq.br\/7654208921552101\" target=\"_blank\" rel=\"noreferrer noopener\"><strong>Vin\u00edcius Belquiman Pereira<\/strong><\/a><\/p>\n\n\n\n<p class=\"has-text-align-center\">Licenciado y estudiante de grado en Geograf\u00eda (UEL), Maestrando (PPGEO\/UEL)<\/p>\n\n\n\n<p class=\"has-text-align-center\"><strong>Contacto:<\/strong> <a href=\"mailto:vinicius.belquiman@uel.br\" data-type=\"mailto\" data-id=\"mailto:vinicius.belquiman@uel.br\" target=\"_blank\" rel=\"noreferrer noopener\">vinicius.belquiman@uel.br<\/a><\/p>\n\n\n\n<p><\/p>\n<\/div>\n<\/div>\n\n\n\n<hr class=\"wp-block-separator has-alpha-channel-opacity\" \/>\n\n\n\n<h4 class=\"wp-block-heading\"><strong><strong>Mandato: Junio 2024 \u2013 Enero 2025<\/strong><br><\/strong><\/h4>\n\n\n\n<div class=\"wp-block-columns is-layout-flex wp-container-core-columns-is-layout-9d6595d7 wp-block-columns-is-layout-flex\">\n<div class=\"wp-block-column is-layout-flow wp-block-column-is-layout-flow\">\n<p class=\"has-text-align-center\"><strong><strong>Representante Estudiantil de Doctorado<\/strong><\/strong><\/p>\n\n\n\n<p class=\"has-text-align-center\"><a href=\"http:\/\/lattes.cnpq.br\/3187881535625307\" data-type=\"link\" data-id=\"http:\/\/lattes.cnpq.br\/3187881535625307\"><strong>Rodrigo Louren\u00e7o Aristides<\/strong><\/a><\/p>\n\n\n\n<p class=\"has-text-align-center\">Licenciado en Geograf\u00eda (UEL), M\u00e1ster en Geograf\u00eda y Doctorando (PPGEO\/UEL)<\/p>\n\n\n\n<p class=\"has-text-align-center\"><strong>Contacto:<\/strong> <a href=\"mailto:rodrigo.lourenco@uel.br\" data-type=\"mailto\" data-id=\"mailto:rodrigo.lourenco@uel.br\" target=\"_blank\" rel=\"noreferrer noopener\">rodrigo.lourenco@uel.br <\/a><\/p>\n<\/div>\n\n\n\n<div class=\"wp-block-column is-layout-flow wp-block-column-is-layout-flow\">\n<p class=\"has-text-align-center\"><strong><strong>Representante Estudiantil de Maestr\u00eda<\/strong><\/strong><\/p>\n\n\n\n<p class=\"has-text-align-center\"><strong><a href=\"http:\/\/lattes.cnpq.br\/8416322244310961\" data-type=\"link\" data-id=\"http:\/\/lattes.cnpq.br\/8416322244310961\" target=\"_blank\" rel=\"noreferrer noopener\"><\/a><\/strong><a href=\"http:\/\/lattes.cnpq.br\/7654208921552101\" data-type=\"link\" data-id=\"http:\/\/lattes.cnpq.br\/7654208921552101\" target=\"_blank\" rel=\"noreferrer noopener\"><strong>Rodrigo Batista da Silva<\/strong><\/a><\/p>\n\n\n\n<p class=\"has-text-align-center\">Licenciado y estudiante de grado en Geograf\u00eda (UEL), Maestrando (PPGEO\/UEL)<\/p>\n\n\n\n<p class=\"has-text-align-center\"><strong>Contacto:<\/strong> <a href=\"mailto:rodrigo.batista@uel.br\" data-type=\"mailto\" data-id=\"mailto:rodrigo.batista@uel.br\" target=\"_blank\" rel=\"noreferrer noopener\">rodrigo.batista@uel.br <\/a><\/p>\n<\/div>\n<\/div>\n\n\n\n<hr class=\"wp-block-separator has-alpha-channel-opacity\" \/>\n\n\n\n<hr class=\"wp-block-separator has-text-color has-site-background-color has-alpha-channel-opacity has-site-background-background-color has-background is-style-dots\" \/>\n\n\n\n<h4 class=\"wp-block-heading\"><strong>Mandato: Enero 2024 \u2013 Junio 2024<\/strong><br><\/h4>\n\n\n\n<div class=\"wp-block-columns is-layout-flex wp-container-core-columns-is-layout-9d6595d7 wp-block-columns-is-layout-flex\">\n<div class=\"wp-block-column is-layout-flow wp-block-column-is-layout-flow\">\n<p class=\"has-text-align-center\"><strong><strong>Representante Estudiantil de Doctorado<\/strong><\/strong><\/p>\n\n\n\n<p class=\"has-text-align-center\"><strong><a href=\"http:\/\/lattes.cnpq.br\/7817804997225634\" data-type=\"link\" data-id=\"http:\/\/lattes.cnpq.br\/7817804997225634\" target=\"_blank\" rel=\"noreferrer noopener\">Osmar Fabiano de Souza Filho<\/a><\/strong><\/p>\n\n\n\n<p class=\"has-text-align-center\">Licenciado y Bachiller en Geograf\u00eda (UEL), M\u00e1ster en Geograf\u00eda y Doctorando (PPGEO\/UEL)<\/p>\n\n\n\n<p class=\"has-text-align-center\"><strong>Contacto:<\/strong> <a href=\"mailto:osmar.fabiano980@uel.br\" data-type=\"mailto\" data-id=\"mailto:osmar.fabiano980@uel.br\" target=\"_blank\" rel=\"noreferrer noopener\">osmar.fabiano980@uel.br<\/a><\/p>\n<\/div>\n\n\n\n<div class=\"wp-block-column is-layout-flow wp-block-column-is-layout-flow\">\n<p class=\"has-text-align-center\"><strong><strong>Representante Estudiantil de Maestr\u00eda<\/strong><\/strong><\/p>\n\n\n\n<p class=\"has-text-align-center\"><strong><a href=\"http:\/\/lattes.cnpq.br\/8416322244310961\" data-type=\"link\" data-id=\"http:\/\/lattes.cnpq.br\/8416322244310961\" target=\"_blank\" rel=\"noreferrer noopener\">Nathalia Moraes Marcolin<\/a><\/strong><\/p>\n\n\n\n<p class=\"has-text-align-center\">Licenciada y estudiante de grado en Geograf\u00eda (UEL), Maestranda (PPGEO\/UEL)<\/p>\n\n\n\n<p class=\"has-text-align-center\"><strong>Contacto:<\/strong> <a href=\"mailto:nathalia.moraes@uel.br\" data-type=\"mailto\" data-id=\"mailto:nathalia.moraes@uel.br\" target=\"_blank\" rel=\"noreferrer noopener\">nathalia.moraes@uel.br<\/a><\/p>\n<\/div>\n<\/div>\n\n\n\n<hr class=\"wp-block-separator has-alpha-channel-opacity\" \/>\n\n\n\n<h4 class=\"wp-block-heading\"><strong>Mandato: Enero 2023 \u2013 Septiembre 2023<\/strong><br><\/h4>\n\n\n\n<div class=\"wp-block-columns is-layout-flex wp-container-core-columns-is-layout-9d6595d7 wp-block-columns-is-layout-flex\">\n<div class=\"wp-block-column is-layout-flow wp-block-column-is-layout-flow\">\n<p class=\"has-text-align-center\"><strong><strong>Representante Estudiantil de Doctorado<\/strong><\/strong><\/p>\n\n\n\n<p class=\"has-text-align-center\"><strong><a href=\"http:\/\/lattes.cnpq.br\/8159972011067376\" data-type=\"link\" data-id=\"http:\/\/lattes.cnpq.br\/8159972011067376\" target=\"_blank\" rel=\"noreferrer noopener\">Ramon Guerini C\u00e2ndido<\/a><\/strong><\/p>\n\n\n\n<p class=\"has-text-align-center\">Bachiller en Geograf\u00eda (UFES), M\u00e1ster y Doctorando en Geograf\u00eda (PPGEO\/UEL)<\/p>\n\n\n\n<p class=\"has-text-align-center\"><strong>Contacto:<\/strong> <a href=\"mailto:r.guerinicandido@uel.br\" data-type=\"mailto\" data-id=\"mailto:r.guerinicandido@uel.br\" target=\"_blank\" rel=\"noreferrer noopener\">r.guerinicandido@uel.br<\/a><\/p>\n<\/div>\n\n\n\n<div class=\"wp-block-column is-layout-flow wp-block-column-is-layout-flow\">\n<p class=\"has-text-align-center\"><strong><strong>Representante Estudiantil de Maestr\u00eda<\/strong><\/strong><\/p>\n\n\n\n<p class=\"has-text-align-center\"><strong><a href=\"http:\/\/lattes.cnpq.br\/3984053583494265\" data-type=\"URL\" data-id=\"http:\/\/lattes.cnpq.br\/3984053583494265\" target=\"_blank\" rel=\"noreferrer noopener\">Jessica Mayara Siqueira Silva<\/a><\/strong><\/p>\n\n\n\n<p class=\"has-text-align-center\">Bachiller en Geograf\u00eda (UEL), Maestranda (PPGEO\/UEL)<\/p>\n\n\n\n<p class=\"has-text-align-center\"><strong>Contacto:<\/strong> <a href=\"mailto:jessica.siqueira16@uel.br\" data-type=\"mailto\" data-id=\"mailto:jessica.siqueira16@uel.br\" target=\"_blank\" rel=\"noreferrer noopener\">jessica.siqueira16@uel.br<\/a><\/p>\n<\/div>\n<\/div>\n\n\n\n<hr class=\"wp-block-separator has-alpha-channel-opacity\" \/>\n\n\n\n<h4 class=\"wp-block-heading\"><strong>Mandato: 2021 \u2013 2022<\/strong><br><\/h4>\n\n\n\n<div class=\"wp-block-columns is-layout-flex wp-container-core-columns-is-layout-9d6595d7 wp-block-columns-is-layout-flex\">\n<div class=\"wp-block-column is-layout-flow wp-block-column-is-layout-flow\">\n<p class=\"has-text-align-center\"><strong><strong>Representante Estudiantil de Doctorado<\/strong><\/strong><\/p>\n\n\n\n<p class=\"has-text-align-center\"><a href=\"http:\/\/lattes.cnpq.br\/6192426216610635\" target=\"_blank\" rel=\"noreferrer noopener\"><strong>Rosana Kostecki de Lima<\/strong><\/a><\/p>\n\n\n\n<p class=\"has-text-align-center\">Licenciada y Bachiller en Geograf\u00eda, M\u00e1ster y Doctora en Geograf\u00eda (PPGEO\/UEL)<\/p>\n\n\n\n<p class=\"has-text-align-center\"><strong>Contacto:<\/strong> <a href=\"mailto:rosana.kostecki@uel.br\" data-type=\"mailto\" data-id=\"mailto:rosana.kostecki@uel.br\" target=\"_blank\" rel=\"noreferrer noopener\">rosana.kostecki@uel.br <\/a><\/p>\n<\/div>\n\n\n\n<div class=\"wp-block-column is-layout-flow wp-block-column-is-layout-flow\">\n<p class=\"has-text-align-center\"><strong><strong>Representante Estudiantil de Maestr\u00eda<\/strong><\/strong><\/p>\n\n\n\n<p class=\"has-text-align-center\"><strong><a href=\"http:\/\/lattes.cnpq.br\/7817804997225634\" data-type=\"link\" data-id=\"http:\/\/lattes.cnpq.br\/7817804997225634\" target=\"_blank\" rel=\"noreferrer noopener\">Osmar Fabiano de Souza Filho<\/a><\/strong><\/p>\n\n\n\n<p class=\"has-text-align-center\">Licenciado y Bachiller en Geograf\u00eda (UEL), Maestrando (PPGEO\/UEL)<\/p>\n\n\n\n<p class=\"has-text-align-center\"><strong>Contacto:<\/strong> <a href=\"mailto:osmar.fabiano980@uel.br\" data-type=\"mailto\" data-id=\"mailto:osmar.fabiano980@uel.br\" target=\"_blank\" rel=\"noreferrer noopener\">osmar.fabiano980@uel.br<\/a><\/p>\n<\/div>\n<\/div>\n","protected":false},"excerpt":{"rendered":"<p>La representaci\u00f3n estudiantil est\u00e1 compuesta por una lista de un(a) investigador(a) doctoral y un(a) investigador(a) de maestr\u00eda. Son elegidos por sus pares para un mandato de un (1) a\u00f1o, permiti\u00e9ndose una (1) reelecci\u00f3n. Son responsables de la integraci\u00f3n y orientaci\u00f3n de nuevos investigadores, el seguimiento y articulaci\u00f3n de los Grupos de Trabajo (GT), as\u00ed como [&hellip;]<\/p>\n","protected":false},"author":14,"featured_media":0,"parent":0,"menu_order":0,"comment_status":"closed","ping_status":"closed","template":"","meta":{"_acf_changed":false,"footnotes":""},"class_list":["post-4133","page","type-page","status-publish","hentry"],"acf":[],"_links":{"self":[{"href":"https:\/\/pos.uel.br\/geografia\/wp-json\/wp\/v2\/pages\/4133","targetHints":{"allow":["GET"]}}],"collection":[{"href":"https:\/\/pos.uel.br\/geografia\/wp-json\/wp\/v2\/pages"}],"about":[{"href":"https:\/\/pos.uel.br\/geografia\/wp-json\/wp\/v2\/types\/page"}],"author":[{"embeddable":true,"href":"https:\/\/pos.uel.br\/geografia\/wp-json\/wp\/v2\/users\/14"}],"replies":[{"embeddable":true,"href":"https:\/\/pos.uel.br\/geografia\/wp-json\/wp\/v2\/comments?post=4133"}],"version-history":[{"count":1,"href":"https:\/\/pos.uel.br\/geografia\/wp-json\/wp\/v2\/pages\/4133\/revisions"}],"predecessor-version":[{"id":4134,"href":"https:\/\/pos.uel.br\/geografia\/wp-json\/wp\/v2\/pages\/4133\/revisions\/4134"}],"wp:attachment":[{"href":"https:\/\/pos.uel.br\/geografia\/wp-json\/wp\/v2\/media?parent=4133"}],"curies":[{"name":"wp","href":"https:\/\/api.w.org\/{rel}","templated":true}]}}