{"id":4016,"date":"2025-05-21T21:22:56","date_gmt":"2025-05-22T00:22:56","guid":{"rendered":"https:\/\/pos.uel.br\/geografia\/?page_id=4016"},"modified":"2025-05-21T21:22:56","modified_gmt":"2025-05-22T00:22:56","slug":"eje-5-infraestructura-fisica","status":"publish","type":"page","link":"https:\/\/pos.uel.br\/geografia\/es\/eje-5-infraestructura-fisica\/","title":{"rendered":"\u00a0EJE 5 \u2013 INFRAESTRUCTURA F\u00cdSICA"},"content":{"rendered":"\n<p><\/p>\n\n\n\n<p>\u00a0Contempla acciones para el mantenimiento y mejora del espacio f\u00edsico y la ampliaci\u00f3n de la infraestructura para la ejecuci\u00f3n de actividades de investigaci\u00f3n y ense\u00f1anza.<\/p>\n\n\n\n<p><strong>Meta 7:<\/strong> Implementar iniciativas para la mejora del espacio f\u00edsico y la ampliaci\u00f3n de la infraestructura del programa.<br><strong>Acci\u00f3n 1:<\/strong> Obtener recursos y apoyo institucional mediante alianzas para ampliar y mejorar los espacios f\u00edsicos utilizados para investigaci\u00f3n, ense\u00f1anza y extensi\u00f3n, incluyendo laboratorios, aulas y \u00e1reas de uso m\u00faltiple.<br><strong>Acci\u00f3n 2:<\/strong> Invertir en infraestructura digital y tecnol\u00f3gica, promoviendo actualizaciones continuas en el sitio web del programa y en las plataformas de ense\u00f1anza.<\/p>\n","protected":false},"excerpt":{"rendered":"<p>\u00a0Contempla acciones para el mantenimiento y mejora del espacio f\u00edsico y la ampliaci\u00f3n de la infraestructura para la ejecuci\u00f3n de actividades de investigaci\u00f3n y ense\u00f1anza. Meta 7: Implementar iniciativas para la mejora del espacio f\u00edsico y la ampliaci\u00f3n de la infraestructura del programa.Acci\u00f3n 1: Obtener recursos y apoyo institucional mediante alianzas para ampliar y mejorar [&hellip;]<\/p>\n","protected":false},"author":15,"featured_media":0,"parent":0,"menu_order":0,"comment_status":"closed","ping_status":"closed","template":"","meta":{"_acf_changed":false,"footnotes":""},"class_list":["post-4016","page","type-page","status-publish","hentry"],"acf":[],"_links":{"self":[{"href":"https:\/\/pos.uel.br\/geografia\/wp-json\/wp\/v2\/pages\/4016","targetHints":{"allow":["GET"]}}],"collection":[{"href":"https:\/\/pos.uel.br\/geografia\/wp-json\/wp\/v2\/pages"}],"about":[{"href":"https:\/\/pos.uel.br\/geografia\/wp-json\/wp\/v2\/types\/page"}],"author":[{"embeddable":true,"href":"https:\/\/pos.uel.br\/geografia\/wp-json\/wp\/v2\/users\/15"}],"replies":[{"embeddable":true,"href":"https:\/\/pos.uel.br\/geografia\/wp-json\/wp\/v2\/comments?post=4016"}],"version-history":[{"count":1,"href":"https:\/\/pos.uel.br\/geografia\/wp-json\/wp\/v2\/pages\/4016\/revisions"}],"predecessor-version":[{"id":4017,"href":"https:\/\/pos.uel.br\/geografia\/wp-json\/wp\/v2\/pages\/4016\/revisions\/4017"}],"wp:attachment":[{"href":"https:\/\/pos.uel.br\/geografia\/wp-json\/wp\/v2\/media?parent=4016"}],"curies":[{"name":"wp","href":"https:\/\/api.w.org\/{rel}","templated":true}]}}