{"id":3999,"date":"2025-05-21T21:14:53","date_gmt":"2025-05-22T00:14:53","guid":{"rendered":"https:\/\/pos.uel.br\/geografia\/?page_id=3999"},"modified":"2025-05-21T21:14:53","modified_gmt":"2025-05-22T00:14:53","slug":"eje-1-planificacion-y-evaluacion","status":"publish","type":"page","link":"https:\/\/pos.uel.br\/geografia\/es\/eje-1-planificacion-y-evaluacion\/","title":{"rendered":"EJE 1 &#8211; PLANIFICACI\u00d3N Y EVALUACI\u00d3N"},"content":{"rendered":"\n<p><\/p>\n\n\n\n<p>Este eje contempla la planificaci\u00f3n estrat\u00e9gica del programa, incluyendo la participaci\u00f3n de grupos de trabajo (GT) y los principales elementos del proceso de evaluaci\u00f3n (interna y externa), considerando los criterios de evaluaci\u00f3n del \u00c1rea 36 de Capes y la autoevaluaci\u00f3n del programa.<\/p>\n\n\n\n<p><strong>Acci\u00f3n 1:<\/strong> Intensificar el seguimiento por parte de la comisi\u00f3n de evaluaci\u00f3n del programa y promover seminarios de discusi\u00f3n y evaluaci\u00f3n con el fin de acompa\u00f1ar las acciones del programa en relaci\u00f3n con los indicadores evaluados por CAPES.<\/p>\n\n\n\n<p><strong>Acci\u00f3n 2:<\/strong> Mejorar y detallar la redacci\u00f3n de la propuesta en la Plataforma Sucupira, tal como se indica en los informes de la comisi\u00f3n de evaluaci\u00f3n.<\/p>\n","protected":false},"excerpt":{"rendered":"<p>Este eje contempla la planificaci\u00f3n estrat\u00e9gica del programa, incluyendo la participaci\u00f3n de grupos de trabajo (GT) y los principales elementos del proceso de evaluaci\u00f3n (interna y externa), considerando los criterios de evaluaci\u00f3n del \u00c1rea 36 de Capes y la autoevaluaci\u00f3n del programa. Acci\u00f3n 1: Intensificar el seguimiento por parte de la comisi\u00f3n de evaluaci\u00f3n del [&hellip;]<\/p>\n","protected":false},"author":15,"featured_media":0,"parent":0,"menu_order":0,"comment_status":"closed","ping_status":"closed","template":"","meta":{"_acf_changed":false,"footnotes":""},"class_list":["post-3999","page","type-page","status-publish","hentry"],"acf":[],"_links":{"self":[{"href":"https:\/\/pos.uel.br\/geografia\/wp-json\/wp\/v2\/pages\/3999","targetHints":{"allow":["GET"]}}],"collection":[{"href":"https:\/\/pos.uel.br\/geografia\/wp-json\/wp\/v2\/pages"}],"about":[{"href":"https:\/\/pos.uel.br\/geografia\/wp-json\/wp\/v2\/types\/page"}],"author":[{"embeddable":true,"href":"https:\/\/pos.uel.br\/geografia\/wp-json\/wp\/v2\/users\/15"}],"replies":[{"embeddable":true,"href":"https:\/\/pos.uel.br\/geografia\/wp-json\/wp\/v2\/comments?post=3999"}],"version-history":[{"count":1,"href":"https:\/\/pos.uel.br\/geografia\/wp-json\/wp\/v2\/pages\/3999\/revisions"}],"predecessor-version":[{"id":4000,"href":"https:\/\/pos.uel.br\/geografia\/wp-json\/wp\/v2\/pages\/3999\/revisions\/4000"}],"wp:attachment":[{"href":"https:\/\/pos.uel.br\/geografia\/wp-json\/wp\/v2\/media?parent=3999"}],"curies":[{"name":"wp","href":"https:\/\/api.w.org\/{rel}","templated":true}]}}