{"id":3997,"date":"2025-05-21T21:15:12","date_gmt":"2025-05-22T00:15:12","guid":{"rendered":"https:\/\/pos.uel.br\/geografia\/?page_id=3997"},"modified":"2025-05-21T22:55:03","modified_gmt":"2025-05-22T01:55:03","slug":"planificacion-de-desarrollo-estrategico-pde-ppgeo-2021-2024","status":"publish","type":"page","link":"https:\/\/pos.uel.br\/geografia\/es\/planificacion-de-desarrollo-estrategico-pde-ppgeo-2021-2024\/","title":{"rendered":"PDE\/PPGEO 2021-2024"},"content":{"rendered":"\n<p><\/p>\n\n\n\n<p>El PDE del PPGEO define las directrices para consolidar la excelencia acad\u00e9mica y la relevancia social del programa, aline\u00e1ndose:<\/p>\n\n\n\n<ul class=\"wp-block-list\">\n<li>Al Plan de Desarrollo Institucional (PDI) de la UEL;<br><\/li>\n\n\n\n<li>A las metas de CAPES (\u00c1rea 36);<br><\/li>\n\n\n\n<li>A los ejes estrat\u00e9gicos de internacionalizaci\u00f3n e investigaci\u00f3n de la PROPPG.<br><\/li>\n<\/ul>\n\n\n\n<p>El PDE prioriza:<\/p>\n\n\n\n<ul class=\"wp-block-list\">\n<li>La formaci\u00f3n calificada en Geograf\u00eda, con \u00e9nfasis en las l\u00edneas de investigaci\u00f3n (Din\u00e1mica Socioespacial y Geoambiental);<br><\/li>\n\n\n\n<li>La inserci\u00f3n nacional e internacional, ampliando asociaciones y movilidad acad\u00e9mica;<br><\/li>\n\n\n\n<li>El impacto regional, articulando la investigaci\u00f3n con las demandas territoriales del Norte de Paran\u00e1.<br><\/li>\n<\/ul>\n\n\n\n<p>Documento elaborado colectivamente por la comunidad del PPGEO, con revisi\u00f3n peri\u00f3dica para el seguimiento de metas.<\/p>\n\n\n\n<p>El PDE\/PPGEO 2021\/2024 es el documento principal de nuestra gesti\u00f3n y establece las metas y acciones para alcanzar la misi\u00f3n y el prop\u00f3sito del programa, con una versi\u00f3n que busca sintetizar las ideas principales de forma objetiva, manteniendo el enfoque en la vocaci\u00f3n, objetivos, l\u00edneas de investigaci\u00f3n y \u00e1reas de actuaci\u00f3n del programa. Articulado con el PDI de la UEL, la comisi\u00f3n coordinadora realiz\u00f3 un amplio debate con docentes y estudiantes del programa para la formaci\u00f3n de una nueva mentalidad enfocada en la relevancia del PDE como herramienta esencial para la gesti\u00f3n del PPGEO, permitiendo gestionar el programa con mayor eficiencia y alcanzar la visi\u00f3n de futuro deseada (a corto, medio y largo plazo). Para implementar el PDE, el programa se organiz\u00f3 en 5 Ejes Estrat\u00e9gicos:<\/p>\n\n\n\n<p><\/p>\n\n\n\n<div class=\"wp-block-buttons is-layout-flex wp-block-buttons-is-layout-flex\">\n<div class=\"wp-block-button\"><a class=\"wp-block-button__link wp-element-button\" href=\"https:\/\/pos.uel.br\/geografia\/es\/eje-1-planificacion-y-evaluacion\/\"><strong><strong>EJE 1 &#8211; PLANIFICACI\u00d3N Y EVALUACI\u00d3N<\/strong><\/strong><\/a><\/div>\n\n\n\n<div class=\"wp-block-button\"><a class=\"wp-block-button__link wp-element-button\" href=\"https:\/\/pos.uel.br\/geografia\/es\/eje-2-desarrollo-del-programa\/\"><strong><strong>EJE 2 &#8211; DESARROLLO DEL PROGRAMA<\/strong><\/strong><\/a><\/div>\n\n\n\n<div class=\"wp-block-button\"><a class=\"wp-block-button__link wp-element-button\" href=\"https:\/\/pos.uel.br\/geografia\/es\/eje-3-politicas-academicas\/\"><strong><strong>&nbsp;EJE 3 &#8211; POL\u00cdTICAS ACAD\u00c9MICAS<\/strong><\/strong><\/a><\/div>\n\n\n\n<div class=\"wp-block-button\"><a class=\"wp-block-button__link wp-element-button\" href=\"https:\/\/pos.uel.br\/geografia\/es\/eje-4-politicas-de-gestion\/\"><strong><strong>EJE 4 \u2013 POL\u00cdTICAS DE GESTI\u00d3N<\/strong><\/strong><\/a><\/div>\n\n\n\n<div class=\"wp-block-button\"><a class=\"wp-block-button__link wp-element-button\" href=\"https:\/\/pos.uel.br\/geografia\/es\/eje-5-infraestructura-fisica\/\"><strong>EIXO 5 &#8211; INFRAESTRU<\/strong>C<strong>TURA F\u00cdSICA<\/strong><\/a><\/div>\n<\/div>\n","protected":false},"excerpt":{"rendered":"<p>El PDE del PPGEO define las directrices para consolidar la excelencia acad\u00e9mica y la relevancia social del programa, aline\u00e1ndose: El PDE prioriza: Documento elaborado colectivamente por la comunidad del PPGEO, con revisi\u00f3n peri\u00f3dica para el seguimiento de metas. El PDE\/PPGEO 2021\/2024 es el documento principal de nuestra gesti\u00f3n y establece las metas y acciones para [&hellip;]<\/p>\n","protected":false},"author":15,"featured_media":0,"parent":0,"menu_order":0,"comment_status":"closed","ping_status":"closed","template":"","meta":{"_acf_changed":false,"footnotes":""},"class_list":["post-3997","page","type-page","status-publish","hentry"],"acf":[],"_links":{"self":[{"href":"https:\/\/pos.uel.br\/geografia\/wp-json\/wp\/v2\/pages\/3997","targetHints":{"allow":["GET"]}}],"collection":[{"href":"https:\/\/pos.uel.br\/geografia\/wp-json\/wp\/v2\/pages"}],"about":[{"href":"https:\/\/pos.uel.br\/geografia\/wp-json\/wp\/v2\/types\/page"}],"author":[{"embeddable":true,"href":"https:\/\/pos.uel.br\/geografia\/wp-json\/wp\/v2\/users\/15"}],"replies":[{"embeddable":true,"href":"https:\/\/pos.uel.br\/geografia\/wp-json\/wp\/v2\/comments?post=3997"}],"version-history":[{"count":4,"href":"https:\/\/pos.uel.br\/geografia\/wp-json\/wp\/v2\/pages\/3997\/revisions"}],"predecessor-version":[{"id":4056,"href":"https:\/\/pos.uel.br\/geografia\/wp-json\/wp\/v2\/pages\/3997\/revisions\/4056"}],"wp:attachment":[{"href":"https:\/\/pos.uel.br\/geografia\/wp-json\/wp\/v2\/media?parent=3997"}],"curies":[{"name":"wp","href":"https:\/\/api.w.org\/{rel}","templated":true}]}}