{"id":3972,"date":"2025-05-21T21:02:17","date_gmt":"2025-05-22T00:02:17","guid":{"rendered":"https:\/\/pos.uel.br\/geografia\/?page_id=3972"},"modified":"2025-05-21T21:16:38","modified_gmt":"2025-05-22T00:16:38","slug":"planejamento-de-desenvolvimento-estrategico-pde-ppgeo-2021-2024","status":"publish","type":"page","link":"https:\/\/pos.uel.br\/geografia\/planejamento-de-desenvolvimento-estrategico-pde-ppgeo-2021-2024\/","title":{"rendered":"PDE\/PPGEO 2021-2024"},"content":{"rendered":"\n<p><\/p>\n\n\n\n<p>O PDE do PPGEO define as diretrizes para consolidar a excel\u00eancia acad\u00eamica e a relev\u00e2ncia social do programa, alinhando-se:<\/p>\n\n\n\n<ul class=\"wp-block-list\">\n<li>Ao Plano de Desenvolvimento Institucional (PDI) da UEL;<\/li>\n\n\n\n<li>\u00c0s metas da CAPES (\u00c1rea 36);<\/li>\n\n\n\n<li>Aos eixos estrat\u00e9gicos de internacionaliza\u00e7\u00e3o e pesquisa da PROPPG.<\/li>\n<\/ul>\n\n\n\n<p>O PDE prioriza:<\/p>\n\n\n\n<ol class=\"wp-block-list\">\n<li>A Forma\u00e7\u00e3o qualificada em Geografia, com \u00eanfase nas linhas de pesquisa (Din\u00e2mica Socioespacial e Geoambiental);<\/li>\n\n\n\n<li>A Inser\u00e7\u00e3o nacional e internacional, ampliando parcerias e mobilidade acad\u00eamica;<\/li>\n\n\n\n<li>O Impacto regional, articulando pesquisa \u00e0s demandas territoriais do Norte do Paran\u00e1.<\/li>\n<\/ol>\n\n\n\n<p><em>Documento elaborado coletivamente pela comunidade do PPGEO, com revis\u00e3o peri\u00f3dica para acompanhamento de metas.<\/em><\/p>\n\n\n\n<p>O PDE\/PPGEO 2021\/2024 \u00e9 o principal documento de nossa gest\u00e3o e estabelece as metas e a\u00e7\u00f5es para alcan\u00e7ar a miss\u00e3o e finalidade do programa, com uma vers\u00e3o que busca sintetizar as ideias principais de forma objetiva, mantendo o foco na voca\u00e7\u00e3o, objetivos, linhas de pesquisa e \u00e1reas de atua\u00e7\u00e3o do programa. Articulada ao PDI da UEL, a comiss\u00e3o coordenadora realizou amplo debate com docentes e discentes do programa para a forma\u00e7\u00e3o de uma nova mentalidade voltada para a relev\u00e2ncia do PDE, como ferramenta essencial para a gest\u00e3o do PPGEO, permitindo gerir com mais efici\u00eancia o programa e alcan\u00e7ar a vis\u00e3o de futuro desejada (em curto, m\u00e9dio e longo prazo). Para efetivar o PDE, o programa se organizou em 5 Eixos Estrat\u00e9gicos:<\/p>\n\n\n\n<p><\/p>\n\n\n\n<div class=\"wp-block-buttons is-layout-flex wp-block-buttons-is-layout-flex\">\n<div class=\"wp-block-button\"><a class=\"wp-block-button__link wp-element-button\" href=\"https:\/\/pos.uel.br\/geografia\/eixo-1-planejamento-e-avaliacao\/\"><strong>EIXO 1 &#8211; PLANEJAMENTO E AVALIA\u00c7\u00c3O\u00a0<\/strong><\/a><\/div>\n\n\n\n<div class=\"wp-block-button\"><a class=\"wp-block-button__link wp-element-button\" href=\"https:\/\/pos.uel.br\/geografia\/eixo-2-desenvolvimento-do-programa\/\"><strong>EIXO 2 &#8211; DESENVOLVIMENTO DO PROGRAMA<\/strong><\/a><\/div>\n\n\n\n<div class=\"wp-block-button\"><a class=\"wp-block-button__link wp-element-button\" href=\"https:\/\/pos.uel.br\/geografia\/eixo-3-politicas-academicas\/\"><strong>EIXO 3 &#8211; POL\u00cdTICAS ACAD\u00caMICAS<\/strong><\/a><\/div>\n\n\n\n<div class=\"wp-block-button\"><a class=\"wp-block-button__link wp-element-button\" href=\"https:\/\/pos.uel.br\/geografia\/eixo-4-politicas-de-gestao\/\"><strong>EIXO 4 &#8211; POL\u00cdTICAS DE GEST\u00c3O<\/strong><\/a><\/div>\n\n\n\n<div class=\"wp-block-button\"><a class=\"wp-block-button__link wp-element-button\" href=\"https:\/\/pos.uel.br\/geografia\/eixo-5-infraestrutura-fisica\/\"><strong>EIXO 5 &#8211; INFRAESTRUTURA F\u00cdSICA<\/strong><\/a><\/div>\n<\/div>\n\n\n\n<p><\/p>\n","protected":false},"excerpt":{"rendered":"<p>O PDE do PPGEO define as diretrizes para consolidar a excel\u00eancia acad\u00eamica e a relev\u00e2ncia social do programa, alinhando-se: O PDE prioriza: Documento elaborado coletivamente pela comunidade do PPGEO, com revis\u00e3o peri\u00f3dica para acompanhamento de metas. O PDE\/PPGEO 2021\/2024 \u00e9 o principal documento de nossa gest\u00e3o e estabelece as metas e a\u00e7\u00f5es para alcan\u00e7ar a [&hellip;]<\/p>\n","protected":false},"author":15,"featured_media":0,"parent":0,"menu_order":0,"comment_status":"closed","ping_status":"closed","template":"","meta":{"_acf_changed":false,"footnotes":""},"class_list":["post-3972","page","type-page","status-publish","hentry"],"acf":[],"_links":{"self":[{"href":"https:\/\/pos.uel.br\/geografia\/wp-json\/wp\/v2\/pages\/3972","targetHints":{"allow":["GET"]}}],"collection":[{"href":"https:\/\/pos.uel.br\/geografia\/wp-json\/wp\/v2\/pages"}],"about":[{"href":"https:\/\/pos.uel.br\/geografia\/wp-json\/wp\/v2\/types\/page"}],"author":[{"embeddable":true,"href":"https:\/\/pos.uel.br\/geografia\/wp-json\/wp\/v2\/users\/15"}],"replies":[{"embeddable":true,"href":"https:\/\/pos.uel.br\/geografia\/wp-json\/wp\/v2\/comments?post=3972"}],"version-history":[{"count":5,"href":"https:\/\/pos.uel.br\/geografia\/wp-json\/wp\/v2\/pages\/3972\/revisions"}],"predecessor-version":[{"id":4003,"href":"https:\/\/pos.uel.br\/geografia\/wp-json\/wp\/v2\/pages\/3972\/revisions\/4003"}],"wp:attachment":[{"href":"https:\/\/pos.uel.br\/geografia\/wp-json\/wp\/v2\/media?parent=3972"}],"curies":[{"name":"wp","href":"https:\/\/api.w.org\/{rel}","templated":true}]}}