{"id":3967,"date":"2025-05-21T20:52:22","date_gmt":"2025-05-21T23:52:22","guid":{"rendered":"https:\/\/pos.uel.br\/geografia\/?page_id=3967"},"modified":"2025-05-21T20:52:23","modified_gmt":"2025-05-21T23:52:23","slug":"orientacoes-sobre-o-cep-uel","status":"publish","type":"page","link":"https:\/\/pos.uel.br\/geografia\/orientacoes-sobre-o-cep-uel\/","title":{"rendered":"Orienta\u00e7\u00f5es sobre o CEP\/UEL"},"content":{"rendered":"\n<p><\/p>\n\n\n\n<p>Orienta\u00e7\u00f5es sobre o Comit\u00ea de \u00c9tica em Pesquisa (CEP\/UEL)<\/p>\n\n\n\n<p><strong>Quando submeter?<\/strong><\/p>\n\n\n\n<p>Todos os projetos de mestrado\/ doutorado envolvendo:<\/p>\n\n\n\n<p>&#8211; Entrevistas, question\u00e1rios ou observa\u00e7\u00e3o com seres humanos<\/p>\n\n\n\n<p>&#8211; An\u00e1lise de dados pessoais sens\u00edveis<\/p>\n\n\n\n<p>&#8211; Pesquisas com comunidades tradicionais ou grupos vulner\u00e1veis<\/p>\n\n\n\n<p><strong>Passo a passo para aprova\u00e7\u00e3o:<br><\/strong>1\ufe0f\u20e3 Preparar:<\/p>\n\n\n\n<p>Projeto completo<\/p>\n\n\n\n<p>Termos de Consentimento Livre e Esclarecido (TCLE)<\/p>\n\n\n\n<p>Instrumentos de coleta (question\u00e1rios, roteiros etc)<\/p>\n\n\n\n<p>2\ufe0f\u20e3 Submeter via Plataforma Brasil:<br><a href=\"https:\/\/www.google.com\/url?q=https:\/\/plataformabrasil.saude.gov.br&amp;sa=D&amp;source=docs&amp;ust=1747873774703639&amp;usg=AOvVaw04S3-Xm0stzqeNfVttPWjU\" target=\"_blank\" rel=\"noreferrer noopener\">https:\/\/plataformabrasil.saude.gov.br<\/a><br>(prazo m\u00e9dio: 60 dias para an\u00e1lise)<\/p>\n\n\n\n<p>3\ufe0f\u20e3 Acompanhar pelo sistema:<\/p>\n\n\n\n<p>Poss\u00edveis solicita\u00e7\u00f5es de ajustes<\/p>\n\n\n\n<p>Parecer final do CEP<\/p>\n\n\n\n<p>Prazos importantes:<\/p>\n\n\n\n<p>Submiss\u00e3o obrigat\u00f3ria ANTES do in\u00edcio da coleta de dados<\/p>\n\n\n\n<p>Apoio dispon\u00edvel:<\/p>\n\n\n\n<p>Tutoriais da PROPPG:&nbsp;<a href=\"https:\/\/www.google.com\/url?q=http:\/\/www.uel.br\/comites\/cepesh\/&amp;sa=D&amp;source=docs&amp;ust=1747873774703720&amp;usg=AOvVaw2zABytSONEK53jYvL4MCT1\" target=\"_blank\" rel=\"noreferrer noopener\">http:\/\/www.uel.br\/comites\/cepesh\/<\/a><\/p>\n\n\n\n<p><strong>Consequ\u00eancias do n\u00e3o cumprimento:<br><\/strong>Dados coletados sem aprova\u00e7\u00e3o <strong>N\u00c3O <\/strong>poder\u00e3o ser usados na pesquisa.<\/p>\n\n\n\n<p>Comit\u00ea de \u00c9tica em Pesquisa Envolvendo Seres Humanos &#8211; CEP\/UEL<br>LABESC &#8211; Laborat\u00f3rio Escola de P\u00f3s-Gradua\u00e7\u00e3o &#8211; sala 14<br>Campus Universit\u00e1rio &#8211; Rodovia Celso Garcia Cid, Km 380 (PR 445)<br>Londrina- PR, CEP: 86057-970<\/p>\n\n\n\n<p>Cel. (43) 3371-5455<br>E-mail:&nbsp;<a href=\"mailto:cep268@uel.br\" target=\"_blank\" rel=\"noreferrer noopener\">cep268@uel.br<\/a><\/p>\n\n\n\n<p>Atendimento das 8h \u00e0s 12h de segunda a sexta-feira.<\/p>\n","protected":false},"excerpt":{"rendered":"<p>Orienta\u00e7\u00f5es sobre o Comit\u00ea de \u00c9tica em Pesquisa (CEP\/UEL) Quando submeter? Todos os projetos de mestrado\/ doutorado envolvendo: &#8211; Entrevistas, question\u00e1rios ou observa\u00e7\u00e3o com seres humanos &#8211; An\u00e1lise de dados pessoais sens\u00edveis &#8211; Pesquisas com comunidades tradicionais ou grupos vulner\u00e1veis Passo a passo para aprova\u00e7\u00e3o:1\ufe0f\u20e3 Preparar: Projeto completo Termos de Consentimento Livre e Esclarecido (TCLE) [&hellip;]<\/p>\n","protected":false},"author":15,"featured_media":0,"parent":0,"menu_order":0,"comment_status":"closed","ping_status":"closed","template":"","meta":{"_acf_changed":false,"footnotes":""},"class_list":["post-3967","page","type-page","status-publish","hentry"],"acf":[],"_links":{"self":[{"href":"https:\/\/pos.uel.br\/geografia\/wp-json\/wp\/v2\/pages\/3967","targetHints":{"allow":["GET"]}}],"collection":[{"href":"https:\/\/pos.uel.br\/geografia\/wp-json\/wp\/v2\/pages"}],"about":[{"href":"https:\/\/pos.uel.br\/geografia\/wp-json\/wp\/v2\/types\/page"}],"author":[{"embeddable":true,"href":"https:\/\/pos.uel.br\/geografia\/wp-json\/wp\/v2\/users\/15"}],"replies":[{"embeddable":true,"href":"https:\/\/pos.uel.br\/geografia\/wp-json\/wp\/v2\/comments?post=3967"}],"version-history":[{"count":1,"href":"https:\/\/pos.uel.br\/geografia\/wp-json\/wp\/v2\/pages\/3967\/revisions"}],"predecessor-version":[{"id":3968,"href":"https:\/\/pos.uel.br\/geografia\/wp-json\/wp\/v2\/pages\/3967\/revisions\/3968"}],"wp:attachment":[{"href":"https:\/\/pos.uel.br\/geografia\/wp-json\/wp\/v2\/media?parent=3967"}],"curies":[{"name":"wp","href":"https:\/\/api.w.org\/{rel}","templated":true}]}}