{"id":3819,"date":"2025-05-21T13:44:40","date_gmt":"2025-05-21T16:44:40","guid":{"rendered":"https:\/\/pos.uel.br\/geografia\/?page_id=3819"},"modified":"2025-05-21T20:03:47","modified_gmt":"2025-05-21T23:03:47","slug":"documentos","status":"publish","type":"page","link":"https:\/\/pos.uel.br\/geografia\/documentos\/","title":{"rendered":"Documentos"},"content":{"rendered":"\n<p><\/p>\n\n\n\n<p><a href=\"https:\/\/pos.uel.br\/geografia\/regimentos-normas\/\" data-type=\"link\" data-id=\"https:\/\/pos.uel.br\/geografia\/regimentos-normas\/\">Regimentos e normas<\/a><\/p>\n\n\n\n<p><a href=\"https:\/\/pos.uel.br\/geografia\/formularios-arquivos\/\" data-type=\"link\" data-id=\"https:\/\/pos.uel.br\/geografia\/formularios-arquivos\/\">Formul\u00e1rios e arquivos<\/a><\/p>\n\n\n\n<p><a href=\"https:\/\/pos.uel.br\/geografia\/solicitacao-de-auxilio-viagem\/\" data-type=\"link\" data-id=\"https:\/\/pos.uel.br\/geografia\/solicitacao-de-auxilio-viagem\/\">Aux\u00edlio-viagem para eventos cient\u00edficos<\/a><\/p>\n","protected":false},"excerpt":{"rendered":"<p>Regimentos e normas Formul\u00e1rios e arquivos Aux\u00edlio-viagem para eventos cient\u00edficos<\/p>\n","protected":false},"author":15,"featured_media":0,"parent":0,"menu_order":0,"comment_status":"closed","ping_status":"closed","template":"","meta":{"_acf_changed":false,"footnotes":""},"class_list":["post-3819","page","type-page","status-publish","hentry"],"acf":[],"_links":{"self":[{"href":"https:\/\/pos.uel.br\/geografia\/wp-json\/wp\/v2\/pages\/3819","targetHints":{"allow":["GET"]}}],"collection":[{"href":"https:\/\/pos.uel.br\/geografia\/wp-json\/wp\/v2\/pages"}],"about":[{"href":"https:\/\/pos.uel.br\/geografia\/wp-json\/wp\/v2\/types\/page"}],"author":[{"embeddable":true,"href":"https:\/\/pos.uel.br\/geografia\/wp-json\/wp\/v2\/users\/15"}],"replies":[{"embeddable":true,"href":"https:\/\/pos.uel.br\/geografia\/wp-json\/wp\/v2\/comments?post=3819"}],"version-history":[{"count":4,"href":"https:\/\/pos.uel.br\/geografia\/wp-json\/wp\/v2\/pages\/3819\/revisions"}],"predecessor-version":[{"id":3944,"href":"https:\/\/pos.uel.br\/geografia\/wp-json\/wp\/v2\/pages\/3819\/revisions\/3944"}],"wp:attachment":[{"href":"https:\/\/pos.uel.br\/geografia\/wp-json\/wp\/v2\/media?parent=3819"}],"curies":[{"name":"wp","href":"https:\/\/api.w.org\/{rel}","templated":true}]}}