{"id":3699,"date":"2025-05-20T14:23:55","date_gmt":"2025-05-20T17:23:55","guid":{"rendered":"https:\/\/pos.uel.br\/geografia\/?page_id=3699"},"modified":"2025-05-21T11:04:06","modified_gmt":"2025-05-21T14:04:06","slug":"informacion-general","status":"publish","type":"page","link":"https:\/\/pos.uel.br\/geografia\/es\/informacion-general\/","title":{"rendered":"Informaci\u00f3n general"},"content":{"rendered":"\n<div class=\"wp-block-columns is-layout-flex wp-container-core-columns-is-layout-9d6595d7 wp-block-columns-is-layout-flex\">\n<div class=\"wp-block-column is-layout-flow wp-block-column-is-layout-flow\" style=\"flex-basis:33.33%\">\n<p><strong>\u00c1rea de conocimiento:<\/strong> Geograf\u00eda<\/p>\n\n\n\n<p><strong>L\u00edneas de investigaci\u00f3n:<\/strong> Din\u00e1mica Socioespacial y Din\u00e1mica Geoambiental<\/p>\n\n\n\n<p><strong>Cursos:<\/strong> Maestr\u00eda, Doctorado y pasant\u00eda Postdoctoral<\/p>\n\n\n\n<p><strong>Modalidad:<\/strong> Acad\u00e9mica<\/p>\n\n\n\n<p><strong>Concepto CAPES:<\/strong> 4 (Cuatrienio 2017-2020)<\/p>\n\n\n\n<hr class=\"wp-block-separator has-alpha-channel-opacity\" \/>\n\n\n\n<p><strong>Objetivos<\/strong><br>El Programa de Posgrado en Geograf\u00eda de la Universidad Estadual de Londrina (PPGEO\/UEL) tiene como objetivo capacitar recursos humanos para el ejercicio de la docencia, la investigaci\u00f3n y otras pr\u00e1cticas profesionales relacionadas con las atribuciones de la Ciencia Geogr\u00e1fica y \u00e1reas afines.<\/p>\n\n\n\n<hr class=\"wp-block-separator has-alpha-channel-opacity\" \/>\n\n\n\n<p><strong>P\u00fablico alvo<\/strong><br>Podr\u00e1n inscribirse en el Programa de Posgrado en Geograf\u00eda (PPGEO\/UEL) los portadores de t\u00edtulo de nivel superior y de Maestr\u00eda en Geograf\u00eda y \u00e1reas afines (Geolog\u00eda, Ciencias Biol\u00f3gicas, Ecolog\u00eda, Derecho, Ingenier\u00eda, Arquitectura y Urbanismo, Sociolog\u00eda e Historia).<\/p>\n\n\n\n<hr class=\"wp-block-separator has-alpha-channel-opacity\" \/>\n\n\n\n<p><strong>N\u00famero de plazas<\/strong><br>Se ofrecen anualmente hasta 20 plazas para la Maestr\u00eda y hasta 10 plazas para el Doctorado. La selecci\u00f3n se realiza a trav\u00e9s de cuatro modalidades de plazas:<\/p>\n\n\n\n<ul class=\"wp-block-list\">\n<li>Libre concurrencia;<\/li>\n\n\n\n<li>Reserva de plazas para personas autodeclaradas negras (negras y pardas);<\/li>\n\n\n\n<li>Plazas suplementarias para personas autodeclaradas ind\u00edgenas;<\/li>\n\n\n\n<li>Plazas suplementarias para personas con discapacidad;<\/li>\n<\/ul>\n\n\n\n<hr class=\"wp-block-separator has-alpha-channel-opacity\" \/>\n\n\n\n<p><strong>Becas de estudio<\/strong><br>Actualmente, el PPGEO cuenta con becas de estudio y financiamiento para investigaciones otorgadas por <a href=\"https:\/\/www.gov.br\/capes\/pt-br\" data-type=\"link\" data-id=\"https:\/\/www.gov.br\/capes\/pt-br\">CAPES <\/a>y la <a href=\"https:\/\/www.fappr.pr.gov.br\/\" data-type=\"link\" data-id=\"https:\/\/www.fappr.pr.gov.br\/\">Fundaci\u00f3n Arauc\u00e1ria<\/a>.<\/p>\n\n\n\n<hr class=\"wp-block-separator has-alpha-channel-opacity\" \/>\n\n\n\n<p><strong>Estudiantes especiales<\/strong><br>El estudiante especial podr\u00e1 cursar hasta el 50% (cincuenta por ciento) de los cr\u00e9ditos en asignaturas exigidos por el Programa, mediante solicitud a la Coordinaci\u00f3n del Programa, acompa\u00f1ada de los documentos exigidos en cada convocatoria. Si desea convertirse en estudiante regular, deber\u00e1 someterse al proceso de selecci\u00f3n y cumplir con todos los requisitos exigidos a los estudiantes regulares.<\/p>\n\n\n\n<p>Los estudiantes matriculados en Programas de Posgrado Stricto Sensu de otras Instituciones, debidamente reconocidos por CAPES, podr\u00e1n cursar asignaturas como estudiantes especiales, ofertadas en cualquier momento durante el per\u00edodo lectivo por los Programas de la UEL.<\/p>\n\n\n\n<p>El aviso para la selecci\u00f3n de estudiantes especiales generalmente se publica despu\u00e9s del final del proceso selectivo de estudiantes regulares.<\/p>\n<\/div>\n\n\n\n<div class=\"wp-block-column is-layout-flow wp-block-column-is-layout-flow\" style=\"flex-basis:66.66%\">\n<p><strong>Presentaci\u00f3n<\/strong><\/p>\n\n\n\n<p>El Programa de Posgrado en Geograf\u00eda (PPGEO) desarrolla investigaciones de M\u00e1ster, Doctorado y Posdoctorado, abarcando los niveles local, regional y nacional, con perspectivas internacionales, promoviendo la innovaci\u00f3n cient\u00edfica, t\u00e9cnica y educativa. El \u00e1rea de concentraci\u00f3n &#8211; Din\u00e1micas Socioambientales y Organizaci\u00f3n del Espacio &#8211; se basa en la relaci\u00f3n entre sociedad y naturaleza, y tiene como objetivo realizar investigaciones avanzadas sobre el medio f\u00edsico y las din\u00e1micas socioambientales, el uso y la ocupaci\u00f3n del territorio por diversos grupos sociales, con \u00e9nfasis en los aspectos sociales, culturales, pol\u00edticos, econ\u00f3micos y ambientales. Tambi\u00e9n considera los riesgos socioambientales, las vulnerabilidades y las desigualdades socioespaciales, buscando comprender c\u00f3mo estas cuestiones afectan a la organizaci\u00f3n del espacio y al acceso al territorio. El \u00e1rea de concentraci\u00f3n se compone de dos l\u00edneas de investigaci\u00f3n &#8211; Din\u00e1micas Socioespaciales y Din\u00e1micas Geoambientales &#8211; y sus interfaces. La Educaci\u00f3n y la Ense\u00f1anza de la Geograf\u00eda contin\u00faan como eje transversal, articul\u00e1ndose tanto con las din\u00e1micas socioespaciales y geoambientales, como con las epistemolog\u00edas, cartograf\u00edas y geotecnolog\u00edas que atraviesan las l\u00edneas de investigaci\u00f3n, enriqueci\u00e9ndolas y ampliando las perspectivas de las investigaciones.<br><\/p>\n\n\n\n<hr class=\"wp-block-separator has-alpha-channel-opacity\" \/>\n\n\n\n<p><strong>Maestr\u00eda<\/strong><\/p>\n\n\n\n<p>Tiene una duraci\u00f3n de hasta 24 meses e involucra actividades pr\u00e1cticas y te\u00f3ricas. El estudiante deber\u00e1 cumplir con la carga horaria y las actividades necesarias previstas en la normativa del Posgrado para estar apto a defender su disertaci\u00f3n y obtener el t\u00edtulo de Maestro(a).<\/p>\n\n\n\n<p><strong>Doctorado<\/strong><\/p>\n\n\n\n<p>Tiene una duraci\u00f3n de hasta 48 meses e involucra actividades pr\u00e1cticas y te\u00f3ricas. El estudiante deber\u00e1 cumplir con la carga horaria y las actividades necesarias previstas en la normativa del Posgrado para estar apto a defender su tesis y obtener el t\u00edtulo de Doctor(a).<\/p>\n\n\n\n<p><strong>Doctorado Sandu\u00edche<\/strong><\/p>\n\n\n\n<p>El Programa de Posgrado en Geograf\u00eda de la Universidad Estadual de Londrina (PPGEO-UEL) fomenta el intercambio cient\u00edfico y la formaci\u00f3n acad\u00e9mica de sus estudiantes-investigadores mediante la concesi\u00f3n de becas en el exterior bajo la modalidad de Doctorado Sandwich, por un per\u00edodo de 6 a 10 meses, de acuerdo con la disponibilidad de CAPES.<\/p>\n\n\n\n<p><strong>Posdoctorado<\/strong><\/p>\n\n\n\n<p>Se entiende por Estancia Posdoctoral, tambi\u00e9n denominada Posdoctorado, el conjunto de actividades de estudio e investigaci\u00f3n y\/o innovaci\u00f3n tecnol\u00f3gica desarrolladas por quien posea el t\u00edtulo de Doctor(a), realizadas bajo la supervisi\u00f3n de un docente efectivo de la Universidad Estadual de Londrina o perteneciente a la categor\u00eda de Profesor(a)\/Investigador(a) Senior, vinculado al PPGEO\/UEL o a un Grupo de Investigaci\u00f3n registrado en el Directorio de Grupos de Investigaci\u00f3n del CNPq. El objetivo de la estancia es consolidar, actualizar, profundizar y ampliar los conocimientos cient\u00edficos y tecnol\u00f3gicos, o efectuar un eventual redireccionamiento de la investigaci\u00f3n del\/de la posdoctorando(a).<\/p>\n<\/div>\n<\/div>\n\n\n\n<p><\/p>\n\n\n\n<p><\/p>\n\n\n\n<p><\/p>\n","protected":false},"excerpt":{"rendered":"<p>\u00c1rea de conocimiento: Geograf\u00eda L\u00edneas de investigaci\u00f3n: Din\u00e1mica Socioespacial y Din\u00e1mica Geoambiental Cursos: Maestr\u00eda, Doctorado y pasant\u00eda Postdoctoral Modalidad: Acad\u00e9mica Concepto CAPES: 4 (Cuatrienio 2017-2020) ObjetivosEl Programa de Posgrado en Geograf\u00eda de la Universidad Estadual de Londrina (PPGEO\/UEL) tiene como objetivo capacitar recursos humanos para el ejercicio de la docencia, la investigaci\u00f3n y otras pr\u00e1cticas [&hellip;]<\/p>\n","protected":false},"author":8,"featured_media":0,"parent":0,"menu_order":0,"comment_status":"closed","ping_status":"closed","template":"","meta":{"_acf_changed":false,"footnotes":""},"class_list":["post-3699","page","type-page","status-publish","hentry"],"acf":[],"_links":{"self":[{"href":"https:\/\/pos.uel.br\/geografia\/wp-json\/wp\/v2\/pages\/3699","targetHints":{"allow":["GET"]}}],"collection":[{"href":"https:\/\/pos.uel.br\/geografia\/wp-json\/wp\/v2\/pages"}],"about":[{"href":"https:\/\/pos.uel.br\/geografia\/wp-json\/wp\/v2\/types\/page"}],"author":[{"embeddable":true,"href":"https:\/\/pos.uel.br\/geografia\/wp-json\/wp\/v2\/users\/8"}],"replies":[{"embeddable":true,"href":"https:\/\/pos.uel.br\/geografia\/wp-json\/wp\/v2\/comments?post=3699"}],"version-history":[{"count":10,"href":"https:\/\/pos.uel.br\/geografia\/wp-json\/wp\/v2\/pages\/3699\/revisions"}],"predecessor-version":[{"id":3789,"href":"https:\/\/pos.uel.br\/geografia\/wp-json\/wp\/v2\/pages\/3699\/revisions\/3789"}],"wp:attachment":[{"href":"https:\/\/pos.uel.br\/geografia\/wp-json\/wp\/v2\/media?parent=3699"}],"curies":[{"name":"wp","href":"https:\/\/api.w.org\/{rel}","templated":true}]}}