{"id":345,"date":"2021-09-01T22:12:23","date_gmt":"2021-09-02T01:12:23","guid":{"rendered":"https:\/\/pos.uel.br\/geografia\/?page_id=345"},"modified":"2025-12-02T08:04:21","modified_gmt":"2025-12-02T11:04:21","slug":"formularios-arquivos","status":"publish","type":"page","link":"https:\/\/pos.uel.br\/geografia\/formularios-arquivos\/","title":{"rendered":"Formul\u00e1rios e arquivos"},"content":{"rendered":"\n<h4 class=\"wp-block-heading\">Formul\u00e1rios e arquivos de Grupos de Trabalho<\/h4>\n\n\n\n<div class=\"wp-block-uel-card\">\n<h5 class=\"wp-block-heading\"><a href=\"https:\/\/forms.gle\/fUXcp23LVzkDCqqk8\" data-type=\"URL\" data-id=\"https:\/\/forms.gle\/fUXcp23LVzkDCqqk8\" target=\"_blank\" rel=\"noreferrer noopener\">Formul\u00e1rio para solicita\u00e7\u00e3o de post de defesa nas redes sociais do PPGEO\/UEL<\/a><\/h5>\n\n\n\n<p>Deve ser enviado, no m\u00ednimo, 10 dias antes da data da defesa.<\/p>\n\n\n\n<h5 class=\"wp-block-heading\"><a href=\"https:\/\/forms.gle\/YQWdjkp5XjRmAfQN7\" data-type=\"URL\" data-id=\"https:\/\/forms.gle\/YQWdjkp5XjRmAfQN7\" target=\"_blank\" rel=\"noreferrer noopener\">Formul\u00e1rio para solicita\u00e7\u00e3o de posts de temas diversos para redes sociais do PPGEO\/UEL<\/a><\/h5>\n\n\n\n<p>Prazo para elabora\u00e7\u00e3o de 10 dias.<\/p>\n\n\n\n<h5 class=\"wp-block-heading\"><a rel=\"noreferrer noopener\" href=\"https:\/\/docs.google.com\/spreadsheets\/d\/1zcL3iOkx0skEJ6N-GDh8q_EXUBqTQ_bvk37kkwywlfs\/edit?usp=sharing\" data-type=\"URL\" data-id=\"https:\/\/docs.google.com\/spreadsheets\/d\/1zcL3iOkx0skEJ6N-GDh8q_EXUBqTQ_bvk37kkwywlfs\/edit?usp=sharing\" target=\"_blank\">Agenda colaborativa de eventos cient\u00edficos e chamadas de peri\u00f3dicos<\/a><\/h5>\n\n\n\n<p>Planilha colaborativa. Aten\u00e7\u00e3o ao preencher.<\/p>\n\n\n\n<h5 class=\"wp-block-heading\"><a href=\"https:\/\/docs.google.com\/spreadsheets\/d\/12ERfQStDVGbSD7bCqcz6kJQzXbtUxnfUgOSaj8Gh5Yg\/edit?usp=sharing\" data-type=\"URL\" data-id=\"https:\/\/docs.google.com\/spreadsheets\/d\/12ERfQStDVGbSD7bCqcz6kJQzXbtUxnfUgOSaj8Gh5Yg\/edit?usp=sharing\">Cronograma geral de defesas<\/a><\/h5>\n\n\n\n<p>Dispon\u00edvel apenas para autentica\u00e7\u00e3o via @uel.br.<\/p>\n<\/div>\n\n\n\n<h4 class=\"wp-block-heading\">Templates<\/h4>\n\n\n\n<div class=\"wp-block-uel-card\">\n<h5 class=\"wp-block-heading\"><a href=\"https:\/\/pos.uel.br\/geografia\/wp-content\/uploads\/2021\/09\/relatorioatividades.doc\" data-type=\"attachment\" data-id=\"338\" target=\"_blank\" rel=\"noreferrer noopener\">Modelo de relat\u00f3rio semestral de atividades<\/a><\/h5>\n\n\n\n<h5 class=\"wp-block-heading\"><a href=\"https:\/\/sites.uel.br\/bibliotecas\/modelo-padrao-uel\/\" data-type=\"URL\" data-id=\"https:\/\/sites.uel.br\/bibliotecas\/modelo-padrao-uel\/\" target=\"_blank\" rel=\"noreferrer noopener\">Modelo de trabalho acad\u00eamico padr\u00e3o da UEL<\/a><\/h5>\n\n\n\n<h5 class=\"wp-block-heading\"><a href=\"https:\/\/pos.uel.br\/geografia\/wp-content\/uploads\/2021\/09\/modelo-capa-lombada.pdf\" data-type=\"attachment\" data-id=\"356\" target=\"_blank\" rel=\"noreferrer noopener\">Modelo de capa e lombada para disserta\u00e7\u00f5es e teses<\/a><\/h5>\n\n\n\n<h5 class=\"wp-block-heading\"><a href=\"https:\/\/pos.uel.br\/geografia\/wp-content\/uploads\/2021\/09\/modelo-capa-cds.pdf\" data-type=\"attachment\" data-id=\"358\" target=\"_blank\" rel=\"noreferrer noopener\">Modelo de capa de CD para disserta\u00e7\u00f5es e teses<\/a><\/h5>\n<\/div>\n\n\n\n<h4 class=\"wp-block-heading\">Termos<\/h4>\n\n\n\n<div class=\"wp-block-uel-card\">\n<h5 class=\"wp-block-heading\"><a href=\"https:\/\/pos.uel.br\/geografia\/wp-content\/uploads\/2023\/03\/TermoRenovacaoBolsa_rev00.docx\" data-type=\"attachment\" data-id=\"1804\">Termo de renova\u00e7\u00e3o de bolsa<\/a><\/h5>\n\n\n\n<h5 class=\"wp-block-heading\"><a href=\"https:\/\/pos.uel.br\/geografia\/wp-content\/uploads\/2021\/09\/Termo-de-Entrega-da-Versao-Final.docx\" target=\"_blank\" rel=\"noreferrer noopener\">Termo de verifica\u00e7\u00e3o de vers\u00e3o final da tese\/disserta\u00e7\u00e3o<\/a><\/h5>\n\n\n\n<h5 class=\"wp-block-heading\"><a rel=\"noreferrer noopener\" href=\"https:\/\/pos.uel.br\/geografia\/wp-content\/uploads\/2021\/09\/Encaminhamento_Dissertacoes_Teses.pdf\" data-type=\"attachment\" data-id=\"339\" target=\"_blank\">Termo de entrega da disserta\u00e7\u00e3o ou tese a Biblioteca Central<\/a><\/h5>\n<\/div>\n\n\n\n<h4 class=\"wp-block-heading\">Formul\u00e1rios de solicita\u00e7\u00e3o de aux\u00edlio financeiro para participa\u00e7\u00e3o em eventos cient\u00edficos<\/h4>\n\n\n\n<div class=\"wp-block-uel-card\">\n<h5 class=\"wp-block-heading\"><a href=\"https:\/\/pos.uel.br\/geografia\/solicitacao-de-auxilio-viagem\/\" data-type=\"link\" data-id=\"https:\/\/pos.uel.br\/geografia\/solicitacao-de-auxilio-viagem\/\">Acesse aqui a p\u00e1gina com os documentos e instru\u00e7\u00f5es<\/a><\/h5>\n<\/div>\n\n\n\n<h4 class=\"wp-block-heading\">Outros documentos<\/h4>\n\n\n\n<div class=\"wp-block-uel-card\">\n<h5 class=\"wp-block-heading\"><a href=\"https:\/\/pos.uel.br\/geografia\/wp-content\/uploads\/2023\/05\/ComoPreencherLattes_PPGEO_UEL_rev02.pdf\" data-type=\"attachment\" data-id=\"2089\" target=\"_blank\" rel=\"noreferrer noopener\">Orienta\u00e7\u00f5es para preenchimento do Curr\u00edculo Lattes<\/a><\/h5>\n\n\n\n<p>Elaborado por pesquisadores do Programa.<\/p>\n\n\n\n<h5 class=\"wp-block-heading\"><a href=\"http:\/\/ajuda.cnpq.br\/index.php\/P%C3%A1gina_principal\" data-type=\"URL\" data-id=\"http:\/\/ajuda.cnpq.br\/index.php\/P%C3%A1gina_principal\" target=\"_blank\" rel=\"noreferrer noopener\">Arquivos de Ajuda da Plataforma Lattes<\/a><\/h5>\n\n\n\n<p>Elaborado pelo <a href=\"https:\/\/www.gov.br\/cnpq\/pt-br\" data-type=\"URL\" data-id=\"https:\/\/www.gov.br\/cnpq\/pt-br\" target=\"_blank\" rel=\"noreferrer noopener\">Conselho Nacional de Desenvolvimento Cient\u00edfico e Tecnol\u00f3gico<\/a>.<\/p>\n<\/div>\n\n\n\n<p><\/p>\n","protected":false},"excerpt":{"rendered":"<p>Formul\u00e1rios e arquivos de Grupos de Trabalho Templates Termos Formul\u00e1rios de solicita\u00e7\u00e3o de aux\u00edlio financeiro para participa\u00e7\u00e3o em eventos cient\u00edficos Outros documentos<\/p>\n","protected":false},"author":14,"featured_media":0,"parent":0,"menu_order":0,"comment_status":"closed","ping_status":"closed","template":"","meta":{"_acf_changed":false,"footnotes":""},"class_list":["post-345","page","type-page","status-publish","hentry"],"acf":[],"_links":{"self":[{"href":"https:\/\/pos.uel.br\/geografia\/wp-json\/wp\/v2\/pages\/345","targetHints":{"allow":["GET"]}}],"collection":[{"href":"https:\/\/pos.uel.br\/geografia\/wp-json\/wp\/v2\/pages"}],"about":[{"href":"https:\/\/pos.uel.br\/geografia\/wp-json\/wp\/v2\/types\/page"}],"author":[{"embeddable":true,"href":"https:\/\/pos.uel.br\/geografia\/wp-json\/wp\/v2\/users\/14"}],"replies":[{"embeddable":true,"href":"https:\/\/pos.uel.br\/geografia\/wp-json\/wp\/v2\/comments?post=345"}],"version-history":[{"count":32,"href":"https:\/\/pos.uel.br\/geografia\/wp-json\/wp\/v2\/pages\/345\/revisions"}],"predecessor-version":[{"id":4834,"href":"https:\/\/pos.uel.br\/geografia\/wp-json\/wp\/v2\/pages\/345\/revisions\/4834"}],"wp:attachment":[{"href":"https:\/\/pos.uel.br\/geografia\/wp-json\/wp\/v2\/media?parent=345"}],"curies":[{"name":"wp","href":"https:\/\/api.w.org\/{rel}","templated":true}]}}