{"id":2376,"date":"2023-05-31T16:07:50","date_gmt":"2023-05-31T19:07:50","guid":{"rendered":"https:\/\/pos.uel.br\/geografia\/?page_id=2376"},"modified":"2025-11-24T10:45:50","modified_gmt":"2025-11-24T13:45:50","slug":"eventos","status":"publish","type":"page","link":"https:\/\/pos.uel.br\/geografia\/eventos\/","title":{"rendered":"Eventos"},"content":{"rendered":"\n<h3 class=\"wp-block-heading\"><\/h3>\n\n\n\n<p><strong><strong>Encontro Internacional de Metodologias Qualitativas de Pesquisa e\/ou A\u00e7\u00e3o (MQPA)<\/strong><\/strong><\/p>\n\n\n\n<div class=\"wp-block-media-text alignwide is-stacked-on-mobile\"><figure class=\"wp-block-media-text__media\"><img loading=\"lazy\" decoding=\"async\" width=\"592\" height=\"234\" src=\"https:\/\/pos.uel.br\/geografia\/wp-content\/uploads\/2023\/05\/ieimqpa.png\" alt=\"\" class=\"wp-image-2409 size-full\" srcset=\"https:\/\/pos.uel.br\/geografia\/wp-content\/uploads\/2023\/05\/ieimqpa.png 592w, https:\/\/pos.uel.br\/geografia\/wp-content\/uploads\/2023\/05\/ieimqpa-300x119.png 300w\" sizes=\"auto, (max-width: 592px) 100vw, 592px\" \/><\/figure><div class=\"wp-block-media-text__content\">\n<p>O <strong>Encontro Internacional de Metodologias Qualitativas de Pesquisa e\/ou A\u00e7\u00e3o (MQPA)<\/strong> teve sua primeira edi\u00e7\u00e3o no Uruguai, resultado das parcerias entre os grupos GIPAP e CTL, a segunda em Londrina, sediada pelo PPGEO, e a terceira edi\u00e7\u00e3o na Col\u00f4mbia. Em ambas as edi\u00e7\u00f5es, houve ampla participa\u00e7\u00e3o de docentes do programa, como os professores Ideni Antonello, Eloiza Torres, L\u00e9ia Veiga, Jeani Moura e Sergio Nabarro, al\u00e9m de integrantes de outros departamentos, universidades internacionais, estudantes e membros da sociedade civil.<\/p>\n\n\n\n<p><strong>Edi\u00e7\u00f5es do Evento:<\/strong><\/p>\n\n\n\n<p><a href=\"https:\/\/encontromqpa.wixsite.com\/encontromqpa\" data-type=\"link\" data-id=\"https:\/\/encontromqpa.wixsite.com\/encontromqpa\">I ENCONTRO INTERNACIONAL DE METODOLOGIAS QUALITATIVAS DE PESQUISA E\/OU A\u00c7\u00c3O<\/a> &#8211; Desenvolvimento Sustent\u00e1vel Rural-Urbano &#8211; Montevid\u00e9u, Uruguai, 25 a 27 de maio de 2023.  <\/p>\n\n\n\n<p><a href=\"https:\/\/encontromqpa.wixsite.com\/ii-encontro-mqpa\" data-type=\"link\" data-id=\"https:\/\/encontromqpa.wixsite.com\/ii-encontro-mqpa\">II ENCONTRO INTERNACIONAL DE METODOLOGIAS QUALITATIVAS DE PESQUISA E\/OU A\u00c7\u00c3O<\/a> &#8211; Desenvolvimento Territorial Sustent\u00e1vel &#8211; Londrina, Brasil, 14 a 16 de mar\u00e7o de 2024. <\/p>\n\n\n\n<p><a href=\"https:\/\/encontromqpa.wixsite.com\/website\" data-type=\"link\" data-id=\"https:\/\/encontromqpa.wixsite.com\/website\">III ENCONTRO INTERNACIONAL DE METODOLOGIAS QUALITATIVAS DE PESQUISA E\/OU A\u00c7\u00c3O<\/a> &#8211;&nbsp; Tunja, Col\u00f4mbia, 24 a 26 de abril de 2025. <\/p>\n<\/div><\/div>\n\n\n\n<hr class=\"wp-block-separator has-alpha-channel-opacity\" \/>\n\n\n\n<p><strong><strong><strong>Col\u00f3quio de Geografia Humanista e Educa\u00e7\u00e3o (COGHE)<\/strong><\/strong><\/strong><\/p>\n\n\n\n<div class=\"wp-block-media-text alignwide is-stacked-on-mobile\"><figure class=\"wp-block-media-text__media\"><img loading=\"lazy\" decoding=\"async\" width=\"506\" height=\"309\" src=\"https:\/\/pos.uel.br\/geografia\/wp-content\/uploads\/2025\/05\/Sem-titulo.png\" alt=\"\" class=\"wp-image-4392 size-full\" srcset=\"https:\/\/pos.uel.br\/geografia\/wp-content\/uploads\/2025\/05\/Sem-titulo.png 506w, https:\/\/pos.uel.br\/geografia\/wp-content\/uploads\/2025\/05\/Sem-titulo-300x183.png 300w\" sizes=\"auto, (max-width: 506px) 100vw, 506px\" \/><\/figure><div class=\"wp-block-media-text__content\">\n<p>O <strong>I Col\u00f3quio de Geografia Humanista e Educa\u00e7\u00e3o (COGHE)<\/strong>, primeiro evento brasileiro dedicado ao tema, contou com a colabora\u00e7\u00e3o de institui\u00e7\u00f5es como UFPI, UFF, UNICAMP, UFPR, UNEB e IFSP, fruto das parcerias com o GHUM. Coordenado pela Prof. Jeani Delgado Paschoal Moura, teve participa\u00e7\u00e3o ativa da Prof. Jamille da Silva Lima-Payay\u00e1, da p\u00f3s-doutoranda Daniele Barbosa de Ara\u00fajo e da egressa Larissa Alves de Oliveira, que tamb\u00e9m atuaram como palestrantes e mediadoras.<\/p>\n\n\n\n<p><a href=\"https:\/\/coghe.weebly.com\/\" data-type=\"link\" data-id=\"https:\/\/coghe.weebly.com\/\">Site do evento<\/a><\/p>\n\n\n\n<p><a href=\"https:\/\/anais.uel.br\/portal\/index.php\/coghe\" data-type=\"link\" data-id=\"https:\/\/anais.uel.br\/portal\/index.php\/coghe\">Anais<\/a><\/p>\n<\/div><\/div>\n\n\n\n<hr class=\"wp-block-separator has-alpha-channel-opacity\" \/>\n\n\n\n<p><strong>Semin\u00e1rio da Ci\u00eancia Transformadora Latino-Americana (CTL)<\/strong><\/p>\n\n\n\n<div class=\"wp-block-media-text alignwide is-stacked-on-mobile\"><figure class=\"wp-block-media-text__media\"><img loading=\"lazy\" decoding=\"async\" width=\"504\" height=\"184\" src=\"https:\/\/pos.uel.br\/geografia\/wp-content\/uploads\/2025\/05\/Sem-titulo-1.png\" alt=\"\" class=\"wp-image-4397 size-full\" srcset=\"https:\/\/pos.uel.br\/geografia\/wp-content\/uploads\/2025\/05\/Sem-titulo-1.png 504w, https:\/\/pos.uel.br\/geografia\/wp-content\/uploads\/2025\/05\/Sem-titulo-1-300x110.png 300w\" sizes=\"auto, (max-width: 504px) 100vw, 504px\" \/><\/figure><div class=\"wp-block-media-text__content\">\n<p><strong>II Semin\u00e1rio da Ci\u00eancia Transformadora Latino-Americana (CTL)<\/strong>, sob organiza\u00e7\u00e3o da Prof. Ideni Terezinha Antonello, do Prof. Sergio Nabarro e dos p\u00f3s-doutorandos Caio Cezar Cunha e Danieli Barbosa de Araujo. Este evento \u00e9 mais um fruto das parcerias GIPAP e CLT e contou com a participa\u00e7\u00e3o internacional do Prof. Hor\u00e1cio Bozzano da Universidade Nacional de La Plata, e do Prof. Conrado Marquez, da Universidad Aut\u00f3noma Chapingo, al\u00e9m de ter reunido membros da sociedade civil, lideran\u00e7as comunit\u00e1rias e representantes de assentamentos do MST.<\/p>\n\n\n\n<p><\/p>\n<\/div><\/div>\n\n\n\n<hr class=\"wp-block-separator has-alpha-channel-opacity\" \/>\n\n\n\n<p><strong>Jornada de Estudos Geogr\u00e1ficos<\/strong><\/p>\n\n\n\n<div class=\"wp-block-media-text alignwide is-stacked-on-mobile\"><figure class=\"wp-block-media-text__media\"><img loading=\"lazy\" decoding=\"async\" width=\"544\" height=\"237\" src=\"https:\/\/pos.uel.br\/geografia\/wp-content\/uploads\/2025\/11\/Captura-de-tela-2025-11-24-103547.png\" alt=\"\" class=\"wp-image-4814 size-full\" srcset=\"https:\/\/pos.uel.br\/geografia\/wp-content\/uploads\/2025\/11\/Captura-de-tela-2025-11-24-103547.png 544w, https:\/\/pos.uel.br\/geografia\/wp-content\/uploads\/2025\/11\/Captura-de-tela-2025-11-24-103547-300x131.png 300w\" sizes=\"auto, (max-width: 544px) 100vw, 544px\" \/><\/figure><div class=\"wp-block-media-text__content\">\n<p>Promovido pelo Grupo de Estudos em Ensino de Geografia e Educa\u00e7\u00e3o Ambiental &#8211; GEENGEA UEL<\/p>\n\n\n\n<p>\u2733 Promover momentos de aprendizado sobre diferentes temas que permeiam as pesquisas realizadas por discentes e docentes do GEENGEA.<br>\u2747 Refletir sobre os fundamentos te\u00f3ricos-metodol\u00f3gicos dos estudos realizados no GEENGEA.<br>\u2747 Integrar os discentes e pesquisadores do GEENGEA com pesquisadores de outros grupos de estudos.<\/p>\n\n\n\n<p><a href=\"https:\/\/www.youtube.com\/@GeengeaUel\" data-type=\"link\" data-id=\"https:\/\/www.youtube.com\/@GeengeaUel\">Site<\/a><\/p>\n<\/div><\/div>\n\n\n\n<p><\/p>\n","protected":false},"excerpt":{"rendered":"<p>Encontro Internacional de Metodologias Qualitativas de Pesquisa e\/ou A\u00e7\u00e3o (MQPA) O Encontro Internacional de Metodologias Qualitativas de Pesquisa e\/ou A\u00e7\u00e3o (MQPA) teve sua primeira edi\u00e7\u00e3o no Uruguai, resultado das parcerias entre os grupos GIPAP e CTL, a segunda em Londrina, sediada pelo PPGEO, e a terceira edi\u00e7\u00e3o na Col\u00f4mbia. Em ambas as edi\u00e7\u00f5es, houve ampla [&hellip;]<\/p>\n","protected":false},"author":14,"featured_media":0,"parent":0,"menu_order":0,"comment_status":"closed","ping_status":"closed","template":"","meta":{"_acf_changed":false,"footnotes":""},"class_list":["post-2376","page","type-page","status-publish","hentry"],"acf":[],"_links":{"self":[{"href":"https:\/\/pos.uel.br\/geografia\/wp-json\/wp\/v2\/pages\/2376","targetHints":{"allow":["GET"]}}],"collection":[{"href":"https:\/\/pos.uel.br\/geografia\/wp-json\/wp\/v2\/pages"}],"about":[{"href":"https:\/\/pos.uel.br\/geografia\/wp-json\/wp\/v2\/types\/page"}],"author":[{"embeddable":true,"href":"https:\/\/pos.uel.br\/geografia\/wp-json\/wp\/v2\/users\/14"}],"replies":[{"embeddable":true,"href":"https:\/\/pos.uel.br\/geografia\/wp-json\/wp\/v2\/comments?post=2376"}],"version-history":[{"count":12,"href":"https:\/\/pos.uel.br\/geografia\/wp-json\/wp\/v2\/pages\/2376\/revisions"}],"predecessor-version":[{"id":4820,"href":"https:\/\/pos.uel.br\/geografia\/wp-json\/wp\/v2\/pages\/2376\/revisions\/4820"}],"wp:attachment":[{"href":"https:\/\/pos.uel.br\/geografia\/wp-json\/wp\/v2\/media?parent=2376"}],"curies":[{"name":"wp","href":"https:\/\/api.w.org\/{rel}","templated":true}]}}