{"id":2233,"date":"2023-05-09T01:01:14","date_gmt":"2023-05-09T04:01:14","guid":{"rendered":"https:\/\/pos.uel.br\/geografia\/?page_id=2233"},"modified":"2025-05-20T22:04:18","modified_gmt":"2025-05-21T01:04:18","slug":"representantes-discentes","status":"publish","type":"page","link":"https:\/\/pos.uel.br\/geografia\/representantes-discentes\/","title":{"rendered":"Representantes discentes"},"content":{"rendered":"\n<p>A representa\u00e7\u00e3o discente \u00e9 composta por uma chapa de um (a) pesquisador-doutorando (a) e um (a) pesquisador-mestrando (a). S\u00e3o eleitos por seus pares para um mandato de 01 (um) ano, sendo permitida 01 (uma) recondu\u00e7\u00e3o. S\u00e3o respons\u00e1veis pela integra\u00e7\u00e3o e orienta\u00e7\u00e3o de novos pesquisadores, acompanhamento e articula\u00e7\u00e3o dos Grupos de Trabalhos (GTs), al\u00e9m de elabora\u00e7\u00e3o e execu\u00e7\u00e3o de a\u00e7\u00f5es estrat\u00e9gicas em conjunto com a Comiss\u00e3o Coordenadora e o Corpo de Pesquisadores\/as. Ocupam cadeiras nos conselhos do Departamento de Geografia (DGEO\/UEL), do Programa de P\u00f3s-Gradua\u00e7\u00e3o em Geografia (PPGEO\/UEL) e na Associa\u00e7\u00e3o Nacional de P\u00f3s-Gradua\u00e7\u00e3o e Pesquisa em Geografia (ANPEGE).<\/p>\n\n\n\n<p><\/p>\n\n\n\n<h4 class=\"wp-block-heading\">Mandato Fevereiro de 2025 &#8211; Presente momento<\/h4>\n\n\n\n<p><\/p>\n\n\n\n<div class=\"wp-block-columns is-layout-flex wp-container-core-columns-is-layout-9d6595d7 wp-block-columns-is-layout-flex\">\n<div class=\"wp-block-column is-layout-flow wp-block-column-is-layout-flow\">\n<p class=\"has-text-align-center\"><strong>Representante discente<\/strong> <strong>Doutorado<\/strong><\/p>\n\n\n\n<p class=\"has-text-align-center\"><strong><a href=\"http:\/\/lattes.cnpq.br\/2399338222725742\" data-type=\"link\" data-id=\"http:\/\/lattes.cnpq.br\/2399338222725742\" target=\"_blank\" rel=\"noreferrer noopener\">Alessandro&nbsp;Rodrigues de Lima&nbsp;Brand\u00e3o<\/a><\/strong><\/p>\n\n\n\n<p class=\"has-text-align-center\">Graduado em Geografia (UEMS), Mestre em Economia Regional (UEL) e Doutorando em Geografia (PPGEO\/UEL)<\/p>\n\n\n\n<p class=\"has-text-align-center\"><strong>Contato:<\/strong> <a href=\"mailto:professoralessandrolimabrandao@outlook.com\" data-type=\"mailto\" data-id=\"mailto:vinicius.belquiman@uel.br\" target=\"_blank\" rel=\"noreferrer noopener\">professoralessandrolimabrandao@outlook.com<\/a><\/p>\n<\/div>\n\n\n\n<div class=\"wp-block-column is-layout-flow wp-block-column-is-layout-flow\">\n<p class=\"has-text-align-center\"><strong><strong>Representante discente<\/strong><\/strong> <strong>Mestrado<\/strong><\/p>\n\n\n\n<p class=\"has-text-align-center\"><a href=\"http:\/\/lattes.cnpq.br\/8917672129691598\" data-type=\"link\" data-id=\"http:\/\/lattes.cnpq.br\/7654208921552101\" target=\"_blank\" rel=\"noreferrer noopener\"><strong>Vin\u00edcius Belquiman Pereira<\/strong><\/a><\/p>\n\n\n\n<p class=\"has-text-align-center\">Licenciado e bacharelando em Geografia (UEL) e Mestrando (PPGEO\/UEL)<\/p>\n\n\n\n<p class=\"has-text-align-center\"><strong>Contato:<\/strong> <a href=\"mailto:vinicius.belquiman@uel.br\" data-type=\"mailto\" data-id=\"mailto:vinicius.belquiman@uel.br\" target=\"_blank\" rel=\"noreferrer noopener\">vinicius.belquiman@uel.br<\/a><\/p>\n\n\n\n<p><\/p>\n<\/div>\n<\/div>\n\n\n\n<hr class=\"wp-block-separator has-alpha-channel-opacity\" \/>\n\n\n\n<h4 class=\"wp-block-heading\">Mandato Junho de 2024 &#8211; Janeiro de 2025<\/h4>\n\n\n\n<div class=\"wp-block-columns is-layout-flex wp-container-core-columns-is-layout-9d6595d7 wp-block-columns-is-layout-flex\">\n<div class=\"wp-block-column is-layout-flow wp-block-column-is-layout-flow\">\n<p class=\"has-text-align-center\"><strong>Representante discente<\/strong> <strong>Doutorado<\/strong><\/p>\n\n\n\n<p class=\"has-text-align-center\"><a href=\"http:\/\/lattes.cnpq.br\/3187881535625307\" data-type=\"link\" data-id=\"http:\/\/lattes.cnpq.br\/3187881535625307\"><strong>Rodrigo Louren\u00e7o Aristides<\/strong><\/a><\/p>\n\n\n\n<p class=\"has-text-align-center\">Licenciado em Geografia (UEL), Mestre em Geografia e Doutorando (PPGEO\/UEL)<\/p>\n\n\n\n<p class=\"has-text-align-center\"><strong>Contato:<\/strong> <a href=\"mailto:rodrigo.lourenco@uel.br\" data-type=\"mailto\" data-id=\"mailto:rodrigo.lourenco@uel.br\" target=\"_blank\" rel=\"noreferrer noopener\">rodrigo.lourenco@uel.br <\/a><\/p>\n<\/div>\n\n\n\n<div class=\"wp-block-column is-layout-flow wp-block-column-is-layout-flow\">\n<p class=\"has-text-align-center\"><strong><strong>Representante discente<\/strong><\/strong> <strong>Mestrado<\/strong><\/p>\n\n\n\n<p class=\"has-text-align-center\"><strong><a href=\"http:\/\/lattes.cnpq.br\/8416322244310961\" data-type=\"link\" data-id=\"http:\/\/lattes.cnpq.br\/8416322244310961\" target=\"_blank\" rel=\"noreferrer noopener\"><\/a><\/strong><a href=\"http:\/\/lattes.cnpq.br\/7654208921552101\" data-type=\"link\" data-id=\"http:\/\/lattes.cnpq.br\/7654208921552101\" target=\"_blank\" rel=\"noreferrer noopener\"><strong>Rodrigo Batista da Silva<\/strong><\/a><\/p>\n\n\n\n<p class=\"has-text-align-center\">Licenciado e bacharelando em Geografia (UEL) e Mestrando (PPGEO\/UEL)<\/p>\n\n\n\n<p class=\"has-text-align-center\"><strong>Contato:<\/strong> <a href=\"mailto:rodrigo.batista@uel.br\" data-type=\"mailto\" data-id=\"mailto:rodrigo.batista@uel.br\" target=\"_blank\" rel=\"noreferrer noopener\">rodrigo.batista@uel.br <\/a><\/p>\n<\/div>\n<\/div>\n\n\n\n<hr class=\"wp-block-separator has-alpha-channel-opacity\" \/>\n\n\n\n<hr class=\"wp-block-separator has-text-color has-site-background-color has-alpha-channel-opacity has-site-background-background-color has-background is-style-dots\" \/>\n\n\n\n<h4 class=\"wp-block-heading\">Mandato Janeiro de 2024 a Junho de 2024<\/h4>\n\n\n\n<div class=\"wp-block-columns is-layout-flex wp-container-core-columns-is-layout-9d6595d7 wp-block-columns-is-layout-flex\">\n<div class=\"wp-block-column is-layout-flow wp-block-column-is-layout-flow\">\n<p class=\"has-text-align-center\"><strong>Representante discente<\/strong> <strong>Doutorado<\/strong><\/p>\n\n\n\n<p class=\"has-text-align-center\"><strong><a href=\"http:\/\/lattes.cnpq.br\/7817804997225634\" data-type=\"link\" data-id=\"http:\/\/lattes.cnpq.br\/7817804997225634\" target=\"_blank\" rel=\"noreferrer noopener\">Osmar Fabiano de Souza Filho<\/a><\/strong><\/p>\n\n\n\n<p class=\"has-text-align-center\">Licenciado e Bacharel em Geografia (UEL), Mestre em Geografia e Doutorando (PPGEO\/UEL)<\/p>\n\n\n\n<p class=\"has-text-align-center\"><strong>Contato:<\/strong> <a href=\"mailto:osmar.fabiano980@uel.br\" data-type=\"mailto\" data-id=\"mailto:osmar.fabiano980@uel.br\" target=\"_blank\" rel=\"noreferrer noopener\">osmar.fabiano980@uel.br<\/a><\/p>\n<\/div>\n\n\n\n<div class=\"wp-block-column is-layout-flow wp-block-column-is-layout-flow\">\n<p class=\"has-text-align-center\"><strong><strong>Representante discente<\/strong><\/strong> <strong>Mestrado<\/strong><\/p>\n\n\n\n<p class=\"has-text-align-center\"><strong><a href=\"http:\/\/lattes.cnpq.br\/8416322244310961\" data-type=\"link\" data-id=\"http:\/\/lattes.cnpq.br\/8416322244310961\" target=\"_blank\" rel=\"noreferrer noopener\">Nathalia Moraes Marcolin<\/a><\/strong><\/p>\n\n\n\n<p class=\"has-text-align-center\">Licenciada e bacharelanda em Geografia (UEL) e Mestranda (PPGEO\/UEL)<\/p>\n\n\n\n<p class=\"has-text-align-center\"><strong>Contato:<\/strong> <a href=\"mailto:nathalia.moraes@uel.br\" data-type=\"mailto\" data-id=\"mailto:nathalia.moraes@uel.br\" target=\"_blank\" rel=\"noreferrer noopener\">nathalia.moraes@uel.br<\/a><\/p>\n<\/div>\n<\/div>\n\n\n\n<hr class=\"wp-block-separator has-alpha-channel-opacity\" \/>\n\n\n\n<h4 class=\"wp-block-heading\">Mandato Janeiro de 2023 a Setembro de 2023<\/h4>\n\n\n\n<div class=\"wp-block-columns is-layout-flex wp-container-core-columns-is-layout-9d6595d7 wp-block-columns-is-layout-flex\">\n<div class=\"wp-block-column is-layout-flow wp-block-column-is-layout-flow\">\n<p class=\"has-text-align-center\"><strong>Representante discente<\/strong> <strong>Doutorado<\/strong><\/p>\n\n\n\n<p class=\"has-text-align-center\"><strong><a href=\"http:\/\/lattes.cnpq.br\/8159972011067376\" data-type=\"link\" data-id=\"http:\/\/lattes.cnpq.br\/8159972011067376\" target=\"_blank\" rel=\"noreferrer noopener\">Ramon Guerini C\u00e2ndido<\/a><\/strong><\/p>\n\n\n\n<p class=\"has-text-align-center\">Bacharel em Geografia (UFES), Mestre e Doutorando em Geografia (PPGEO\/UEL)<\/p>\n\n\n\n<p class=\"has-text-align-center\"><strong>Contato:<\/strong> <a href=\"mailto:r.guerinicandido@uel.br\" data-type=\"mailto\" data-id=\"mailto:r.guerinicandido@uel.br\" target=\"_blank\" rel=\"noreferrer noopener\">r.guerinicandido@uel.br<\/a><\/p>\n<\/div>\n\n\n\n<div class=\"wp-block-column is-layout-flow wp-block-column-is-layout-flow\">\n<p class=\"has-text-align-center\"><strong><strong>Representante discente<\/strong><\/strong> <strong>Mestrado<\/strong><\/p>\n\n\n\n<p class=\"has-text-align-center\"><strong><a href=\"http:\/\/lattes.cnpq.br\/3984053583494265\" data-type=\"URL\" data-id=\"http:\/\/lattes.cnpq.br\/3984053583494265\" target=\"_blank\" rel=\"noreferrer noopener\">Jessica Mayara Siqueira Silva<\/a><\/strong><\/p>\n\n\n\n<p class=\"has-text-align-center\">Bacharela em Geografia (UEL) e Mestranda (PPGEO\/UEL)<\/p>\n\n\n\n<p class=\"has-text-align-center\"><strong>Contato:<\/strong> <a rel=\"noreferrer noopener\" href=\"mailto:jessica.siqueira16@uel.br\" data-type=\"mailto\" data-id=\"mailto:jessica.siqueira16@uel.br\" target=\"_blank\">jessica.siqueira16@uel.br<\/a><\/p>\n<\/div>\n<\/div>\n\n\n\n<hr class=\"wp-block-separator has-alpha-channel-opacity\" \/>\n\n\n\n<h4 class=\"wp-block-heading\">Mandato 2021 &#8211; 2022<\/h4>\n\n\n\n<div class=\"wp-block-columns is-layout-flex wp-container-core-columns-is-layout-9d6595d7 wp-block-columns-is-layout-flex\">\n<div class=\"wp-block-column is-layout-flow wp-block-column-is-layout-flow\">\n<p class=\"has-text-align-center\"><strong>Representante discente<\/strong> <strong>Doutorado<\/strong><\/p>\n\n\n\n<p class=\"has-text-align-center\"><a href=\"http:\/\/lattes.cnpq.br\/6192426216610635\" target=\"_blank\" rel=\"noreferrer noopener\"><strong>Rosana Kostecki de Lima<\/strong><\/a><\/p>\n\n\n\n<p class=\"has-text-align-center\">Licenciada e Bacharela em Geografia, Mestre e Doutora em Geografia (PPGEO\/UEL)<\/p>\n\n\n\n<p class=\"has-text-align-center\"><strong>Contato:<\/strong> <a href=\"mailto:rosana.kostecki@uel.br\" data-type=\"mailto\" data-id=\"mailto:rosana.kostecki@uel.br\" target=\"_blank\" rel=\"noreferrer noopener\">rosana.kostecki@uel.br <\/a><\/p>\n<\/div>\n\n\n\n<div class=\"wp-block-column is-layout-flow wp-block-column-is-layout-flow\">\n<p class=\"has-text-align-center\"><strong><strong>Representante discente<\/strong><\/strong> <strong>Mestrado<\/strong><\/p>\n\n\n\n<p class=\"has-text-align-center\"><strong><a href=\"http:\/\/lattes.cnpq.br\/7817804997225634\" data-type=\"link\" data-id=\"http:\/\/lattes.cnpq.br\/7817804997225634\" target=\"_blank\" rel=\"noreferrer noopener\">Osmar Fabiano de Souza Filho<\/a><\/strong><\/p>\n\n\n\n<p class=\"has-text-align-center\">Licenciado e Bacharel em Geografia (UEL) e Mestrando (PPGEO\/UEL)<\/p>\n\n\n\n<p class=\"has-text-align-center\"><strong>Contato:<\/strong> <a href=\"mailto:osmar.fabiano980@uel.br\" data-type=\"mailto\" data-id=\"mailto:osmar.fabiano980@uel.br\" target=\"_blank\" rel=\"noreferrer noopener\">osmar.fabiano980@uel.br<\/a><\/p>\n<\/div>\n<\/div>\n\n\n\n<hr class=\"wp-block-separator has-alpha-channel-opacity\" \/>\n\n\n\n<hr class=\"wp-block-separator has-text-color has-site-background-color has-alpha-channel-opacity has-site-background-background-color has-background is-style-dots\" \/>\n\n\n\n<h3 class=\"wp-block-heading\"><\/h3>\n","protected":false},"excerpt":{"rendered":"<p>A representa\u00e7\u00e3o discente \u00e9 composta por uma chapa de um (a) pesquisador-doutorando (a) e um (a) pesquisador-mestrando (a). S\u00e3o eleitos por seus pares para um mandato de 01 (um) ano, sendo permitida 01 (uma) recondu\u00e7\u00e3o. S\u00e3o respons\u00e1veis pela integra\u00e7\u00e3o e orienta\u00e7\u00e3o de novos pesquisadores, acompanhamento e articula\u00e7\u00e3o dos Grupos de Trabalhos (GTs), al\u00e9m de elabora\u00e7\u00e3o [&hellip;]<\/p>\n","protected":false},"author":14,"featured_media":0,"parent":0,"menu_order":0,"comment_status":"closed","ping_status":"closed","template":"","meta":{"_acf_changed":false,"footnotes":""},"class_list":["post-2233","page","type-page","status-publish","hentry"],"acf":[],"_links":{"self":[{"href":"https:\/\/pos.uel.br\/geografia\/wp-json\/wp\/v2\/pages\/2233","targetHints":{"allow":["GET"]}}],"collection":[{"href":"https:\/\/pos.uel.br\/geografia\/wp-json\/wp\/v2\/pages"}],"about":[{"href":"https:\/\/pos.uel.br\/geografia\/wp-json\/wp\/v2\/types\/page"}],"author":[{"embeddable":true,"href":"https:\/\/pos.uel.br\/geografia\/wp-json\/wp\/v2\/users\/14"}],"replies":[{"embeddable":true,"href":"https:\/\/pos.uel.br\/geografia\/wp-json\/wp\/v2\/comments?post=2233"}],"version-history":[{"count":23,"href":"https:\/\/pos.uel.br\/geografia\/wp-json\/wp\/v2\/pages\/2233\/revisions"}],"predecessor-version":[{"id":3741,"href":"https:\/\/pos.uel.br\/geografia\/wp-json\/wp\/v2\/pages\/2233\/revisions\/3741"}],"wp:attachment":[{"href":"https:\/\/pos.uel.br\/geografia\/wp-json\/wp\/v2\/media?parent=2233"}],"curies":[{"name":"wp","href":"https:\/\/api.w.org\/{rel}","templated":true}]}}