{"id":2121,"date":"2023-05-06T22:23:59","date_gmt":"2023-05-07T01:23:59","guid":{"rendered":"https:\/\/pos.uel.br\/geografia\/?page_id=2121"},"modified":"2024-03-19T21:35:43","modified_gmt":"2024-03-20T00:35:43","slug":"labgea-uel","status":"publish","type":"page","link":"https:\/\/pos.uel.br\/geografia\/labgea-uel\/","title":{"rendered":"Laborat\u00f3rio de Geografia Agr\u00e1ria (LABGEA)"},"content":{"rendered":"\n<p><\/p>\n\n\n\n<div class=\"wp-block-columns is-layout-flex wp-container-core-columns-is-layout-9d6595d7 wp-block-columns-is-layout-flex\">\n<div class=\"wp-block-column is-layout-flow wp-block-column-is-layout-flow\">\n<h2 class=\"wp-block-heading\">Apresenta\u00e7\u00e3o<\/h2>\n\n\n\n<p>O Laborat\u00f3rio de Geografia Agr\u00e1ria (LABGEA) do Departamento de Geografia da Universidade Estadual de Londrina (UEL) foi fundado em 1984, ainda sob a denomina\u00e7\u00e3o de Laborat\u00f3rio de Estudos Agr\u00e1rios. Em 2021, o LABGEA foi rebatizado para enfatizar sua centralidade em investiga\u00e7\u00f5es relativas \u00e0 Geografia Agr\u00e1ria. Atualmente, o laborat\u00f3rio \u00e9 coordenado pelo Prof. Dr. Sergio Aparecido Nabarro e integrado por uma equipe de docentes e discentes pesquisadores da quest\u00e3o agr\u00e1ria brasileira.<\/p>\n\n\n\n<p>Os integrantes do LABGEA desenvolvem projetos de pesquisa (em sua maioria de mestrado e doutorado), participam das reuni\u00f5es mensais, organizam e\/ou participam eventos e trabalhos de campo. Al\u00e9m disso, os pesquisadores do LABGEA contribuem com a produ\u00e7\u00e3o e divulga\u00e7\u00e3o cient\u00edfica por meio de publica\u00e7\u00f5es de artigos em livros, revistas e eventos cient\u00edficos.<\/p>\n\n\n\n<p>As principais linhas de pesquisa s\u00e3o: rela\u00e7\u00e3o agricultura-ind\u00fastria; processos espaciais da agricultura; estrutura fundi\u00e1ria; campesinato no capitalismo; modo de vida campon\u00eas; movimentos sociais; reforma agr\u00e1ria; assentamentos rurais; agroecologia; quest\u00e3o agr\u00e1ria e g\u00eanero; hist\u00f3ria da geografia agr\u00e1ria brasileira; teoria e m\u00e9todo em geografia agr\u00e1ria.<\/p>\n<\/div>\n<\/div>\n\n\n\n<div class=\"wp-block-uel-card\">\n<div class=\"wp-block-columns is-layout-flex wp-container-core-columns-is-layout-9d6595d7 wp-block-columns-is-layout-flex\">\n<div class=\"wp-block-column is-vertically-aligned-center is-layout-flow wp-block-column-is-layout-flow\">\n<h3 class=\"wp-block-heading has-text-align-center\">Prof. Dr. S\u00e9rgio Aparecido Nabarro<\/h3>\n\n\n\n<p class=\"has-text-align-center\">Coordenador do Laborat\u00f3rio de Geografia Agr\u00e1ria (LABGEA)<\/p>\n\n\n\n<p class=\"has-text-align-center\"><strong>\u00c1rea de Atua\u00e7\u00e3o:<\/strong>\u00a0Geografia Agr\u00e1ria, Hist\u00f3ria do Pensamento Geogr\u00e1fico, Teoria e M\u00e9todo em Geografia.<\/p>\n\n\n\n<p class=\"has-text-align-center\"><strong>E-mail:<\/strong>\u00a0<a rel=\"noreferrer noopener\" href=\"mailto:sergionabarro@uel.br\" target=\"_blank\">sergionabarro@uel.br<\/a><\/p>\n\n\n\n<ul class=\"wp-block-social-links has-visible-labels has-icon-color has-icon-background-color is-style-pill-shape is-vertical is-content-justification-center is-layout-flex wp-container-core-social-links-is-layout-9a7cdcfd wp-block-social-links-is-layout-flex\"><li style=\"color:#F5F5F5;background-color:#00753B;\" class=\"wp-social-link wp-social-link-chain has-site-background-color has-primary-accent-background-color wp-block-social-link\"><a rel=\"noopener nofollow\" target=\"_blank\" href=\"http:\/\/lattes.cnpq.br\/8538298464713169\" class=\"wp-block-social-link-anchor\"><svg width=\"24\" height=\"24\" viewBox=\"0 0 24 24\" version=\"1.1\" xmlns=\"http:\/\/www.w3.org\/2000\/svg\" aria-hidden=\"true\" focusable=\"false\"><path d=\"M15.6,7.2H14v1.5h1.6c2,0,3.7,1.7,3.7,3.7s-1.7,3.7-3.7,3.7H14v1.5h1.6c2.8,0,5.2-2.3,5.2-5.2,0-2.9-2.3-5.2-5.2-5.2zM4.7,12.4c0-2,1.7-3.7,3.7-3.7H10V7.2H8.4c-2.9,0-5.2,2.3-5.2,5.2,0,2.9,2.3,5.2,5.2,5.2H10v-1.5H8.4c-2,0-3.7-1.7-3.7-3.7zm4.6.9h5.3v-1.5H9.3v1.5z\"><\/path><\/svg><span class=\"wp-block-social-link-label\">Lattes<\/span><\/a><\/li>\n\n<li style=\"color:#F5F5F5;background-color:#00753B;\" class=\"wp-social-link wp-social-link-chain has-site-background-color has-primary-accent-background-color wp-block-social-link\"><a rel=\"noopener nofollow\" target=\"_blank\" href=\"https:\/\/www.sistemasweb.uel.br\/index.php?contents=system\/prj\/par\/index.php&#038;pagina=par_qry_participante3.php&#038;p_cod_participante=1913755&#038;p_nome=SERGIO%20APARECIDO%20NABARRO\" class=\"wp-block-social-link-anchor\"><svg width=\"24\" height=\"24\" viewBox=\"0 0 24 24\" version=\"1.1\" xmlns=\"http:\/\/www.w3.org\/2000\/svg\" aria-hidden=\"true\" focusable=\"false\"><path d=\"M15.6,7.2H14v1.5h1.6c2,0,3.7,1.7,3.7,3.7s-1.7,3.7-3.7,3.7H14v1.5h1.6c2.8,0,5.2-2.3,5.2-5.2,0-2.9-2.3-5.2-5.2-5.2zM4.7,12.4c0-2,1.7-3.7,3.7-3.7H10V7.2H8.4c-2.9,0-5.2,2.3-5.2,5.2,0,2.9,2.3,5.2,5.2,5.2H10v-1.5H8.4c-2,0-3.7-1.7-3.7-3.7zm4.6.9h5.3v-1.5H9.3v1.5z\"><\/path><\/svg><span class=\"wp-block-social-link-label\">Projetos<\/span><\/a><\/li><\/ul>\n<\/div>\n\n\n\n<div class=\"wp-block-column is-layout-flow wp-block-column-is-layout-flow\"><div class=\"wp-block-image is-style-rounded\">\n<figure class=\"aligncenter size-full is-resized\"><img loading=\"lazy\" decoding=\"async\" src=\"https:\/\/pos.uel.br\/geografia\/wp-content\/uploads\/2023\/03\/Sergio.jpg\" alt=\"\" class=\"wp-image-1671\" width=\"250\" height=\"250\" srcset=\"https:\/\/pos.uel.br\/geografia\/wp-content\/uploads\/2023\/03\/Sergio.jpg 500w, https:\/\/pos.uel.br\/geografia\/wp-content\/uploads\/2023\/03\/Sergio-300x300.jpg 300w, https:\/\/pos.uel.br\/geografia\/wp-content\/uploads\/2023\/03\/Sergio-150x150.jpg 150w\" sizes=\"auto, (max-width: 250px) 100vw, 250px\" \/><\/figure>\n<\/div><\/div>\n<\/div>\n<\/div>\n\n\n\n<div class=\"wp-block-uel-card\">\n<div class=\"wp-block-columns is-layout-flex wp-container-core-columns-is-layout-9d6595d7 wp-block-columns-is-layout-flex\">\n<div class=\"wp-block-column is-layout-flow wp-block-column-is-layout-flow\">\n<h3 class=\"wp-block-heading has-text-align-center\">Abstract<\/h3>\n\n\n\n<p>The Laboratory of Agrarian Geography (LABGEA) of the Department of Geography at the State University of Londrina (UEL) founded in 1984, named as Laboratory of Agrarian Studies. In 2021, the LABGEA was renamed to emphasize your research in Agrarian Geography. Currently, the laboratory is coordinated by Sergio Aparecido Nabarro and formed by a team of professors and students who research the Brazilian agrarian issue.<\/p>\n\n\n\n<p>The LABGEA members develop research projects (mostly master&#8217;s and doctoral degrees), participate in monthly meetings, organize and participate in events. In addition, LABGEA researchers contribute to scientific production and dissemination through the publication of articles in books, magazines and scientific events.<\/p>\n\n\n\n<p>The main research topics are: agriculture-industry relationship; spatial processes of agriculture; land structure; peasant class in capitalism; peasant way of life; social movements; land reform; rural settlements; Agroecology; agrarian question and gender; history of Brazilian agrarian geography; theory and method in agrarian geography.<\/p>\n<\/div>\n\n\n\n<div class=\"wp-block-column is-layout-flow wp-block-column-is-layout-flow\">\n<h3 class=\"wp-block-heading has-text-align-center\">Resumen<\/h3>\n\n\n\n<p>El LABGEA (Laboratorio de Geograf\u00eda Rural) de la Universidad de Londrina (UEL), fue creado en 1984, todav\u00eda nombrado como Laboratorio de Estudios Rurales. En 2021, LABGEA cambi\u00f3 su nombre para enfatizar su centralidad en la investigaci\u00f3n relacionada a la Geograf\u00eda Rural. Actualmente, el laboratorio es coordinado por Sergio Aparecido Nabarro y formado por un equipo de investigadores y estudiantes expertos en la cuesti\u00f3n rural brasile\u00f1a.<\/p>\n\n\n\n<p>Los miembros de LABGEA desarrollan proyectos de investigaci\u00f3n (de maestr\u00eda y doctorado), participan en reuniones mensuales, organizan y participan de encuentros cient\u00edficos y actividades pr\u00e1cticas en espacios rurales. Adem\u00e1s, los investigadores de LABGEA contribuyen a la producci\u00f3n y divulgaci\u00f3n cient\u00edfica a trav\u00e9s de la publicaci\u00f3n de art\u00edculos en libros y revistas.<\/p>\n\n\n\n<p>Las principales l\u00edneas de investigaci\u00f3n son: relaci\u00f3n agricultura-industria; procesos espaciales de la agricultura; estructura de la tierra; campesinado en el capitalismo; modo de vida campesino; movimientos sociales; reforma agraria; asentamientos rurales; agroecolog\u00eda; cuesti\u00f3n rural y g\u00e9nero; historia de la geograf\u00eda rural brasile\u00f1a; teor\u00eda y m\u00e9todo en geograf\u00eda rural.<\/p>\n<\/div>\n\n\n\n<div class=\"wp-block-column is-layout-flow wp-block-column-is-layout-flow\">\n<h3 class=\"wp-block-heading has-text-align-center\"><strong><strong>R\u00e9sum\u00e9<\/strong><\/strong> <\/h3>\n\n\n\n<p>Le Laboratoire de G\u00e9ographie Agraire (LABGEA) de l&#8217;Universit\u00e9 d&#8217;\u00c9tat de Londrina (UEL) a \u00e9t\u00e9 fond\u00e9 en 1984, toujours sous le nom de Laboratoire d&#8217;\u00c9tudes Agraires. En 2021, le LABGEA a \u00e9t\u00e9 renomm\u00e9 pour souligner sa centralit\u00e9 dans la recherche li\u00e9e \u00e0 la g\u00e9ographie agraire. Actuellement, le laboratoire est coordonn\u00e9 par le professeur Sergio Aparecido Nabarro et form\u00e9 par une \u00e9quipe de professeurs et \u00e9tudiants chercheurs d\u00e9di\u00e9 \u00e0 la question agraire br\u00e9silienne.<\/p>\n\n\n\n<p>Les membres du LABGEA d\u00e9veloppent des projets de recherche (principalement des masters et des doctorats), participent \u00e0 des r\u00e9unions mensuelles, organisent et participent \u00e0 des \u00e9v\u00e9nements scientifiques et activit\u00e9s pratiques. Par ailleurs, les chercheurs du LABGEA contribuent \u00e0 la production et \u00e0 la diffusion scientifique par la publication d&#8217;articles dans des livres, des revues et des \u00e9v\u00e9nements scientifiques.<\/p>\n\n\n\n<p>Les principaux axes de recherche sont: les relations agriculture-industrie; processus spatiaux de l&#8217;agriculture; structure du terrain; la paysannerie dans le capitalisme; mode de vie paysan; mouvements sociaux; r\u00e9forme agraire; \u00e9tablissements ruraux; Agro\u00e9cologie; question agraire et genre; histoire de la g\u00e9ographie agraire br\u00e9silienne; th\u00e9orie et m\u00e9thode en g\u00e9ographie agraire.<\/p>\n<\/div>\n<\/div>\n<\/div>\n\n\n\n<h2 class=\"wp-block-heading\">Fotos do laborat\u00f3rio<\/h2>\n\n\n\n<p><\/p>\n\n\n\n<div class=\"wp-block-columns is-layout-flex wp-container-core-columns-is-layout-9d6595d7 wp-block-columns-is-layout-flex\">\n<div class=\"wp-block-column is-layout-flow wp-block-column-is-layout-flow\">\n<figure class=\"wp-block-image size-large\"><img loading=\"lazy\" decoding=\"async\" width=\"1024\" height=\"461\" src=\"https:\/\/pos.uel.br\/geografia\/wp-content\/uploads\/2023\/05\/WhatsApp-Image-2023-05-05-at-20.25.11-1024x461.jpeg\" alt=\"\" class=\"wp-image-2143\" srcset=\"https:\/\/pos.uel.br\/geografia\/wp-content\/uploads\/2023\/05\/WhatsApp-Image-2023-05-05-at-20.25.11-1024x461.jpeg 1024w, https:\/\/pos.uel.br\/geografia\/wp-content\/uploads\/2023\/05\/WhatsApp-Image-2023-05-05-at-20.25.11-300x135.jpeg 300w, https:\/\/pos.uel.br\/geografia\/wp-content\/uploads\/2023\/05\/WhatsApp-Image-2023-05-05-at-20.25.11-768x346.jpeg 768w, https:\/\/pos.uel.br\/geografia\/wp-content\/uploads\/2023\/05\/WhatsApp-Image-2023-05-05-at-20.25.11-1536x692.jpeg 1536w, https:\/\/pos.uel.br\/geografia\/wp-content\/uploads\/2023\/05\/WhatsApp-Image-2023-05-05-at-20.25.11.jpeg 1600w\" sizes=\"auto, (max-width: 1024px) 100vw, 1024px\" \/><\/figure>\n<\/div>\n\n\n\n<div class=\"wp-block-column is-layout-flow wp-block-column-is-layout-flow\">\n<figure class=\"wp-block-image size-large\"><img loading=\"lazy\" decoding=\"async\" width=\"1024\" height=\"461\" src=\"https:\/\/pos.uel.br\/geografia\/wp-content\/uploads\/2023\/05\/WhatsApp-Image-2023-05-05-at-20.25.06-1-1024x461.jpeg\" alt=\"\" class=\"wp-image-2125\" srcset=\"https:\/\/pos.uel.br\/geografia\/wp-content\/uploads\/2023\/05\/WhatsApp-Image-2023-05-05-at-20.25.06-1-1024x461.jpeg 1024w, https:\/\/pos.uel.br\/geografia\/wp-content\/uploads\/2023\/05\/WhatsApp-Image-2023-05-05-at-20.25.06-1-300x135.jpeg 300w, https:\/\/pos.uel.br\/geografia\/wp-content\/uploads\/2023\/05\/WhatsApp-Image-2023-05-05-at-20.25.06-1-768x346.jpeg 768w, https:\/\/pos.uel.br\/geografia\/wp-content\/uploads\/2023\/05\/WhatsApp-Image-2023-05-05-at-20.25.06-1-1536x692.jpeg 1536w, https:\/\/pos.uel.br\/geografia\/wp-content\/uploads\/2023\/05\/WhatsApp-Image-2023-05-05-at-20.25.06-1.jpeg 1600w\" sizes=\"auto, (max-width: 1024px) 100vw, 1024px\" \/><\/figure>\n<\/div>\n\n\n\n<div class=\"wp-block-column is-layout-flow wp-block-column-is-layout-flow\">\n<figure class=\"wp-block-image size-large\"><img loading=\"lazy\" decoding=\"async\" width=\"1024\" height=\"461\" src=\"https:\/\/pos.uel.br\/geografia\/wp-content\/uploads\/2023\/05\/WhatsApp-Image-2023-05-05-at-20.25.08-1024x461.jpeg\" alt=\"\" class=\"wp-image-2134\" srcset=\"https:\/\/pos.uel.br\/geografia\/wp-content\/uploads\/2023\/05\/WhatsApp-Image-2023-05-05-at-20.25.08-1024x461.jpeg 1024w, https:\/\/pos.uel.br\/geografia\/wp-content\/uploads\/2023\/05\/WhatsApp-Image-2023-05-05-at-20.25.08-300x135.jpeg 300w, https:\/\/pos.uel.br\/geografia\/wp-content\/uploads\/2023\/05\/WhatsApp-Image-2023-05-05-at-20.25.08-768x346.jpeg 768w, https:\/\/pos.uel.br\/geografia\/wp-content\/uploads\/2023\/05\/WhatsApp-Image-2023-05-05-at-20.25.08-1536x692.jpeg 1536w, https:\/\/pos.uel.br\/geografia\/wp-content\/uploads\/2023\/05\/WhatsApp-Image-2023-05-05-at-20.25.08.jpeg 1600w\" sizes=\"auto, (max-width: 1024px) 100vw, 1024px\" \/><\/figure>\n<\/div>\n<\/div>\n\n\n\n<div class=\"wp-block-columns is-layout-flex wp-container-core-columns-is-layout-9d6595d7 wp-block-columns-is-layout-flex\">\n<div class=\"wp-block-column is-layout-flow wp-block-column-is-layout-flow\">\n<figure class=\"wp-block-image size-large\"><img loading=\"lazy\" decoding=\"async\" width=\"1024\" height=\"461\" src=\"https:\/\/pos.uel.br\/geografia\/wp-content\/uploads\/2023\/05\/WhatsApp-Image-2023-05-05-at-20.25.10-1024x461.jpeg\" alt=\"\" class=\"wp-image-2140\" srcset=\"https:\/\/pos.uel.br\/geografia\/wp-content\/uploads\/2023\/05\/WhatsApp-Image-2023-05-05-at-20.25.10-1024x461.jpeg 1024w, https:\/\/pos.uel.br\/geografia\/wp-content\/uploads\/2023\/05\/WhatsApp-Image-2023-05-05-at-20.25.10-300x135.jpeg 300w, https:\/\/pos.uel.br\/geografia\/wp-content\/uploads\/2023\/05\/WhatsApp-Image-2023-05-05-at-20.25.10-768x346.jpeg 768w, https:\/\/pos.uel.br\/geografia\/wp-content\/uploads\/2023\/05\/WhatsApp-Image-2023-05-05-at-20.25.10-1536x692.jpeg 1536w, https:\/\/pos.uel.br\/geografia\/wp-content\/uploads\/2023\/05\/WhatsApp-Image-2023-05-05-at-20.25.10.jpeg 1600w\" sizes=\"auto, (max-width: 1024px) 100vw, 1024px\" \/><\/figure>\n<\/div>\n\n\n\n<div class=\"wp-block-column is-layout-flow wp-block-column-is-layout-flow\">\n<figure class=\"wp-block-image size-large\"><img loading=\"lazy\" decoding=\"async\" width=\"1024\" height=\"461\" src=\"https:\/\/pos.uel.br\/geografia\/wp-content\/uploads\/2023\/05\/WhatsApp-Image-2023-05-05-at-20.25.09-1-1024x461.jpeg\" alt=\"\" class=\"wp-image-2135\" srcset=\"https:\/\/pos.uel.br\/geografia\/wp-content\/uploads\/2023\/05\/WhatsApp-Image-2023-05-05-at-20.25.09-1-1024x461.jpeg 1024w, https:\/\/pos.uel.br\/geografia\/wp-content\/uploads\/2023\/05\/WhatsApp-Image-2023-05-05-at-20.25.09-1-300x135.jpeg 300w, https:\/\/pos.uel.br\/geografia\/wp-content\/uploads\/2023\/05\/WhatsApp-Image-2023-05-05-at-20.25.09-1-768x346.jpeg 768w, https:\/\/pos.uel.br\/geografia\/wp-content\/uploads\/2023\/05\/WhatsApp-Image-2023-05-05-at-20.25.09-1-1536x692.jpeg 1536w, https:\/\/pos.uel.br\/geografia\/wp-content\/uploads\/2023\/05\/WhatsApp-Image-2023-05-05-at-20.25.09-1.jpeg 1600w\" sizes=\"auto, (max-width: 1024px) 100vw, 1024px\" \/><\/figure>\n<\/div>\n\n\n\n<div class=\"wp-block-column is-layout-flow wp-block-column-is-layout-flow\">\n<figure class=\"wp-block-image size-large\"><img loading=\"lazy\" decoding=\"async\" width=\"1024\" height=\"461\" src=\"https:\/\/pos.uel.br\/geografia\/wp-content\/uploads\/2023\/05\/WhatsApp-Image-2023-05-05-at-20.25.09-2-1024x461.jpeg\" alt=\"\" class=\"wp-image-2136\" srcset=\"https:\/\/pos.uel.br\/geografia\/wp-content\/uploads\/2023\/05\/WhatsApp-Image-2023-05-05-at-20.25.09-2-1024x461.jpeg 1024w, https:\/\/pos.uel.br\/geografia\/wp-content\/uploads\/2023\/05\/WhatsApp-Image-2023-05-05-at-20.25.09-2-300x135.jpeg 300w, https:\/\/pos.uel.br\/geografia\/wp-content\/uploads\/2023\/05\/WhatsApp-Image-2023-05-05-at-20.25.09-2-768x346.jpeg 768w, https:\/\/pos.uel.br\/geografia\/wp-content\/uploads\/2023\/05\/WhatsApp-Image-2023-05-05-at-20.25.09-2-1536x692.jpeg 1536w, https:\/\/pos.uel.br\/geografia\/wp-content\/uploads\/2023\/05\/WhatsApp-Image-2023-05-05-at-20.25.09-2.jpeg 1600w\" sizes=\"auto, (max-width: 1024px) 100vw, 1024px\" \/><\/figure>\n<\/div>\n\n\n\n<div class=\"wp-block-column is-layout-flow wp-block-column-is-layout-flow\">\n<figure class=\"wp-block-image size-large\"><img loading=\"lazy\" decoding=\"async\" width=\"1024\" height=\"461\" src=\"https:\/\/pos.uel.br\/geografia\/wp-content\/uploads\/2023\/05\/WhatsApp-Image-2023-05-05-at-20.25.05-1024x461.jpeg\" alt=\"\" class=\"wp-image-2124\" srcset=\"https:\/\/pos.uel.br\/geografia\/wp-content\/uploads\/2023\/05\/WhatsApp-Image-2023-05-05-at-20.25.05-1024x461.jpeg 1024w, https:\/\/pos.uel.br\/geografia\/wp-content\/uploads\/2023\/05\/WhatsApp-Image-2023-05-05-at-20.25.05-300x135.jpeg 300w, https:\/\/pos.uel.br\/geografia\/wp-content\/uploads\/2023\/05\/WhatsApp-Image-2023-05-05-at-20.25.05-768x346.jpeg 768w, https:\/\/pos.uel.br\/geografia\/wp-content\/uploads\/2023\/05\/WhatsApp-Image-2023-05-05-at-20.25.05-1536x692.jpeg 1536w, https:\/\/pos.uel.br\/geografia\/wp-content\/uploads\/2023\/05\/WhatsApp-Image-2023-05-05-at-20.25.05.jpeg 1600w\" sizes=\"auto, (max-width: 1024px) 100vw, 1024px\" \/><\/figure>\n<\/div>\n<\/div>\n","protected":false},"excerpt":{"rendered":"<p>Apresenta\u00e7\u00e3o O Laborat\u00f3rio de Geografia Agr\u00e1ria (LABGEA) do Departamento de Geografia da Universidade Estadual de Londrina (UEL) foi fundado em 1984, ainda sob a denomina\u00e7\u00e3o de Laborat\u00f3rio de Estudos Agr\u00e1rios. Em 2021, o LABGEA foi rebatizado para enfatizar sua centralidade em investiga\u00e7\u00f5es relativas \u00e0 Geografia Agr\u00e1ria. Atualmente, o laborat\u00f3rio \u00e9 coordenado pelo Prof. Dr. Sergio [&hellip;]<\/p>\n","protected":false},"author":14,"featured_media":0,"parent":0,"menu_order":0,"comment_status":"closed","ping_status":"closed","template":"","meta":{"_acf_changed":false,"footnotes":""},"class_list":["post-2121","page","type-page","status-publish","hentry"],"acf":[],"_links":{"self":[{"href":"https:\/\/pos.uel.br\/geografia\/wp-json\/wp\/v2\/pages\/2121","targetHints":{"allow":["GET"]}}],"collection":[{"href":"https:\/\/pos.uel.br\/geografia\/wp-json\/wp\/v2\/pages"}],"about":[{"href":"https:\/\/pos.uel.br\/geografia\/wp-json\/wp\/v2\/types\/page"}],"author":[{"embeddable":true,"href":"https:\/\/pos.uel.br\/geografia\/wp-json\/wp\/v2\/users\/14"}],"replies":[{"embeddable":true,"href":"https:\/\/pos.uel.br\/geografia\/wp-json\/wp\/v2\/comments?post=2121"}],"version-history":[{"count":12,"href":"https:\/\/pos.uel.br\/geografia\/wp-json\/wp\/v2\/pages\/2121\/revisions"}],"predecessor-version":[{"id":2944,"href":"https:\/\/pos.uel.br\/geografia\/wp-json\/wp\/v2\/pages\/2121\/revisions\/2944"}],"wp:attachment":[{"href":"https:\/\/pos.uel.br\/geografia\/wp-json\/wp\/v2\/media?parent=2121"}],"curies":[{"name":"wp","href":"https:\/\/api.w.org\/{rel}","templated":true}]}}