{"id":210,"date":"2021-08-25T13:33:43","date_gmt":"2021-08-25T16:33:43","guid":{"rendered":"https:\/\/pos.uel.br\/geografia\/?page_id=210"},"modified":"2025-05-24T19:42:56","modified_gmt":"2025-05-24T22:42:56","slug":"laboratorios","status":"publish","type":"page","link":"https:\/\/pos.uel.br\/geografia\/laboratorios\/","title":{"rendered":"Infraestrutura"},"content":{"rendered":"\n<p>O PPGEO\/UEL conta com infraestrutura de excel\u00eancia para pesquisa, ensino e extens\u00e3o, fruto de investimentos estrat\u00e9gicos e parcerias institucionais.<\/p>\n\n\n\n<ul class=\"wp-block-list\">\n<li><strong>Apoio Acad\u00eamico e Administrativo<\/strong>\n<ul class=\"wp-block-list\">\n<li><a href=\"http:\/\/www.uel.br\/cce\/spgcce\" data-type=\"link\" data-id=\"http:\/\/www.uel.br\/cce\/spgcce\">Secretaria do Programa de P\u00f3s-Gradua\u00e7\u00e3o &nbsp;<\/a><\/li>\n\n\n\n<li>Suporte do Escrit\u00f3rio de Apoio ao Pesquisador (EAPq) para capta\u00e7\u00e3o de recursos<\/li>\n\n\n\n<li>Sala de Multimeios para defesas e eventos&nbsp;<\/li>\n<\/ul>\n<\/li>\n<\/ul>\n\n\n\n<ul class=\"wp-block-list\">\n<li><strong>Biblioteca e Recursos Digitais<\/strong>\n<ul class=\"wp-block-list\">\n<li>Acesso ao Portal de Peri\u00f3dicos da CAPES e mais de 200 mil t\u00edtulos f\u00edsicos\/digitais<\/li>\n\n\n\n<li><a href=\"https:\/\/sites.uel.br\/bibliotecas\/\" data-type=\"link\" data-id=\"https:\/\/sites.uel.br\/bibliotecas\/\">Reposit\u00f3rio institucional para divulga\u00e7\u00e3o da produ\u00e7\u00e3o acad\u00eamica<\/a><\/li>\n<\/ul>\n<\/li>\n<\/ul>\n\n\n\n<p><\/p>\n\n\n\n<ul class=\"wp-block-list\">\n<li><strong>Espa\u00e7os Modernizados<\/strong>\n<ul class=\"wp-block-list\">\n<li>Amplia\u00e7\u00e3o de ambientes de pesquisa com financiamento FINEP<\/li>\n\n\n\n<li>Salas para docentes e discentes com recursos computacionais<\/li>\n\n\n\n<li>Laborat\u00f3rios multiusu\u00e1rios (LABESC, LAPECH) para abordagens interdisciplinares<\/li>\n<\/ul>\n<\/li>\n<\/ul>\n\n\n\n<ul class=\"wp-block-list\">\n<li><strong>Laborat\u00f3rios Especializados<\/strong><strong><br><\/strong>Equipados com tecnologias de ponta para:\n<ul class=\"wp-block-list\">\n<li>Geotecnologias (GIS, drones, sensoriamento remoto)<\/li>\n\n\n\n<li>An\u00e1lises geoambientais (solo, \u00e1gua, clima)<\/li>\n\n\n\n<li>Cartografia digital e geoprocessamento<\/li>\n<\/ul>\n<\/li>\n<\/ul>\n\n\n\n<p><\/p>\n\n\n\n<div class=\"wp-block-uel-card\">\n<div class=\"wp-block-columns are-vertically-aligned-center is-layout-flex wp-container-core-columns-is-layout-9d6595d7 wp-block-columns-is-layout-flex\">\n<div class=\"wp-block-column is-vertically-aligned-center is-layout-flow wp-block-column-is-layout-flow\"><div class=\"wp-block-image is-style-rounded\">\n<figure class=\"aligncenter size-large is-resized\"><img loading=\"lazy\" decoding=\"async\" width=\"1024\" height=\"768\" src=\"https:\/\/pos.uel.br\/geografia\/wp-content\/uploads\/2023\/05\/LAP1_PPGEO_UEL-1024x768.jpg\" alt=\"\" class=\"wp-image-2098\" style=\"width:512px;height:384px\" srcset=\"https:\/\/pos.uel.br\/geografia\/wp-content\/uploads\/2023\/05\/LAP1_PPGEO_UEL-1024x768.jpg 1024w, https:\/\/pos.uel.br\/geografia\/wp-content\/uploads\/2023\/05\/LAP1_PPGEO_UEL-300x225.jpg 300w, https:\/\/pos.uel.br\/geografia\/wp-content\/uploads\/2023\/05\/LAP1_PPGEO_UEL-768x576.jpg 768w, https:\/\/pos.uel.br\/geografia\/wp-content\/uploads\/2023\/05\/LAP1_PPGEO_UEL-1536x1152.jpg 1536w, https:\/\/pos.uel.br\/geografia\/wp-content\/uploads\/2023\/05\/LAP1_PPGEO_UEL-2048x1536.jpg 2048w\" sizes=\"auto, (max-width: 1024px) 100vw, 1024px\" \/><\/figure>\n<\/div><\/div>\n\n\n\n<div class=\"wp-block-column is-vertically-aligned-center is-layout-flow wp-block-column-is-layout-flow\">\n<h2 class=\"wp-block-heading has-text-align-center\">Laborat\u00f3rio da P\u00f3s-Gradua\u00e7\u00e3o em Geografia (LAP-1)<\/h2>\n\n\n\n<p class=\"has-text-align-center\">Pr\u00e9dio de P\u00f3s-Gradua\u00e7\u00e3o do CCE<\/p>\n\n\n\n<p class=\"has-text-align-center\">Sala dos pesquisadores do PPGEO\/UEL<\/p>\n\n\n\n<p class=\"has-text-align-center\"><strong>Respons\u00e1vel:<\/strong> Prof. Dr. Marciel Lohmann<\/p>\n<\/div>\n<\/div>\n<\/div>\n\n\n\n<div class=\"wp-block-uel-card\">\n<div class=\"wp-block-columns are-vertically-aligned-center is-layout-flex wp-container-core-columns-is-layout-9d6595d7 wp-block-columns-is-layout-flex\">\n<div class=\"wp-block-column is-vertically-aligned-center is-layout-flow wp-block-column-is-layout-flow\"><div class=\"wp-block-image is-style-rounded\">\n<figure class=\"aligncenter size-large is-resized\"><img loading=\"lazy\" decoding=\"async\" width=\"1024\" height=\"768\" src=\"https:\/\/pos.uel.br\/geografia\/wp-content\/uploads\/2023\/05\/LAP2_PPGEO_UEL-1024x768.jpg\" alt=\"\" class=\"wp-image-2099\" style=\"width:512px;height:384px\" srcset=\"https:\/\/pos.uel.br\/geografia\/wp-content\/uploads\/2023\/05\/LAP2_PPGEO_UEL-1024x768.jpg 1024w, https:\/\/pos.uel.br\/geografia\/wp-content\/uploads\/2023\/05\/LAP2_PPGEO_UEL-300x225.jpg 300w, https:\/\/pos.uel.br\/geografia\/wp-content\/uploads\/2023\/05\/LAP2_PPGEO_UEL-768x576.jpg 768w, https:\/\/pos.uel.br\/geografia\/wp-content\/uploads\/2023\/05\/LAP2_PPGEO_UEL-1536x1152.jpg 1536w, https:\/\/pos.uel.br\/geografia\/wp-content\/uploads\/2023\/05\/LAP2_PPGEO_UEL-2048x1536.jpg 2048w\" sizes=\"auto, (max-width: 1024px) 100vw, 1024px\" \/><\/figure>\n<\/div><\/div>\n\n\n\n<div class=\"wp-block-column is-vertically-aligned-center is-layout-flow wp-block-column-is-layout-flow\">\n<h2 class=\"wp-block-heading has-text-align-center\">Laborat\u00f3rio da P\u00f3s-Gradua\u00e7\u00e3o em Geografia (LAP-2)<\/h2>\n\n\n\n<p class=\"has-text-align-center\">Pr\u00e9dio de P\u00f3s-Gradua\u00e7\u00e3o do CCE<\/p>\n\n\n\n<p class=\"has-text-align-center\">Sala de reuni\u00f5es e col\u00f3quios<\/p>\n\n\n\n<p class=\"has-text-align-center\"><strong>Respons\u00e1vel:<\/strong> Prof. Dr. Marciel Lohmann<\/p>\n<\/div>\n<\/div>\n<\/div>\n\n\n\n<div class=\"wp-block-uel-card\">\n<div class=\"wp-block-columns are-vertically-aligned-center is-layout-flex wp-container-core-columns-is-layout-9d6595d7 wp-block-columns-is-layout-flex\">\n<div class=\"wp-block-column is-vertically-aligned-center is-layout-flow wp-block-column-is-layout-flow\"><div class=\"wp-block-image is-style-rounded\">\n<figure class=\"aligncenter size-large is-resized\"><img loading=\"lazy\" decoding=\"async\" width=\"1024\" height=\"768\" src=\"https:\/\/pos.uel.br\/geografia\/wp-content\/uploads\/2023\/05\/IMAPP_PPGEO_UEL-1024x768.jpg\" alt=\"\" class=\"wp-image-2095\" style=\"width:512px;height:384px\" srcset=\"https:\/\/pos.uel.br\/geografia\/wp-content\/uploads\/2023\/05\/IMAPP_PPGEO_UEL-1024x768.jpg 1024w, https:\/\/pos.uel.br\/geografia\/wp-content\/uploads\/2023\/05\/IMAPP_PPGEO_UEL-300x225.jpg 300w, https:\/\/pos.uel.br\/geografia\/wp-content\/uploads\/2023\/05\/IMAPP_PPGEO_UEL-768x576.jpg 768w, https:\/\/pos.uel.br\/geografia\/wp-content\/uploads\/2023\/05\/IMAPP_PPGEO_UEL-1536x1152.jpg 1536w, https:\/\/pos.uel.br\/geografia\/wp-content\/uploads\/2023\/05\/IMAPP_PPGEO_UEL-2048x1536.jpg 2048w\" sizes=\"auto, (max-width: 1024px) 100vw, 1024px\" \/><\/figure>\n<\/div><\/div>\n\n\n\n<div class=\"wp-block-column is-vertically-aligned-center is-layout-flow wp-block-column-is-layout-flow\">\n<h2 class=\"wp-block-heading has-text-align-center\"><strong>Laborat\u00f3rio Imagens, Paisagens e Personagens (IMAP&amp;P)<\/strong><\/h2>\n\n\n\n<p class=\"has-text-align-center\">Sala 721 &#8211; Departamento de Geografia<\/p>\n\n\n\n<p class=\"has-text-align-center\"><strong>Coordenadora:<\/strong> Prof.\u00aa Dr.\u00aa Adriana Castreghini de Freitas Pereira<\/p>\n\n\n\n<ul class=\"wp-block-social-links has-visible-labels has-icon-color has-icon-background-color is-style-pill-shape is-vertical is-content-justification-center is-layout-flex wp-container-core-social-links-is-layout-9a7cdcfd wp-block-social-links-is-layout-flex\"><li style=\"color:#F5F5F5;background-color:#00753B;\" class=\"wp-social-link wp-social-link-chain has-site-background-color has-primary-accent-background-color wp-block-social-link\"><a rel=\"noopener nofollow\" target=\"_blank\" href=\"https:\/\/www.atlasrml.com.br\/\" class=\"wp-block-social-link-anchor\"><svg width=\"24\" height=\"24\" viewBox=\"0 0 24 24\" version=\"1.1\" xmlns=\"http:\/\/www.w3.org\/2000\/svg\" aria-hidden=\"true\" focusable=\"false\"><path d=\"M15.6,7.2H14v1.5h1.6c2,0,3.7,1.7,3.7,3.7s-1.7,3.7-3.7,3.7H14v1.5h1.6c2.8,0,5.2-2.3,5.2-5.2,0-2.9-2.3-5.2-5.2-5.2zM4.7,12.4c0-2,1.7-3.7,3.7-3.7H10V7.2H8.4c-2.9,0-5.2,2.3-5.2,5.2,0,2.9,2.3,5.2,5.2,5.2H10v-1.5H8.4c-2,0-3.7-1.7-3.7-3.7zm4.6.9h5.3v-1.5H9.3v1.5z\"><\/path><\/svg><span class=\"wp-block-social-link-label\">Atlas Digital da RML<\/span><\/a><\/li><\/ul>\n<\/div>\n<\/div>\n<\/div>\n\n\n\n<div class=\"wp-block-uel-card\">\n<div class=\"wp-block-columns are-vertically-aligned-center is-layout-flex wp-container-core-columns-is-layout-9d6595d7 wp-block-columns-is-layout-flex\">\n<div class=\"wp-block-column is-vertically-aligned-center is-layout-flow wp-block-column-is-layout-flow\"><div class=\"wp-block-image is-style-rounded\">\n<figure class=\"aligncenter size-large is-resized\"><img loading=\"lazy\" decoding=\"async\" width=\"1024\" height=\"768\" src=\"https:\/\/pos.uel.br\/geografia\/wp-content\/uploads\/2023\/05\/LABGEA_PPGEO_UEL-1024x768.jpg\" alt=\"\" class=\"wp-image-2105\" style=\"width:512px;height:384px\" srcset=\"https:\/\/pos.uel.br\/geografia\/wp-content\/uploads\/2023\/05\/LABGEA_PPGEO_UEL-1024x768.jpg 1024w, https:\/\/pos.uel.br\/geografia\/wp-content\/uploads\/2023\/05\/LABGEA_PPGEO_UEL-300x225.jpg 300w, https:\/\/pos.uel.br\/geografia\/wp-content\/uploads\/2023\/05\/LABGEA_PPGEO_UEL-768x576.jpg 768w, https:\/\/pos.uel.br\/geografia\/wp-content\/uploads\/2023\/05\/LABGEA_PPGEO_UEL-1536x1152.jpg 1536w, https:\/\/pos.uel.br\/geografia\/wp-content\/uploads\/2023\/05\/LABGEA_PPGEO_UEL-2048x1536.jpg 2048w\" sizes=\"auto, (max-width: 1024px) 100vw, 1024px\" \/><\/figure>\n<\/div><\/div>\n\n\n\n<div class=\"wp-block-column is-vertically-aligned-center is-layout-flow wp-block-column-is-layout-flow\">\n<h2 class=\"wp-block-heading has-text-align-center\"><strong>Laborat\u00f3rio de Geografia Agr\u00e1ria (LABGEA)<\/strong><\/h2>\n\n\n\n<p class=\"has-text-align-center\">Departamento de Geografia<\/p>\n\n\n\n<p class=\"has-text-align-center\"><strong>Coordenador:<\/strong> Prof. Dr. Sergio Aparecido Nabarro<\/p>\n\n\n\n<ul class=\"wp-block-social-links has-visible-labels has-icon-color has-icon-background-color is-style-pill-shape is-vertical is-content-justification-center is-layout-flex wp-container-core-social-links-is-layout-9a7cdcfd wp-block-social-links-is-layout-flex\"><li style=\"color:#F5F5F5;background-color:#00753B;\" class=\"wp-social-link wp-social-link-chain has-site-background-color has-primary-accent-background-color wp-block-social-link\"><a rel=\"noopener nofollow\" target=\"_blank\" href=\"https:\/\/pos.uel.br\/geografia\/labgea-uel\/\" class=\"wp-block-social-link-anchor\"><svg width=\"24\" height=\"24\" viewBox=\"0 0 24 24\" version=\"1.1\" xmlns=\"http:\/\/www.w3.org\/2000\/svg\" aria-hidden=\"true\" focusable=\"false\"><path d=\"M15.6,7.2H14v1.5h1.6c2,0,3.7,1.7,3.7,3.7s-1.7,3.7-3.7,3.7H14v1.5h1.6c2.8,0,5.2-2.3,5.2-5.2,0-2.9-2.3-5.2-5.2-5.2zM4.7,12.4c0-2,1.7-3.7,3.7-3.7H10V7.2H8.4c-2.9,0-5.2,2.3-5.2,5.2,0,2.9,2.3,5.2,5.2,5.2H10v-1.5H8.4c-2,0-3.7-1.7-3.7-3.7zm4.6.9h5.3v-1.5H9.3v1.5z\"><\/path><\/svg><span class=\"wp-block-social-link-label\">Mais informa\u00e7\u00f5es<\/span><\/a><\/li><\/ul>\n<\/div>\n<\/div>\n<\/div>\n\n\n\n<div class=\"wp-block-uel-card\">\n<div class=\"wp-block-columns are-vertically-aligned-center is-layout-flex wp-container-core-columns-is-layout-9d6595d7 wp-block-columns-is-layout-flex\">\n<div class=\"wp-block-column is-vertically-aligned-center is-layout-flow wp-block-column-is-layout-flow\"><div class=\"wp-block-image is-style-rounded\">\n<figure class=\"aligncenter size-large is-resized\"><img loading=\"lazy\" decoding=\"async\" width=\"1024\" height=\"768\" src=\"https:\/\/pos.uel.br\/geografia\/wp-content\/uploads\/2023\/05\/LATEC_PPGEO_UEL-1024x768.jpg\" alt=\"\" class=\"wp-image-2110\" style=\"width:512px;height:384px\" srcset=\"https:\/\/pos.uel.br\/geografia\/wp-content\/uploads\/2023\/05\/LATEC_PPGEO_UEL-1024x768.jpg 1024w, https:\/\/pos.uel.br\/geografia\/wp-content\/uploads\/2023\/05\/LATEC_PPGEO_UEL-300x225.jpg 300w, https:\/\/pos.uel.br\/geografia\/wp-content\/uploads\/2023\/05\/LATEC_PPGEO_UEL-768x576.jpg 768w, https:\/\/pos.uel.br\/geografia\/wp-content\/uploads\/2023\/05\/LATEC_PPGEO_UEL-1536x1152.jpg 1536w, https:\/\/pos.uel.br\/geografia\/wp-content\/uploads\/2023\/05\/LATEC_PPGEO_UEL-2048x1536.jpg 2048w\" sizes=\"auto, (max-width: 1024px) 100vw, 1024px\" \/><\/figure>\n<\/div><\/div>\n\n\n\n<div class=\"wp-block-column is-vertically-aligned-center is-layout-flow wp-block-column-is-layout-flow\">\n<h2 class=\"wp-block-heading has-text-align-center\">Laborat\u00f3rio de An\u00e1lises Territoriais Campo-Cidade (LATEC)<\/h2>\n\n\n\n<p class=\"has-text-align-center\">Sala 719 &#8211; Departamento de Geografia<\/p>\n\n\n\n<p class=\"has-text-align-center\"><strong>Docentes respons\u00e1veis:<\/strong> Prof.\u00aa Dr.\u00aa Ideni Terezinha Antonello e Prof. Dr. Edilson Luis de Oliveira<\/p>\n\n\n\n<ul class=\"wp-block-social-links has-visible-labels has-icon-color has-icon-background-color is-style-pill-shape is-vertical is-content-justification-center is-layout-flex wp-container-core-social-links-is-layout-9a7cdcfd wp-block-social-links-is-layout-flex\"><li style=\"color:#F5F5F5;background-color:#00753B;\" class=\"wp-social-link wp-social-link-chain has-site-background-color has-primary-accent-background-color wp-block-social-link\"><a rel=\"noopener nofollow\" target=\"_blank\" href=\"https:\/\/www.uel.br\/laboratorios\/latec\/\" class=\"wp-block-social-link-anchor\"><svg width=\"24\" height=\"24\" viewBox=\"0 0 24 24\" version=\"1.1\" xmlns=\"http:\/\/www.w3.org\/2000\/svg\" aria-hidden=\"true\" focusable=\"false\"><path d=\"M15.6,7.2H14v1.5h1.6c2,0,3.7,1.7,3.7,3.7s-1.7,3.7-3.7,3.7H14v1.5h1.6c2.8,0,5.2-2.3,5.2-5.2,0-2.9-2.3-5.2-5.2-5.2zM4.7,12.4c0-2,1.7-3.7,3.7-3.7H10V7.2H8.4c-2.9,0-5.2,2.3-5.2,5.2,0,2.9,2.3,5.2,5.2,5.2H10v-1.5H8.4c-2,0-3.7-1.7-3.7-3.7zm4.6.9h5.3v-1.5H9.3v1.5z\"><\/path><\/svg><span class=\"wp-block-social-link-label\">Site do Laborat\u00f3rio<\/span><\/a><\/li><\/ul>\n<\/div>\n<\/div>\n<\/div>\n\n\n\n<div class=\"wp-block-uel-card\">\n<div class=\"wp-block-columns are-vertically-aligned-center is-layout-flex wp-container-core-columns-is-layout-9d6595d7 wp-block-columns-is-layout-flex\">\n<div class=\"wp-block-column is-vertically-aligned-center is-layout-flow wp-block-column-is-layout-flow\"><div class=\"wp-block-image is-style-rounded\">\n<figure class=\"aligncenter size-large is-resized\"><img loading=\"lazy\" decoding=\"async\" width=\"1024\" height=\"768\" src=\"https:\/\/pos.uel.br\/geografia\/wp-content\/uploads\/2023\/05\/LABENSINO_PPGEO_UEL_ok-1024x768.jpg\" alt=\"\" class=\"wp-image-2338\" style=\"width:512px;height:384px\" srcset=\"https:\/\/pos.uel.br\/geografia\/wp-content\/uploads\/2023\/05\/LABENSINO_PPGEO_UEL_ok-1024x768.jpg 1024w, https:\/\/pos.uel.br\/geografia\/wp-content\/uploads\/2023\/05\/LABENSINO_PPGEO_UEL_ok-300x225.jpg 300w, https:\/\/pos.uel.br\/geografia\/wp-content\/uploads\/2023\/05\/LABENSINO_PPGEO_UEL_ok-768x576.jpg 768w, https:\/\/pos.uel.br\/geografia\/wp-content\/uploads\/2023\/05\/LABENSINO_PPGEO_UEL_ok.jpg 1280w\" sizes=\"auto, (max-width: 1024px) 100vw, 1024px\" \/><\/figure>\n<\/div><\/div>\n\n\n\n<div class=\"wp-block-column is-vertically-aligned-center is-layout-flow wp-block-column-is-layout-flow\">\n<h2 class=\"wp-block-heading has-text-align-center\">Laborat\u00f3rio de Ensino de Geografia<\/h2>\n\n\n\n<p class=\"has-text-align-center\">Sala 700-A &#8211; Departamento de Geografia<\/p>\n\n\n\n<p class=\"has-text-align-center\"><strong>Docentes respons\u00e1veis:<\/strong> Prof.\u00aa Dr.\u00aa Patr\u00edcia Fernandes Paula-Shinobu, Prof.\u00aa Dr.\u00aa Eloiza Cristiane Torres e Prof.\u00aa Dr.\u00aa Jeani Delgado Paschoal Moura<\/p>\n<\/div>\n<\/div>\n<\/div>\n\n\n\n<div class=\"wp-block-uel-card\">\n<div class=\"wp-block-columns are-vertically-aligned-center is-layout-flex wp-container-core-columns-is-layout-9d6595d7 wp-block-columns-is-layout-flex\">\n<div class=\"wp-block-column is-vertically-aligned-center is-layout-flow wp-block-column-is-layout-flow\"><div class=\"wp-block-image is-style-rounded\">\n<figure class=\"aligncenter size-full is-resized\"><img decoding=\"async\" src=\"https:\/\/pos.uel.br\/geografia\/wp-content\/uploads\/2023\/05\/LAPEEG_PPGEO_UEL-1.jpg\" alt=\"\" class=\"wp-image-2112\" style=\"width:512px;height:384px\" \/><\/figure>\n<\/div><\/div>\n\n\n\n<div class=\"wp-block-column is-vertically-aligned-center is-layout-flow wp-block-column-is-layout-flow\">\n<h2 class=\"wp-block-heading has-text-align-center\">Laborat\u00f3rio de Ensino, Pesquisa e Extens\u00e3o (LEPEEG)<\/h2>\n\n\n\n<p class=\"has-text-align-center\">Departamento de Geografia<\/p>\n\n\n\n<p class=\"has-text-align-center\"><strong>Docentes respons\u00e1veis:<\/strong> Prof.\u00aa Dr.\u00aa Patr\u00edcia Fernandes Paula-Shinobu, Prof.\u00aa Dr.\u00aa Eloiza Cristiane Torres e Prof.\u00aa Dr.\u00aa Jeani Delgado Paschoal Moura<\/p>\n<\/div>\n<\/div>\n<\/div>\n\n\n\n<div class=\"wp-block-uel-card\">\n<div class=\"wp-block-columns are-vertically-aligned-center is-layout-flex wp-container-core-columns-is-layout-9d6595d7 wp-block-columns-is-layout-flex\">\n<div class=\"wp-block-column is-vertically-aligned-center is-layout-flow wp-block-column-is-layout-flow\"><div class=\"wp-block-image is-style-rounded\">\n<figure class=\"aligncenter size-full is-resized\"><img loading=\"lazy\" decoding=\"async\" width=\"1024\" height=\"768\" src=\"https:\/\/pos.uel.br\/geografia\/wp-content\/uploads\/2023\/05\/MuseuRochas.jpg\" alt=\"\" class=\"wp-image-2336\" style=\"width:512px;height:384px\" srcset=\"https:\/\/pos.uel.br\/geografia\/wp-content\/uploads\/2023\/05\/MuseuRochas.jpg 1024w, https:\/\/pos.uel.br\/geografia\/wp-content\/uploads\/2023\/05\/MuseuRochas-300x225.jpg 300w, https:\/\/pos.uel.br\/geografia\/wp-content\/uploads\/2023\/05\/MuseuRochas-768x576.jpg 768w\" sizes=\"auto, (max-width: 1024px) 100vw, 1024px\" \/><\/figure>\n<\/div><\/div>\n\n\n\n<div class=\"wp-block-column is-vertically-aligned-center is-layout-flow wp-block-column-is-layout-flow\">\n<h2 class=\"wp-block-heading has-text-align-center\">Museu de Geologia<\/h2>\n\n\n\n<p class=\"has-text-align-center\">Departamento de Geologia e Geom\u00e1tica<\/p>\n\n\n\n<p class=\"has-text-align-center\"><strong>Docentes respons\u00e1veis:<\/strong> Prof. Dr. Andr\u00e9 Celligoi, Prof. Dr. Jos\u00e9 Paulo Peccinini Pinese e Prof. Dr. Pedro Rodolfo Siqueira Vendrame<\/p>\n\n\n\n<ul class=\"wp-block-social-links has-visible-labels has-icon-color has-icon-background-color is-style-pill-shape is-vertical is-content-justification-center is-layout-flex wp-container-core-social-links-is-layout-9a7cdcfd wp-block-social-links-is-layout-flex\"><li style=\"color:#F5F5F5;background-color:#00753B;\" class=\"wp-social-link wp-social-link-chain has-site-background-color has-primary-accent-background-color wp-block-social-link\"><a rel=\"noopener nofollow\" target=\"_blank\" href=\"http:\/\/www.uel.br\/grupo-pesquisa\/geologia\/index.php?option=com_content&#038;view=article&#038;id=46&#038;Itemid=53\" class=\"wp-block-social-link-anchor\"><svg width=\"24\" height=\"24\" viewBox=\"0 0 24 24\" version=\"1.1\" xmlns=\"http:\/\/www.w3.org\/2000\/svg\" aria-hidden=\"true\" focusable=\"false\"><path d=\"M15.6,7.2H14v1.5h1.6c2,0,3.7,1.7,3.7,3.7s-1.7,3.7-3.7,3.7H14v1.5h1.6c2.8,0,5.2-2.3,5.2-5.2,0-2.9-2.3-5.2-5.2-5.2zM4.7,12.4c0-2,1.7-3.7,3.7-3.7H10V7.2H8.4c-2.9,0-5.2,2.3-5.2,5.2,0,2.9,2.3,5.2,5.2,5.2H10v-1.5H8.4c-2,0-3.7-1.7-3.7-3.7zm4.6.9h5.3v-1.5H9.3v1.5z\"><\/path><\/svg><span class=\"wp-block-social-link-label\">Site do Museu de Geologia<\/span><\/a><\/li><\/ul>\n<\/div>\n<\/div>\n<\/div>\n\n\n\n<div class=\"wp-block-uel-card\">\n<div class=\"wp-block-columns are-vertically-aligned-center is-layout-flex wp-container-core-columns-is-layout-9d6595d7 wp-block-columns-is-layout-flex\">\n<div class=\"wp-block-column is-vertically-aligned-center is-layout-flow wp-block-column-is-layout-flow\"><div class=\"wp-block-image is-style-rounded\">\n<figure class=\"aligncenter size-large is-resized\"><img loading=\"lazy\" decoding=\"async\" width=\"1024\" height=\"768\" src=\"https:\/\/pos.uel.br\/geografia\/wp-content\/uploads\/2023\/05\/LAGEP-1-1024x768.jpg\" alt=\"\" class=\"wp-image-2335\" style=\"width:512px;height:384px\" srcset=\"https:\/\/pos.uel.br\/geografia\/wp-content\/uploads\/2023\/05\/LAGEP-1-1024x768.jpg 1024w, https:\/\/pos.uel.br\/geografia\/wp-content\/uploads\/2023\/05\/LAGEP-1-300x225.jpg 300w, https:\/\/pos.uel.br\/geografia\/wp-content\/uploads\/2023\/05\/LAGEP-1-768x576.jpg 768w, https:\/\/pos.uel.br\/geografia\/wp-content\/uploads\/2023\/05\/LAGEP-1-1536x1152.jpg 1536w, https:\/\/pos.uel.br\/geografia\/wp-content\/uploads\/2023\/05\/LAGEP-1-2048x1536.jpg 2048w\" sizes=\"auto, (max-width: 1024px) 100vw, 1024px\" \/><\/figure>\n<\/div><\/div>\n\n\n\n<div class=\"wp-block-column is-vertically-aligned-center is-layout-flow wp-block-column-is-layout-flow\">\n<h2 class=\"wp-block-heading has-text-align-center\">Laborat\u00f3rio de Geologia e Pedologia (LAGEP)<\/h2>\n\n\n\n<p class=\"has-text-align-center\">Departamento de Geologia e Geom\u00e1tica<\/p>\n\n\n\n<p class=\"has-text-align-center\"><strong>Docentes respons\u00e1veis:<\/strong> Prof. Dr. Jos\u00e9 Paulo Peccinini Pinese e Prof. Dr. Pedro Rodolfo Siqueira Vendrame<\/p>\n<\/div>\n<\/div>\n<\/div>\n\n\n\n<div class=\"wp-block-uel-card\">\n<div class=\"wp-block-columns are-vertically-aligned-center is-layout-flex wp-container-core-columns-is-layout-9d6595d7 wp-block-columns-is-layout-flex\">\n<div class=\"wp-block-column is-vertically-aligned-center is-layout-flow wp-block-column-is-layout-flow\"><div class=\"wp-block-image is-style-rounded\">\n<figure class=\"aligncenter size-large is-resized\"><img loading=\"lazy\" decoding=\"async\" width=\"1024\" height=\"768\" src=\"https:\/\/pos.uel.br\/geografia\/wp-content\/uploads\/2023\/05\/PET-1024x768.jpeg\" alt=\"\" class=\"wp-image-2102\" style=\"width:512px;height:384px\" srcset=\"https:\/\/pos.uel.br\/geografia\/wp-content\/uploads\/2023\/05\/PET-1024x768.jpeg 1024w, https:\/\/pos.uel.br\/geografia\/wp-content\/uploads\/2023\/05\/PET-300x225.jpeg 300w, https:\/\/pos.uel.br\/geografia\/wp-content\/uploads\/2023\/05\/PET-768x576.jpeg 768w, https:\/\/pos.uel.br\/geografia\/wp-content\/uploads\/2023\/05\/PET-1536x1152.jpeg 1536w, https:\/\/pos.uel.br\/geografia\/wp-content\/uploads\/2023\/05\/PET.jpeg 1600w\" sizes=\"auto, (max-width: 1024px) 100vw, 1024px\" \/><\/figure>\n<\/div><\/div>\n\n\n\n<div class=\"wp-block-column is-vertically-aligned-center is-layout-flow wp-block-column-is-layout-flow\">\n<h2 class=\"wp-block-heading has-text-align-center\">Programa de Educa\u00e7\u00e3o Tutorial de Geografia (PET)<\/h2>\n\n\n\n<p class=\"has-text-align-center\">Departamento de Geografia<\/p>\n\n\n\n<p class=\"has-text-align-center\"><strong>Coordenadora:<\/strong> Prof.\u00aa Dr.\u00aa Jeani Delgado Paschoal Moura<\/p>\n\n\n\n<ul class=\"wp-block-social-links has-visible-labels has-icon-color has-icon-background-color is-style-pill-shape is-vertical is-content-justification-center is-layout-flex wp-container-core-social-links-is-layout-9a7cdcfd wp-block-social-links-is-layout-flex\"><li style=\"color:#F5F5F5;background-color:#00753B;\" class=\"wp-social-link wp-social-link-chain has-site-background-color has-primary-accent-background-color wp-block-social-link\"><a rel=\"noopener nofollow\" target=\"_blank\" href=\"https:\/\/geografiapetuel.wixsite.com\/website\" class=\"wp-block-social-link-anchor\"><svg width=\"24\" height=\"24\" viewBox=\"0 0 24 24\" version=\"1.1\" xmlns=\"http:\/\/www.w3.org\/2000\/svg\" aria-hidden=\"true\" focusable=\"false\"><path d=\"M15.6,7.2H14v1.5h1.6c2,0,3.7,1.7,3.7,3.7s-1.7,3.7-3.7,3.7H14v1.5h1.6c2.8,0,5.2-2.3,5.2-5.2,0-2.9-2.3-5.2-5.2-5.2zM4.7,12.4c0-2,1.7-3.7,3.7-3.7H10V7.2H8.4c-2.9,0-5.2,2.3-5.2,5.2,0,2.9,2.3,5.2,5.2,5.2H10v-1.5H8.4c-2,0-3.7-1.7-3.7-3.7zm4.6.9h5.3v-1.5H9.3v1.5z\"><\/path><\/svg><span class=\"wp-block-social-link-label\">Site do PET Geografia UEL<\/span><\/a><\/li><\/ul>\n<\/div>\n<\/div>\n<\/div>\n","protected":false},"excerpt":{"rendered":"<p>O PPGEO\/UEL conta com infraestrutura de excel\u00eancia para pesquisa, ensino e extens\u00e3o, fruto de investimentos estrat\u00e9gicos e parcerias institucionais.<\/p>\n","protected":false},"author":14,"featured_media":0,"parent":0,"menu_order":0,"comment_status":"closed","ping_status":"closed","template":"","meta":{"_acf_changed":false,"footnotes":""},"class_list":["post-210","page","type-page","status-publish","hentry"],"acf":[],"_links":{"self":[{"href":"https:\/\/pos.uel.br\/geografia\/wp-json\/wp\/v2\/pages\/210","targetHints":{"allow":["GET"]}}],"collection":[{"href":"https:\/\/pos.uel.br\/geografia\/wp-json\/wp\/v2\/pages"}],"about":[{"href":"https:\/\/pos.uel.br\/geografia\/wp-json\/wp\/v2\/types\/page"}],"author":[{"embeddable":true,"href":"https:\/\/pos.uel.br\/geografia\/wp-json\/wp\/v2\/users\/14"}],"replies":[{"embeddable":true,"href":"https:\/\/pos.uel.br\/geografia\/wp-json\/wp\/v2\/comments?post=210"}],"version-history":[{"count":39,"href":"https:\/\/pos.uel.br\/geografia\/wp-json\/wp\/v2\/pages\/210\/revisions"}],"predecessor-version":[{"id":4304,"href":"https:\/\/pos.uel.br\/geografia\/wp-json\/wp\/v2\/pages\/210\/revisions\/4304"}],"wp:attachment":[{"href":"https:\/\/pos.uel.br\/geografia\/wp-json\/wp\/v2\/media?parent=210"}],"curies":[{"name":"wp","href":"https:\/\/api.w.org\/{rel}","templated":true}]}}