{"id":2035,"date":"2023-05-03T16:41:47","date_gmt":"2023-05-03T19:41:47","guid":{"rendered":"https:\/\/pos.uel.br\/geografia\/?page_id=2035"},"modified":"2025-05-21T14:03:12","modified_gmt":"2025-05-21T17:03:12","slug":"saude-mental","status":"publish","type":"page","link":"https:\/\/pos.uel.br\/geografia\/saude-mental\/","title":{"rendered":"Servi\u00e7os de Apoio Estudantil"},"content":{"rendered":"\n<p>Encontre aqui os servi\u00e7os da UEL para seu acompanhamento psicol\u00f3gico, sa\u00fade f\u00edsica, assist\u00eancia financeira e demais programas de apoio integral.<\/p>\n\n\n\n<hr class=\"wp-block-separator has-text-color has-site-background-color has-alpha-channel-opacity has-site-background-background-color has-background is-style-default\" \/>\n\n\n\n<h4 class=\"wp-block-heading\"><a href=\"http:\/\/www.uel.br\/clinicapsicologica\/\" data-type=\"URL\" data-id=\"http:\/\/www.uel.br\/clinicapsicologica\/\" target=\"_blank\" rel=\"noreferrer noopener\">Cl\u00ednica Psicol\u00f3gica da UEL<\/a><\/h4>\n\n\n\n<div class=\"wp-block-columns is-layout-flex wp-container-core-columns-is-layout-9d6595d7 wp-block-columns-is-layout-flex\">\n<div class=\"wp-block-column is-vertically-aligned-center is-layout-flow wp-block-column-is-layout-flow\"><div class=\"wp-block-image\">\n<figure class=\"aligncenter size-large is-resized\"><img loading=\"lazy\" decoding=\"async\" width=\"1024\" height=\"192\" src=\"https:\/\/pos.uel.br\/geografia\/wp-content\/uploads\/2023\/05\/ClinicaPsicologiaUEL-1024x192.png\" alt=\"\" class=\"wp-image-2041\" style=\"width:512px;height:96px\" srcset=\"https:\/\/pos.uel.br\/geografia\/wp-content\/uploads\/2023\/05\/ClinicaPsicologiaUEL-1024x192.png 1024w, https:\/\/pos.uel.br\/geografia\/wp-content\/uploads\/2023\/05\/ClinicaPsicologiaUEL-300x56.png 300w, https:\/\/pos.uel.br\/geografia\/wp-content\/uploads\/2023\/05\/ClinicaPsicologiaUEL-768x144.png 768w, https:\/\/pos.uel.br\/geografia\/wp-content\/uploads\/2023\/05\/ClinicaPsicologiaUEL-1536x287.png 1536w, https:\/\/pos.uel.br\/geografia\/wp-content\/uploads\/2023\/05\/ClinicaPsicologiaUEL-2048x383.png 2048w\" sizes=\"auto, (max-width: 1024px) 100vw, 1024px\" \/><\/figure>\n<\/div><\/div>\n\n\n\n<div class=\"wp-block-column is-layout-flow wp-block-column-is-layout-flow\">\n<p>Entre os Servi\u00e7os oferecidos \u00e0 comunidade est\u00e3o os de Psicoterapia individual e em grupo, voltados para a popula\u00e7\u00e3o infantil, adolescente e adulta, preferencialmente aquela de menor poder aquisitivo, que apresenta demanda por atendimento psicol\u00f3gico. A cl\u00ednica tamb\u00e9m d\u00e1 suporte para a realiza\u00e7\u00e3o Avalia\u00e7\u00e3o Psicol\u00f3gica e Psicodiagn\u00f3stico. Al\u00e9m disso, dentro da cl\u00ednica s\u00e3o desenvolvidos diversos Projetos de Extens\u00e3o, que abrangem os mais variados temas ligados a Psicologia Cl\u00ednica.<\/p>\n\n\n\n<p><strong>Contato:<\/strong> Os interessados nos servi\u00e7os da Cl\u00ednica Psicol\u00f3gica podem se cadastrar diretamente na secretaria da cl\u00ednica ou entrando em contato pelo telefone (43) 3371-4237.<\/p>\n\n\n\n<p><strong>Site:<\/strong> <a href=\"http:\/\/www.uel.br\/clinicapsicologica\/\" target=\"_blank\" rel=\"noreferrer noopener\">http:\/\/www.uel.br\/clinicapsicologica\/<\/a><\/p>\n<\/div>\n<\/div>\n\n\n\n<hr class=\"wp-block-separator has-text-color has-site-background-color has-alpha-channel-opacity has-site-background-background-color has-background is-style-default\" \/>\n\n\n\n<h4 class=\"wp-block-heading\"><a href=\"https:\/\/www.uel.br\/cefe\/nafi\/\" data-type=\"URL\" data-id=\"https:\/\/www.uel.br\/cefe\/nafi\/\" target=\"_blank\" rel=\"noreferrer noopener\">N\u00facleo de Atividades F\u00edsicas &#8211; NAFI<\/a><\/h4>\n\n\n\n<div class=\"wp-block-columns is-layout-flex wp-container-core-columns-is-layout-9d6595d7 wp-block-columns-is-layout-flex\">\n<div class=\"wp-block-column is-vertically-aligned-center is-layout-flow wp-block-column-is-layout-flow\"><div class=\"wp-block-image\">\n<figure class=\"aligncenter size-full is-resized\"><img loading=\"lazy\" decoding=\"async\" width=\"192\" height=\"146\" src=\"https:\/\/pos.uel.br\/geografia\/wp-content\/uploads\/2023\/05\/NAFI.png\" alt=\"\" class=\"wp-image-2042\" style=\"width:192px;height:146px\" \/><\/figure>\n<\/div><\/div>\n\n\n\n<div class=\"wp-block-column is-layout-flow wp-block-column-is-layout-flow\">\n<p>A principal finalidade do NAFI \u00e9 integrar o Centro de Educa\u00e7\u00e3o F\u00edsica e Esporte da UEL com a comunidade universit\u00e1ria (alunos, professores e funcion\u00e1rios), dependentes e comunidade externa mediante a\u00e7\u00f5es de atendimento no campo da atividade\/exerc\u00edcio f\u00edsico relacionado \u00e0 sa\u00fade, acompanhados e orientados por docentes e acad\u00eamicos dos cursos de Educa\u00e7\u00e3o F\u00edsica e Esporte.<\/p>\n\n\n\n<p>Oferta turmas de Condicionamento F\u00edsico, Pilates, Muay Thai, Muscula\u00e7\u00e3o, T\u00eanis de campo, Treinamento Funcional, Voleibol e Ritmos.<\/p>\n\n\n\n<p><strong>Contato:<\/strong> (43) 3371-4143 \/ nafi@uel.br <\/p>\n\n\n\n<p><strong>Site:<\/strong> <a href=\"https:\/\/www.uel.br\/cefe\/nafi\/\" target=\"_blank\" rel=\"noreferrer noopener\">https:\/\/www.uel.br\/cefe\/nafi\/<\/a><\/p>\n<\/div>\n<\/div>\n\n\n\n<hr class=\"wp-block-separator has-text-color has-site-background-color has-alpha-channel-opacity has-site-background-background-color has-background\" \/>\n\n\n\n<h4 class=\"wp-block-heading\"><a href=\"https:\/\/www.uel.br\/hu\/dasc\/\" data-type=\"URL\" data-id=\"https:\/\/www.uel.br\/hu\/dasc\/\" target=\"_blank\" rel=\"noreferrer noopener\">Divis\u00e3o de Assist\u00eancia \u00e0 Sa\u00fade da Comunidade &#8211; DASC<\/a><\/h4>\n\n\n\n<div class=\"wp-block-columns is-layout-flex wp-container-core-columns-is-layout-9d6595d7 wp-block-columns-is-layout-flex\">\n<div class=\"wp-block-column is-vertically-aligned-center is-layout-flow wp-block-column-is-layout-flow\"><div class=\"wp-block-image\">\n<figure class=\"aligncenter size-full is-resized\"><a href=\"http:\/\/www.uel.br\/hu\/dasc\/\"><img loading=\"lazy\" decoding=\"async\" width=\"393\" height=\"262\" src=\"https:\/\/pos.uel.br\/geografia\/wp-content\/uploads\/2023\/05\/DASC.png\" alt=\"\" class=\"wp-image-2036\" style=\"width:295px;height:197px\" srcset=\"https:\/\/pos.uel.br\/geografia\/wp-content\/uploads\/2023\/05\/DASC.png 393w, https:\/\/pos.uel.br\/geografia\/wp-content\/uploads\/2023\/05\/DASC-300x200.png 300w\" sizes=\"auto, (max-width: 393px) 100vw, 393px\" \/><\/a><\/figure>\n<\/div><\/div>\n\n\n\n<div class=\"wp-block-column is-layout-flow wp-block-column-is-layout-flow\">\n<p>A DASC tem como atribui\u00e7\u00e3o a presta\u00e7\u00e3o de servi\u00e7os de aten\u00e7\u00e3o prim\u00e1ria em sa\u00fade para a comunidade universit\u00e1ria, operacionalizados por meio de atendimentos eletivos ambulatorial, nas \u00e1reas de cl\u00ednica m\u00e9dica, ginecologia, enfermagem e odontologia.<\/p>\n\n\n\n<p>A DASC \u00e9 respons\u00e1vel tamb\u00e9m pelo planejamento e execu\u00e7\u00e3o de programas de preven\u00e7\u00e3o de doen\u00e7as e promo\u00e7\u00e3o da sa\u00fade direcionados \u00e0 comunidade da UEL.<\/p>\n\n\n\n<p><strong>Contato: <\/strong>(43) 3371-5807<\/p>\n\n\n\n<p><strong>Site:<\/strong> <a href=\"https:\/\/www.uel.br\/hu\/dasc\/\" target=\"_blank\" rel=\"noreferrer noopener\">https:\/\/www.uel.br\/hu\/dasc\/<\/a><\/p>\n<\/div>\n<\/div>\n\n\n\n<h4 class=\"wp-block-heading\"><a href=\"https:\/\/www.uel.br\/hu\/dasc\/\" data-type=\"link\" data-id=\"https:\/\/www.uel.br\/hu\/dasc\/\">Servi\u00e7o de Bem Estar \u00e0 Comunidade &#8211; SEBEC<\/a><\/h4>\n\n\n\n<div class=\"wp-block-columns is-layout-flex wp-container-core-columns-is-layout-9d6595d7 wp-block-columns-is-layout-flex\">\n<div class=\"wp-block-column is-vertically-aligned-center is-layout-flow wp-block-column-is-layout-flow\"><div class=\"wp-block-image\">\n<figure class=\"aligncenter size-full is-resized\"><img loading=\"lazy\" decoding=\"async\" width=\"1772\" height=\"1181\" src=\"https:\/\/pos.uel.br\/geografia\/wp-content\/uploads\/2025\/05\/6-2-2019-g-sebec.jpg\" alt=\"\" class=\"wp-image-3835\" style=\"width:295px;height:197px\" srcset=\"https:\/\/pos.uel.br\/geografia\/wp-content\/uploads\/2025\/05\/6-2-2019-g-sebec.jpg 1772w, https:\/\/pos.uel.br\/geografia\/wp-content\/uploads\/2025\/05\/6-2-2019-g-sebec-300x200.jpg 300w, https:\/\/pos.uel.br\/geografia\/wp-content\/uploads\/2025\/05\/6-2-2019-g-sebec-1024x682.jpg 1024w, https:\/\/pos.uel.br\/geografia\/wp-content\/uploads\/2025\/05\/6-2-2019-g-sebec-768x512.jpg 768w, https:\/\/pos.uel.br\/geografia\/wp-content\/uploads\/2025\/05\/6-2-2019-g-sebec-1536x1024.jpg 1536w\" sizes=\"auto, (max-width: 1772px) 100vw, 1772px\" \/><\/figure>\n<\/div><\/div>\n\n\n\n<div class=\"wp-block-column is-layout-flow wp-block-column-is-layout-flow\">\n<p>O Servi\u00e7o de Bem-Estar \u00e0 Comunidade \u2013 SEBEC, \u00f3rg\u00e3o de apoio da Reitoria da UEL, tem a miss\u00e3o de desenvolver a\u00e7\u00f5es, na perspectiva da aten\u00e7\u00e3o e assist\u00eancia individual e coletiva \u00e0 comunidade universit\u00e1ria, sejam estes servidores agentes universit\u00e1rios, docentes e estudantes, buscando operacionalizar servi\u00e7os e programas nas \u00e1reas de sa\u00fade do trabalhador, seguran\u00e7a do trabalho, seguran\u00e7a alimentar e nutricional, servi\u00e7o social, psicologia e perman\u00eancia estudantil.<\/p>\n\n\n\n<p><\/p>\n\n\n\n<p><strong>Contato: <\/strong>(43) 3371-4452 ou 3371-4462<\/p>\n\n\n\n<p><strong>Site:<\/strong> <a href=\"https:\/\/sites.uel.br\/sebec\/\">https:\/\/sites.uel.br\/sebec\/<\/a><\/p>\n<\/div>\n<\/div>\n\n\n\n<hr class=\"wp-block-separator has-text-color has-site-background-color has-alpha-channel-opacity has-site-background-background-color has-background is-style-default\" \/>\n\n\n\n<h4 class=\"wp-block-heading\"><a href=\"http:\/\/www.uel.br\/hu\/portal\/\" data-type=\"URL\" data-id=\"http:\/\/www.uel.br\/hu\/portal\/\" target=\"_blank\" rel=\"noreferrer noopener\">Hospital Universit\u00e1rio<\/a><\/h4>\n\n\n\n<div class=\"wp-block-columns is-layout-flex wp-container-core-columns-is-layout-9d6595d7 wp-block-columns-is-layout-flex\">\n<div class=\"wp-block-column is-vertically-aligned-center is-layout-flow wp-block-column-is-layout-flow\"><div class=\"wp-block-image\">\n<figure class=\"aligncenter size-large is-resized\"><img loading=\"lazy\" decoding=\"async\" width=\"1024\" height=\"709\" src=\"https:\/\/pos.uel.br\/geografia\/wp-content\/uploads\/2023\/05\/HU_UEL-1024x709.png\" alt=\"\" class=\"wp-image-2043\" style=\"width:256px;height:177px\" srcset=\"https:\/\/pos.uel.br\/geografia\/wp-content\/uploads\/2023\/05\/HU_UEL-1024x709.png 1024w, https:\/\/pos.uel.br\/geografia\/wp-content\/uploads\/2023\/05\/HU_UEL-300x208.png 300w, https:\/\/pos.uel.br\/geografia\/wp-content\/uploads\/2023\/05\/HU_UEL-768x531.png 768w, https:\/\/pos.uel.br\/geografia\/wp-content\/uploads\/2023\/05\/HU_UEL.png 1091w\" sizes=\"auto, (max-width: 1024px) 100vw, 1024px\" \/><\/figure>\n<\/div><\/div>\n\n\n\n<div class=\"wp-block-column is-layout-flow wp-block-column-is-layout-flow\">\n<p>O HU \u00e9 o maior \u00f3rg\u00e3o suplementar da Universidade Estadual de Londrina. Est\u00e1 ligado academicamente ao CCS (Centro de Ci\u00eancias da Sa\u00fade).&nbsp; Tem por objetivo desenvolver o ensino, a pesquisa e a extens\u00e3o de servi\u00e7os \u00e0 comunidade.&nbsp; Foi ativado em 1\u00ba de agosto de 1971 e \u00e9 o \u00fanico hospital p\u00fablico de grande porte no norte do Paran\u00e1. Hospital estrat\u00e9gico e tradicional centro de refer\u00eancia para o SUS (Sistema \u00danico de Sa\u00fade). Atende pacientes de cerca de 250 munic\u00edpios do Paran\u00e1 e de mais de 100 cidades de outros estados, de v\u00e1rias regi\u00f5es do Pa\u00eds, principalmente S\u00e3o Paulo, Mato Grosso, Mato Grosso do Sul e Rond\u00f4nia.&nbsp;<\/p>\n\n\n\n<p>O HU tem uma miss\u00e3o definida, que envolve, por exemplo, prestar assist\u00eancia integral \u00e0 sa\u00fade, com excel\u00eancia e qualidade. Tem obtido reconhecimento nacional decorrente de suas a\u00e7\u00f5es e atua em praticamente todas as especialidades m\u00e9dicas. O reconhecimento tamb\u00e9m tem vindo do usu\u00e1rio, que pelas pesquisas de satisfa\u00e7\u00e3o registra sua opini\u00e3o favor\u00e1vel ao hospital.&nbsp;<\/p>\n\n\n\n<p><strong>Contato:<\/strong> (43) 3371-2000 \/ <a href=\"mailto:hurnp@uel.br\" target=\"_blank\" rel=\"noreferrer noopener\">hurnp@uel.br<\/a><\/p>\n<\/div>\n<\/div>\n","protected":false},"excerpt":{"rendered":"<p>Encontre aqui os servi\u00e7os da UEL para seu acompanhamento psicol\u00f3gico, sa\u00fade f\u00edsica, assist\u00eancia financeira e demais programas de apoio integral. Cl\u00ednica Psicol\u00f3gica da UEL Entre os Servi\u00e7os oferecidos \u00e0 comunidade est\u00e3o os de Psicoterapia individual e em grupo, voltados para a popula\u00e7\u00e3o infantil, adolescente e adulta, preferencialmente aquela de menor poder aquisitivo, que apresenta demanda [&hellip;]<\/p>\n","protected":false},"author":14,"featured_media":0,"parent":0,"menu_order":0,"comment_status":"closed","ping_status":"closed","template":"","meta":{"_acf_changed":false,"footnotes":""},"class_list":["post-2035","page","type-page","status-publish","hentry"],"acf":[],"_links":{"self":[{"href":"https:\/\/pos.uel.br\/geografia\/wp-json\/wp\/v2\/pages\/2035","targetHints":{"allow":["GET"]}}],"collection":[{"href":"https:\/\/pos.uel.br\/geografia\/wp-json\/wp\/v2\/pages"}],"about":[{"href":"https:\/\/pos.uel.br\/geografia\/wp-json\/wp\/v2\/types\/page"}],"author":[{"embeddable":true,"href":"https:\/\/pos.uel.br\/geografia\/wp-json\/wp\/v2\/users\/14"}],"replies":[{"embeddable":true,"href":"https:\/\/pos.uel.br\/geografia\/wp-json\/wp\/v2\/comments?post=2035"}],"version-history":[{"count":9,"href":"https:\/\/pos.uel.br\/geografia\/wp-json\/wp\/v2\/pages\/2035\/revisions"}],"predecessor-version":[{"id":3836,"href":"https:\/\/pos.uel.br\/geografia\/wp-json\/wp\/v2\/pages\/2035\/revisions\/3836"}],"wp:attachment":[{"href":"https:\/\/pos.uel.br\/geografia\/wp-json\/wp\/v2\/media?parent=2035"}],"curies":[{"name":"wp","href":"https:\/\/api.w.org\/{rel}","templated":true}]}}