{"id":1914,"date":"2023-04-20T11:45:19","date_gmt":"2023-04-20T14:45:19","guid":{"rendered":"https:\/\/pos.uel.br\/geografia\/?page_id=1914"},"modified":"2024-03-19T21:35:31","modified_gmt":"2024-03-20T00:35:31","slug":"identidade-visual","status":"publish","type":"page","link":"https:\/\/pos.uel.br\/geografia\/identidade-visual\/","title":{"rendered":"Identidade visual"},"content":{"rendered":"\n<p>Utilize os arquivos que melhor se adaptem ao fim.<\/p>\n\n\n\n<hr class=\"wp-block-separator has-text-color has-site-background-color has-alpha-channel-opacity has-site-background-background-color has-background is-style-default\" \/>\n\n\n\n<h3 class=\"wp-block-heading\">Programa de P\u00f3s-Gradua\u00e7\u00e3o em Geografia<\/h3>\n\n\n\n<div class=\"wp-block-columns is-layout-flex wp-container-core-columns-is-layout-9d6595d7 wp-block-columns-is-layout-flex\">\n<div class=\"wp-block-column is-layout-flow wp-block-column-is-layout-flow\"><div class=\"wp-block-image\">\n<figure class=\"aligncenter size-full is-resized\"><img loading=\"lazy\" decoding=\"async\" src=\"https:\/\/pos.uel.br\/geografia\/wp-content\/uploads\/2023\/04\/Logo_PPGEO_UEL_Transparente.png\" alt=\"\" class=\"wp-image-1993\" width=\"402\" height=\"155\" \/><\/figure>\n<\/div><\/div>\n\n\n\n<div class=\"wp-block-column is-vertically-aligned-center is-layout-flow wp-block-column-is-layout-flow\" style=\"font-size:18px\">\n<div class=\"wp-block-file\"><a id=\"wp-block-file--media-06e93273-459a-4e36-b565-38a43ba2fda8\" href=\"https:\/\/pos.uel.br\/geografia\/wp-content\/uploads\/2023\/04\/Logo_PPGEO_UEL_Transparente.png\" target=\"_blank\" rel=\"noreferrer noopener\">Logo PPGEO UEL, colorido, fundo transparente, HD<\/a><\/div>\n\n\n\n<div class=\"wp-block-file\"><a id=\"wp-block-file--media-7a3d26e8-472f-450f-9358-f775789c23b5\" href=\"https:\/\/pos.uel.br\/geografia\/wp-content\/uploads\/2021\/09\/Programa-de-Pos-Graduacao-em-Geografia-UEL1.png\" target=\"_blank\" rel=\"noreferrer noopener\">Logo PPGEO UEL, colorido, fundo branco, pequeno<\/a><\/div>\n\n\n\n<div class=\"wp-block-file\"><a id=\"wp-block-file--media-fa20c3c8-829a-41a9-8d96-6684dabc715c\" href=\"https:\/\/pos.uel.br\/geografia\/wp-content\/uploads\/2021\/08\/logo_ppgeo.png\" target=\"_blank\" rel=\"noreferrer noopener\">Logo comemorativo de 20 anos do PPGEO UEL<\/a><\/div>\n<\/div>\n<\/div>\n\n\n\n<hr class=\"wp-block-separator has-text-color has-site-background-color has-alpha-channel-opacity has-site-background-background-color has-background\" \/>\n\n\n\n<h3 class=\"wp-block-heading\">Departamento de Geografia<\/h3>\n\n\n\n<div class=\"wp-block-columns alignwide is-layout-flex wp-container-core-columns-is-layout-9d6595d7 wp-block-columns-is-layout-flex\">\n<div class=\"wp-block-column is-vertically-aligned-center is-layout-flow wp-block-column-is-layout-flow\"><div class=\"wp-block-image\">\n<figure class=\"aligncenter size-large is-resized\"><img loading=\"lazy\" decoding=\"async\" src=\"https:\/\/pos.uel.br\/geografia\/wp-content\/uploads\/2023\/04\/LogoColorido_DGEO_UEL_FundoTransparente_horizontal_completo-1024x395.png\" alt=\"\" class=\"wp-image-1973\" width=\"386\" height=\"149\" srcset=\"https:\/\/pos.uel.br\/geografia\/wp-content\/uploads\/2023\/04\/LogoColorido_DGEO_UEL_FundoTransparente_horizontal_completo-1024x395.png 1024w, https:\/\/pos.uel.br\/geografia\/wp-content\/uploads\/2023\/04\/LogoColorido_DGEO_UEL_FundoTransparente_horizontal_completo-300x116.png 300w, https:\/\/pos.uel.br\/geografia\/wp-content\/uploads\/2023\/04\/LogoColorido_DGEO_UEL_FundoTransparente_horizontal_completo-768x296.png 768w, https:\/\/pos.uel.br\/geografia\/wp-content\/uploads\/2023\/04\/LogoColorido_DGEO_UEL_FundoTransparente_horizontal_completo-1536x593.png 1536w, https:\/\/pos.uel.br\/geografia\/wp-content\/uploads\/2023\/04\/LogoColorido_DGEO_UEL_FundoTransparente_horizontal_completo.png 1970w\" sizes=\"auto, (max-width: 386px) 100vw, 386px\" \/><\/figure>\n<\/div><\/div>\n\n\n\n<div class=\"wp-block-column is-vertically-aligned-center is-layout-flow wp-block-column-is-layout-flow\" style=\"font-size:18px\">\n<div class=\"wp-block-file alignleft\"><a id=\"wp-block-file--media-28a8019a-b039-4a83-93f5-620903a7bcde\" href=\"https:\/\/pos.uel.br\/geografia\/wp-content\/uploads\/2023\/04\/LogoComemorativa65Anos_DGEO.png\" target=\"_blank\" rel=\"noreferrer noopener\">Logo comemorativa 65 anos do DGEO, fundo transparente<\/a><\/div>\n\n\n\n<div class=\"wp-block-file alignleft\"><a id=\"wp-block-file--media-28a8019a-b039-4a83-93f5-620903a7bcde\" href=\"https:\/\/pos.uel.br\/geografia\/wp-content\/uploads\/2023\/04\/LogoColorido_DGEO_UEL_FundoTransparente_horizontal_completo.png\" target=\"_blank\" rel=\"noreferrer noopener\">Logo DGEO UEL colorido, fundo transparente, horizontal completo<\/a><\/div>\n\n\n\n<div class=\"wp-block-file alignleft\"><a id=\"wp-block-file--media-06877a2c-b001-4434-a431-5f077ae86f4e\" href=\"https:\/\/pos.uel.br\/geografia\/wp-content\/uploads\/2023\/04\/LogoColorido_DGEO_UEL_FundoTransparente_vertical_completo.png\" target=\"_blank\" rel=\"noreferrer noopener\">Logo DGEO UEL colorido, fundo transparente, vertical completo<\/a><\/div>\n\n\n\n<div class=\"wp-block-file alignleft\"><a id=\"wp-block-file--media-006e89af-fe30-4711-a338-98e46fe9ea50\" href=\"https:\/\/pos.uel.br\/geografia\/wp-content\/uploads\/2023\/04\/LogoColorido_DGEO_UEL_FundoTransparente_vertical_reduzido.png\" target=\"_blank\" rel=\"noreferrer noopener\">Logo DGEO UEL colorido, fundo transparente, vertical reduzido<\/a><\/div>\n\n\n\n<div class=\"wp-block-file alignleft\"><a id=\"wp-block-file--media-3d4b4e93-9c17-41ac-9fc4-742a346dbc16\" href=\"https:\/\/pos.uel.br\/geografia\/wp-content\/uploads\/2023\/04\/LogoBranco_DGEO_UEL_horizontal_completo.png\" target=\"_blank\" rel=\"noreferrer noopener\">Logo DGEO UEL branco, fundo transparente, horizontal completo<\/a><\/div>\n\n\n\n<div class=\"wp-block-file alignleft\"><a id=\"wp-block-file--media-abf53d0d-bc64-4b04-a7cd-f49ba7e2a90b\" href=\"https:\/\/pos.uel.br\/geografia\/wp-content\/uploads\/2023\/04\/LogoBranco_DGEO_UEL_FundoTransparente_vertical_completo.png\" target=\"_blank\" rel=\"noreferrer noopener\">Logo DGEO UEL branco, fundo transparente, vertical completo<\/a><\/div>\n\n\n\n<div class=\"wp-block-file alignleft\"><a id=\"wp-block-file--media-03a60c89-9c7f-4224-a7a2-2a8bd0c15ebc\" href=\"https:\/\/pos.uel.br\/geografia\/wp-content\/uploads\/2023\/04\/LogoBranco_DGEO_UEL_FundoTransparte_reduzido.png\" target=\"_blank\" rel=\"noreferrer noopener\">Logo DGEO UEL branco, fundo transparente, vertical reduzido<\/a><\/div>\n\n\n\n<div class=\"wp-block-file alignleft\"><a id=\"wp-block-file--media-320d0e07-d3f9-4bab-9df2-f9bbbacbf009\" href=\"https:\/\/pos.uel.br\/geografia\/wp-content\/uploads\/2023\/04\/LogoPreto_DGEO_UEL_FundoTransparente_horizontal_completo.png\" target=\"_blank\" rel=\"noreferrer noopener\">Logo DGEO UEL preto, fundo transparente, horizontal completo<\/a><\/div>\n\n\n\n<div class=\"wp-block-file alignleft\"><a id=\"wp-block-file--media-1717ef91-868a-408c-a65b-a8cdba05441f\" href=\"https:\/\/pos.uel.br\/geografia\/wp-content\/uploads\/2023\/04\/LogoPreto_DGEO_UEL_FundoTransparente_vertical_completo.png\" target=\"_blank\" rel=\"noreferrer noopener\">Logo DGEO UEL preto, fundo transparente, vertical completo<\/a><\/div>\n\n\n\n<div class=\"wp-block-file alignleft\"><a id=\"wp-block-file--media-bb74e337-80dd-4dc8-92e6-e388e494a00e\" href=\"https:\/\/pos.uel.br\/geografia\/wp-content\/uploads\/2023\/04\/LogoPreto_DGEO_UEL_FundoTransparente_vertical_reduzido.png\" target=\"_blank\" rel=\"noreferrer noopener\">Logo DGEO UEL preto, fundo transparente, vertical reduzido<\/a><\/div>\n<\/div>\n<\/div>\n\n\n\n<hr class=\"wp-block-separator has-text-color has-site-background-color has-alpha-channel-opacity has-site-background-background-color has-background is-style-default\" \/>\n\n\n\n<h3 class=\"wp-block-heading\">Departamento de Geologia e Geom\u00e1tica<\/h3>\n\n\n\n<div class=\"wp-block-columns is-layout-flex wp-container-core-columns-is-layout-9d6595d7 wp-block-columns-is-layout-flex\">\n<div class=\"wp-block-column is-vertically-aligned-center is-layout-flow wp-block-column-is-layout-flow\"><div class=\"wp-block-image\">\n<figure class=\"aligncenter size-full is-resized\"><img loading=\"lazy\" decoding=\"async\" src=\"https:\/\/pos.uel.br\/geografia\/wp-content\/uploads\/2023\/05\/DGG_UEL_FundoTransparente.png\" alt=\"\" class=\"wp-image-2249\" width=\"446\" height=\"315\" \/><\/figure>\n<\/div><\/div>\n\n\n\n<div class=\"wp-block-column is-vertically-aligned-center is-layout-flow wp-block-column-is-layout-flow\" style=\"font-size:18px\">\n<div class=\"wp-block-file\"><a id=\"wp-block-file--media-71340d19-f484-4e0a-83db-fb4b85bde7cf\" href=\"https:\/\/pos.uel.br\/geografia\/wp-content\/uploads\/2023\/05\/DGG_UEL_FundoTransparente.png\" target=\"_blank\" rel=\"noreferrer noopener\">Logo DGG UEL colorido, fundo transparente, vertical completo<\/a><\/div>\n\n\n\n<div class=\"wp-block-file\"><a id=\"wp-block-file--media-a6dacb44-7493-4b0d-bb68-8117e5069f4c\" href=\"https:\/\/pos.uel.br\/geografia\/wp-content\/uploads\/2023\/05\/DGG_UEL_fundoBranco.jpg\" target=\"_blank\" rel=\"noreferrer noopener\">Logo DGG UEL colorido, fundo branco, vertical completo<\/a><\/div>\n<\/div>\n<\/div>\n","protected":false},"excerpt":{"rendered":"<p>Utilize os arquivos que melhor se adaptem ao fim. Programa de P\u00f3s-Gradua\u00e7\u00e3o em Geografia Departamento de Geografia Departamento de Geologia e Geom\u00e1tica<\/p>\n","protected":false},"author":14,"featured_media":0,"parent":0,"menu_order":0,"comment_status":"closed","ping_status":"closed","template":"","meta":{"_acf_changed":false,"footnotes":""},"class_list":["post-1914","page","type-page","status-publish","hentry"],"acf":[],"_links":{"self":[{"href":"https:\/\/pos.uel.br\/geografia\/wp-json\/wp\/v2\/pages\/1914","targetHints":{"allow":["GET"]}}],"collection":[{"href":"https:\/\/pos.uel.br\/geografia\/wp-json\/wp\/v2\/pages"}],"about":[{"href":"https:\/\/pos.uel.br\/geografia\/wp-json\/wp\/v2\/types\/page"}],"author":[{"embeddable":true,"href":"https:\/\/pos.uel.br\/geografia\/wp-json\/wp\/v2\/users\/14"}],"replies":[{"embeddable":true,"href":"https:\/\/pos.uel.br\/geografia\/wp-json\/wp\/v2\/comments?post=1914"}],"version-history":[{"count":45,"href":"https:\/\/pos.uel.br\/geografia\/wp-json\/wp\/v2\/pages\/1914\/revisions"}],"predecessor-version":[{"id":2942,"href":"https:\/\/pos.uel.br\/geografia\/wp-json\/wp\/v2\/pages\/1914\/revisions\/2942"}],"wp:attachment":[{"href":"https:\/\/pos.uel.br\/geografia\/wp-json\/wp\/v2\/media?parent=1914"}],"curies":[{"name":"wp","href":"https:\/\/api.w.org\/{rel}","templated":true}]}}