{"id":15,"date":"2021-04-29T13:57:12","date_gmt":"2021-04-29T16:57:12","guid":{"rendered":"https:\/\/pos.uel.br\/geografia\/?page_id=15"},"modified":"2025-05-21T15:53:57","modified_gmt":"2025-05-21T18:53:57","slug":"estrutura-curricular","status":"publish","type":"page","link":"https:\/\/pos.uel.br\/geografia\/estrutura-curricular\/","title":{"rendered":"Estrutura curricular"},"content":{"rendered":"\n<p>Acesse a ementa das disciplinas ofertadas no PPGEO\/UEL clicando sob os respectivos <em>links<\/em>. Disciplinas fora da estrutura curricular podem ser ofertadas esporadicamente por docentes convidados.<\/p>\n\n\n\n<hr class=\"wp-block-separator has-text-color has-site-background-color has-alpha-channel-opacity has-site-background-background-color has-background is-style-dots\" \/>\n\n\n\n<h4 class=\"wp-block-heading\">Disciplinas obrigat\u00f3rias<\/h4>\n\n\n\n<p><a href=\"https:\/\/sucupira.capes.gov.br\/sucupira\/public\/consultas\/coleta\/disciplina\/viewDisciplina.xhtml?popup=true&amp;id_disciplina=321654\" data-type=\"URL\" data-id=\"https:\/\/sucupira.capes.gov.br\/sucupira\/public\/consultas\/coleta\/disciplina\/viewDisciplina.xhtml?popup=true&amp;id_disciplina=321654\" target=\"_blank\" rel=\"noreferrer noopener\">2GEO436 &#8211; M\u00e9todo em Geografia: categorias, teorias, conceitos e pr\u00e1ticas espaciais<br><\/a><a href=\"https:\/\/sucupira.capes.gov.br\/sucupira\/public\/consultas\/coleta\/disciplina\/viewDisciplina.xhtml?popup=true&amp;id_disciplina=321683\" data-type=\"URL\" data-id=\"https:\/\/sucupira.capes.gov.br\/sucupira\/public\/consultas\/coleta\/disciplina\/viewDisciplina.xhtml?popup=true&amp;id_disciplina=321683\" target=\"_blank\" rel=\"noreferrer noopener\">2GEO437 &#8211; Pesquisa cient\u00edfica e perspectiva te\u00f3rico-metodol\u00f3gica em Din\u00e2mica Socioambiental<br><\/a><a href=\"https:\/\/sucupira.capes.gov.br\/sucupira\/public\/consultas\/coleta\/disciplina\/viewDisciplina.xhtml?popup=true&amp;id_disciplina=321685\" data-type=\"URL\" data-id=\"https:\/\/sucupira.capes.gov.br\/sucupira\/public\/consultas\/coleta\/disciplina\/viewDisciplina.xhtml?popup=true&amp;id_disciplina=321685\" target=\"_blank\" rel=\"noreferrer noopener\">2GEO438 &#8211; Semin\u00e1rios de Pesquisa I<br><\/a><a href=\"https:\/\/sucupira.capes.gov.br\/sucupira\/public\/consultas\/coleta\/disciplina\/viewDisciplina.xhtml?popup=true&amp;id_disciplina=321687\" data-type=\"URL\" data-id=\"https:\/\/sucupira.capes.gov.br\/sucupira\/public\/consultas\/coleta\/disciplina\/viewDisciplina.xhtml?popup=true&amp;id_disciplina=321687\" target=\"_blank\" rel=\"noreferrer noopener\">2GEO439 &#8211; Semin\u00e1rios de Pesquisa II<\/a><\/p>\n\n\n\n<hr class=\"wp-block-separator has-text-color has-site-background-color has-alpha-channel-opacity has-site-background-background-color has-background is-style-dots\" \/>\n\n\n\n<h4 class=\"wp-block-heading\">Disciplinas optativas<\/h4>\n\n\n\n<p><a rel=\"noreferrer noopener\" href=\"https:\/\/sucupira.capes.gov.br\/sucupira\/public\/consultas\/coleta\/disciplina\/viewDisciplina.xhtml?popup=true&amp;id_disciplina=406200\" target=\"_blank\">2GEO291 &#8211; Geografia e Turismo<\/a><br><a rel=\"noreferrer noopener\" href=\"https:\/\/sucupira.capes.gov.br\/sucupira\/public\/consultas\/coleta\/disciplina\/viewDisciplina.xhtml?popup=true&amp;id_disciplina=201476\" target=\"_blank\">2GEO298 &#8211; Planejamento Urbano e Regional<\/a><br><a rel=\"noreferrer noopener\" href=\"https:\/\/sucupira.capes.gov.br\/sucupira\/public\/consultas\/coleta\/disciplina\/viewDisciplina.xhtml?popup=true&amp;id_disciplina=183663\" target=\"_blank\">2GEO330 &#8211; Geografia F\u00edsica e Educa\u00e7\u00e3o Ambiental<\/a><br><a rel=\"noreferrer noopener\" href=\"https:\/\/sucupira.capes.gov.br\/sucupira\/public\/consultas\/coleta\/disciplina\/viewDisciplina.xhtml?popup=true&amp;id_disciplina=406160\" target=\"_blank\">2GEO355 &#8211; Geoci\u00eancias, Ambientes e Riscos Ambientais<\/a><br><a rel=\"noreferrer noopener\" href=\"https:\/\/sucupira.capes.gov.br\/sucupira\/public\/consultas\/coleta\/disciplina\/viewDisciplina.xhtml?popup=true&amp;id_disciplina=321658\" data-type=\"URL\" data-id=\"https:\/\/sucupira.capes.gov.br\/sucupira\/public\/consultas\/coleta\/disciplina\/viewDisciplina.xhtml?popup=true&amp;id_disciplina=321658\" target=\"_blank\">2GEO440 &#8211; Hidrogeografia Ambiental<br><\/a><a rel=\"noreferrer noopener\" href=\"https:\/\/sucupira.capes.gov.br\/sucupira\/public\/consultas\/coleta\/disciplina\/viewDisciplina.xhtml?popup=true&amp;id_disciplina=300542\" data-type=\"URL\" data-id=\"https:\/\/sucupira.capes.gov.br\/sucupira\/public\/consultas\/coleta\/disciplina\/viewDisciplina.xhtml?popup=true&amp;id_disciplina=300542\" target=\"_blank\">2GEO441 &#8211; Perspectivas Te\u00f3ricas sobre Meio Constru\u00eddo e Cidades<br><\/a><a rel=\"noreferrer noopener\" href=\"https:\/\/sucupira.capes.gov.br\/sucupira\/public\/consultas\/coleta\/disciplina\/viewDisciplina.xhtml?popup=true&amp;id_disciplina=321659\" data-type=\"URL\" data-id=\"https:\/\/sucupira.capes.gov.br\/sucupira\/public\/consultas\/coleta\/disciplina\/viewDisciplina.xhtml?popup=true&amp;id_disciplina=321659\" target=\"_blank\">2GEO442 &#8211; Climatologia e Polui\u00e7\u00e3o do Ar em Ambientes Urbanos<br><\/a><a rel=\"noreferrer noopener\" href=\"https:\/\/sucupira.capes.gov.br\/sucupira\/public\/consultas\/coleta\/disciplina\/viewDisciplina.xhtml?popup=true&amp;id_disciplina=321690\" data-type=\"URL\" data-id=\"https:\/\/sucupira.capes.gov.br\/sucupira\/public\/consultas\/coleta\/disciplina\/viewDisciplina.xhtml?popup=true&amp;id_disciplina=321690\" target=\"_blank\">2GEO443 &#8211; Geoprocessamento e Geotecnologias Aplicados \u00e0 Ci\u00eancia Geogr\u00e1fica<br><\/a><a rel=\"noreferrer noopener\" href=\"https:\/\/sucupira.capes.gov.br\/sucupira\/public\/consultas\/coleta\/disciplina\/viewDisciplina.xhtml?popup=true&amp;id_disciplina=321702\" target=\"_blank\">2GEO444 &#8211; Processos formativos de Pol\u00edtica, Perspectivas Filos\u00f3ficas e Epistemol\u00f3gicas da Forma\u00e7\u00e3o para a Doc\u00eancia na Educa\u00e7\u00e3o Superior<br><\/a><a rel=\"noreferrer noopener\" href=\"https:\/\/sucupira.capes.gov.br\/sucupira\/public\/consultas\/coleta\/disciplina\/viewDisciplina.xhtml?popup=true&amp;id_disciplina=321703\" data-type=\"URL\" data-id=\"https:\/\/sucupira.capes.gov.br\/sucupira\/public\/consultas\/coleta\/disciplina\/viewDisciplina.xhtml?popup=true&amp;id_disciplina=321703\" target=\"_blank\">2GEO445 &#8211; Georreferenciamento CAD na Gera\u00e7\u00e3o Cartogr\u00e1fica Digital<br><\/a><a rel=\"noreferrer noopener\" href=\"https:\/\/sucupira.capes.gov.br\/sucupira\/public\/consultas\/coleta\/disciplina\/viewDisciplina.xhtml?popup=true&amp;id_disciplina=321691\" data-type=\"URL\" data-id=\"https:\/\/sucupira.capes.gov.br\/sucupira\/public\/consultas\/coleta\/disciplina\/viewDisciplina.xhtml?popup=true&amp;id_disciplina=321691\" target=\"_blank\">2GEO446 &#8211; Geomorfologia Ambiental<br><\/a><a rel=\"noreferrer noopener\" href=\"https:\/\/sucupira.capes.gov.br\/sucupira\/public\/consultas\/coleta\/disciplina\/viewDisciplina.xhtml?popup=true&amp;id_disciplina=321704\" data-type=\"URL\" data-id=\"https:\/\/sucupira.capes.gov.br\/sucupira\/public\/consultas\/coleta\/disciplina\/viewDisciplina.xhtml?popup=true&amp;id_disciplina=321704\" target=\"_blank\">2GEO447 &#8211; Pedologia Aplicada a Geoqrafia<br><\/a><a rel=\"noreferrer noopener\" href=\"https:\/\/sucupira.capes.gov.br\/sucupira\/public\/consultas\/coleta\/disciplina\/viewDisciplina.xhtml?popup=true&amp;id_disciplina=321612\" data-type=\"URL\" data-id=\"https:\/\/sucupira.capes.gov.br\/sucupira\/public\/consultas\/coleta\/disciplina\/viewDisciplina.xhtml?popup=true&amp;id_disciplina=321612\" target=\"_blank\">2GEO448 &#8211; Gest\u00e3o de Aguas Subterr\u00e2neas<br><\/a><a rel=\"noreferrer noopener\" href=\"https:\/\/sucupira.capes.gov.br\/sucupira\/public\/consultas\/coleta\/disciplina\/viewDisciplina.xhtml?popup=true&amp;id_disciplina=321693\" data-type=\"URL\" data-id=\"https:\/\/sucupira.capes.gov.br\/sucupira\/public\/consultas\/coleta\/disciplina\/viewDisciplina.xhtml?popup=true&amp;id_disciplina=321693\" target=\"_blank\">2GEO449 &#8211; Quest\u00e3o Agr\u00e1ria no Brasil<\/a><br><a rel=\"noreferrer noopener\" href=\"https:\/\/sucupira.capes.gov.br\/sucupira\/public\/consultas\/coleta\/disciplina\/viewDisciplina.xhtml?popup=true&amp;id_disciplina=406093\" data-type=\"URL\" data-id=\"https:\/\/sucupira.capes.gov.br\/sucupira\/public\/consultas\/coleta\/disciplina\/viewDisciplina.xhtml?popup=true&amp;id_disciplina=406093\" target=\"_blank\">2GEO454 &#8211; Alteridade e colonialidade: implica\u00e7\u00f5es epistemol\u00f3gicas, ontol\u00f3gicas e \u00e9ticas para a Geografia<\/a><br><a rel=\"noreferrer noopener\" href=\"https:\/\/sucupira.capes.gov.br\/sucupira\/public\/consultas\/coleta\/disciplina\/viewDisciplina.xhtml?popup=true&amp;id_disciplina=243238\" target=\"_blank\">2ARQ167 &#8211; Paisagem Cultural<\/a><\/p>\n\n\n\n<hr class=\"wp-block-separator has-text-color has-site-background-color has-alpha-channel-opacity has-site-background-background-color has-background is-style-dots\" \/>\n\n\n\n<h2 class=\"wp-block-heading\"><a href=\"https:\/\/pos.uel.br\/geografia\/wp-content\/uploads\/2024\/07\/Trad5_EstruturaCurricular_rev00.pdf\">Delibera\u00e7\u00e3o Colegiado PPG Stricto sensu n.\u00ba 30\/2017<\/a><\/h2>\n\n\n\n<p>Reestrutura a grade curricular do Programa de P\u00f3s-Gradua\u00e7\u00e3o em Geografia (mestrado e doutorado)<\/p>\n","protected":false},"excerpt":{"rendered":"<p>Acesse a ementa das disciplinas ofertadas no PPGEO\/UEL clicando sob os respectivos links. Disciplinas fora da estrutura curricular podem ser ofertadas esporadicamente por docentes convidados. Disciplinas obrigat\u00f3rias 2GEO436 &#8211; M\u00e9todo em Geografia: categorias, teorias, conceitos e pr\u00e1ticas espaciais2GEO437 &#8211; Pesquisa cient\u00edfica e perspectiva te\u00f3rico-metodol\u00f3gica em Din\u00e2mica Socioambiental2GEO438 &#8211; Semin\u00e1rios de Pesquisa I2GEO439 &#8211; Semin\u00e1rios de [&hellip;]<\/p>\n","protected":false},"author":14,"featured_media":0,"parent":0,"menu_order":0,"comment_status":"closed","ping_status":"closed","template":"","meta":{"_acf_changed":false,"footnotes":""},"class_list":["post-15","page","type-page","status-publish","hentry"],"acf":[],"_links":{"self":[{"href":"https:\/\/pos.uel.br\/geografia\/wp-json\/wp\/v2\/pages\/15","targetHints":{"allow":["GET"]}}],"collection":[{"href":"https:\/\/pos.uel.br\/geografia\/wp-json\/wp\/v2\/pages"}],"about":[{"href":"https:\/\/pos.uel.br\/geografia\/wp-json\/wp\/v2\/types\/page"}],"author":[{"embeddable":true,"href":"https:\/\/pos.uel.br\/geografia\/wp-json\/wp\/v2\/users\/14"}],"replies":[{"embeddable":true,"href":"https:\/\/pos.uel.br\/geografia\/wp-json\/wp\/v2\/comments?post=15"}],"version-history":[{"count":22,"href":"https:\/\/pos.uel.br\/geografia\/wp-json\/wp\/v2\/pages\/15\/revisions"}],"predecessor-version":[{"id":3871,"href":"https:\/\/pos.uel.br\/geografia\/wp-json\/wp\/v2\/pages\/15\/revisions\/3871"}],"wp:attachment":[{"href":"https:\/\/pos.uel.br\/geografia\/wp-json\/wp\/v2\/media?parent=15"}],"curies":[{"name":"wp","href":"https:\/\/api.w.org\/{rel}","templated":true}]}}