{"id":1405,"date":"2023-03-23T00:25:45","date_gmt":"2023-03-23T03:25:45","guid":{"rendered":"https:\/\/pos.uel.br\/geografia\/?page_id=1405"},"modified":"2026-01-24T19:13:59","modified_gmt":"2026-01-24T22:13:59","slug":"informacoes_gerais","status":"publish","type":"page","link":"https:\/\/pos.uel.br\/geografia\/informacoes_gerais\/","title":{"rendered":"Informa\u00e7\u00f5es gerais"},"content":{"rendered":"\n<div class=\"wp-block-columns is-layout-flex wp-container-core-columns-is-layout-9d6595d7 wp-block-columns-is-layout-flex\">\n<div class=\"wp-block-column is-layout-flow wp-block-column-is-layout-flow\" style=\"flex-basis:33.33%\">\n<p class=\"has-medium-font-size\"><\/p>\n\n\n\n<p><strong>\u00c1rea de Concentra\u00e7\u00e3o:<\/strong> <strong>&nbsp;<\/strong>Din\u00e2mica Socioambiental e Organiza\u00e7\u00e3o do Espa\u00e7o<\/p>\n\n\n\n<p><strong>Linhas de pesquisa: <\/strong><\/p>\n\n\n\n<p>1 &#8211; Din\u00e2mica Socioespacial <\/p>\n\n\n\n<p>2 &#8211; Din\u00e2mica Geoambiental<\/p>\n\n\n\n<p><strong>Cursos: <\/strong>Mestrado, Doutorado e P\u00f3s-Doutorado<\/p>\n\n\n\n<p><strong>Modalidade:<\/strong> Acad\u00eamico<\/p>\n\n\n\n<p><strong>Conceito CAPES: <\/strong>5 (Quadri\u00eanio 2021-2024)<\/p>\n\n\n\n<hr class=\"wp-block-separator has-text-color has-site-background-color has-alpha-channel-opacity has-site-background-background-color has-background is-style-default\" \/>\n\n\n\n<p class=\"has-medium-font-size\"><strong>Objetivos<\/strong><\/p>\n\n\n\n<p class=\"has-text-align-left\"><strong>Objetivos<\/strong><strong><br><\/strong>O programa visa formar mestres e doutores com base te\u00f3rico-metodol\u00f3gica s\u00f3lida para analisar processos espaciais e ambientais, capacitando-os para atua\u00e7\u00e3o cr\u00edtica em doc\u00eancia, pesquisa e pr\u00e1ticas profissionais relacionadas \u00e0 Geografia e \u00e1reas afins. A forma\u00e7\u00e3o busca excel\u00eancia acad\u00eamica e impacto social, preparando egressos para desafios contempor\u00e2neos em campos como educa\u00e7\u00e3o (formal e n\u00e3o-formal), planejamento urbano e regional, gest\u00e3o territorial e ambiental, pol\u00edticas p\u00fablicas, consultorias e geotecnologias.&nbsp;<\/p>\n\n\n\n<p class=\"has-text-align-left\"><\/p>\n\n\n\n<hr class=\"wp-block-separator has-text-color has-site-background-color has-alpha-channel-opacity has-site-background-background-color has-background is-style-default\" \/>\n\n\n\n<p class=\"has-medium-font-size\"><strong>P\u00fablico alvo<\/strong><\/p>\n\n\n\n<p>O programa \u00e9 refer\u00eancia regional pela sua tradi\u00e7\u00e3o interdisciplinar, atraindo profissionais com forma\u00e7\u00e3o em Geografia ou \u00e1reas afins (como Geologia, Ci\u00eancias Biol\u00f3gicas e Sociais, Engenharia Ambiental, Arquitetura, Agronomia, Servi\u00e7o Social, Hist\u00f3ria e outras), interessados em desenvolver pesquisas multi e interdisciplinares sobre din\u00e2micas socioespaciais e ambientais. O programa busca candidatos com interesse em pesquisa aplicada \u2013 como ensino, planejamento territorial, gest\u00e3o ambiental, pol\u00edticas p\u00fablicas e geotecnologias \u2013, que tenham abertura para o di\u00e1logo interdisciplinar, integrando diferentes \u00e1reas do conhecimento em abordagens inovadoras da Geografia, e que estejam dispostos a atuar colaborativamente em equipes diversificadas, contribuindo para an\u00e1lises cr\u00edticas das complexas rela\u00e7\u00f5es entre sociedade, territ\u00f3rio e ambiente.&nbsp;<br><\/p>\n\n\n\n<hr class=\"wp-block-separator has-text-color has-site-background-color has-alpha-channel-opacity has-site-background-background-color has-background is-style-default\" \/>\n\n\n\n<p class=\"has-medium-font-size\"><strong>N\u00famero de vagas<\/strong><\/p>\n\n\n\n<p>S\u00e3o ofertadas anualmente at\u00e9 20 vagas para o Mestrado, e at\u00e9 10 vagas para o Doutorado. Excepcionalmente, poder\u00e1 ser aberto edital complementar no meio do ano, desde que o programa tenha recursos financeiros dispon\u00edveis e haja demanda de candidatos com perfil adequado \u00e0s linhas de pesquisa. A sele\u00e7\u00e3o ocorre por meio de quatro modalidades de vagas, sendo elas:<br><\/p>\n\n\n\n<ul class=\"wp-block-list\">\n<li>Ampla concorr\u00eancia;<\/li>\n\n\n\n<li>Reserva de vagas para pessoas autodeclaradas negras (pretas e pardas);<\/li>\n\n\n\n<li>Suplementares para pessoas autodeclaradas ind\u00edgenas;<\/li>\n\n\n\n<li>Suplementares para pessoas com defici\u00eancia.<\/li>\n<\/ul>\n\n\n\n<hr class=\"wp-block-separator has-text-color has-site-background-color has-alpha-channel-opacity has-site-background-background-color has-background is-style-default\" \/>\n\n\n\n<p class=\"has-medium-font-size\"><strong>Bolsas de estudos<\/strong><\/p>\n\n\n\n<p id=\"https:\/\/www.gov.br\/capes\/pt-br\">O PPGEO conta com bolsas de estudo e financiamento para pesquisas provenientes de ag\u00eancias de fomento como a CAPES, o CNPq e a Funda\u00e7\u00e3o Arauc\u00e1ria.<br><\/p>\n\n\n\n<hr class=\"wp-block-separator has-text-color has-site-background-color has-alpha-channel-opacity has-site-background-background-color has-background is-style-default\" \/>\n\n\n\n<p class=\"has-medium-font-size\"><strong>Estudantes Especiais<\/strong><\/p>\n\n\n\n<p>Estudantes especiais podem cursar at\u00e9 50% dos cr\u00e9ditos do programa, mediante aprova\u00e7\u00e3o de requerimento acompanhado da documenta\u00e7\u00e3o exigida no edital espec\u00edfico. O estudante matriculado nessas condi\u00e7\u00f5es e que pretenda passar a estudante regular, ter\u00e1 de submeter-se a processo de sele\u00e7\u00e3o e cumprir todas as exig\u00eancias a que est\u00e3o sujeitos os estudantes regulares, n\u00e3o sendo contado o per\u00edodo letivo cumprido como estudante especial, no c\u00f4mputo do tempo m\u00e1ximo para conclus\u00e3o do Programa.<br><\/p>\n\n\n\n<p><strong><strong>Estudantes Especiais de outros Programas (Mobilidade Acad\u00eamica)<\/strong><\/strong><\/p>\n\n\n\n<p>Estudantes matriculados em Programas de P\u00f3s-Gradua\u00e7\u00e3o <em>Stricto Sensu<\/em> de outras Institui\u00e7\u00f5es, devidamente reconhecidos pela CAPES, poder\u00e3o cursar disciplinas como estudante especial, ofertadas a qualquer momento no per\u00edodo letivo pelos Programas da UEL, desde que sejam autorizados pelo docente respons\u00e1vel da disciplina e pelo Coordenador do Programa e atendam aos seguintes procedimentos:<\/p>\n\n\n\n<p>l. preenchimento do requerimento fornecido pela PROPPG;<\/p>\n\n\n\n<p>ll. apresenta\u00e7\u00e3o do comprovante de matr\u00edcula da Institui\u00e7\u00e3o de origem;<\/p>\n\n\n\n<p>III. apresenta\u00e7\u00e3o de uma carta do orientador recomendando a realiza\u00e7\u00e3o da disciplina.<\/p>\n<\/div>\n\n\n\n<div class=\"wp-block-column is-layout-flow wp-block-column-is-layout-flow\"><\/div>\n\n\n\n<div class=\"wp-block-column is-vertically-aligned-top is-layout-flow wp-block-column-is-layout-flow\" style=\"flex-basis:66.66%\">\n<p class=\"has-medium-font-size\"><strong>Apresenta\u00e7\u00e3o<\/strong><\/p>\n\n\n\n<p>O Programa de P\u00f3s-Gradua\u00e7\u00e3o em Geografia da Universidade Estadual de Londrina (PPGEO\/UEL) investiga as complexas rela\u00e7\u00f5es entre sociedade e natureza por meio de sua \u00e1rea de concentra\u00e7\u00e3o \u201cDin\u00e2mica Socioambiental e Organiza\u00e7\u00e3o do Espa\u00e7o\u201d. Desenvolve pesquisas sobre processos socioespaciais (transforma\u00e7\u00f5es urbanas, rurais e planejamento territorial) e din\u00e2micas geoambientais (gest\u00e3o de riscos e recursos naturais), utilizando geotecnologias como ferramentas de an\u00e1lise territorial. Com s\u00f3lida forma\u00e7\u00e3o em Geografia e abertura para di\u00e1logos com outras \u00e1reas do conhecimento, o programa prepara profissionais para atua\u00e7\u00e3o em ensino, pesquisa e gest\u00e3o territorial, combinando rigor acad\u00eamico com impacto social.&nbsp;<br><\/p>\n\n\n\n<hr class=\"wp-block-separator has-text-color has-site-background-color has-alpha-channel-opacity has-site-background-background-color has-background\" \/>\n\n\n\n<p class=\"has-medium-font-size\"><strong>Mestrado<\/strong><\/p>\n\n\n\n<p>A dura\u00e7\u00e3o prevista para o Curso de Mestrado \u00e9 de 24 meses ou&nbsp; 4 (quatro) semestres.&nbsp;<\/p>\n\n\n\n<p>Durante o tempo de curso o estudante de Mestrado dever\u00e1 completar 1.050 (mil e cinquenta) horas correspondentes a 70 (setenta) cr\u00e9ditos, assim distribu\u00eddos:&nbsp;<\/p>\n\n\n\n<p>a) 10 (dez) cr\u00e9ditos em disciplinas obrigat\u00f3rias;&nbsp;<\/p>\n\n\n\n<p>b) 16 (dezesseis) cr\u00e9ditos em disciplinas optativas no m\u00ednimo;&nbsp;<\/p>\n\n\n\n<p>c) 44 (quarenta e quatro) cr\u00e9ditos em Disserta\u00e7\u00e3o de Mestrado.<\/p>\n\n\n\n<p><strong>Doutorado<\/strong><\/p>\n\n\n\n<p>A dura\u00e7\u00e3o prevista para o Curso de Doutorado \u00e9 de 48 meses ou 8 (oito) semestres. O estudante de Doutorado deve completar 2.610 (duas mil, seiscentas e dez) horas correspondentes a 174 (cento e setenta e quatro) cr\u00e9ditos, assim distribu\u00eddos:&nbsp;<\/p>\n\n\n\n<p>a) 10 (dez) cr\u00e9ditos em disciplinas obrigat\u00f3rias;&nbsp;<\/p>\n\n\n\n<p>b) 24 (vinte e quatro) cr\u00e9ditos em disciplinas optativas no m\u00ednimo;&nbsp;<\/p>\n\n\n\n<p>c) 140 (cento e quarenta) cr\u00e9ditos em Tese.<\/p>\n\n\n\n<p><strong>Doutorado Sandu\u00edche<\/strong><\/p>\n\n\n\n<p>O Programa de P\u00f3s-Gradua\u00e7\u00e3o em Geografia da UEL (PPGEO) incentiva a mobilidade internacional de seus doutorandos por meio do Programa de Doutorado Sandu\u00edche no Exterior (PDSE) da CAPES. Esta modalidade permite:<\/p>\n\n\n\n<p>Financiamento: Bolsa CAPES\/PDSE (conforme disponibilidade or\u00e7ament\u00e1ria e aprova\u00e7\u00e3o do projeto em edital interno lan\u00e7ado pelo programa).<\/p>\n\n\n\n<p>Per\u00edodo de realiza\u00e7\u00e3o: 4 a 9 meses em institui\u00e7\u00f5es estrangeiras de excel\u00eancia;<\/p>\n\n\n\n<p>Objetivo: Aprimoramento da pesquisa, acesso a novas metodologias e integra\u00e7\u00e3o em redes acad\u00eamicas internacionais;<\/p>\n\n\n\n<p><strong>P\u00f3s-Doutorado<\/strong><\/p>\n\n\n\n<p>O Est\u00e1gio P\u00f3s-Doutoral (ou P\u00f3s-Doutorado) compreende atividades de pesquisa e\/ou inova\u00e7\u00e3o tecnol\u00f3gica desenvolvidas por doutores, sob supervis\u00e3o de docente efetivo da UEL ou pesquisador s\u00eanior vinculado ao PPGEO\/UEL ou a grupos de pesquisa cadastrados no CNPq. Seus principais objetivos s\u00e3o: consolidar, atualizar e ampliar os conhecimentos cient\u00edficos e tecnol\u00f3gicos do p\u00f3s-doutorando, eventualmente redirecionando suas linhas de pesquisa; fortalecer os grupos de pesquisa da institui\u00e7\u00e3o com trabalhos de alto n\u00edvel; e contribuir para a renova\u00e7\u00e3o dos quadros dos programas de p\u00f3s-gradua\u00e7\u00e3o atrav\u00e9s da forma\u00e7\u00e3o de recursos humanos qualificados.<br><\/p>\n<\/div>\n<\/div>\n\n\n\n<p><\/p>\n","protected":false},"excerpt":{"rendered":"<p>\u00c1rea de Concentra\u00e7\u00e3o: &nbsp;Din\u00e2mica Socioambiental e Organiza\u00e7\u00e3o do Espa\u00e7o Linhas de pesquisa: 1 &#8211; Din\u00e2mica Socioespacial 2 &#8211; Din\u00e2mica Geoambiental Cursos: Mestrado, Doutorado e P\u00f3s-Doutorado Modalidade: Acad\u00eamico Conceito CAPES: 5 (Quadri\u00eanio 2021-2024) Objetivos ObjetivosO programa visa formar mestres e doutores com base te\u00f3rico-metodol\u00f3gica s\u00f3lida para analisar processos espaciais e ambientais, capacitando-os para atua\u00e7\u00e3o cr\u00edtica em [&hellip;]<\/p>\n","protected":false},"author":14,"featured_media":0,"parent":0,"menu_order":0,"comment_status":"closed","ping_status":"closed","template":"","meta":{"_acf_changed":false,"footnotes":""},"class_list":["post-1405","page","type-page","status-publish","hentry"],"acf":[],"_links":{"self":[{"href":"https:\/\/pos.uel.br\/geografia\/wp-json\/wp\/v2\/pages\/1405","targetHints":{"allow":["GET"]}}],"collection":[{"href":"https:\/\/pos.uel.br\/geografia\/wp-json\/wp\/v2\/pages"}],"about":[{"href":"https:\/\/pos.uel.br\/geografia\/wp-json\/wp\/v2\/types\/page"}],"author":[{"embeddable":true,"href":"https:\/\/pos.uel.br\/geografia\/wp-json\/wp\/v2\/users\/14"}],"replies":[{"embeddable":true,"href":"https:\/\/pos.uel.br\/geografia\/wp-json\/wp\/v2\/comments?post=1405"}],"version-history":[{"count":21,"href":"https:\/\/pos.uel.br\/geografia\/wp-json\/wp\/v2\/pages\/1405\/revisions"}],"predecessor-version":[{"id":4849,"href":"https:\/\/pos.uel.br\/geografia\/wp-json\/wp\/v2\/pages\/1405\/revisions\/4849"}],"wp:attachment":[{"href":"https:\/\/pos.uel.br\/geografia\/wp-json\/wp\/v2\/media?parent=1405"}],"curies":[{"name":"wp","href":"https:\/\/api.w.org\/{rel}","templated":true}]}}