{"id":13,"date":"2021-04-29T13:57:12","date_gmt":"2021-04-29T16:57:12","guid":{"rendered":"https:\/\/pos.uel.br\/geografia\/?page_id=13"},"modified":"2025-05-22T07:51:43","modified_gmt":"2025-05-22T10:51:43","slug":"contatos","status":"publish","type":"page","link":"https:\/\/pos.uel.br\/geografia\/contatos\/","title":{"rendered":"Contato"},"content":{"rendered":"\n<p><\/p>\n\n\n\n<div class=\"wp-block-columns is-layout-flex wp-container-core-columns-is-layout-9d6595d7 wp-block-columns-is-layout-flex\">\n<div class=\"wp-block-column is-layout-flow wp-block-column-is-layout-flow\">\n<h4 class=\"wp-block-heading\"><a href=\"https:\/\/pos.uel.br\/geografia\/\" data-type=\"page\" data-id=\"84\">Programa de P\u00f3s-Gradua\u00e7\u00e3o em Geografia<\/a><\/h4>\n\n\n\n<p>Universidade Estadual de Londrina &#8211; UEL<\/p>\n\n\n\n<p>Centro de Ci\u00eancias Exatas &#8211; CCE<\/p>\n\n\n\n<p>Departamento de Geoci\u00eancias<\/p>\n\n\n\n<p>Rodovia Celso Garcia Cid, PR-445, KM 380<\/p>\n\n\n\n<p>Caixa Postal: 10.011 &#8211; CEP: 86057-970 &#8211; Londrina\/PR<\/p>\n\n\n\n<p><strong>E-mail:<\/strong> <a rel=\"noreferrer noopener\" href=\"mailto:propgeo@uel.br\" target=\"_blank\">propgeo@uel.br<\/a><\/p>\n\n\n\n<hr class=\"wp-block-separator aligncenter has-text-color has-site-background-color has-alpha-channel-opacity has-site-background-background-color has-background is-style-default\" \/>\n\n\n\n<h4 class=\"wp-block-heading\"><a href=\"http:\/\/www.uel.br\/cce\/spgcce\/\" data-type=\"URL\" data-id=\"http:\/\/www.uel.br\/cce\/spgcce\/\" target=\"_blank\" rel=\"noreferrer noopener\">Secretaria de P\u00f3s-Gradua\u00e7\u00e3o<\/a><\/h4>\n\n\n\n<p>Centro de Ci\u00eancias Exatas &#8211; CCE<\/p>\n\n\n\n<p><strong>Telefone:<\/strong> (43) 3371-4711 \/ (43) 3371-4879<\/p>\n\n\n\n<p><strong>E-mail:<\/strong> <a rel=\"noreferrer noopener\" href=\"mailto:spgcce@uel.br\" target=\"_blank\">spgcce@uel.br<\/a><\/p>\n\n\n\n<hr class=\"wp-block-separator has-text-color has-site-background-color has-alpha-channel-opacity has-site-background-background-color has-background\" \/>\n\n\n\n<h4 class=\"wp-block-heading\"><a href=\"https:\/\/www.uel.br\/cce\/geo\/portal\/\" data-type=\"URL\" data-id=\"https:\/\/www.uel.br\/cce\/geo\/portal\/\" target=\"_blank\" rel=\"noreferrer noopener\">Secretaria do Departamento de Geografia<\/a><\/h4>\n\n\n\n<p>Centro de Ci\u00eancias Exatas &#8211; CCE<\/p>\n\n\n\n<p><strong>Telefone:<\/strong>&nbsp;(43)&nbsp;3371-4246 \/ (43)&nbsp;3371-4356<\/p>\n\n\n\n<p><strong>E-mail:<\/strong> <a href=\"mailto:secretariageo@uel.br\" target=\"_blank\" rel=\"noreferrer noopener\">secretariageo@uel.br<\/a><\/p>\n<\/div>\n\n\n\n<div class=\"wp-block-column is-layout-flow wp-block-column-is-layout-flow\"><\/div>\n<\/div>\n\n\n\n<p><\/p>\n","protected":false},"excerpt":{"rendered":"<p>Programa de P\u00f3s-Gradua\u00e7\u00e3o em Geografia Universidade Estadual de Londrina &#8211; UEL Centro de Ci\u00eancias Exatas &#8211; CCE Departamento de Geoci\u00eancias Rodovia Celso Garcia Cid, PR-445, KM 380 Caixa Postal: 10.011 &#8211; CEP: 86057-970 &#8211; Londrina\/PR E-mail: propgeo@uel.br Secretaria de P\u00f3s-Gradua\u00e7\u00e3o Centro de Ci\u00eancias Exatas &#8211; CCE Telefone: (43) 3371-4711 \/ (43) 3371-4879 E-mail: spgcce@uel.br Secretaria [&hellip;]<\/p>\n","protected":false},"author":14,"featured_media":0,"parent":0,"menu_order":0,"comment_status":"closed","ping_status":"closed","template":"","meta":{"_acf_changed":false,"footnotes":""},"class_list":["post-13","page","type-page","status-publish","hentry"],"acf":[],"_links":{"self":[{"href":"https:\/\/pos.uel.br\/geografia\/wp-json\/wp\/v2\/pages\/13","targetHints":{"allow":["GET"]}}],"collection":[{"href":"https:\/\/pos.uel.br\/geografia\/wp-json\/wp\/v2\/pages"}],"about":[{"href":"https:\/\/pos.uel.br\/geografia\/wp-json\/wp\/v2\/types\/page"}],"author":[{"embeddable":true,"href":"https:\/\/pos.uel.br\/geografia\/wp-json\/wp\/v2\/users\/14"}],"replies":[{"embeddable":true,"href":"https:\/\/pos.uel.br\/geografia\/wp-json\/wp\/v2\/comments?post=13"}],"version-history":[{"count":18,"href":"https:\/\/pos.uel.br\/geografia\/wp-json\/wp\/v2\/pages\/13\/revisions"}],"predecessor-version":[{"id":4068,"href":"https:\/\/pos.uel.br\/geografia\/wp-json\/wp\/v2\/pages\/13\/revisions\/4068"}],"wp:attachment":[{"href":"https:\/\/pos.uel.br\/geografia\/wp-json\/wp\/v2\/media?parent=13"}],"curies":[{"name":"wp","href":"https:\/\/api.w.org\/{rel}","templated":true}]}}