{"id":1140,"date":"2023-01-25T20:03:59","date_gmt":"2023-01-25T23:03:59","guid":{"rendered":"https:\/\/pos.uel.br\/geografia\/?page_id=1140"},"modified":"2025-10-03T09:38:24","modified_gmt":"2025-10-03T12:38:24","slug":"doutorado-sanduiche","status":"publish","type":"page","link":"https:\/\/pos.uel.br\/geografia\/doutorado-sanduiche\/","title":{"rendered":"Doutorado-Sandu\u00edche"},"content":{"rendered":"\n<div class=\"wp-block-media-text alignwide is-stacked-on-mobile is-vertically-aligned-center\"><figure class=\"wp-block-media-text__media\"><img loading=\"lazy\" decoding=\"async\" width=\"1024\" height=\"580\" src=\"https:\/\/pos.uel.br\/geografia\/wp-content\/uploads\/2025\/08\/ilustracao_doutorado-Sanduiche-1024x580.jpg\" alt=\"\" class=\"wp-image-4745 size-full\" srcset=\"https:\/\/pos.uel.br\/geografia\/wp-content\/uploads\/2025\/08\/ilustracao_doutorado-Sanduiche-1024x580.jpg 1024w, https:\/\/pos.uel.br\/geografia\/wp-content\/uploads\/2025\/08\/ilustracao_doutorado-Sanduiche-300x170.jpg 300w, https:\/\/pos.uel.br\/geografia\/wp-content\/uploads\/2025\/08\/ilustracao_doutorado-Sanduiche-768x435.jpg 768w, https:\/\/pos.uel.br\/geografia\/wp-content\/uploads\/2025\/08\/ilustracao_doutorado-Sanduiche.jpg 1200w\" sizes=\"auto, (max-width: 1024px) 100vw, 1024px\" \/><\/figure><div class=\"wp-block-media-text__content\">\n<p style=\"font-size:15px\">O Programa de P\u00f3s-gradua\u00e7\u00e3o em Geografia da Universidade Estadual de Londrina (PPGEO-UEL) comunica a publica\u00e7\u00e3o do Edital n\u00b0 007\/2025 no \u00e2mbito do PROGRAMA DE DOUTORADO-SANDU\u00cdCHE NO EXTERIOR | PDSE &#8211; CAPES EDITAL n\u00b0 17\/2025, que tem como disposi\u00e7\u00e3o selecionar  estudantes de Doutorado para fomentar o interc\u00e2mbio cient\u00edfico e a qualifica\u00e7\u00e3o acad\u00eamica de discentes do Brasil, por meio de concess\u00e3o de bolsa no exterior na modalidade Doutorado-Sandu\u00edche.<\/p>\n\n\n\n<p>Para consulta do edital de sele\u00e7\u00e3o interna do Programa de P\u00f3s-Gradua\u00e7\u00e3o em Geografia (PPGEO-UEL) acesse a p\u00e1gina &#8220;Editais&#8221; &#8211; <a href=\"https:\/\/pos.uel.br\/geografia\/editais\" data-type=\"link\" data-id=\"https:\/\/pos.uel.br\/geografia\/editais\">https:\/\/pos.uel.br\/geografia\/editais<\/a><\/p>\n\n\n\n<p style=\"font-size:15px\">Para mais informa\u00e7\u00f5es, consulte a p\u00e1gina do programa PDSE no site: <a href=\"https:\/\/www.gov.br\/capes\/pt-br\/acesso-a-informacao\/acoes-e-programas\/bolsas\/bolsas-e-auxilios-internacionais\/encontre-aqui\/paises\/multinacional\/programa-de-doutorado-sanduiche-no-exterior-pdse\" target=\"_blank\" rel=\"noreferrer noopener\">https:\/\/www.gov.br\/capes\/pt-br\/acesso-a-informacao\/acoes-e-programas\/bolsas\/bolsas-e-auxilios-internacionais\/encontre-aqui\/paises\/multinacional\/programa-de-doutorado-sanduiche-no-exterior-pdse<\/a><\/p>\n<\/div><\/div>\n\n\n\n<hr class=\"wp-block-separator has-alpha-channel-opacity\" \/>\n\n\n\n<div class=\"wp-block-media-text alignwide has-media-on-the-right is-stacked-on-mobile is-vertically-aligned-center\"><div class=\"wp-block-media-text__content\">\n<p style=\"font-size:15px\">O Programa de P\u00f3s-gradua\u00e7\u00e3o em Geografia da Universidade Estadual de Londrina (PPGEO-UEL) comunica a publica\u00e7\u00e3o do Edital n\u00b0 04\/2024 no \u00e2mbito do PROGRAMA DE DOUTORADO-SANDU\u00cdCHE NO EXTERIOR | PDSE &#8211; CAPES EDITAL n\u00b0 06\/2024, que tem como disposi\u00e7\u00e3o selecionar 1 (uma) doutorando(a) para fomentar o interc\u00e2mbio cient\u00edfico e a qualifica\u00e7\u00e3o acad\u00eamica de discentes do Brasil, por meio de concess\u00e3o de 1 bolsa no exterior na  modalidade Doutorado-Sandu\u00edche, em um per\u00edodo de 3 a 6 meses.<\/p>\n\n\n\n<p>Para consulta do edital de sele\u00e7\u00e3o interna do Programa de P\u00f3s-Gradua\u00e7\u00e3o em Geografia (PPGEO-UEL) acesse a p\u00e1gina &#8220;Editais&#8221; &#8211; <a href=\"https:\/\/pos.uel.br\/geografia\/editais\" data-type=\"link\" data-id=\"https:\/\/pos.uel.br\/geografia\/editais\">https:\/\/pos.uel.br\/geografia\/editais<\/a><\/p>\n\n\n\n<p style=\"font-size:15px\">Para mais informa\u00e7\u00f5es, consulte a p\u00e1gina do programa PDSE no site: <a href=\"https:\/\/www.gov.br\/capes\/pt-br\/acesso-a-informacao\/acoes-e-programas\/bolsas\/bolsas-e-auxilios-internacionais\/encontre-aqui\/paises\/multinacional\/programa-de-doutorado-sanduiche-no-exterior-pdse\" target=\"_blank\" rel=\"noreferrer noopener\">https:\/\/www.gov.br\/capes\/pt-br\/acesso-a-informacao\/acoes-e-programas\/bolsas\/bolsas-e-auxilios-internacionais\/encontre-aqui\/paises\/multinacional\/programa-de-doutorado-sanduiche-no-exterior-pdse<\/a><\/p>\n<\/div><figure class=\"wp-block-media-text__media\"><img loading=\"lazy\" decoding=\"async\" width=\"400\" height=\"260\" src=\"https:\/\/pos.uel.br\/geografia\/wp-content\/uploads\/2024\/04\/images-1.jpg\" alt=\"\" class=\"wp-image-3130 size-full\" srcset=\"https:\/\/pos.uel.br\/geografia\/wp-content\/uploads\/2024\/04\/images-1.jpg 400w, https:\/\/pos.uel.br\/geografia\/wp-content\/uploads\/2024\/04\/images-1-300x195.jpg 300w\" sizes=\"auto, (max-width: 400px) 100vw, 400px\" \/><\/figure><\/div>\n\n\n\n<hr class=\"wp-block-separator has-alpha-channel-opacity\" \/>\n\n\n\n<div class=\"wp-block-media-text alignwide is-stacked-on-mobile is-vertically-aligned-center\"><figure class=\"wp-block-media-text__media\"><img loading=\"lazy\" decoding=\"async\" width=\"746\" height=\"423\" src=\"https:\/\/pos.uel.br\/geografia\/wp-content\/uploads\/2023\/01\/d393d70a07644e68ad5e8d96cf4cad3e.png\" alt=\"\" class=\"wp-image-1144 size-full\" srcset=\"https:\/\/pos.uel.br\/geografia\/wp-content\/uploads\/2023\/01\/d393d70a07644e68ad5e8d96cf4cad3e.png 746w, https:\/\/pos.uel.br\/geografia\/wp-content\/uploads\/2023\/01\/d393d70a07644e68ad5e8d96cf4cad3e-300x170.png 300w\" sizes=\"auto, (max-width: 746px) 100vw, 746px\" \/><\/figure><div class=\"wp-block-media-text__content\">\n<p style=\"font-size:15px\">O Programa de P\u00f3s-gradua\u00e7\u00e3o em Geografia da Universidade Estadual de Londrina (PPGEO-UEL) comunica a publica\u00e7\u00e3o do Edital n\u00b0 03\/2023 no \u00e2mbito do PROGRAMA DE DOUTORADO-SANDU\u00cdCHE NO EXTERIOR | PDSE &#8211; CAPES EDITAL n\u00b0 44\/2022, que tem como disposi\u00e7\u00e3o selecionar 1 (uma) doutorando(a) para fomentar o interc\u00e2mbio cient\u00edfico e a qualifica\u00e7\u00e3o acad\u00eamica de discentes do Brasil, por meio de concess\u00e3o de 1 bolsa no exterior na  modalidade Doutorado-Sandu\u00edche, em um per\u00edodo de 6 a 10 meses.<\/p>\n\n\n\n<p style=\"font-size:15px\">A bolsa ser\u00e1 destinada a um(a) doutorado(a) do PPGEO-UEL.<\/p>\n\n\n\n<p style=\"font-size:15px\">Para mais informa\u00e7\u00f5es, consulte a p\u00e1gina do programa no site: <a href=\"https:\/\/www.gov.br\/capes\/pt-br\/acesso-a-informacao\/acoes-e-programas\/bolsas\/bolsas-e-auxilios-internacionais\/encontre-aqui\/paises\/multinacional\/programa-de-doutorado-sanduiche-no-exterior-pdse\" target=\"_blank\" rel=\"noreferrer noopener\">https:\/\/www.gov.br\/capes\/pt-br\/acesso-a-informacao\/acoes-e-programas\/bolsas\/bolsas-e-auxilios-internacionais\/encontre-aqui\/paises\/multinacional\/programa-de-doutorado-sanduiche-no-exterior-pdse<\/a><\/p>\n<\/div><\/div>\n\n\n\n<hr class=\"wp-block-separator has-alpha-channel-opacity\" \/>\n\n\n\n<h2 class=\"wp-block-heading\">Editais e informa\u00e7\u00f5es<\/h2>\n\n\n\n<ul class=\"wp-block-list\">\n<li><a href=\"https:\/\/pos.uel.br\/geografia\/wp-content\/uploads\/2025\/10\/MODELO-DE-PROJETO-DE-PDSE-2025-2026.pdf\" data-type=\"link\" data-id=\"https:\/\/pos.uel.br\/geografia\/wp-content\/uploads\/2025\/10\/MODELO-DE-PROJETO-DE-PDSE-2025-2026.pdf\"><strong>Modelo de Projeto PDSE &#8211; PPGEO<\/strong><\/a><\/li>\n<\/ul>\n\n\n\n<ul class=\"wp-block-list\">\n<li><strong><a href=\"https:\/\/drive.google.com\/file\/d\/19RKaycJwbxVQIy2DZ0NenL1mnKt8Llnx\/view?usp=sharing\" data-type=\"URL\" data-id=\"https:\/\/drive.google.com\/file\/d\/19RKaycJwbxVQIy2DZ0NenL1mnKt8Llnx\/view?usp=sharing\" target=\"_blank\" rel=\"noreferrer noopener\">Edital 03\/2023<\/a><\/strong> <\/li>\n<\/ul>\n\n\n\n<ul class=\"wp-block-list\">\n<li><strong><a rel=\"noreferrer noopener\" href=\"https:\/\/www.gov.br\/capes\/pt-br\/centrais-de-conteudo\/editais\/22122022_Edital_1882688_Edital_44_2022.pdf\" data-type=\"URL\" data-id=\"https:\/\/www.gov.br\/capes\/pt-br\/centrais-de-conteudo\/editais\/22122022_Edital_1882688_Edital_44_2022.pdf\" target=\"_blank\">Edital CAPES<\/a><\/strong><\/li>\n<\/ul>\n\n\n\n<ul class=\"wp-block-list\">\n<li><strong><a rel=\"noreferrer noopener\" href=\"https:\/\/www.gov.br\/capes\/pt-br\/centrais-de-conteudo\/editais\/22122022_Edital_1838427_Anexo_I___Termo_de_Outorga.pdf\" data-type=\"URL\" data-id=\"https:\/\/www.gov.br\/capes\/pt-br\/centrais-de-conteudo\/editais\/22122022_Edital_1838427_Anexo_I___Termo_de_Outorga.pdf\" target=\"_blank\">Anexo I &#8211; Termo de outorga e aceite de bolsa<\/a><\/strong> <\/li>\n<\/ul>\n\n\n\n<ul class=\"wp-block-list\">\n<li><strong><a rel=\"noreferrer noopener\" href=\"https:\/\/www.gov.br\/capes\/pt-br\/centrais-de-conteudo\/editais\/22122022_Edital_1838445_Anexo_II___Proficiencia.pdf\" data-type=\"URL\" data-id=\"https:\/\/www.gov.br\/capes\/pt-br\/centrais-de-conteudo\/editais\/22122022_Edital_1838445_Anexo_II___Proficiencia.pdf\" target=\"_blank\">Anexo II &#8211; Requisitos de profici\u00eancia em l\u00edngua estrangeira<\/a><\/strong><\/li>\n<\/ul>\n\n\n\n<ul class=\"wp-block-list\">\n<li><a rel=\"noreferrer noopener\" href=\"http:\/\/www.uel.br\/proppg\/portalnovo\/pages\/proppg\/plano-de-internacionalizacao.php\" data-type=\"URL\" data-id=\"http:\/\/www.uel.br\/proppg\/portalnovo\/pages\/proppg\/plano-de-internacionalizacao.php\" target=\"_blank\"><strong>Plano de Internacionaliza\u00e7\u00e3o da UEL<\/strong> <\/a><\/li>\n<\/ul>\n\n\n\n<p>Para mais informa\u00e7\u00f5es e esclarecimentos, solicitamos que entrem em contato com a Coordena\u00e7\u00e3o do PPGEO\/UEL pelo e-mail: <a rel=\"noreferrer noopener\" href=\"mailto:propgeo@uel.br\" target=\"_blank\">propgeo@uel.br<\/a>.<\/p>\n\n\n\n<hr class=\"wp-block-separator has-text-color has-site-background-color has-alpha-channel-opacity has-site-background-background-color has-background is-style-dots\" \/>\n\n\n\n<h2 class=\"wp-block-heading\">Bolsistas de editais PDSE anteriores<\/h2>\n\n\n\n<h5 class=\"wp-block-heading\">2024\/2025 &#8211; Prof. Ms. Felipe Costa Aguiar<\/h5>\n\n\n\n<p><strong>Lattes:<\/strong> <a href=\"http:\/\/lattes.cnpq.br\/2449026426008665\" target=\"_blank\" rel=\"noreferrer noopener\">http:\/\/lattes.cnpq.br\/2449026426008665<\/a><\/p>\n\n\n\n<p><strong>Universidade destino:<\/strong> <a href=\"https:\/\/www.cbu.ca\/\" target=\"_blank\" rel=\"noreferrer noopener\">Cape Breton University<\/a><\/p>\n\n\n\n<p><strong>Orientadoras:<\/strong> Prof.\u00aa Dr.\u00aa Jeani Delgado Paschoal Moura (PPGEO\/UEL) e <a href=\"https:\/\/www.cbu.ca\/faculty-staff\/directory\/ellyn-lyle\/\" data-type=\"URL\" data-id=\"https:\/\/geog.ucalgary.ca\/profiles\/gwendolyn-blue\" target=\"_blank\" rel=\"noreferrer noopener\">Prof.\u00aa Dr.\u00aa Ellyn Lyle<\/a> (Cape Breton University)<\/p>\n\n\n\n<hr class=\"wp-block-separator has-text-color has-site-background-color has-alpha-channel-opacity has-site-background-background-color has-background is-style-dots\" \/>\n\n\n\n<h5 class=\"wp-block-heading\">2024\/2025 &#8211; Prof. Ms. Ramon Guerini C\u00e2ndido<\/h5>\n\n\n\n<p><strong>Lattes:<\/strong> <a href=\"http:\/\/lattes.cnpq.br\/8159972011067376\" target=\"_blank\" rel=\"noreferrer noopener\">http:\/\/lattes.cnpq.br\/8159972011067376<\/a><\/p>\n\n\n\n<p><strong>Universidade destino:<\/strong> <a href=\"https:\/\/www.ulisboa.pt\/\" data-type=\"link\" data-id=\"https:\/\/www.uc3m.es\/Home\" target=\"_blank\" rel=\"noreferrer noopener\">Universidade de Lisboa (ULisboa)<\/a><\/p>\n\n\n\n<p><strong>Orientadoras:<\/strong> Prof.\u00aa Dr.\u00aa Adriana Castreghini de Freitas Pereira (PPGEO\/UEL) e <a href=\"https:\/\/orcid.org\/0000-0002-5477-8657\" data-type=\"URL\" data-id=\"https:\/\/geog.ucalgary.ca\/profiles\/gwendolyn-blue\" target=\"_blank\" rel=\"noreferrer noopener\">Prof.\u00aa Dr.\u00aa Patricia Abrantes<\/a> (Universidade de Lisboa)<\/p>\n\n\n\n<hr class=\"wp-block-separator has-text-color has-site-background-color has-alpha-channel-opacity has-site-background-background-color has-background is-style-dots\" \/>\n\n\n\n<h5 class=\"wp-block-heading\">2024\/2025 &#8211; Prof. Ms. Jos\u00e9 Rafael Vilela da Silva<\/h5>\n\n\n\n<p><strong>Lattes:<\/strong> <a href=\"http:\/\/lattes.cnpq.br\/0420239333191707\" target=\"_blank\" rel=\"noreferrer noopener\">http:\/\/lattes.cnpq.br\/0420239333191707<\/a><\/p>\n\n\n\n<p><strong>Universidade destino:<\/strong> <a href=\"https:\/\/www.uc3m.es\/Home\" data-type=\"link\" data-id=\"https:\/\/www.uc3m.es\/Home\" target=\"_blank\" rel=\"noreferrer noopener\">Universidad Carlos III de Madrid &#8211; UC3M<\/a><\/p>\n\n\n\n<p><strong>Orientadoras:<\/strong> Prof.\u00aa Dr.\u00aa Jeani Delgado Paschoal Moura (PPGEO\/UEL) e <a href=\"https:\/\/www.uc3m.es\/ss\/Satellite\/GruposInvestigacion\/es\/TextoMixta\/1371274952635\/Paloma_Puente_Lozano\" data-type=\"URL\" data-id=\"https:\/\/geog.ucalgary.ca\/profiles\/gwendolyn-blue\" target=\"_blank\" rel=\"noreferrer noopener\">Prof.\u00aa Dr.\u00aa Paloma Puente Lozano<\/a> (Universidad Carlos III de Madrid)<\/p>\n\n\n\n<hr class=\"wp-block-separator has-text-color has-site-background-color has-alpha-channel-opacity has-site-background-background-color has-background is-style-dots\" \/>\n\n\n\n<h5 class=\"wp-block-heading\">2022\/2023 &#8211; Prof.\u00aa Dr.\u00aa Caroline Hatada Lima Bomfim<\/h5>\n\n\n\n<p><strong>Lattes:<\/strong> <a href=\"http:\/\/lattes.cnpq.br\/7200425460098904\" target=\"_blank\" rel=\"noreferrer noopener\">http:\/\/lattes.cnpq.br\/7200425460098904<\/a><\/p>\n\n\n\n<p><strong>Universidade destino:<\/strong> <a href=\"https:\/\/www.ucalgary.ca\/\" data-type=\"URL\" data-id=\"https:\/\/www.ucalgary.ca\/\" target=\"_blank\" rel=\"noreferrer noopener\">University of Calgary<\/a><\/p>\n\n\n\n<p><strong>Orientadoras:<\/strong> Prof.\u00aa Dr.\u00aa Eloiza Cristiane Torres (PPGEO\/UEL) e <a href=\"https:\/\/geog.ucalgary.ca\/profiles\/gwendolyn-blue\" data-type=\"URL\" data-id=\"https:\/\/geog.ucalgary.ca\/profiles\/gwendolyn-blue\">Prof.\u00aa Dr.\u00aa Gwendolyn Blue<\/a> (University of&nbsp;Calgary)<\/p>\n\n\n\n<hr class=\"wp-block-separator has-text-color has-site-background-color has-alpha-channel-opacity has-site-background-background-color has-background is-style-dots\" \/>\n\n\n\n<h5 class=\"wp-block-heading\">2021\/2022 &#8211; Prof.\u00aa Dr.\u00aa Danieli Barbosa de Ara\u00fajo<\/h5>\n\n\n\n<p><strong>Lattes:<\/strong> <a href=\"http:\/\/lattes.cnpq.br\/4225431099248274\" target=\"_blank\" rel=\"noreferrer noopener\">http:\/\/lattes.cnpq.br\/4225431099248274<\/a><\/p>\n\n\n\n<p><strong>Universidade destino:<\/strong> <a rel=\"noreferrer noopener\" href=\"https:\/\/web.ub.edu\/\" data-type=\"URL\" data-id=\"https:\/\/web.ub.edu\/\" target=\"_blank\">Universitat de Barcelona<\/a><\/p>\n\n\n\n<p><strong>Orientadores:<\/strong> Prof.\u00aa Dr.\u00aa Jeani Delgado Paschoal Moura (PPGEO\/UEL) e <a rel=\"noreferrer noopener\" href=\"http:\/\/www.ub.edu\/gram\/membres\/joan-tort-donada\/\" data-type=\"URL\" data-id=\"http:\/\/www.ub.edu\/gram\/membres\/joan-tort-donada\/\" target=\"_blank\">Prof. Dr. Joan Tort i Donada<\/a> (Universitat de Barcelona)<\/p>\n\n\n\n<hr class=\"wp-block-separator has-text-color has-site-background-color has-alpha-channel-opacity has-site-background-background-color has-background is-style-dots\" \/>\n\n\n\n<h5 class=\"wp-block-heading\">2018\/2019 &#8211; Prof. Dr. Vin\u00edcius Genaro<\/h5>\n\n\n\n<p><strong>Lattes:<\/strong> <a href=\"http:\/\/lattes.cnpq.br\/4762075996936740\" data-type=\"URL\" data-id=\"http:\/\/lattes.cnpq.br\/4762075996936740\" target=\"_blank\" rel=\"noreferrer noopener\">http:\/\/lattes.cnpq.br\/4762075996936740<\/a><\/p>\n\n\n\n<p><strong>Universidade destino:<\/strong> <a href=\"https:\/\/www.ua.es\/es\/\" data-type=\"URL\" data-id=\"https:\/\/www.ua.es\/es\/\" target=\"_blank\" rel=\"noreferrer noopener\">Universidad de Alicante<\/a><\/p>\n\n\n\n<p><strong>Orientadores:<\/strong> Prof. Dr. Jos\u00e9 Paulo Peccinini Pinese (PPGEO\/UEL) e <a rel=\"noreferrer noopener\" href=\"https:\/\/web.ua.es\/es\/dsoc1\/personal-docente-e-investigador\/antonio-aledo-tur\/antonio-aledo-tur.html\" data-type=\"URL\" data-id=\"https:\/\/web.ua.es\/es\/dsoc1\/personal-docente-e-investigador\/antonio-aledo-tur\/antonio-aledo-tur.html\" target=\"_blank\">Prof. Dr. Antonio Aledo Tur<\/a> (Universidad de Alicante)<\/p>\n\n\n\n<hr class=\"wp-block-separator has-text-color has-site-background-color has-alpha-channel-opacity has-site-background-background-color has-background is-style-dots\" \/>\n\n\n\n<h5 class=\"wp-block-heading\">2016\/2017 &#8211; Prof. Dr. Dean Gomes de Oliveira<\/h5>\n\n\n\n<p><strong>Lattes:<\/strong> <a href=\"http:\/\/lattes.cnpq.br\/7225215274092354\" target=\"_blank\" rel=\"noreferrer noopener\">http:\/\/lattes.cnpq.br\/7225215274092354<\/a><\/p>\n\n\n\n<p><strong>Universidade destino:<\/strong> <a rel=\"noreferrer noopener\" href=\"https:\/\/www.uam.es\/uam\/inicio\" data-type=\"URL\" data-id=\"https:\/\/www.uam.es\/uam\/inicio\" target=\"_blank\">Universidad Aut\u00f3noma de Madrid<\/a><\/p>\n\n\n\n<p><strong>Orientadores:<\/strong> Prof. Dr. Nilson Cesar Fraga (PPGEO\/UEL) e <a rel=\"noreferrer noopener\" href=\"https:\/\/www.uam.es\/FyL\/Barrado-Tim%C3%B3n,-Diego-A.-\/1242658492733.htm?language=es&amp;pid=1242658884474&amp;title=Barrado%20Tim?n,%20Diego%20A.\" data-type=\"URL\" data-id=\"https:\/\/www.uam.es\/FyL\/Barrado-Tim%C3%B3n,-Diego-A.-\/1242658492733.htm?language=es&amp;pid=1242658884474&amp;title=Barrado%20Tim?n,%20Diego%20A.\" target=\"_blank\">Prof. Dr. Diego Antonio Barrado Tim\u00f3n<\/a> (Universidad Aut\u00f3noma de Madrid)<\/p>\n\n\n\n<hr class=\"wp-block-separator has-text-color has-site-background-color has-alpha-channel-opacity has-site-background-background-color has-background is-style-dots\" \/>\n\n\n\n<hr class=\"wp-block-separator has-text-color has-site-background-color has-alpha-channel-opacity has-site-background-background-color has-background is-style-default\" \/>\n","protected":false},"excerpt":{"rendered":"<p>O Programa de P\u00f3s-gradua\u00e7\u00e3o em Geografia da Universidade Estadual de Londrina (PPGEO-UEL) comunica a publica\u00e7\u00e3o do Edital n\u00b0 007\/2025 no \u00e2mbito do PROGRAMA DE DOUTORADO-SANDU\u00cdCHE NO EXTERIOR | PDSE &#8211; CAPES EDITAL n\u00b0 17\/2025, que tem como disposi\u00e7\u00e3o selecionar estudantes de Doutorado para fomentar o interc\u00e2mbio cient\u00edfico e a qualifica\u00e7\u00e3o acad\u00eamica de discentes do Brasil, [&hellip;]<\/p>\n","protected":false},"author":14,"featured_media":0,"parent":0,"menu_order":0,"comment_status":"closed","ping_status":"closed","template":"","meta":{"_acf_changed":false,"footnotes":""},"class_list":["post-1140","page","type-page","status-publish","hentry"],"acf":[],"_links":{"self":[{"href":"https:\/\/pos.uel.br\/geografia\/wp-json\/wp\/v2\/pages\/1140","targetHints":{"allow":["GET"]}}],"collection":[{"href":"https:\/\/pos.uel.br\/geografia\/wp-json\/wp\/v2\/pages"}],"about":[{"href":"https:\/\/pos.uel.br\/geografia\/wp-json\/wp\/v2\/types\/page"}],"author":[{"embeddable":true,"href":"https:\/\/pos.uel.br\/geografia\/wp-json\/wp\/v2\/users\/14"}],"replies":[{"embeddable":true,"href":"https:\/\/pos.uel.br\/geografia\/wp-json\/wp\/v2\/comments?post=1140"}],"version-history":[{"count":26,"href":"https:\/\/pos.uel.br\/geografia\/wp-json\/wp\/v2\/pages\/1140\/revisions"}],"predecessor-version":[{"id":4782,"href":"https:\/\/pos.uel.br\/geografia\/wp-json\/wp\/v2\/pages\/1140\/revisions\/4782"}],"wp:attachment":[{"href":"https:\/\/pos.uel.br\/geografia\/wp-json\/wp\/v2\/media?parent=1140"}],"curies":[{"name":"wp","href":"https:\/\/api.w.org\/{rel}","templated":true}]}}