{"id":10,"date":"2021-04-29T13:57:12","date_gmt":"2021-04-29T16:57:12","guid":{"rendered":"https:\/\/pos.uel.br\/geografia\/?page_id=10"},"modified":"2026-03-12T13:44:46","modified_gmt":"2026-03-12T16:44:46","slug":"historico","status":"publish","type":"page","link":"https:\/\/pos.uel.br\/geografia\/historico\/","title":{"rendered":"Hist\u00f3rico"},"content":{"rendered":"\n<div class=\"wp-block-columns is-layout-flex wp-container-core-columns-is-layout-9d6595d7 wp-block-columns-is-layout-flex\">\n<div class=\"wp-block-column is-layout-flow wp-block-column-is-layout-flow\">\n<p class=\"has-medium-font-size\"><strong>Um pouco mais de 20 anos&#8230;<\/strong><\/p>\n\n\n\n<p class=\"has-text-align-left\">O Programa de P\u00f3s-Gradua\u00e7\u00e3o em Geografia da Universidade Estadual de Londrina (PPGEO\/UEL) foi criado em 2001 como curso de Mestrado, inicialmente denominado \u201c<em>Geografia, Meio Ambiente e Desenvolvimento\u201d<\/em>. Sua proposta te\u00f3rico-metodol\u00f3gica articulava ensino, pesquisa e extens\u00e3o, com foco na problem\u00e1tica ambiental e no desenvolvimento regional.<\/p>\n\n\n\n<h3 class=\"wp-block-heading\"><strong>Primeira Fase (2001\u20132007): Estrutura\u00e7\u00e3o Inicial<\/strong><\/h3>\n\n\n\n<p>O programa organizou-se em quatro linhas de pesquisa:<\/p>\n\n\n\n<ol class=\"wp-block-list\">\n<li>Din\u00e2mica e Gest\u00e3o de Bacias Hidrogr\u00e1ficas<\/li>\n\n\n\n<li>Moderniza\u00e7\u00e3o Tecnol\u00f3gica e Organiza\u00e7\u00e3o Territorial Paranaense<\/li>\n\n\n\n<li>Uso do Solo e An\u00e1lise Ambiental<\/li>\n\n\n\n<li>Popula\u00e7\u00e3o e Desenvolvimento<\/li>\n<\/ol>\n\n\n\n<p>Essa estrutura refletia as demandas acad\u00eamicas e sociais da \u00e9poca, com \u00eanfase nos estudos regionais do Norte do Paran\u00e1 \u2013 \u00e1rea historicamente pesquisada por ge\u00f3grafos como Pierre Monbeig, Lysia Bernardes e outros, que analisaram as transforma\u00e7\u00f5es do territ\u00f3rio paranaense, desde as frentes pioneiras at\u00e9 a consolida\u00e7\u00e3o da rede urbana.<\/p>\n\n\n\n<h3 class=\"wp-block-heading\"><strong>Reestrutura\u00e7\u00e3o de 2008: Consolida\u00e7\u00e3o das Linhas Atuais<\/strong><\/h3>\n\n\n\n<p>Em 2008, o programa passou por sua primeira grande reformula\u00e7\u00e3o (Resolu\u00e7\u00e3o CEPE-UEL 127\/2007), sendo renomeado para &#8220;Mestrado em Geografia&#8221; e reorganizado em:<\/p>\n\n\n\n<ul class=\"wp-block-list\">\n<li>\u00c1rea de Concentra\u00e7\u00e3o: <em>&#8220;Din\u00e2mica Espa\u00e7o-Ambiental&#8221;<\/em><\/li>\n\n\n\n<li>Linhas de Pesquisa:\n<ul class=\"wp-block-list\">\n<li>Din\u00e2mica Geoambiental (processos naturais, gest\u00e3o de recursos h\u00eddricos e riscos)<\/li>\n\n\n\n<li>Din\u00e2mica Socioespacial (transforma\u00e7\u00f5es urbanas, rurais e planejamento territorial)<\/li>\n<\/ul>\n<\/li>\n<\/ul>\n\n\n\n<p>Essa mudan\u00e7a permitiu maior integra\u00e7\u00e3o entre as pesquisas e refor\u00e7ou o car\u00e1ter geogr\u00e1fico do programa, mantendo seu v\u00ednculo com quest\u00f5es locais, como a moderniza\u00e7\u00e3o agr\u00edcola e os impactos da ocupa\u00e7\u00e3o recente no Paran\u00e1.<\/p>\n\n\n\n<h3 class=\"wp-block-heading\"><strong>Expans\u00e3o para o Doutorado (2012) e Internacionaliza\u00e7\u00e3o<\/strong><\/h3>\n\n\n\n<p>Em 2012, o PPGEO deu um salto qualitativo com a implanta\u00e7\u00e3o do Doutorado, ampliando seu escopo para pesquisas em escalas nacional e internacional. Nesse per\u00edodo:<\/p>\n\n\n\n<ul class=\"wp-block-list\">\n<li>Fortaleceu-se a internacionaliza\u00e7\u00e3o, com interc\u00e2mbios (Argentina, Portugal, Espanha e Canad\u00e1)<\/li>\n\n\n\n<li>Ampliou-se o n\u00famero de docentes e disciplinas, incorporando temas como Geografia da Ind\u00fastria, Pedologia e Forma\u00e7\u00e3o Docente<\/li>\n\n\n\n<li>Consolidou-se como refer\u00eancia n\u00e3o apenas regional, mas tamb\u00e9m nacional, atraindo discentes de diversos estados<\/li>\n<\/ul>\n\n\n\n<h3 class=\"wp-block-heading\"><strong>P\u00f3s-Doutorado e Nova Reestrutura\u00e7\u00e3o (2016\u20132018)<\/strong><\/h3>\n\n\n\n<p>A partir de 2016, o programa passou a oferecer bolsas de p\u00f3s-doutorado (PNPD\/CAPES), incentivando pesquisas avan\u00e7adas e a fixa\u00e7\u00e3o de pesquisadores. Em 2017\u20132018, uma nova reestrutura\u00e7\u00e3o (Delibera\u00e7\u00e3o n\u00ba 30\/2017) atualizou a matriz curricular, mantendo:<\/p>\n\n\n\n<ul class=\"wp-block-list\">\n<li>\u00c1rea de Concentra\u00e7\u00e3o: <em>&#8220;Din\u00e2mica Socioambiental e Organiza\u00e7\u00e3o do Espa\u00e7o&#8221;<\/em><\/li>\n\n\n\n<li>Linhas de Pesquisa:\n<ul class=\"wp-block-list\">\n<li>Din\u00e2mica Socioespacial (agora incluindo estudos sobre desigualdades, pol\u00edticas p\u00fablicas e ensino de Geografia)<\/li>\n\n\n\n<li>Din\u00e2mica Geoambiental (com \u00eanfase em mudan\u00e7as clim\u00e1ticas, gest\u00e3o de riscos e sustentabilidade)<\/li>\n<\/ul>\n<\/li>\n<\/ul>\n\n\n\n<h3 class=\"wp-block-heading\"><strong>Desafios e Consolida\u00e7\u00e3o Recente (2018\u20132024)<\/strong><\/h3>\n\n\n\n<p>Nos \u00faltimos anos, o PPGEO enfrentou aposentadorias de docentes fundadores, mas renovou-se com a entrada de novos pesquisadores, mantendo seu equil\u00edbrio entre as linhas de pesquisa. Al\u00e9m disso:<\/p>\n\n\n\n<ul class=\"wp-block-list\">\n<li>Expandiu sua atua\u00e7\u00e3o em geotecnologias (SIG, drones, sensoriamento remoto)<\/li>\n\n\n\n<li>Fortaleceu projetos de extens\u00e3o e impacto social (educa\u00e7\u00e3o ambiental, gest\u00e3o territorial)<\/li>\n\n\n\n<li>Manteve seu compromisso com a excel\u00eancia acad\u00eamica, formando mestres e doutores para atua\u00e7\u00e3o em universidades, \u00f3rg\u00e3os p\u00fablicos e consultorias<\/li>\n<\/ul>\n\n\n\n<h3 class=\"wp-block-heading\"><strong>Tradi\u00e7\u00e3o e Futuro<\/strong><\/h3>\n\n\n\n<p>O PPGEO\/UEL preserva sua identidade geogr\u00e1fica, dialogando com a heran\u00e7a intelectual de estudiosos do Paran\u00e1, mas tamb\u00e9m se abre para os desafios contempor\u00e2neos, como:<\/p>\n\n\n\n<ul class=\"wp-block-list\">\n<li>Mudan\u00e7as clim\u00e1ticas<\/li>\n\n\n\n<li>Justi\u00e7a socioespacial<\/li>\n\n\n\n<li>Inova\u00e7\u00f5es em geotecnologias<\/li>\n<\/ul>\n\n\n\n<p>Hoje, o programa consolida-se como um centro de refer\u00eancia em pesquisa geogr\u00e1fica com perspectivas interdisciplinares, combinando rigor cient\u00edfico com relev\u00e2ncia social e mantendo seu v\u00ednculo hist\u00f3rico com a regi\u00e3o Norte do Paran\u00e1, agora em perspectiva global.<\/p>\n\n\n\n<p><\/p>\n<\/div>\n\n\n\n<div class=\"wp-block-column is-layout-flow wp-block-column-is-layout-flow\">\n<p class=\"has-medium-font-size\"><strong>Hist\u00f3rico de Comiss\u00f5es Coordenadoras<\/strong><\/p>\n\n\n\n<p><strong>Gest\u00e3o 2001\/2003<\/strong><\/p>\n\n\n\n<ul class=\"wp-block-list\">\n<li>Prof.\u00aa Dr.\u00aa M\u00e1rcia Siqueira de Carvalho (Coordenadora)<\/li>\n\n\n\n<li>Prof. Dr. Valmir de Fran\u00e7a (Vice-coordenador)<\/li>\n<\/ul>\n\n\n\n<p><strong>Gest\u00e3o 2003\/2005<\/strong><\/p>\n\n\n\n<ul class=\"wp-block-list\">\n<li>Prof.\u00aa Dr.\u00aa M\u00e1rcia Siqueira de Carvalho (Coordenadora)<\/li>\n\n\n\n<li>Prof. Dr. Jos\u00e9 Paulo Peccinini Pinese (Vice-coordenador)<\/li>\n<\/ul>\n\n\n\n<p><strong>Gest\u00e3o 2005\/2007<\/strong><\/p>\n\n\n\n<ul class=\"wp-block-list\">\n<li>Prof. Dr. Jos\u00e9 Paulo Peccinini Pinese (Coordenador)<\/li>\n\n\n\n<li>Prof.\u00aa Dr.\u00aa Alice Y. Asari (Vice-coordenadora)<\/li>\n<\/ul>\n\n\n\n<p><strong>Gest\u00e3o 2007\/2010<\/strong><\/p>\n\n\n\n<ul class=\"wp-block-list\">\n<li>Prof. Dr. Jos\u00e9 Paulo Peccinini Pinese (Coordenador)<\/li>\n\n\n\n<li>Prof.\u00aa Dr.\u00aa Alice Y. Asari (Vice-coordenadora)<\/li>\n\n\n\n<li>Prof.\u00aa Dr.\u00aa Mirian Vizintim Fernandes Barros (Vice-coordenadora)<\/li>\n<\/ul>\n\n\n\n<p><strong>Gest\u00e3o 2010\/2011<\/strong><\/p>\n\n\n\n<ul class=\"wp-block-list\">\n<li>Prof.\u00aa Dr.\u00aa Mirian Vizintim Fernandes Barros (Coordenadora)<\/li>\n\n\n\n<li>Prof.\u00aa Dr.\u00aa Rosana Figueiredo Salvi (Vice-coordenadora)<\/li>\n<\/ul>\n\n\n\n<p><strong>Gest\u00e3o 2011\/2017<\/strong><\/p>\n\n\n\n<ul class=\"wp-block-list\">\n<li>Prof.\u00aa Dr.\u00aa Rosana Figueiredo Salvi (Coordenadora)<\/li>\n\n\n\n<li>Prof. Dr. Pedro Rodolfo Siqueira Vendrame (Vice-coordenador)<\/li>\n<\/ul>\n\n\n\n<p><strong>Gest\u00e3o 2017\/2019<\/strong><\/p>\n\n\n\n<ul class=\"wp-block-list\">\n<li>Prof. Dr. Pedro Rodolfo Siqueira Vendrame (Coordenador)<\/li>\n\n\n\n<li>Prof.\u00aa Dr.\u00aa Ideni Terezinha Antonello (Vice-coordenadora)<\/li>\n<\/ul>\n\n\n\n<p><strong>Gest\u00e3o 2019\/2021<\/strong><\/p>\n\n\n\n<ul class=\"wp-block-list\">\n<li>Prof.\u00aa Dr.\u00aa Ideni Terezinha Antonello (Coordenadora)<\/li>\n\n\n\n<li>Prof.\u00aa Dr.\u00aa Jeani Delgado Paschoal Moura (Vice-coordenadora)<\/li>\n<\/ul>\n\n\n\n<p><strong>Gest\u00e3o 2021\/2023<\/strong><\/p>\n\n\n\n<ul class=\"wp-block-list\">\n<li>Prof.\u00aa Dr.\u00aa Jeani Delgado Paschoal Moura (Coordenadora)<\/li>\n\n\n\n<li>Prof.\u00aa Dr.\u00aa Adriana Castreghini de Freitas Pereira (Vice-coordenadora)<\/li>\n\n\n\n<li>Prof.\u00aa Dr.\u00aa Eloiza Cristiane Torres (3\u00ba Membro)<\/li>\n<\/ul>\n\n\n\n<p><strong>Gest\u00e3o 2024\/2025 (atual)<\/strong><\/p>\n\n\n\n<ul class=\"wp-block-list\">\n<li>Prof.\u00aa Dr.\u00aa Jeani Delgado Paschoal Moura (Coordenadora)<\/li>\n\n\n\n<li>Prof.\u00aa Dr.\u00aa Ideni Terezinha Antonello (Vice-coordenadora)<\/li>\n\n\n\n<li>Prof.\u00aa Dr.\u00aa Patr\u00edcia Fernandes Paula-Shinobu (3\u00ba membro)<\/li>\n\n\n\n<li>Prof. Dr. Pedro Rodolfo Siqueira Vendrame (4\u00ba membro)<\/li>\n<\/ul>\n\n\n\n<hr class=\"wp-block-separator has-alpha-channel-opacity\" \/>\n\n\n\n<p class=\"has-text-align-center\"><a href=\"https:\/\/pos.uel.br\/geografia\/wp-content\/uploads\/2025\/05\/PPGEO-UEL_20250522_110343_0000.pdf\" data-type=\"link\" data-id=\"https:\/\/pos.uel.br\/geografia\/wp-content\/uploads\/2025\/05\/PPGEO-UEL_20250522_110343_0000.pdf\" target=\"_blank\" rel=\"noreferrer noopener\">Memorial do PPGEO &#8211; UEL<\/a><\/p>\n\n\n<div class=\"wp-block-image\">\n<figure class=\"aligncenter size-large is-resized\"><a href=\"https:\/\/pos.uel.br\/geografia\/wp-content\/uploads\/2025\/05\/PPGEO-UEL_20250522_110343_0000.pdf\" target=\"_blank\" rel=\" noreferrer noopener\"><img loading=\"lazy\" decoding=\"async\" width=\"724\" height=\"1024\" src=\"https:\/\/pos.uel.br\/geografia\/wp-content\/uploads\/2025\/05\/WhatsApp-Image-2025-05-23-at-15.01.04-724x1024.jpeg\" alt=\"\" class=\"wp-image-4145\" style=\"width:386px;height:auto\" srcset=\"https:\/\/pos.uel.br\/geografia\/wp-content\/uploads\/2025\/05\/WhatsApp-Image-2025-05-23-at-15.01.04-724x1024.jpeg 724w, https:\/\/pos.uel.br\/geografia\/wp-content\/uploads\/2025\/05\/WhatsApp-Image-2025-05-23-at-15.01.04-212x300.jpeg 212w, https:\/\/pos.uel.br\/geografia\/wp-content\/uploads\/2025\/05\/WhatsApp-Image-2025-05-23-at-15.01.04-768x1086.jpeg 768w, https:\/\/pos.uel.br\/geografia\/wp-content\/uploads\/2025\/05\/WhatsApp-Image-2025-05-23-at-15.01.04-1086x1536.jpeg 1086w, https:\/\/pos.uel.br\/geografia\/wp-content\/uploads\/2025\/05\/WhatsApp-Image-2025-05-23-at-15.01.04.jpeg 1131w\" sizes=\"auto, (max-width: 724px) 100vw, 724px\" \/><\/a><\/figure>\n<\/div><\/div>\n<\/div>\n\n\n\n<p class=\"has-medium-font-size\"><strong>Logotipos<\/strong><\/p>\n\n\n\n<div class=\"wp-block-columns is-layout-flex wp-container-core-columns-is-layout-9d6595d7 wp-block-columns-is-layout-flex\">\n<div class=\"wp-block-column is-layout-flow wp-block-column-is-layout-flow\">\n<figure class=\"wp-block-image size-full is-resized\"><img loading=\"lazy\" decoding=\"async\" width=\"480\" height=\"141\" src=\"https:\/\/pos.uel.br\/geografia\/wp-content\/uploads\/2021\/08\/logo_antiga.jpg\" alt=\"\" class=\"wp-image-141\" style=\"width:240px;height:71px\" srcset=\"https:\/\/pos.uel.br\/geografia\/wp-content\/uploads\/2021\/08\/logo_antiga.jpg 480w, https:\/\/pos.uel.br\/geografia\/wp-content\/uploads\/2021\/08\/logo_antiga-300x88.jpg 300w\" sizes=\"auto, (max-width: 480px) 100vw, 480px\" \/><figcaption class=\"wp-element-caption\">Logo antigo<\/figcaption><\/figure>\n\n\n<div class=\"wp-block-image\">\n<figure class=\"alignleft size-full is-resized\"><img loading=\"lazy\" decoding=\"async\" width=\"2000\" height=\"2000\" src=\"https:\/\/pos.uel.br\/geografia\/wp-content\/uploads\/2026\/03\/ppgeo-uel-5.png\" alt=\"\" class=\"wp-image-4905\" style=\"width:183px;height:auto\" srcset=\"https:\/\/pos.uel.br\/geografia\/wp-content\/uploads\/2026\/03\/ppgeo-uel-5.png 2000w, https:\/\/pos.uel.br\/geografia\/wp-content\/uploads\/2026\/03\/ppgeo-uel-5-300x300.png 300w, https:\/\/pos.uel.br\/geografia\/wp-content\/uploads\/2026\/03\/ppgeo-uel-5-1024x1024.png 1024w, https:\/\/pos.uel.br\/geografia\/wp-content\/uploads\/2026\/03\/ppgeo-uel-5-150x150.png 150w, https:\/\/pos.uel.br\/geografia\/wp-content\/uploads\/2026\/03\/ppgeo-uel-5-768x768.png 768w, https:\/\/pos.uel.br\/geografia\/wp-content\/uploads\/2026\/03\/ppgeo-uel-5-1536x1536.png 1536w\" sizes=\"auto, (max-width: 2000px) 100vw, 2000px\" \/><figcaption class=\"wp-element-caption\">Logo comemorativa<br>Conceito 5 CAPES<\/figcaption><\/figure>\n<\/div><\/div>\n\n\n\n<div class=\"wp-block-column is-layout-flow wp-block-column-is-layout-flow\">\n<figure class=\"wp-block-image size-full is-resized\"><img loading=\"lazy\" decoding=\"async\" width=\"500\" height=\"193\" src=\"https:\/\/pos.uel.br\/geografia\/wp-content\/uploads\/2021\/09\/Programa-de-Pos-Graduacao-em-Geografia-UEL1.png\" alt=\"\" class=\"wp-image-410\" style=\"width:250px;height:97px\" srcset=\"https:\/\/pos.uel.br\/geografia\/wp-content\/uploads\/2021\/09\/Programa-de-Pos-Graduacao-em-Geografia-UEL1.png 500w, https:\/\/pos.uel.br\/geografia\/wp-content\/uploads\/2021\/09\/Programa-de-Pos-Graduacao-em-Geografia-UEL1-300x116.png 300w\" sizes=\"auto, (max-width: 500px) 100vw, 500px\" \/><figcaption class=\"wp-element-caption\">Logo atual<\/figcaption><\/figure>\n<\/div>\n\n\n\n<div class=\"wp-block-column is-vertically-aligned-top is-layout-flow wp-block-column-is-layout-flow\"><div class=\"wp-block-image\">\n<figure class=\"aligncenter size-full is-resized\"><img loading=\"lazy\" decoding=\"async\" width=\"489\" height=\"510\" src=\"https:\/\/pos.uel.br\/geografia\/wp-content\/uploads\/2026\/03\/logo-PPGEO-20-anos-1.jpg\" alt=\"\" class=\"wp-image-4911\" style=\"aspect-ratio:0.9588996233830032;width:130px;height:auto\" srcset=\"https:\/\/pos.uel.br\/geografia\/wp-content\/uploads\/2026\/03\/logo-PPGEO-20-anos-1.jpg 489w, https:\/\/pos.uel.br\/geografia\/wp-content\/uploads\/2026\/03\/logo-PPGEO-20-anos-1-288x300.jpg 288w\" sizes=\"auto, (max-width: 489px) 100vw, 489px\" \/><figcaption class=\"wp-element-caption\">Logo comemorativa<br>20 anos<\/figcaption><\/figure>\n<\/div><\/div>\n<\/div>\n","protected":false},"excerpt":{"rendered":"<p>Um pouco mais de 20 anos&#8230; O Programa de P\u00f3s-Gradua\u00e7\u00e3o em Geografia da Universidade Estadual de Londrina (PPGEO\/UEL) foi criado em 2001 como curso de Mestrado, inicialmente denominado \u201cGeografia, Meio Ambiente e Desenvolvimento\u201d. Sua proposta te\u00f3rico-metodol\u00f3gica articulava ensino, pesquisa e extens\u00e3o, com foco na problem\u00e1tica ambiental e no desenvolvimento regional. Primeira Fase (2001\u20132007): Estrutura\u00e7\u00e3o Inicial [&hellip;]<\/p>\n","protected":false},"author":14,"featured_media":0,"parent":0,"menu_order":0,"comment_status":"closed","ping_status":"closed","template":"","meta":{"_acf_changed":false,"footnotes":""},"class_list":["post-10","page","type-page","status-publish","hentry"],"acf":[],"_links":{"self":[{"href":"https:\/\/pos.uel.br\/geografia\/wp-json\/wp\/v2\/pages\/10","targetHints":{"allow":["GET"]}}],"collection":[{"href":"https:\/\/pos.uel.br\/geografia\/wp-json\/wp\/v2\/pages"}],"about":[{"href":"https:\/\/pos.uel.br\/geografia\/wp-json\/wp\/v2\/types\/page"}],"author":[{"embeddable":true,"href":"https:\/\/pos.uel.br\/geografia\/wp-json\/wp\/v2\/users\/14"}],"replies":[{"embeddable":true,"href":"https:\/\/pos.uel.br\/geografia\/wp-json\/wp\/v2\/comments?post=10"}],"version-history":[{"count":81,"href":"https:\/\/pos.uel.br\/geografia\/wp-json\/wp\/v2\/pages\/10\/revisions"}],"predecessor-version":[{"id":4916,"href":"https:\/\/pos.uel.br\/geografia\/wp-json\/wp\/v2\/pages\/10\/revisions\/4916"}],"wp:attachment":[{"href":"https:\/\/pos.uel.br\/geografia\/wp-json\/wp\/v2\/media?parent=10"}],"curies":[{"name":"wp","href":"https:\/\/api.w.org\/{rel}","templated":true}]}}