{"id":8,"date":"2025-09-02T11:01:37","date_gmt":"2025-09-02T14:01:37","guid":{"rendered":"https:\/\/pos.uel.br\/geneticaaplicada\/?page_id=8"},"modified":"2025-09-02T11:32:54","modified_gmt":"2025-09-02T14:32:54","slug":"sobre-o-curso","status":"publish","type":"page","link":"https:\/\/pos.uel.br\/geneticaaplicada\/sobre-o-curso\/","title":{"rendered":"Sobre o curso"},"content":{"rendered":"\n<p><strong>Por que uma especializa\u00e7\u00e3o em Gen\u00e9tica Aplicada?<\/strong><\/p>\n\n\n\n<p>As \u00e1reas de gen\u00e9tica molecular, biologia celular e embriologia v\u00eam acumulando ao longo das \u00faltimas d\u00e9cadas uma s\u00e9rie de avan\u00e7os metodol\u00f3gicos e instrumentais. Novos conhecimentos e tecnologias t\u00eam ampliado os campos de atua\u00e7\u00e3o dos profissionais ligados a diferentes \u00e1reas do conhecimento, al\u00e9m de ter impulsionado campos de estudos como a bioinform\u00e1tica e a biologia computacional. Quest\u00f5es como o consumo de transg\u00eanicos, os efeitos da clonagem de animais e de humanos, o uso de c\u00e9lulas-tronco embrion\u00e1rias, os testes de paternidade e a perda de diversidade na natureza s\u00e3o temas cada vez mais presentes no nosso dia a dia, exigindo uma discuss\u00e3o mais aprofundada e com maior embasamento cient\u00edfico.<\/p>\n\n\n\n<p><br><strong>Objetivos do Curso<\/strong>&nbsp;<\/p>\n\n\n\n<p>Integrar o conhecimento tradicional com novos conte\u00fados ligados as \u00e1reas de gen\u00e9tica b\u00e1sica e molecular, bem como a biologia molecular e a embriologia, a fim de formar pessoal apto a discutir e repercutir assuntos atuais e relevantes \u00e0 sociedade moderna.<\/p>\n\n\n\n<p>Permitir aos profissionais de diferentes \u00e1reas do conhecimento a introdu\u00e7\u00e3o, atualiza\u00e7\u00e3o e aprofundamento de seus conhecimentos em gen\u00e9tica, biologia molecular e \u00e1reas afins.<\/p>\n\n\n\n<p><strong>P\u00fablico alvo<\/strong><\/p>\n\n\n\n<p>Poder\u00e3o candidatar-se \u00e0 Especializa\u00e7\u00e3o em Gen\u00e9tica Aplicada indiv\u00edduos formados nas diferentes \u00e1reas do conhecimento.<\/p>\n\n\n\n<p>Graduandos tamb\u00e9m poder\u00e3o candidatar-se a uma vaga, por\u00e9m,&nbsp; se aprovados, dever\u00e3o comprovar a conclus\u00e3o do curso no ato da matr\u00edcula na Especializa\u00e7\u00e3o em Gen\u00e9tica Aplicada.<\/p>\n\n\n\n<div class=\"wp-block-columns is-layout-flex wp-container-core-columns-is-layout-9d6595d7 wp-block-columns-is-layout-flex\">\n<div class=\"wp-block-column is-layout-flow wp-block-column-is-layout-flow\"><\/div>\n<\/div>\n","protected":false},"excerpt":{"rendered":"<p>Por que uma especializa\u00e7\u00e3o em Gen\u00e9tica Aplicada? As \u00e1reas de gen\u00e9tica molecular, biologia celular e embriologia v\u00eam acumulando ao longo das \u00faltimas d\u00e9cadas uma s\u00e9rie de avan\u00e7os metodol\u00f3gicos e instrumentais. Novos conhecimentos e tecnologias t\u00eam ampliado os campos de atua\u00e7\u00e3o dos profissionais ligados a diferentes \u00e1reas do conhecimento, al\u00e9m de ter impulsionado campos de estudos [&hellip;]<\/p>\n","protected":false},"author":6,"featured_media":0,"parent":0,"menu_order":0,"comment_status":"closed","ping_status":"closed","template":"","meta":{"_acf_changed":false,"_themeisle_gutenberg_block_has_review":false,"footnotes":""},"class_list":["post-8","page","type-page","status-publish","hentry"],"acf":[],"_links":{"self":[{"href":"https:\/\/pos.uel.br\/geneticaaplicada\/wp-json\/wp\/v2\/pages\/8","targetHints":{"allow":["GET"]}}],"collection":[{"href":"https:\/\/pos.uel.br\/geneticaaplicada\/wp-json\/wp\/v2\/pages"}],"about":[{"href":"https:\/\/pos.uel.br\/geneticaaplicada\/wp-json\/wp\/v2\/types\/page"}],"author":[{"embeddable":true,"href":"https:\/\/pos.uel.br\/geneticaaplicada\/wp-json\/wp\/v2\/users\/6"}],"replies":[{"embeddable":true,"href":"https:\/\/pos.uel.br\/geneticaaplicada\/wp-json\/wp\/v2\/comments?post=8"}],"version-history":[{"count":3,"href":"https:\/\/pos.uel.br\/geneticaaplicada\/wp-json\/wp\/v2\/pages\/8\/revisions"}],"predecessor-version":[{"id":31,"href":"https:\/\/pos.uel.br\/geneticaaplicada\/wp-json\/wp\/v2\/pages\/8\/revisions\/31"}],"wp:attachment":[{"href":"https:\/\/pos.uel.br\/geneticaaplicada\/wp-json\/wp\/v2\/media?parent=8"}],"curies":[{"name":"wp","href":"https:\/\/api.w.org\/{rel}","templated":true}]}}