{"id":38,"date":"2025-09-02T11:35:16","date_gmt":"2025-09-02T14:35:16","guid":{"rendered":"https:\/\/pos.uel.br\/geneticaaplicada\/?page_id=38"},"modified":"2025-09-02T14:45:06","modified_gmt":"2025-09-02T17:45:06","slug":"estrutura-curricular","status":"publish","type":"page","link":"https:\/\/pos.uel.br\/geneticaaplicada\/estrutura-curricular\/","title":{"rendered":"Estrutura Curricular"},"content":{"rendered":"\n<p>&nbsp;<strong>I &#8211; Rela\u00e7\u00e3o das disciplinas<\/strong><\/p>\n\n\n\n<p>2BIO330 &#8211; Biologia do Desenvolvimento<\/p>\n\n\n\n<p>2BIO332 &#8211; Gen\u00e9tica Aplicada ao Estudo das Popula\u00e7\u00f5es Naturais<\/p>\n\n\n\n<p>2BIO338 &#8211; T\u00e9cnicas em Biologia Molecular<\/p>\n\n\n\n<p>2BIO377 &#8211; Citogen\u00e9tica Molecular<\/p>\n\n\n\n<p>2BIO378 &#8211; Gen\u00e9tica Aplicada ao Melhoramento de Plantas<\/p>\n\n\n\n<p>2BIO379 &#8211; Elementos de Gen\u00e9tica Humana e M\u00e9dica<\/p>\n\n\n\n<p>2BIO380 &#8211; Produtos e Processos Biotecnol\u00f3gicos<\/p>\n\n\n\n<p>2BIO381 &#8211; Bioinform\u00e1tica Aplicada a An\u00e1lise de Sequ\u00eancias<\/p>\n\n\n\n<p>2BIO383 &#8211; Quest\u00f5es Morais da Biotecnoci\u00eancia<\/p>\n\n\n\n<p>2BIO384 &#8211; Organismos Geneticamente Modificados<\/p>\n\n\n\n<p>2BIO458 &#8211; Gen\u00e9tica Geral<\/p>\n\n\n\n<p>2BIO459 &#8211; Gen\u00e9tica Molecular<\/p>\n\n\n\n<p><strong>Observa\u00e7\u00e3o:<\/strong><\/p>\n\n\n\n<p>Cada disciplina possui uma carga hor\u00e1ria de 30 horas, correspondendo a 2 cr\u00e9ditos.<\/p>\n\n\n\n<hr class=\"wp-block-separator has-text-color has-primary-accent-color has-alpha-channel-opacity has-primary-accent-background-color has-background is-style-wide\"\/>\n\n\n\n<p><strong>&nbsp;II&nbsp;&#8211; Ement\u00e1rio<\/strong><\/p>\n\n\n\n<p><strong>2BIO330 &#8211; Biologia do desenvolvimento:&nbsp;<\/strong>Aspectos morfol\u00f3gicos e mecanismos moleculares inerentes \u00e0 fecunda\u00e7\u00e3o, segmenta\u00e7\u00e3o, gastrula\u00e7\u00e3o e organog\u00eanese. Mecanismos celulares e moleculares no desenvolvimento embrion\u00e1rio e fetal.<\/p>\n\n\n\n<p><strong>2BIO332 &#8211; Gen\u00e9tica aplicada ao estudo das popula\u00e7\u00f5es naturais:&nbsp;<\/strong>M\u00e9todos de estudos da diversidade gen\u00e9tica em popula\u00e7\u00f5es naturais.<\/p>\n\n\n\n<p><strong>2BIO338 &#8211; T\u00e9cnicas em biologia molecular:&nbsp;<\/strong>Metodologias de estudo de \u00e1cidos nucleicos e prote\u00ednas.<\/p>\n\n\n\n<p><strong>2BIO377 &#8211; Citogen\u00e9tica molecular:&nbsp;<\/strong>Ultraestrutura de cromossomos eucari\u00f3ticos. T\u00e9cnicas para determinar marcadores cromoss\u00f4micos. Aplica\u00e7\u00f5es.<\/p>\n\n\n\n<p><strong>2BIO378 &#8211; Gen\u00e9tica aplicada ao melhoramento de plantas:&nbsp;<\/strong>Princ\u00edpios da gen\u00e9tica cl\u00e1ssica e biotecnologia para o melhoramento gen\u00e9tico das esp\u00e9cies. M\u00e9todos e tecnologias para o desenvolvimento e melhoramento das esp\u00e9cies vegetais cultivadas.<\/p>\n\n\n\n<p><strong>2BIO379 &#8211; Elementos de gen\u00e9tica humana e m\u00e9dica:&nbsp;<\/strong>Modos de heran\u00e7a das patologias com etiologia gen\u00e9tica. Fundamentos gen\u00e9ticos e moleculares das causas, diagn\u00f3stico e seguimento dos males gen\u00e9ticos em humanos.<\/p>\n\n\n\n<p><strong>2BIO380 &#8211; Produtos e processos biotecnol\u00f3gicos:&nbsp;<\/strong>Fundamentos de biologia celular, gen\u00e9tica e biotecnologia para o desenvolvimento de produtos e processos industriais. Processos biotecnol\u00f3gicos e fermentativos envolvendo organismos eucariontes e procariontes.<\/p>\n\n\n\n<p><strong>2BIO381 &#8211; Bioinform\u00e1tica aplicada \u00e0 an\u00e1lise de sequ\u00eancias:<\/strong>&nbsp;Introdu\u00e7\u00e3o \u00e0 biologia computacional e suas aplica\u00e7\u00f5es. Sequenciamento, tratamento, anota\u00e7\u00e3o e an\u00e1lise de sequ\u00eancias de DNA.<\/p>\n\n\n\n<p><strong>2BIO383 &#8211; Quest\u00f5es morais da biotecnoci\u00eancia:<\/strong>&nbsp;Fundamentos da \u00e9tica e bio\u00e9tica. Bio\u00e9tica, quest\u00f5es morais e direitos humanos na biotecnoci\u00eancia. Bio\u00e9tica e desenvolvimento cient\u00edfico e tecnol\u00f3gico. \u00c9tica em pesquisa.<\/p>\n\n\n\n<p><strong>2BIO384 &#8211; Organismos geneticamente modificados:<\/strong>&nbsp;Tipos, constru\u00e7\u00e3o, aplica\u00e7\u00f5es e detec\u00e7\u00e3o de Organismos Geneticamente Modificados (OGMs). Legisla\u00e7\u00e3o nacional acerca de OGMs.<\/p>\n\n\n\n<p><strong>2BIO458 &#8211; Gen\u00e9tica geral:<\/strong>&nbsp;Heran\u00e7a Mendeliana e suas extens\u00f5es.<\/p>\n\n\n\n<p><strong>2BIO459 &#8211; Gen\u00e9tica molecular:&nbsp;<\/strong>Estrutura e duplica\u00e7\u00e3o do material gen\u00e9tico. Express\u00e3o g\u00eanica.&nbsp;<\/p>\n\n\n\n<div class=\"wp-block-columns is-layout-flex wp-container-core-columns-is-layout-9d6595d7 wp-block-columns-is-layout-flex\">\n<div class=\"wp-block-column is-layout-flow wp-block-column-is-layout-flow\"><\/div>\n<\/div>\n\n\n\n<p><\/p>\n","protected":false},"excerpt":{"rendered":"<p>&nbsp;I &#8211; Rela\u00e7\u00e3o das disciplinas 2BIO330 &#8211; Biologia do Desenvolvimento 2BIO332 &#8211; Gen\u00e9tica Aplicada ao Estudo das Popula\u00e7\u00f5es Naturais 2BIO338 &#8211; T\u00e9cnicas em Biologia Molecular 2BIO377 &#8211; Citogen\u00e9tica Molecular 2BIO378 &#8211; Gen\u00e9tica Aplicada ao Melhoramento de Plantas 2BIO379 &#8211; Elementos de Gen\u00e9tica Humana e M\u00e9dica 2BIO380 &#8211; Produtos e Processos Biotecnol\u00f3gicos 2BIO381 &#8211; Bioinform\u00e1tica Aplicada [&hellip;]<\/p>\n","protected":false},"author":6,"featured_media":0,"parent":0,"menu_order":0,"comment_status":"closed","ping_status":"closed","template":"","meta":{"_acf_changed":false,"_themeisle_gutenberg_block_has_review":false,"footnotes":""},"class_list":["post-38","page","type-page","status-publish","hentry"],"acf":[],"_links":{"self":[{"href":"https:\/\/pos.uel.br\/geneticaaplicada\/wp-json\/wp\/v2\/pages\/38","targetHints":{"allow":["GET"]}}],"collection":[{"href":"https:\/\/pos.uel.br\/geneticaaplicada\/wp-json\/wp\/v2\/pages"}],"about":[{"href":"https:\/\/pos.uel.br\/geneticaaplicada\/wp-json\/wp\/v2\/types\/page"}],"author":[{"embeddable":true,"href":"https:\/\/pos.uel.br\/geneticaaplicada\/wp-json\/wp\/v2\/users\/6"}],"replies":[{"embeddable":true,"href":"https:\/\/pos.uel.br\/geneticaaplicada\/wp-json\/wp\/v2\/comments?post=38"}],"version-history":[{"count":4,"href":"https:\/\/pos.uel.br\/geneticaaplicada\/wp-json\/wp\/v2\/pages\/38\/revisions"}],"predecessor-version":[{"id":51,"href":"https:\/\/pos.uel.br\/geneticaaplicada\/wp-json\/wp\/v2\/pages\/38\/revisions\/51"}],"wp:attachment":[{"href":"https:\/\/pos.uel.br\/geneticaaplicada\/wp-json\/wp\/v2\/media?parent=38"}],"curies":[{"name":"wp","href":"https:\/\/api.w.org\/{rel}","templated":true}]}}