{"id":36,"date":"2025-09-02T11:35:03","date_gmt":"2025-09-02T14:35:03","guid":{"rendered":"https:\/\/pos.uel.br\/geneticaaplicada\/?page_id=36"},"modified":"2025-09-02T15:28:03","modified_gmt":"2025-09-02T18:28:03","slug":"corpo-docente","status":"publish","type":"page","link":"https:\/\/pos.uel.br\/geneticaaplicada\/corpo-docente\/","title":{"rendered":"Corpo Docente"},"content":{"rendered":"\n<p style=\"text-transform:uppercase\"><strong>Rela\u00e7\u00e3o dos professores desse curso<\/strong>:<\/p>\n\n\n\n<p><strong>Prof.&nbsp;Dr. Fernando Gomes Barcellos<\/strong><br><strong>\u00c1rea de pesquisa:&nbsp;<\/strong>gen\u00e9tica e biologia molecular de microrganismos<br><strong>Email:&nbsp;<\/strong>fernando.barcellos@uel.br<br><strong>Curr\u00edculo Lattes:&nbsp;<\/strong><a href=\"http:\/\/buscatextual.cnpq.br\/buscatextual\/visualizacv.do?metodo=apresentar&amp;id=K4792354H6\">clique aqui<\/a>&nbsp;<\/p>\n\n\n\n<p><strong>Prof\u00aa.&nbsp;Dr\u00aa. Gisele M. A. de N\u00f3brega<\/strong><br><strong>\u00c1rea de pesquisa:&nbsp;<\/strong>gen\u00e9tica e melhoramento de microrganismos<br><strong>Email:&nbsp;<\/strong>giselenobrega@uel.br<br><strong>Curr\u00edculo Lattes:&nbsp;<\/strong>&nbsp;<a href=\"http:\/\/buscatextual.cnpq.br\/buscatextual\/visualizacv.do?metodo=apresentar&amp;id=K4723860E9\">clique aqui<\/a><br><br><strong>Prof\u00aa.&nbsp;Dr\u00aa. Gislayne Trindade Vilas-B\u00f4as<\/strong><br><strong>\u00c1rea de pesquisa:&nbsp;<\/strong>gen\u00e9tica molecular e de microrganismos e controle biol\u00f3gico de insetos<br><strong>Email:&nbsp;<\/strong>gvboas@uel.br<br><strong>Curr\u00edculo Lattes:&nbsp;<\/strong><a href=\"http:\/\/buscatextual.cnpq.br\/buscatextual\/visualizacv.do?metodo=apresentar&amp;id=K4798415D3\">clique aqui<\/a><\/p>\n\n\n\n<p><strong>Prof\u00aa.&nbsp;Dr\u00aa. Glaura S. Alves Fernandes<\/strong><br><strong>\u00c1rea de pesquisa:&nbsp;<\/strong>influ\u00eancia de dist\u00farbios metab\u00f3licos, t\u00f3xicos e estresse oxidativo sobre a reprodu\u00e7\u00e3o<br><strong>Email:&nbsp;<\/strong>glaura@uel.br<br><strong>Curr\u00edculo Lattes:&nbsp;<\/strong>&nbsp;<a href=\"http:\/\/buscatextual.cnpq.br\/buscatextual\/visualizacv.do?metodo=apresentar&amp;id=K4770395Y2\">clique aqui<\/a><\/p>\n\n\n\n<p><strong>Prof. Dr. Josu\u00e9 M. Ferreira<\/strong><br><strong>\u00c1rea de pesquisa:<\/strong>&nbsp;gen\u00e9tica e melhoramento e gen\u00e9tica quantitativa<br><strong>Email:<\/strong>&nbsp;josuemf@uel.br<br><strong>Curr\u00edculo Lattes:&nbsp;<\/strong><a href=\"http:\/\/buscatextual.cnpq.br\/buscatextual\/visualizacv.do?id=K4723884T6\">clique aqui<\/a>&nbsp;&nbsp;<\/p>\n\n\n\n<p><strong>Prof\u00aa. Dr\u00aa. Juliana Mara Serpeloni<\/strong><br><strong>\u00c1rea de pesquisa:<\/strong>&nbsp;mutag\u00eanese e oncogen\u00e9tica<br><strong>Email:&nbsp;<\/strong>julianaserpeloni@uel.br<br><strong>Curr\u00edculo Lattes:<\/strong>&nbsp;<a href=\"https:\/\/buscatextual.cnpq.br\/buscatextual\/visualizacv.do;jsessionid=1120C7A86D80E06AE900FC87441891E0.buscatextual_5\">clique aqui<\/a><\/p>\n\n\n\n<p><strong>Prof.&nbsp;Dr. Laurival Ant\u00f4nio Vilas B\u00f4as<\/strong><br><strong>\u00c1rea de pesquisa:&nbsp;<\/strong>gen\u00e9tica molecular e de microrganismos, gen\u00f4mica e bioinform\u00e1tica<br><strong>Email:&nbsp;<\/strong>lavboas@uel.br<br><strong>Curr\u00edculo Lattes:&nbsp;<\/strong>&nbsp;<a href=\"http:\/\/buscatextual.cnpq.br\/buscatextual\/visualizacv.do?metodo=apresentar&amp;id=K4728389U1\">clique aqui<\/a><\/p>\n\n\n\n<p><strong>Prof\u00aa. Dr\u00aa. Nilza M. Diniz<\/strong><br><strong>\u00c1rea de pesquisa:<\/strong>&nbsp;bio\u00e9tica<br><strong>Email:<\/strong>&nbsp;nzdiniz@uel.br<br><strong>Curr\u00edculo Lattes:<\/strong>&nbsp;<a href=\"http:\/\/buscatextual.cnpq.br\/buscatextual\/visualizacv.do;jsessionid=BE16644EAC34CCFF27ABED011950A019.buscatextual_65\">clique aqui<\/a>&nbsp;&nbsp;<br>&nbsp;<\/p>\n\n\n\n<p><strong>Prof. Dr. Phelipe Oliveira Favaron<\/strong><br><strong>\u00c1rea de pesquisa:<\/strong>&nbsp;morfologia e cultivo e caracteriza\u00e7\u00e3o de c\u00e9lulas tronco<br><strong>Email:<\/strong>&nbsp;phelipe@uel.br<br><strong>Curr\u00edculo Lattes:<\/strong>&nbsp;<a href=\"http:\/\/buscatextual.cnpq.br\/buscatextual\/visualizacv.do?id=K4253345J6\">clique aqui<\/a><\/p>\n\n\n\n<p><strong>Prof\u00aa.&nbsp;Dr\u00aa. Renata da Rosa<\/strong><br><strong>\u00c1rea de pesquisa:&nbsp;<\/strong>citogen\u00e9tica de insetos aqu\u00e1ticos e terrestres<br><strong>Email:&nbsp;<\/strong>renata-darosa@uel.br<br><strong>Curr\u00edculo Lattes:<\/strong>&nbsp;<a href=\"http:\/\/buscatextual.cnpq.br\/buscatextual\/visualizacv.do?metodo=apresentar&amp;id=K4705319Y2\">clique aqui<\/a>&nbsp;&nbsp;<\/p>\n\n\n\n<p><strong>Prof\u00aa. Dr\u00aa Roberta Losi Guembarovski<\/strong><br><strong>\u00c1rea de pesquisa:&nbsp;<\/strong>oncogen\u00e9tica, marcadores moleculares em c\u00e2ncer e imunogen\u00e9tica<br><strong>Email:&nbsp;<\/strong>robertalosi@uel.br<br><strong>Curr\u00edculo Lattes:<\/strong>&nbsp;<a href=\"http:\/\/buscatextual.cnpq.br\/buscatextual\/visualizacv.do?id=K4769091J7\">clique aqui<\/a>&nbsp;&nbsp;<\/p>\n\n\n\n<p><strong>Prof. Dr. Rog\u00e9rio F. de Souza<\/strong><br><strong>\u00c1rea de pesquisa:<\/strong>&nbsp;evolu\u00e7\u00e3o e bioinform\u00e1tica<br><strong>Email:&nbsp;<\/strong>rogfs@uel.br<br><strong>Curr\u00edculo Lattes:<\/strong>&nbsp;&nbsp;<a href=\"http:\/\/buscatextual.cnpq.br\/buscatextual\/visualizacv.do?metodo=apresentar&amp;id=K4782780J3\">clique aqui<\/a><\/p>\n\n\n\n<div class=\"wp-block-columns is-layout-flex wp-container-core-columns-is-layout-9d6595d7 wp-block-columns-is-layout-flex\">\n<div class=\"wp-block-column is-layout-flow wp-block-column-is-layout-flow\"><\/div>\n<\/div>\n\n\n\n<p><\/p>\n","protected":false},"excerpt":{"rendered":"<p>Rela\u00e7\u00e3o dos professores desse curso: Prof.&nbsp;Dr. Fernando Gomes Barcellos\u00c1rea de pesquisa:&nbsp;gen\u00e9tica e biologia molecular de microrganismosEmail:&nbsp;fernando.barcellos@uel.brCurr\u00edculo Lattes:&nbsp;clique aqui&nbsp; Prof\u00aa.&nbsp;Dr\u00aa. Gisele M. A. de N\u00f3brega\u00c1rea de pesquisa:&nbsp;gen\u00e9tica e melhoramento de microrganismosEmail:&nbsp;giselenobrega@uel.brCurr\u00edculo Lattes:&nbsp;&nbsp;clique aqui Prof\u00aa.&nbsp;Dr\u00aa. Gislayne Trindade Vilas-B\u00f4as\u00c1rea de pesquisa:&nbsp;gen\u00e9tica molecular e de microrganismos e controle biol\u00f3gico de insetosEmail:&nbsp;gvboas@uel.brCurr\u00edculo Lattes:&nbsp;clique aqui Prof\u00aa.&nbsp;Dr\u00aa. Glaura S. Alves Fernandes\u00c1rea de [&hellip;]<\/p>\n","protected":false},"author":6,"featured_media":0,"parent":0,"menu_order":0,"comment_status":"closed","ping_status":"closed","template":"","meta":{"_acf_changed":false,"_themeisle_gutenberg_block_has_review":false,"footnotes":""},"class_list":["post-36","page","type-page","status-publish","hentry"],"acf":[],"_links":{"self":[{"href":"https:\/\/pos.uel.br\/geneticaaplicada\/wp-json\/wp\/v2\/pages\/36","targetHints":{"allow":["GET"]}}],"collection":[{"href":"https:\/\/pos.uel.br\/geneticaaplicada\/wp-json\/wp\/v2\/pages"}],"about":[{"href":"https:\/\/pos.uel.br\/geneticaaplicada\/wp-json\/wp\/v2\/types\/page"}],"author":[{"embeddable":true,"href":"https:\/\/pos.uel.br\/geneticaaplicada\/wp-json\/wp\/v2\/users\/6"}],"replies":[{"embeddable":true,"href":"https:\/\/pos.uel.br\/geneticaaplicada\/wp-json\/wp\/v2\/comments?post=36"}],"version-history":[{"count":9,"href":"https:\/\/pos.uel.br\/geneticaaplicada\/wp-json\/wp\/v2\/pages\/36\/revisions"}],"predecessor-version":[{"id":62,"href":"https:\/\/pos.uel.br\/geneticaaplicada\/wp-json\/wp\/v2\/pages\/36\/revisions\/62"}],"wp:attachment":[{"href":"https:\/\/pos.uel.br\/geneticaaplicada\/wp-json\/wp\/v2\/media?parent=36"}],"curies":[{"name":"wp","href":"https:\/\/api.w.org\/{rel}","templated":true}]}}