{"id":32,"date":"2025-09-02T11:34:10","date_gmt":"2025-09-02T14:34:10","guid":{"rendered":"https:\/\/pos.uel.br\/geneticaaplicada\/?page_id=32"},"modified":"2025-09-09T11:37:00","modified_gmt":"2025-09-09T14:37:00","slug":"secretaria-geral-lato-sensu","status":"publish","type":"page","link":"https:\/\/pos.uel.br\/geneticaaplicada\/secretaria-geral-lato-sensu\/","title":{"rendered":"Secretaria Lato Sensu"},"content":{"rendered":"\n<p><strong>SECRETARIA DE P\u00d3S-GRADUA\u00c7\u00c3O LATO SENSU \u2013 CCB<\/strong><\/p>\n\n\n\n<p>E-mail:&nbsp;<strong>latosensuccb@uel.br<\/strong><\/p>\n\n\n\n<p>Fone:&nbsp;<strong>(43) 3371-4217<\/strong><\/p>\n\n\n\n<p><strong>Hor\u00e1rio de atendimento:<\/strong>&nbsp;segunda \u00e0 sexta-feira, das 9h \u00e0s 12h e das 14h \u00e0s 17h.<\/p>\n\n\n\n<p><\/p>\n\n\n\n<p><strong>COORDENA\u00c7\u00c3O<\/strong><\/p>\n\n\n\n<p><strong>Prof. Dr. Rog\u00e9rio F. de Souza<\/strong><br>E-mail: rogfs@uel.br<\/p>\n\n\n\n<p><strong>VICE-COORDENA\u00c7\u00c3O<\/strong><\/p>\n\n\n\n<p><strong>Prof\u00aa. Dr\u00aa Roberta Losi Guembarovski<\/strong><br>E-mail: rolosi@uol.com.br<\/p>\n\n\n\n<div class=\"wp-block-columns is-layout-flex wp-container-core-columns-is-layout-9d6595d7 wp-block-columns-is-layout-flex\">\n<div class=\"wp-block-column is-layout-flow wp-block-column-is-layout-flow\"><\/div>\n<\/div>\n\n\n\n<p><\/p>\n","protected":false},"excerpt":{"rendered":"<p>SECRETARIA DE P\u00d3S-GRADUA\u00c7\u00c3O LATO SENSU \u2013 CCB E-mail:&nbsp;latosensuccb@uel.br Fone:&nbsp;(43) 3371-4217 Hor\u00e1rio de atendimento:&nbsp;segunda \u00e0 sexta-feira, das 9h \u00e0s 12h e das 14h \u00e0s 17h. COORDENA\u00c7\u00c3O Prof. Dr. Rog\u00e9rio F. de SouzaE-mail: rogfs@uel.br VICE-COORDENA\u00c7\u00c3O Prof\u00aa. Dr\u00aa Roberta Losi GuembarovskiE-mail: rolosi@uol.com.br<\/p>\n","protected":false},"author":6,"featured_media":0,"parent":0,"menu_order":0,"comment_status":"closed","ping_status":"closed","template":"","meta":{"_acf_changed":false,"_themeisle_gutenberg_block_has_review":false,"footnotes":""},"class_list":["post-32","page","type-page","status-publish","hentry"],"acf":[],"_links":{"self":[{"href":"https:\/\/pos.uel.br\/geneticaaplicada\/wp-json\/wp\/v2\/pages\/32","targetHints":{"allow":["GET"]}}],"collection":[{"href":"https:\/\/pos.uel.br\/geneticaaplicada\/wp-json\/wp\/v2\/pages"}],"about":[{"href":"https:\/\/pos.uel.br\/geneticaaplicada\/wp-json\/wp\/v2\/types\/page"}],"author":[{"embeddable":true,"href":"https:\/\/pos.uel.br\/geneticaaplicada\/wp-json\/wp\/v2\/users\/6"}],"replies":[{"embeddable":true,"href":"https:\/\/pos.uel.br\/geneticaaplicada\/wp-json\/wp\/v2\/comments?post=32"}],"version-history":[{"count":6,"href":"https:\/\/pos.uel.br\/geneticaaplicada\/wp-json\/wp\/v2\/pages\/32\/revisions"}],"predecessor-version":[{"id":107,"href":"https:\/\/pos.uel.br\/geneticaaplicada\/wp-json\/wp\/v2\/pages\/32\/revisions\/107"}],"wp:attachment":[{"href":"https:\/\/pos.uel.br\/geneticaaplicada\/wp-json\/wp\/v2\/media?parent=32"}],"curies":[{"name":"wp","href":"https:\/\/api.w.org\/{rel}","templated":true}]}}