{"id":931,"date":"2021-12-03T17:19:09","date_gmt":"2021-12-03T20:19:09","guid":{"rendered":"https:\/\/pos.uel.br\/gbm\/?page_id=931"},"modified":"2021-12-03T17:19:09","modified_gmt":"2021-12-03T20:19:09","slug":"matricula-fora-de-prazo","status":"publish","type":"page","link":"https:\/\/pos.uel.br\/gbm\/matricula-fora-de-prazo\/","title":{"rendered":"Matr\u00edcula fora de prazo"},"content":{"rendered":"\n<p><strong>INSTRU\u00c7\u00d5ES PARA MATR\u00cdCULA FORA DE PRAZO<\/strong><\/p>\n\n\n\n<p>Os candidatos&nbsp;aprovados&nbsp;que n\u00e3o confirmarem a&nbsp;<strong>MATR\u00cdCULA<\/strong>&nbsp;no per\u00edodo estabelecido, ou seja <strong>f<\/strong><strong>ora de <\/strong><strong>p<\/strong><strong>razo<\/strong>, dever\u00e3o:<\/p>\n\n\n\n<p><strong><u><strong>Candidato aprovado:<\/strong><\/u><\/strong><strong><u><strong><\/strong><\/u><\/strong><\/p>\n\n\n\n<p>Entrar no Portal do Estudante em:<\/p>\n\n\n\n<p><a href=\"https:\/\/sistemas.uel.br\/portaldepos\/servicos\/requerimentos\/pedido_fora_prazo\">https:\/\/sistemas.uel.br\/portaldepos\/servicos\/requerimentos\/pedido_fora_prazo<\/a><\/p>\n\n\n\n<p><\/p>\n\n\n\n<p><strong>Servi\u00e7os &#8211;&gt; Requerimentos &#8211;&gt; Pedido Fora de Prazo<\/strong><strong><\/strong><\/p>\n\n\n\n<p><strong>Novo Requerimento<\/strong>&nbsp;<strong>&#8211;&gt;<\/strong>&nbsp;&nbsp;Escolher o <strong>Tipo<\/strong>&nbsp;de Requerimento desejado, &nbsp;preencher os campos da tela e clicar no bot\u00e3o<strong>&nbsp;Solicitar<\/strong>&nbsp;para salvar.<strong><\/strong><\/p>\n\n\n\n<p>Ap\u00f3s a solicita\u00e7\u00e3o, ou&nbsp;<strong>Pedido Fora de Prazo<\/strong>, ter sido efetuada&nbsp;pelo Estudante, ser\u00e1 enviado e-mail ao Coordenador&nbsp;do PPG&nbsp;comunicando que dever\u00e1 avaliar a&nbsp;solicita\u00e7\u00e3o.<\/p>\n\n\n\n<p><strong><u><strong>Coordenador Curso<\/strong><\/u><\/strong><strong><u><strong>:<\/strong><\/u><\/strong>&nbsp;<\/p>\n\n\n\n<p>Caber\u00e1 ao coordenador avaliar a\u00a0solicita\u00e7\u00e3o. Para tal, dever\u00e1 entrar no Portal do Docente em:<\/p>\n\n\n\n<p><a href=\"https:\/\/sistemas.uel.br\/portaldodocente\/private\/pos_graduacao\/requerimento\/coordenadorAvaliarPedidoForaPrazo\">https:\/\/sistemas.uel.br\/portaldodocente\/private\/pos_graduacao\/requerimento\/coordenadorAvaliarPedidoForaPrazo<\/a><\/p>\n\n\n\n<p><\/p>\n\n\n\n<p><strong>P\u00f3s-Gradua\u00e7\u00e3o &#8211;&gt; Requerimentos &#8211;&gt; Pedido Fora de Prazo <\/strong><strong><\/strong><\/p>\n\n\n\n<p><em>Obs: Ser\u00e3o listados todos os Pedidos Fora de Prazo que dever\u00e3o ser avaliados. <\/em><em><\/em><\/p>\n\n\n\n<p><em>Os Pedidos Fora de Prazo que j\u00e1 foram avaliados pelo docente, n\u00e3o parecer\u00e3o mais na lista do avaliador.<\/em><em><\/em><\/p>\n\n\n\n<p>Ap\u00f3s o Pedido Fora de Prazo ter sido avaliado, o estudante receber\u00e1 um e-mail informando se a solicita\u00e7\u00e3o&nbsp;foi deferida&nbsp;ou n\u00e3o. &nbsp;<\/p>\n\n\n\n<p>Caso a\u00a0Pedido Fora de Prazo tenha sido deferido, o estudante receber\u00e1 instru\u00e7\u00f5es no e-mail para entrar no Portal do Estudante e realizar a opera\u00e7\u00e3o aprovada.<\/p>\n\n\n\n<p><a href=\"https:\/\/sistemas.uel.br\/portaldepos\/servicos\/confirmar_matricula\">https:\/\/sistemas.uel.br\/portaldepos\/servicos\/confirmar_matricula<\/a><\/p>\n\n\n\n<p><\/p>\n\n\n\n<p><strong>Confirma\u00e7\u00e3o de Matr\u00edcula <\/strong>e clicar no<strong>\u00a0<\/strong>Bot\u00e3o<strong>\u00a0Confirmar Matr\u00edcula<\/strong><\/p>\n\n\n\n<p>O Estudante ter\u00e1 o prazo de 2 dias ap\u00f3s a aprova\u00e7\u00e3o do Coordenador para confirma\u00e7\u00e3o da matr\u00edcula.<\/p>\n\n\n\n<p><strong>OBS. Para Stricto Sensu <\/strong>o Coordenador dever\u00e1 entrar em:<\/p>\n\n\n\n<p><strong>P\u00f3s-Gradua\u00e7\u00e3o &#8211;&gt; Autoriza\u00e7\u00e3o &#8211;&gt; Autoriza\u00e7\u00e3o de Matr\u00edcula<\/strong><\/p>\n\n\n\n<p><a href=\"https:\/\/sistemas.uel.br\/portaldodocente\/private\/pos_graduacao\/autorizacao\/autorizacaoMatricula\">https:\/\/sistemas.uel.br\/portaldodocente\/private\/pos_graduacao\/autorizacao\/autorizacaoMatricula<\/a><\/p>\n\n\n\n<p><\/p>\n\n\n\n<p><\/p>\n\n\n\n<p><\/p>\n","protected":false},"excerpt":{"rendered":"<p>INSTRU\u00c7\u00d5ES PARA MATR\u00cdCULA FORA DE PRAZO Os candidatos&nbsp;aprovados&nbsp;que n\u00e3o confirmarem a&nbsp;MATR\u00cdCULA&nbsp;no per\u00edodo estabelecido, ou seja fora de prazo, dever\u00e3o: Candidato aprovado: Entrar no Portal do Estudante em: https:\/\/sistemas.uel.br\/portaldepos\/servicos\/requerimentos\/pedido_fora_prazo Servi\u00e7os &#8211;&gt; Requerimentos &#8211;&gt; Pedido Fora de Prazo Novo Requerimento&nbsp;&#8211;&gt;&nbsp;&nbsp;Escolher o Tipo&nbsp;de Requerimento desejado, &nbsp;preencher os campos da tela e clicar no bot\u00e3o&nbsp;Solicitar&nbsp;para salvar. Ap\u00f3s a solicita\u00e7\u00e3o, [&hellip;]<\/p>\n","protected":false},"author":8,"featured_media":0,"parent":0,"menu_order":0,"comment_status":"closed","ping_status":"closed","template":"","meta":{"footnotes":""},"class_list":["post-931","page","type-page","status-publish","hentry"],"_links":{"self":[{"href":"https:\/\/pos.uel.br\/gbm\/wp-json\/wp\/v2\/pages\/931","targetHints":{"allow":["GET"]}}],"collection":[{"href":"https:\/\/pos.uel.br\/gbm\/wp-json\/wp\/v2\/pages"}],"about":[{"href":"https:\/\/pos.uel.br\/gbm\/wp-json\/wp\/v2\/types\/page"}],"author":[{"embeddable":true,"href":"https:\/\/pos.uel.br\/gbm\/wp-json\/wp\/v2\/users\/8"}],"replies":[{"embeddable":true,"href":"https:\/\/pos.uel.br\/gbm\/wp-json\/wp\/v2\/comments?post=931"}],"version-history":[{"count":1,"href":"https:\/\/pos.uel.br\/gbm\/wp-json\/wp\/v2\/pages\/931\/revisions"}],"predecessor-version":[{"id":932,"href":"https:\/\/pos.uel.br\/gbm\/wp-json\/wp\/v2\/pages\/931\/revisions\/932"}],"wp:attachment":[{"href":"https:\/\/pos.uel.br\/gbm\/wp-json\/wp\/v2\/media?parent=931"}],"curies":[{"name":"wp","href":"https:\/\/api.w.org\/{rel}","templated":true}]}}