{"id":860,"date":"2021-10-04T13:43:42","date_gmt":"2021-10-04T16:43:42","guid":{"rendered":"https:\/\/pos.uel.br\/gbm\/?page_id=860"},"modified":"2025-04-02T10:22:18","modified_gmt":"2025-04-02T13:22:18","slug":"ppg-en-genetica-y-biologia-molecular","status":"publish","type":"page","link":"https:\/\/pos.uel.br\/gbm\/ppg-en-genetica-y-biologia-molecular\/","title":{"rendered":"PPG en Gen\u00e9tica y Biolog\u00eda Molecular"},"content":{"rendered":"\n<p><strong><span style=\"text-decoration: underline\">Para charlar con nosotros<\/span><\/strong><\/p>\n\n\n\n<p>Dr. M\u00e1rio Sergio Mantovani, Dra. Fernanda S. Almeida, Dr. Andr\u00e9 L.L. Vanzela<\/p>\n\n\n\n<p><strong>Numero de tel\u00e9fono:&nbsp;<\/strong>+55 43 33714191<br><strong>E-mail<\/strong>: posgenetica@uel.br<br><strong>Direcci\u00f3n:<\/strong>&nbsp;Universidade Estadual de Londrina, Campus Universit\u00e1rio, Rodovia Celso Garcia Cid, PR 445, Km 380. Centro de Ci\u00eancias Biol\u00f3gicas. Londrina, Paran\u00e1, Brasil. CEP: 86057-970.<\/p>\n\n\n\n<p><\/p>\n\n\n\n<p><strong><span style=\"text-decoration: underline\">Sobre el programa<\/span><\/strong><\/p>\n\n\n\n<p>El Programa de Posgrado en Gen\u00e9tica y Biolog\u00eda Molecular de la UEL (PPG-GBM) tiene m\u00e1s de 30 a\u00f1os de existencia, y es considerado uno de los m\u00e1s importantes PPG en Gen\u00e9tica de la provincia de Paran\u00e1, debido a la inserci\u00f3n regional en la formaci\u00f3n de recursos humanos en el \u00e1rea. Londrina, incluyendo su Regi\u00f3n Metropolitana con m\u00e1s de 20 municipios, tiene una econom\u00eda diversificada basada en las industrias, el comercio, la construcci\u00f3n, el turismo, la educaci\u00f3n superior, los servicios y la agroindustria. El PPG en Gen\u00e9tica y Biolog\u00eda Molecular act\u00faa con fuerza en la formaci\u00f3n de personal para estos tres \u00faltimos sectores de la econom\u00eda, lo que se refleja en la admisi\u00f3n de nuestros titulados en el mercado laboral. Nuestro PPG contribuye hist\u00f3ricamente a que la UEL est\u00e9 siempre catalogada entre las mejores universidades del pa\u00eds, as\u00ed como a la calidad de vida de la Regi\u00f3n Norte de Paran\u00e1. El objetivo del PPG-GBM es formar profesionales de alto nivel en Gen\u00e9tica y Biolog\u00eda Molecular, capacitados para actividades en las \u00e1reas de medio ambiente, agronom\u00eda y salud, para que act\u00faen en escuelas p\u00fablicas y privadas de ense\u00f1anza b\u00e1sica y superior de Paran\u00e1 y otras provincias, como tambi\u00e9n profesionales de diversos sectores de la cadena productiva.<\/p>\n\n\n\n<p><\/p>\n\n\n\n<p><strong><span style=\"text-decoration: underline\">Hist\u00f3rico<\/span><\/strong><\/p>\n\n\n\n<p>El Programa de Posgrado en Gen\u00e9tica y Biolog\u00eda Molecular (PPG-GBM) se encuentra en el Departamento de Biolog\u00eda General del Centro de Ciencias Biol\u00f3gicas de la Universidade Estadual de Londrina. Se fund\u00f3 en 1989 en asociaci\u00f3n con el Instituto Agron\u00f3mico de Paran\u00e1 (IAPAR) y la Empresa Brasile\u00f1a de Investigaci\u00f3n Agr\u00edcola (EMBRAPA-soja). En 2020, el PPG-GBM complet\u00f3 31 a\u00f1os de existencia, consolid\u00e1ndose como uno de los m\u00e1s importantes Programas de Gen\u00e9tica y Biolog\u00eda Molecular de la provincia de Paran\u00e1, con un fuerte potencial de regionalizaci\u00f3n en la formaci\u00f3n de recursos humanos. Desde su fundaci\u00f3n, el PPG-GBM ha graduado a m\u00e1s de 300 profesionales con maestr\u00eda y 50 doctores y, de estos graduados, cerca de la mitad trabajan como profesores en instituciones p\u00fablicas de educaci\u00f3n b\u00e1sica, universidades e institutos de investigaci\u00f3n, y la otra mitad en el sector privado. Hasta 2009, nuestro PPG s\u00f3lo graduaba con maestr\u00eda y, con la apertura del programa de doctorado ese a\u00f1o, el programa ha ampliado su regionalizaci\u00f3n y su potencial de formaci\u00f3n de recursos humanos.<\/p>\n\n\n\n<p>El PPG-GBM es muy importante para Londrina y su Regi\u00f3n Metropolitana, formada por 25 municipios. Londrina se encuentra entre las 20 microrregiones m\u00e1s pobladas de Brasil (datos demogr\u00e1ficos de 2017), con una estimaci\u00f3n de 1,2 millones de habitantes en 2019, un IDH alto (0,813), asociado a un PBI de aproximadamente 20 mil millones\/a\u00f1o. Esto se debe a una econom\u00eda diversificada basada en las industrias, el comercio, la construcci\u00f3n, el turismo, la ense\u00f1anza superior, los servicios y la agroindustria. Estas tres \u00faltimas \u00e1reas de la econom\u00eda son atendidas por nuestro PPG. Tenemos decenas de colegios y universidades privadas en la regi\u00f3n, medianas y grandes propiedades rurales, y un gran n\u00famero de empresas de servicios vinculadas a la salud y la agroindustria. Las proyecciones indican que este \u00faltimo sector debe crecer entre dos y tres veces en los pr\u00f3ximos 10 a\u00f1os, y Londrina aparece como uno de los principales polos tecnol\u00f3gicos del agronegocio en el pa\u00eds.<\/p>\n\n\n\n<p>En este sentido, el mantenimiento de un curso de excelencia en Gen\u00e9tica y Biolog\u00eda Molecular es de fundamental importancia para atender la demanda de personal, la generaci\u00f3n de conocimiento y tecnolog\u00eda, la prestaci\u00f3n de servicios y el establecimiento de alianzas de la universidad con diversos sectores de la sociedad. De ah\u00ed la relevancia de este programa de posgrado en el panorama regional y nacional. La buena formaci\u00f3n de nuestros alumnos ha facilitado su admisi\u00f3n en el mercado laboral, adem\u00e1s de la continuaci\u00f3n de los estudios en la UEL y en otras IES. La apertura del Doctorado en 2009 supuso un salto de calidad en diferentes aspectos. En primer lugar, la formaci\u00f3n de recursos humanos, tanto en maestr\u00edas como en doctorados, lanz\u00f3 al mercado regional y nacional (escuelas, colegios, universidades y empresas) personal mejor calificado. En segundo lugar, permiti\u00f3 la absorci\u00f3n de nuestros profesionales con maestr\u00eda en el propio programa, permitiendo la continuidad de los proyectos desarrollados durante la formaci\u00f3n. Por \u00faltimo, atrajo a estudiantes formados en otros programas en vista del potencial de la UEL (est\u00e1 entre las 30 mejores universidades de Brasil y entre las 1.400 mejores del mundo, seg\u00fan el ranking 2020 del Center for World University) y de la calidad de vida de la Regi\u00f3n Norte de Paran\u00e1. El objetivo del PPG-GBM es formar profesionales de alto nivel con s\u00f3lidos conocimientos en Gen\u00e9tica y Biolog\u00eda Molecular, capaces de desempe\u00f1ar actividades relacionadas con la Gen\u00e9tica y \u00e1reas afines, en instituciones y empresas p\u00fablicas y privadas.<\/p>\n\n\n\n<p>El Programa siempre ha mantenido su enfoque en la formaci\u00f3n de recursos humanos, capaces de actuar y colaborar en la soluci\u00f3n de los problemas de la sociedad en las \u00e1reas de medio ambiente, agronom\u00eda y salud, en un contexto regionalizado. La misi\u00f3n del programa es amplia y nos permite organizarlo en temas como: (i) formaci\u00f3n de personal para el estudio y diagn\u00f3stico gen\u00e9tico relacionado con la biodiversidad y la conservaci\u00f3n, la producci\u00f3n de variedades cultivables, el monitoreo de compuestos que causan da\u00f1o gen\u00e9tico; (ii) transferencia de conocimiento al sector productivo, ya sea por la generaci\u00f3n de productos y tecnolog\u00eda (como bioinsecticidas, plantas modificadas y compuestos secundarios); iii) apoyo al sector de la salud, con informaci\u00f3n relacionada con enfermedades de base gen\u00e9tica, como el c\u00e1ncer, como tambi\u00e9n la generaci\u00f3n de bioproductos asociados al control de endemias, como el dengue; y iv) contribuci\u00f3n a la b\u00fasqueda de soluciones para mejorar la calidad socioecon\u00f3mica del pa\u00eds y de la regi\u00f3n norte de Paran\u00e1, donde se encuentra el PPG-GBM.<\/p>\n\n\n\n<p><\/p>\n\n\n\n<p><strong><span style=\"text-decoration: underline\">L\u00edneas de investigaci\u00f3n<\/span><\/strong><\/p>\n\n\n\n<p>Para ello, el Programa de Posgrado en Gen\u00e9tica y Biolog\u00eda Molecular opera en tres grandes l\u00edneas de investigaci\u00f3n, con profesores distribuidos en m\u00e1s de una l\u00ednea. Los temas abarcan tanto las ciencias b\u00e1sicas como las aplicadas, con posibilidades de cooperaci\u00f3n entre laboratorios.<\/p>\n\n\n\n<p><strong><span class=\"has-inline-color has-primary-accent-color\">Biolog\u00eda molecular y gen\u00f3mica<\/span><\/strong><\/p>\n\n\n\n<p>Secuenciaci\u00f3n de genomas. Bioinform\u00e1tica. An\u00e1lisis del proteoma. Clonaci\u00f3n y expresi\u00f3n de genes. B\u00fasqueda de marcadores vinculados a caracteres fenot\u00edpicos. Diagn\u00f3stico molecular. An\u00e1lisis de la expresi\u00f3n diferencial de los genes.<\/p>\n\n\n\n<p>\u200b&nbsp;<strong><span class=\"has-inline-color has-primary-accent-color\">Diversidad gen\u00e9tica<\/span><\/strong><\/p>\n\n\n\n<p>Estudio del polimorfismo cromos\u00f3mico en especies animales y vegetales. An\u00e1lisis de la variabilidad gen\u00e9tica mediante marcadores moleculares en especies vegetales, animales y microbianas. Estudio de par\u00e1metros gen\u00e9ticos en especies vegetales.<\/p>\n\n\n\n<p>\u200b&nbsp;<strong><span class=\"has-inline-color has-primary-accent-color\">Gen\u00e9tica Toxicol\u00f3gica y C\u00e1ncer<\/span><\/strong><\/p>\n\n\n\n<p>Evaluaci\u00f3n de los efectos genot\u00f3xicos, citot\u00f3xicos, mutag\u00e9nicos y\/o antimutag\u00e9nicos de compuestos naturales y xenobi\u00f3ticos mediante an\u00e1lisis citogen\u00e9ticos y moleculares. Vigilancia de entornos bajo el efecto de contaminantes y poblaciones ocupacionalmente expuestas.<\/p>\n\n\n\n<p><\/p>\n\n\n\n<p><strong><span style=\"text-decoration: underline\">Personal docente e l\u00edneas de investigaci\u00f3n<\/span><\/strong><\/p>\n\n\n\n<p>El Programa cuenta con 16 profesores en el N\u00facleo Permanente (NP) y 05 colaboradores, los cuales imparten cursos, orientan en maestr\u00edas y doctorados, y publican en revistas cient\u00edficas. Todos son doctores y algunos tienen un posdoctorado. Entre los profesores permanentes, 12 tienen dedicaci\u00f3n exclusiva a la UEL, con atribuciones centradas en la docencia de grado y posgrado. En total son tres investigadores de EMBRAPA-Soja, uno de EMBRAPA\/Caf\u00e9 y uno de la Universidad Federal de Mato Grosso do Sul &#8211; UFMS. Todos los profesores de NP son responsables de proyectos de investigaci\u00f3n, algunos con colaboraci\u00f3n internacional, y presentan una producci\u00f3n cient\u00edfica compatible y adecuada al \u00e1rea del Programa. De los 16 profesores permanentes, 10 son becarios de productividad del CNPq. A continuaci\u00f3n, el personal docente aparece organizado por l\u00edneas de investigaci\u00f3n, en las que los profesores aparecen en m\u00e1s de una l\u00ednea:<\/p>\n\n\n\n<p>\u200b<strong><span class=\"has-inline-color has-primary-accent-color\">Profesores del N\u00facleo Permanente<\/span><\/strong><\/p>\n\n\n\n<p><strong>Dr. Alexandre Lima Nepomuceno<\/strong> &#8211; nepo@cnpso.embrapa.br &#8211;&nbsp;<strong><a href=\"https:\/\/orcid.org\/0000-0003-2012-6201\" data-type=\"URL\">ORCID<\/a><\/strong><a href=\"http:\/\/ORCID\" data-type=\"URL\" data-id=\"ORCID\"> <\/a>\/ <strong><a href=\"http:\/\/lattes.cnpq.br\/9463091305158969\">Lattes<\/a><\/strong><\/p>\n\n\n\n<p><span style=\"text-decoration: underline\">L\u00ednea de investigaci\u00f3n<\/span>: biolog\u00eda molecular y gen\u00f3mica. Temas: Fisiolog\u00eda vegetal, biolog\u00eda molecular, ingenier\u00eda gen\u00e9tica y edici\u00f3n del genoma (sistemas CRISPR), tolerancia a la sequ\u00eda, obtenci\u00f3n y caracterizaci\u00f3n de plantas modificadas gen\u00e9ticamente y bioseguridad de los OMG<\/p>\n\n\n\n<p><strong>Dr. Andr\u00e9 Luis Laforga Vanzela<\/strong>&nbsp;\u2013 andrevanzela@uel.br \u2013&nbsp;<strong><a href=\"https:\/\/orcid.org\/0000-0002-2442-2211\">ORCID<\/a>&nbsp;\/&nbsp;<a href=\"http:\/\/lattes.cnpq.br\/0475165015650302\">Lattes<\/a><\/strong><\/p>\n\n\n\n<p><span style=\"text-decoration: underline\">L\u00ednea de investigaci\u00f3n<\/span>: Diversidad gen\u00e9tica y biolog\u00eda molecular y gen\u00f3mica. Temas: Biolog\u00eda celular y gen\u00e9tica de las plantas, citogen\u00e9tica, citogen\u00f3mica y citotaxonom\u00eda de las plantas<\/p>\n\n\n\n<p><strong>Dra. Fernanda Sim\u00f5es de Almeida<\/strong>&nbsp;\u2013 fernandasa@uel.br \u2013&nbsp;<strong><a href=\"https:\/\/orcid.org\/0000-0002-0130-5047\">ORCID<\/a>&nbsp;\/&nbsp;<a href=\"http:\/\/lattes.cnpq.br\/9757690361734368\">Lattes<\/a><\/strong><\/p>\n\n\n\n<p><span style=\"text-decoration: underline\">L\u00ednea de investigaci\u00f3n<\/span>: diversidad gen\u00e9tica. Temas: c\u00f3digo de barras del ADN del ictioplancton, variabilidad gen\u00e9tica, escalera de transposones, poblaciones naturales, gen\u00e9tica y conservaci\u00f3n<\/p>\n\n\n\n<p>\u200b\u200b\u200b<strong>Dra. Francismar C. Marcelino-Guimar\u00e3es<\/strong>&nbsp;\u2013 francismar.marcelino@embrapa.br \u2013&nbsp;<strong><a href=\"https:\/\/orcid.org\/0000-0002-5828-7249\">ORCID<\/a>&nbsp;\/&nbsp;<a href=\"http:\/\/lattes.cnpq.br\/4585015105548818\">Lattes<\/a><\/strong><\/p>\n\n\n\n<p><span style=\"text-decoration: underline\">L\u00ednea de investigaci\u00f3n<\/span>: biolog\u00eda molecular y gen\u00f3mica. Temas: gen\u00e9tica molecular de las plantas, interacci\u00f3n molecular planta-pat\u00f3geno, bioqu\u00edmica y biotecnolog\u00eda<\/p>\n\n\n\n<p><strong>Dra. Gislayne F. L. T. Vilas Boas<\/strong>&nbsp;\u2013 gvboas@uel.br \u2013&nbsp;<strong><a href=\"https:\/\/orcid.org\/0000-0002-7983-3771\">ORCID<\/a>&nbsp;\/&nbsp;<a href=\"http:\/\/lattes.cnpq.br\/3565936166541671\">Lattes<\/a><\/strong><\/p>\n\n\n\n<p><span style=\"text-decoration: underline\">L\u00ednea de investigaci\u00f3n<\/span>: biolog\u00eda molecular y gen\u00f3mica. Temas: Gen\u00e9tica y biotecnolog\u00eda de microorganismos, taxonom\u00eda de microorganismos, control biol\u00f3gico, gen\u00e9tica molecular y de poblaciones<\/p>\n\n\n\n<p><strong>Dra. Glaura Scantamburlo Alves Fernandes<\/strong>&nbsp;\u2013 glaura@uel.br \u2013&nbsp;<strong><a href=\"https:\/\/orcid.org\/0000-0002-6043-1131\" target=\"_blank\" rel=\"noreferrer noopener\">ORCID<\/a><\/strong><a>&nbsp;<\/a>\/&nbsp;<strong><a href=\"http:\/\/lattes.cnpq.br\/0503733087170121\" target=\"_blank\" rel=\"noreferrer noopener\">Lattes<\/a><\/strong><\/p>\n\n\n\n<p>L\u00ednea de Investigaci\u00f3n: Toxicogen\u00f3mica, Oncogen\u00e9tica y Gen\u00e9tica del Desarrollo.&nbsp;Temas: toxicolog\u00eda reproductiva y del desarrollo. genotoxicidad in vivo e in vitro.<\/p>\n\n\n\n<p><strong>Dra. Juliana Mara Serpeloni&nbsp;<\/strong>\u2013 julianaserpeloni@uel.br \u2013&nbsp;<strong><a href=\"http:\/\/orcid.org\/0000-0001-9846-5807\">ORCID<\/a><\/strong><a>&nbsp;\/&nbsp;<\/a><strong><a href=\"http:\/\/lattes.cnpq.br\/5684791343921527\">Lattes<\/a><\/strong><\/p>\n\n\n\n<p>L\u00ednea de Investigaci\u00f3n: Toxicogen\u00f3mica, Oncogen\u00e9tica y Gen\u00e9tica del Desarrollo.&nbsp;Temas: mutag\u00e9nesis ambiental y humana, antimutag\u00e9nesis y gen\u00e9tica del c\u00e1ncer<\/p>\n\n\n\n<p><strong>\u200b\u200bDra. Liliane Marcia Mertz Henning&nbsp;<\/strong>\u2013 liliane.henning@embrapa.br \u2013&nbsp;<strong><a href=\"https:\/\/orcid.org\/0000-0001-7622-0649\">ORCID<\/a><\/strong><a>&nbsp;\/&nbsp;<\/a><strong><a href=\"https:\/\/lattes.cnpq.br\/2295885344548513\">Lattes<\/a><\/strong><\/p>\n\n\n\n<p>L\u00ednea de Investigaci\u00f3n: Biolog\u00eda Molecular, Metodolog\u00edas \u00d3micas y Aplicaciones.&nbsp;Temas: desarrollo de plantas gen\u00e9ticamente modificadas, edici\u00f3n gen\u00e9tica mediante CRISPR\/Cas y tecnolog\u00eda de interferencia de ARN, con enfoque en tolerancia a la sequ\u00eda, calidad nutricional y control de plagas en soja.<\/p>\n\n\n\n<p>\u200b\u200b<strong>Dr. Luiz Filipe Protasio Pereira<\/strong>&nbsp;\u2013 lpereira@iapar.br \u2013&nbsp;<strong><a href=\"https:\/\/orcid.org\/0000-0002-4872-6607\">ORCID<\/a>&nbsp;\/&nbsp;<a href=\"http:\/\/buscatextual.cnpq.br\/buscatextual\/visualizacv.do?id=K4782233H5\">Lattes<\/a><\/strong><\/p>\n\n\n\n<p><span style=\"text-decoration: underline\">L\u00ednea de investigaci\u00f3n<\/span>: biolog\u00eda molecular y gen\u00f3mica. Temas: Transcriptoma; gen\u00f3mica; transformaci\u00f3n de plantas; identificaci\u00f3n de polimorfismos (SSRs, SNPs e INDELs); mapeo gen\u00e9tico de cafetos, diversidad gen\u00e9tica y GWAS en Coffea arabica<\/p>\n\n\n\n<p>\u200b\u200b\u200b<strong>Dr. M\u00e1rio S\u00e9rgio Mantovani<\/strong>&nbsp;\u2013 biomsm@uel.br \u2013&nbsp;<strong><a href=\"https:\/\/orcid.org\/0000-0001-5268-6508\">ORCID<\/a>&nbsp;\/&nbsp;<a href=\"http:\/\/lattes.cnpq.br\/5481837075109866\">Lattes<\/a><\/strong><\/p>\n\n\n\n<p><span style=\"text-decoration: underline\">L\u00ednea de investigaci\u00f3n<\/span>: Gen\u00e9tica toxicol\u00f3gica y c\u00e1ncer. Temas: cultivo celular, mutag\u00e9nesis, antimutag\u00e9nesis, citogen\u00e9tica, genotoxicidad, expresi\u00f3n g\u00e9nica<\/p>\n\n\n\n<p><strong>Dr. Phelipe Oliveira Favaron<\/strong>&nbsp;\u2013 phelipe@uel.br \u2013&nbsp;<strong><a href=\"https:\/\/orcid.org\/0000-0002-6431-6886\">ORCID<\/a>&nbsp;\/&nbsp;<a href=\"http:\/\/lattes.cnpq.br\/9687044676982334\">Lattes<\/a><\/strong><\/p>\n\n\n\n<p><span style=\"text-decoration: underline\">L\u00ednea de investigaci\u00f3n<\/span>: Gen\u00e9tica toxicol\u00f3gica y biolog\u00eda molecular. Temas: Cultivo celular, c\u00e9lulas madre y biolog\u00eda molecular<\/p>\n\n\n\n<p><strong>\u200b\u200bDra Renata da Rosa<\/strong>&nbsp;\u2013 renata-darosa@uel.br \u2013&nbsp;<strong><a href=\"https:\/\/orcid.org\/0000-0003-4258-7244\">ORCID<\/a>&nbsp;\/&nbsp;&nbsp;<a href=\"http:\/\/lattes.cnpq.br\/0936339032482338\">Lattes<\/a><\/strong><\/p>\n\n\n\n<p><span style=\"text-decoration: underline\">L\u00ednea de investigaci\u00f3n<\/span>: Diversidad gen\u00e9tica y biolog\u00eda molecular y gen\u00f3mica. Temas: entomolog\u00eda molecular; gen\u00f3mica funcional de los insectos; resistencia a los insecticidas; citogen\u00e9tica molecular y citogen\u00f3mica; marcadores cromos\u00f3micos y moleculares en vectores e insectos de inter\u00e9s agr\u00edcola<\/p>\n\n\n\n<p><strong>Dra. Roberta Losi Guembarovski&nbsp;<\/strong>\u2013 rolosi@uol.com.br \u2013&nbsp;<strong><a href=\"https:\/\/orcid.org\/0000-0002-6291-8621\">ORCID<\/a>&nbsp;\/&nbsp;<a href=\"http:\/\/lattes.cnpq.br\/7283129060025447\">Lattes<\/a><\/strong><\/p>\n\n\n\n<p><span style=\"text-decoration: underline\">L\u00ednea de investigaci\u00f3n<\/span>: gen\u00e9tica toxicol\u00f3gica, c\u00e1ncer y biolog\u00eda molecular. Temas: an\u00e1lisis de marcadores STR (short tandem repeats) y polimorfismos gen\u00e9ticos asociados a enfermedades humanas, c\u00e1ncer e inmunopatolog\u00eda molecular<\/p>\n\n\n\n<p>\u200b<\/p>\n\n\n\n<p><strong><span class=\"has-inline-color has-primary-accent-color\">Profesores Colaboradores<\/span><\/strong><\/p>\n\n\n\n<p>\u200b<strong>Dr. Laurival Ant\u00f4nio Vilas Boas<\/strong>&nbsp;\u2013 lavboas@uel.br \u2013&nbsp;<strong><a href=\"https:\/\/orcid.org\/0000-0001-7943-3893\">ORCID<\/a>&nbsp;\/&nbsp;<a href=\"http:\/\/lattes.cnpq.br\/6053806923630324\">Lattes<\/a><\/strong><\/p>\n\n\n\n<p><span style=\"text-decoration: underline\">L\u00ednea de investigaci\u00f3n<\/span>: bioinform\u00e1tica, diversidad gen\u00e9tica y biolog\u00eda molecular. Temas: gen\u00e9tica de microorganismos, bacterias pat\u00f3genas de los peces, biolog\u00eda molecular y bioinform\u00e1tica<\/p>\n\n\n\n<p><strong>Dr. Rodrigo A. Torres<\/strong>&nbsp;\u2013 rodrigoaugustorres2@gmail.com \u2013&nbsp;<strong><a href=\"https:\/\/orcid.org\/0000-0002-1158-9899\" target=\"_blank\" rel=\"noreferrer noopener\">ORCID<\/a><\/strong>&nbsp;\/&nbsp;<strong><a href=\"http:\/\/lattes.cnpq.br\/6381742707422511\" target=\"_blank\" rel=\"noreferrer noopener\">Lattes<\/a><\/strong><\/p>\n\n\n\n<p>L\u00ednea de Investigaci\u00f3n: Diversidad Gen\u00e9tica y Evoluci\u00f3n: Temas: gen\u00f3mica evolutiva, gen\u00e9tica de la conservaci\u00f3n, filogeograf\u00eda, lesiones gen\u00f3micas y evaluaci\u00f3n de la calidad ambiental.<\/p>\n\n\n\n<p><strong>Dr. Guilherme Juli\u00e3o Zocolo<\/strong>&nbsp;\u2013 guilherme.zocolo@embrapa.br \u2013&nbsp;<strong><a href=\"https:\/\/orcid.org\/0000-0001-8835-0184\">ORCID<\/a><\/strong><a>&nbsp;<\/a>\/&nbsp;<strong><a href=\"http:\/\/lattes.cnpq.br\/4626560439053690\">Lattes<\/a><\/strong><\/p>\n\n\n\n<p>L\u00ednea de Investigaci\u00f3n: Biolog\u00eda Molecular, Metodolog\u00edas \u00d3micas y Aplicaciones.&nbsp;Temas: An\u00e1lisis metabol\u00f3mico de plantas y microorganismos, an\u00e1lisis por espectrometr\u00eda de masas (MS), an\u00e1lisis mutuo entre metabolitos y expresi\u00f3n g\u00e9nica, biomarcadores de resistencia y prospecci\u00f3n de biodefensivos aplicados a la soja.<\/p>\n\n\n\n<p><\/p>\n","protected":false},"excerpt":{"rendered":"<p>Para charlar con nosotros Dr. M\u00e1rio Sergio Mantovani, Dra. Fernanda S. Almeida, Dr. Andr\u00e9 L.L. Vanzela Numero de tel\u00e9fono:&nbsp;+55 43 33714191E-mail: posgenetica@uel.brDirecci\u00f3n:&nbsp;Universidade Estadual de Londrina, Campus Universit\u00e1rio, Rodovia Celso Garcia Cid, PR 445, Km 380. Centro de Ci\u00eancias Biol\u00f3gicas. Londrina, Paran\u00e1, Brasil. CEP: 86057-970. Sobre el programa El Programa de Posgrado en Gen\u00e9tica y Biolog\u00eda [&hellip;]<\/p>\n","protected":false},"author":8,"featured_media":0,"parent":0,"menu_order":0,"comment_status":"closed","ping_status":"closed","template":"","meta":{"footnotes":""},"class_list":["post-860","page","type-page","status-publish","hentry"],"_links":{"self":[{"href":"https:\/\/pos.uel.br\/gbm\/wp-json\/wp\/v2\/pages\/860","targetHints":{"allow":["GET"]}}],"collection":[{"href":"https:\/\/pos.uel.br\/gbm\/wp-json\/wp\/v2\/pages"}],"about":[{"href":"https:\/\/pos.uel.br\/gbm\/wp-json\/wp\/v2\/types\/page"}],"author":[{"embeddable":true,"href":"https:\/\/pos.uel.br\/gbm\/wp-json\/wp\/v2\/users\/8"}],"replies":[{"embeddable":true,"href":"https:\/\/pos.uel.br\/gbm\/wp-json\/wp\/v2\/comments?post=860"}],"version-history":[{"count":10,"href":"https:\/\/pos.uel.br\/gbm\/wp-json\/wp\/v2\/pages\/860\/revisions"}],"predecessor-version":[{"id":1784,"href":"https:\/\/pos.uel.br\/gbm\/wp-json\/wp\/v2\/pages\/860\/revisions\/1784"}],"wp:attachment":[{"href":"https:\/\/pos.uel.br\/gbm\/wp-json\/wp\/v2\/media?parent=860"}],"curies":[{"name":"wp","href":"https:\/\/api.w.org\/{rel}","templated":true}]}}