{"id":7,"date":"2021-04-29T12:21:36","date_gmt":"2021-04-29T15:21:36","guid":{"rendered":"https:\/\/pos.uel.br\/gbm\/?page_id=7"},"modified":"2021-06-23T19:21:37","modified_gmt":"2021-06-23T22:21:37","slug":"sobre-o-programa","status":"publish","type":"page","link":"https:\/\/pos.uel.br\/gbm\/sobre-o-programa\/","title":{"rendered":"Sobre o programa"},"content":{"rendered":"\n<p>O Programa de P\u00f3s-Gradua\u00e7\u00e3o em Gen\u00e9tica e Biologia Molecular\u00a0da UEL\u00a0(PPG-GBM) tem\u00a0mais de 30\u00a0anos de exist\u00eancia, e \u00e9 considerado\u00a0um dos mais importantes PPGs\u00a0de Gen\u00e9tica\u00a0do Estado do Paran\u00e1, devido a inser\u00e7\u00e3o\u00a0regional na forma\u00e7\u00e3o de recursos humanos\u00a0na \u00e1rea. Londrina, incluindo\u00a0sua Regi\u00e3o Metropolitana\u00a0com mais de 20\u00a0munic\u00edpios, tem\u00a0uma economia diversificada, baseada em ind\u00fastrias, com\u00e9rcio, constru\u00e7\u00e3o civil, turismo, ensino superior, servi\u00e7os e agroneg\u00f3cio. O PPG em\u00a0Gen\u00e9tica e Biologia Molecular atua fortemente na forma\u00e7\u00e3o de\u00a0pessoal\u00a0para esses tr\u00eas \u00faltimos setores da economia, o que \u00e9 refletido na\u00a0admiss\u00e3o de\u00a0nosso egressos\u00a0no mercado de trabalho. Nosso PPG historicamente contribui para\u00a0que a UEL seja sempre\u00a0elencada as melhores universidades do pa\u00eds, assim como para\u00a0a qualidade de vida na Regi\u00e3o Norte do Paran\u00e1.\u00a0O objetivo do PPG-GBM \u00e9 formar profissionais de alto n\u00edvel\u00a0na \u00e1rea de\u00a0Gen\u00e9tica e Biologia Molecular, capacitados \u00e0\u00a0atividades nas \u00e1reas de meio ambiente, agronomia e sa\u00fade, para atua\u00e7\u00e3o em escolas da rede p\u00fablica\u00a0e privada\u00a0de ensino b\u00e1sico\u00a0superior do Paran\u00e1 e outros estados, assim como profissionais em v\u00e1rios setores da cadeia produtiva.<\/p>\n","protected":false},"excerpt":{"rendered":"<p>O Programa de P\u00f3s-Gradua\u00e7\u00e3o em Gen\u00e9tica e Biologia Molecular\u00a0da UEL\u00a0(PPG-GBM) tem\u00a0mais de 30\u00a0anos de exist\u00eancia, e \u00e9 considerado\u00a0um dos mais importantes PPGs\u00a0de Gen\u00e9tica\u00a0do Estado do Paran\u00e1, devido a inser\u00e7\u00e3o\u00a0regional na forma\u00e7\u00e3o de recursos humanos\u00a0na \u00e1rea. Londrina, incluindo\u00a0sua Regi\u00e3o Metropolitana\u00a0com mais de 20\u00a0munic\u00edpios, tem\u00a0uma economia diversificada, baseada em ind\u00fastrias, com\u00e9rcio, constru\u00e7\u00e3o civil, turismo, ensino superior, servi\u00e7os [&hellip;]<\/p>\n","protected":false},"author":7,"featured_media":0,"parent":0,"menu_order":0,"comment_status":"closed","ping_status":"closed","template":"","meta":{"footnotes":""},"class_list":["post-7","page","type-page","status-publish","hentry"],"_links":{"self":[{"href":"https:\/\/pos.uel.br\/gbm\/wp-json\/wp\/v2\/pages\/7","targetHints":{"allow":["GET"]}}],"collection":[{"href":"https:\/\/pos.uel.br\/gbm\/wp-json\/wp\/v2\/pages"}],"about":[{"href":"https:\/\/pos.uel.br\/gbm\/wp-json\/wp\/v2\/types\/page"}],"author":[{"embeddable":true,"href":"https:\/\/pos.uel.br\/gbm\/wp-json\/wp\/v2\/users\/7"}],"replies":[{"embeddable":true,"href":"https:\/\/pos.uel.br\/gbm\/wp-json\/wp\/v2\/comments?post=7"}],"version-history":[{"count":2,"href":"https:\/\/pos.uel.br\/gbm\/wp-json\/wp\/v2\/pages\/7\/revisions"}],"predecessor-version":[{"id":675,"href":"https:\/\/pos.uel.br\/gbm\/wp-json\/wp\/v2\/pages\/7\/revisions\/675"}],"wp:attachment":[{"href":"https:\/\/pos.uel.br\/gbm\/wp-json\/wp\/v2\/media?parent=7"}],"curies":[{"name":"wp","href":"https:\/\/api.w.org\/{rel}","templated":true}]}}