{"id":67,"date":"2021-05-07T08:57:02","date_gmt":"2021-05-07T11:57:02","guid":{"rendered":"https:\/\/pos.uel.br\/gbm\/?page_id=67"},"modified":"2021-06-16T19:37:08","modified_gmt":"2021-06-16T22:37:08","slug":"discentes-e-egressos","status":"publish","type":"page","link":"https:\/\/pos.uel.br\/gbm\/discentes-e-egressos\/","title":{"rendered":"Discentes e egressos"},"content":{"rendered":"\n<p>O Programa de Gen\u00e9tica e Biologia Molecular atende anualmente cerca de 80 estudantes entre os regularmente matriculados e especiais. Esse n\u00famero \u00e9 relativamente est\u00e1vel, haja vista que s\u00e3o ofertadas anualmente 25 vagas para o mestrado e 12 para o doutorado. O Programa atrai estudantes de diversos cursos de gradua\u00e7\u00e3o (Biologia, Biomedicina, Agronomia, Biotecnologia, Ci\u00eancias da Computa\u00e7\u00e3o, entre outros), vindos de diferentes regi\u00f5es do Brasil, como Paran\u00e1, S\u00e3o Paulo, Santa Catarina, Rio Grande do Sul, Minas Gerais, Mato Grosso e Mato Grosso do Sul, e de pa\u00edses vizinhos, como Argentina, Bol\u00edvia e Col\u00f4mbia. Os estudantes desenvolvem suas atividades de pesquisas em uma das linhas de pesquisa do Programa, em laborat\u00f3rios da UEL, assim como da EMBRAPA Soja e IAPAR, que s\u00e3o parceiras do Programa desde a sua funda\u00e7\u00e3o.<\/p>\n","protected":false},"excerpt":{"rendered":"<p>O Programa de Gen\u00e9tica e Biologia Molecular atende anualmente cerca de 80 estudantes entre os regularmente matriculados e especiais. Esse n\u00famero \u00e9 relativamente est\u00e1vel, haja vista que s\u00e3o ofertadas anualmente 25 vagas para o mestrado e 12 para o doutorado. O Programa atrai estudantes de diversos cursos de gradua\u00e7\u00e3o (Biologia, Biomedicina, Agronomia, Biotecnologia, Ci\u00eancias da [&hellip;]<\/p>\n","protected":false},"author":7,"featured_media":0,"parent":0,"menu_order":0,"comment_status":"closed","ping_status":"closed","template":"","meta":{"footnotes":""},"class_list":["post-67","page","type-page","status-publish","hentry"],"_links":{"self":[{"href":"https:\/\/pos.uel.br\/gbm\/wp-json\/wp\/v2\/pages\/67","targetHints":{"allow":["GET"]}}],"collection":[{"href":"https:\/\/pos.uel.br\/gbm\/wp-json\/wp\/v2\/pages"}],"about":[{"href":"https:\/\/pos.uel.br\/gbm\/wp-json\/wp\/v2\/types\/page"}],"author":[{"embeddable":true,"href":"https:\/\/pos.uel.br\/gbm\/wp-json\/wp\/v2\/users\/7"}],"replies":[{"embeddable":true,"href":"https:\/\/pos.uel.br\/gbm\/wp-json\/wp\/v2\/comments?post=67"}],"version-history":[{"count":3,"href":"https:\/\/pos.uel.br\/gbm\/wp-json\/wp\/v2\/pages\/67\/revisions"}],"predecessor-version":[{"id":466,"href":"https:\/\/pos.uel.br\/gbm\/wp-json\/wp\/v2\/pages\/67\/revisions\/466"}],"wp:attachment":[{"href":"https:\/\/pos.uel.br\/gbm\/wp-json\/wp\/v2\/media?parent=67"}],"curies":[{"name":"wp","href":"https:\/\/api.w.org\/{rel}","templated":true}]}}