{"id":49,"date":"2021-04-29T12:52:54","date_gmt":"2021-04-29T15:52:54","guid":{"rendered":"https:\/\/pos.uel.br\/gbm\/?page_id=49"},"modified":"2025-04-02T10:07:33","modified_gmt":"2025-04-02T13:07:33","slug":"corpo-docente-2","status":"publish","type":"page","link":"https:\/\/pos.uel.br\/gbm\/corpo-docente-2\/","title":{"rendered":"Corpo docente"},"content":{"rendered":"\n<p>O Programa conta com 17 docentes (14 no n\u00facleo permanente e 03 colaboradores), que ministram disciplinas, orientam em Mestrado e Doutorado, e publicam em peri\u00f3dicos cient\u00edficos. Todos t\u00eam t\u00edtulo de Doutor e alguns possuem P\u00f3s-Doutorado. Entre os docentes, 11 t\u00eam dedica\u00e7\u00e3o exclusiva \u00e0 UEL, com atribui\u00e7\u00f5es voltadas ao ensino de gradua\u00e7\u00e3o e p\u00f3s-gradua\u00e7\u00e3o. No total, temos 04 pesquisadores da EMBRAPA-Soja, 1 da EMBRAPA\/Caf\u00e9, e 1 da Universidade Tecnol\u00f3gica Federal do Paran\u00e1 (UTFPR, Londrina). Todos os docentes do NP s\u00e3o respons\u00e1veis por projetos de pesquisa, alguns com colabora\u00e7\u00e3o internacional e apresentam produ\u00e7\u00e3o cient\u00edfica compat\u00edvel e adequada com a \u00e1rea do Programa. Dos 14 docentes permanentes, 9 s\u00e3o bolsistas Produtividade do CNPq . Abaixo, o quadro docente aparece organizado por linhas de pesquisa, no qual os docentes aparecem em mais de uma linha:<\/p>\n\n\n\n<p>\u200b<strong>Professores do N\u00facleo Permanente<\/strong><\/p>\n\n\n\n<p><strong>Dr. Alexandre Lima Nepomuceno<\/strong> &#8211; nepo@cnpso.embrapa.br &#8211;&nbsp;<strong><a href=\"https:\/\/orcid.org\/0000-0003-2012-6201\" data-type=\"URL\">ORCID<\/a><\/strong><a href=\"http:\/\/ORCID\" data-type=\"URL\" data-id=\"ORCID\"> <\/a>\/ <strong><a href=\"http:\/\/lattes.cnpq.br\/9463091305158969\">Lattes<\/a><\/strong><\/p>\n\n\n\n<p><span style=\"text-decoration: underline\">Linha de Pesquisa<\/span>: Biologia Molecular, Metodologias \u00d4micas e Aplica\u00e7\u00f5es. <span style=\"text-decoration: underline\">Temas<\/span>: Fisiologia vegetal, biologia molecular, engenharia gen\u00e9tica e edi\u00e7\u00e3o de genomas (sistemas CRISPR), toler\u00e2ncia \u00e0 seca, obten\u00e7\u00e3o e caracteriza\u00e7\u00e3o de plantas geneticamente modificadas e biosseguran\u00e7a de OGMs <\/p>\n\n\n\n<p><strong>Dr. Andr\u00e9 Luis Laforga Vanzela<\/strong> &#8211; andrevanzela@uel.br &#8211; <strong><a href=\"https:\/\/orcid.org\/0000-0002-2442-2211\">ORCID<\/a><\/strong> \/ <strong><a href=\"http:\/\/lattes.cnpq.br\/0475165015650302\">Lattes<\/a><\/strong><\/p>\n\n\n\n<p><span style=\"text-decoration: underline\">Linhas de Pesquisa<\/span>: Diversidade Gen\u00e9tica e Evolu\u00e7\u00e3o e Biologia Molecular, Metodologias \u00d4micas e Aplica\u00e7\u00f5es. <span style=\"text-decoration: underline\">Temas<\/span>: biologia celular e gen\u00e9tica vegetal, an\u00e1lises citogen\u00e9ticas e ultraestruturais, bioinform\u00e1tica, citogen\u00f4mica e citotaxonomia vegetal<\/p>\n\n\n\n<p>\u200b<strong>Dra. Fernanda Sim\u00f5es de Almeida<\/strong> &#8211; fernandasa@uel.br &#8211; <strong><a href=\"https:\/\/orcid.org\/0000-0002-0130-5047\">ORCID<\/a><\/strong> \/ <strong><a href=\"http:\/\/lattes.cnpq.br\/9757690361734368\">Lattes<\/a><\/strong><\/p>\n\n\n\n<p><span style=\"text-decoration: underline\">Linha de Pesquisa<\/span>: Diversidade Gen\u00e9tica e Evolu\u00e7\u00e3o. <span style=\"text-decoration: underline\">Temas<\/span>: DNA barcode de Ictioplancton, variabilidade gen\u00e9tica, escada de transposi\u00e7\u00e3o, popula\u00e7\u00f5es naturais, gen\u00e9tica e conserva\u00e7\u00e3o<\/p>\n\n\n\n<p>\u200b\u200b\u200b<strong>Dra. Francismar C. Marcelino-Guimar\u00e3es<\/strong> &#8211; francismar.marcelino@embrapa.br &#8211;&nbsp;<strong><a href=\"https:\/\/orcid.org\/0000-0002-5828-7249\">ORCID<\/a><\/strong> \/ <strong><a href=\"http:\/\/lattes.cnpq.br\/4585015105548818\">Lattes<\/a><\/strong><\/p>\n\n\n\n<p><span style=\"text-decoration: underline\">Linha de Pesquisa<\/span>: Biologia Molecular, Metodologias \u00d4micas e Aplica\u00e7\u00f5es. <span style=\"text-decoration: underline\">Temas<\/span>: gen\u00e9tica molecular de plantas, intera\u00e7\u00e3o molecular planta-pat\u00f3geno, bioqu\u00edmica e biotecnologia<\/p>\n\n\n\n<p><strong>Dra. Gislayne F. L. T. Vilas Boas<\/strong> &#8211; gvboas@uel.br &#8211; <strong><a href=\"https:\/\/orcid.org\/0000-0002-7983-3771\">ORCID<\/a><\/strong><a> <\/a>\/ <strong><a href=\"http:\/\/lattes.cnpq.br\/3565936166541671\">Lattes<\/a><\/strong><\/p>\n\n\n\n<p><span style=\"text-decoration: underline\">Linha de Pesquisa<\/span>: Biologia Molecular, Metodologias \u00d4micas e Aplica\u00e7\u00f5es. <span style=\"text-decoration: underline\">Temas<\/span>: gen\u00e9tica de microrganismos e biotecnologia, taxonomia de microrganismos, controle biol\u00f3gico, gen\u00e9tica molecular e de popula\u00e7\u00f5es<\/p>\n\n\n\n<p><strong>Dra. Glaura Scantamburlo Alves Fernandes<\/strong> &#8211; glaura@uel.br &#8211; <strong><a href=\"https:\/\/orcid.org\/0000-0002-6043-1131\" data-type=\"URL\" data-id=\"https:\/\/orcid.org\/0000-0002-6043-1131\" target=\"_blank\" rel=\"noreferrer noopener\">ORCID<\/a><\/strong><a> <\/a>\/ <strong><a href=\"http:\/\/lattes.cnpq.br\/0503733087170121\" data-type=\"URL\" data-id=\"http:\/\/lattes.cnpq.br\/0503733087170121\" target=\"_blank\" rel=\"noreferrer noopener\">Lattes<\/a><\/strong><\/p>\n\n\n\n<p><span style=\"text-decoration: underline\">Linha de Pesquisa<\/span>: Toxicogen\u00f4mica, Oncogen\u00e9tica e Gen\u00e9tica do Desenvolvimento.&nbsp;<span style=\"text-decoration: underline\">Temas<\/span>: toxicologia da reprodu\u00e7\u00e3o e do desenvolvimento. genotoxicidade <em>in vivo<\/em> e <em>in vitro<\/em>.<\/p>\n\n\n\n<p><strong>Dra. Juliana Mara Serpeloni <\/strong>&#8211; julianaserpeloni@uel.br &#8211; <strong><a href=\"http:\/\/orcid.org\/0000-0001-9846-5807\">ORCID<\/a><\/strong><a> \/ <\/a><strong><a href=\"http:\/\/lattes.cnpq.br\/5684791343921527\">Lattes<\/a><\/strong><\/p>\n\n\n\n<p><span style=\"text-decoration: underline\">Linha de Pesquisa<\/span>: Toxicogen\u00f4mica, Oncogen\u00e9tica e Gen\u00e9tica do Desenvolvimento. <span style=\"text-decoration: underline\">Temas<\/span>: mutag\u00eanese ambiental e humana, antimutag\u00eanese e gen\u00e9tica do c\u00e2ncer<\/p>\n\n\n\n<p><strong>\u200b\u200bDra. Liliane Marcia Mertz Henning <\/strong>&#8211; liliane.henning@embrapa.br &#8211; <strong><a href=\"https:\/\/orcid.org\/0000-0001-7622-0649\" data-type=\"link\" data-id=\"https:\/\/orcid.org\/0000-0001-7622-0649\">ORCID<\/a><\/strong><a> \/ <\/a><strong><a href=\"https:\/\/lattes.cnpq.br\/2295885344548513\" data-type=\"link\" data-id=\"https:\/\/lattes.cnpq.br\/2295885344548513\">Lattes<\/a><\/strong><\/p>\n\n\n\n<p><span style=\"text-decoration: underline\">Linha de Pesquisa<\/span>: Biologia Molecular, Metodologias \u00d4micas e Aplica\u00e7\u00f5es. <span style=\"text-decoration: underline\">Temas<\/span>: desenvolvimento de plantas geneticamente modificadas, edi\u00e7\u00e3o g\u00eanica via CRISPR\/Cas e tecnologia de RNA de interfer\u00eancia, com foco em toler\u00e2ncia \u00e0 seca, qualidade nutricional e controle de pragas em soja.<\/p>\n\n\n\n<p><strong>Dr. Luiz Filipe Protasio Pereira<\/strong> &#8211; lpereira@iapar.br &#8211; <strong><a href=\"https:\/\/orcid.org\/0000-0002-4872-6607\">ORCID<\/a><\/strong> \/ <strong><a href=\"http:\/\/buscatextual.cnpq.br\/buscatextual\/visualizacv.do?id=K4782233H5\">Lattes<\/a><\/strong><\/p>\n\n\n\n<p><span style=\"text-decoration: underline\">Linha de Pesquisa<\/span>: Biologia Molecular, Metodologias \u00d4micas e Aplica\u00e7\u00f5es. <span style=\"text-decoration: underline\">Temas<\/span>:  transcriptomas; gen\u00f4mica; transforma\u00e7\u00e3o de plantas; identifica\u00e7\u00e3o de polimorfismos (SSRs, SNPs e INDELs); mapeamento gen\u00e9tico de cafeeiros, dversidade gen\u00e9tica e GWAS em <em>Coffea arabica<\/em><\/p>\n\n\n\n<p>\u200b\u200b<strong>\u200b\u200bDr. M\u00e1rio S\u00e9rgio Mantovani<\/strong> &#8211; biomsm@uel.br &#8211; <strong><a href=\"https:\/\/orcid.org\/0000-0001-5268-6508\">ORCID<\/a><\/strong> \/ <strong><a href=\"http:\/\/lattes.cnpq.br\/5481837075109866\">Lattes<\/a><\/strong><\/p>\n\n\n\n<p><span style=\"text-decoration: underline\">Linha de Pesquisa<\/span>: Toxicogen\u00f4mica, Oncogen\u00e9tica e Gen\u00e9tica do Desenvolvimento. <span style=\"text-decoration: underline\">Temas<\/span>: Cultura de c\u00e9lulas, mutag\u00eanese, antimutag\u00eanese, citogen\u00e9tica, genotoxicidade, express\u00e3o g\u00eanica<\/p>\n\n\n\n<p><strong>Dr. Phelipe Oliveira Favaron<\/strong> &#8211; phelipe@uel.br &#8211; <strong><a href=\"https:\/\/orcid.org\/0000-0002-6431-6886\">ORCID<\/a><\/strong> \/ <strong><a href=\"http:\/\/lattes.cnpq.br\/9687044676982334\">Lattes<\/a><\/strong><\/p>\n\n\n\n<p><span style=\"text-decoration: underline\">Linha de Pesquisa<\/span>: Toxicogen\u00f4mica, Oncogen\u00e9tica e Gen\u00e9tica do Desenvolvimento. <span style=\"text-decoration: underline\">Temas<\/span>: cultura de c\u00e9lulas, c\u00e9lulas-tronco e biologia molecular, imunocolora\u00e7\u00e3o<\/p>\n\n\n\n<p>\u200b<strong>\u200bDra. Renata da Rosa<\/strong> &#8211; renata-darosa@uel.br &#8211; <strong><a href=\"https:\/\/orcid.org\/0000-0003-4258-7244\">ORCID<\/a><\/strong> \/&nbsp; <strong><a href=\"http:\/\/lattes.cnpq.br\/0936339032482338\">Lattes<\/a><\/strong><\/p>\n\n\n\n<p><span style=\"text-decoration: underline\">Linhas de Pesquisa<\/span>: Diversidade Gen\u00e9tica e Evolu\u00e7\u00e3o e Biologia Molecular, Metodologias \u00d4micas e Aplica\u00e7\u00f5es. <span style=\"text-decoration: underline\">Temas<\/span>: entomologia molecular; gen\u00f4mica funcional de insetos; resist\u00eancia a inseticidas; citogen\u00e9tica molecular e citogen\u00f4mica; marcadores cromoss\u00f4micos e moleculares em vetores e insetos de interesse agr\u00e1rio<\/p>\n\n\n\n<p><strong>Dra. Roberta Losi Guembarovski<\/strong> &#8211; rolosi@uol.com.br &#8211; <strong><a href=\"https:\/\/orcid.org\/0000-0002-6291-8621\">ORCID<\/a><\/strong> \/ <strong><a href=\"http:\/\/lattes.cnpq.br\/7283129060025447\">Lattes<\/a><\/strong><\/p>\n\n\n\n<p><span style=\"text-decoration: underline\">Linha de Pesquisa<\/span>: Toxicogen\u00f4mica, Oncogen\u00e9tica e Gen\u00e9tica do Desenvolvimento. <span style=\"text-decoration: underline\">Temas<\/span>: an\u00e1lises de marcadores STR (short tandem repeats) e polimorfismos gen\u00e9ticos associados \u00e0 doen\u00e7as humanas, c\u00e2ncer e imunopatologia molecular<\/p>\n\n\n\n<p><strong>Dra. Silvia Helena Sofia<\/strong> &#8211; shsofia@uel.br &#8211; <strong><a href=\"https:\/\/orcid.org\/0000-0002-3443-0696\">ORCID<\/a><\/strong><a> \/ <\/a><strong><a href=\"http:\/\/lattes.cnpq.br\/9708788401690874\">Lattes<\/a><\/strong><\/p>\n\n\n\n<p><span style=\"text-decoration: underline\">Linhas de Pesquisa<\/span>: Diversidade Gen\u00e9tica e Evolu\u00e7\u00e3o e Biologia Molecular, Metodologias \u00d4micas e Aplica\u00e7\u00f5es. <span style=\"text-decoration: underline\">Temas<\/span>: estrutura populacional e diversidade gen\u00e9tica, com \u00eanfase em filogeografia, taxonomia e conserva\u00e7\u00e3o de popula\u00e7\u00f5es de abelhas.<\/p>\n\n\n\n<p>\u200b<\/p>\n\n\n\n<p><strong>Professores Colaboradores<\/strong><\/p>\n\n\n\n<p>\u200b<strong>Dr. Laurival Ant\u00f4nio Vilas Boas <\/strong>&#8211; lavboas@uel.br &#8211; <strong><a href=\"https:\/\/orcid.org\/0000-0001-7943-3893\">ORCID<\/a><\/strong><a> \/ <\/a><strong><a href=\"http:\/\/lattes.cnpq.br\/6053806923630324\">Lattes<\/a><\/strong><\/p>\n\n\n\n<p><span style=\"text-decoration: underline\">Linhas de Pesquisa<\/span>: Diversidade gen\u00e9tica e Evolu\u00e7\u00e3o e Biologia Molecular, Metodologias \u00d4micas e Aplica\u00e7\u00f5es. <span style=\"text-decoration: underline\">Temas<\/span>: gen\u00e9tica de microrganismos, bact\u00e9rias patog\u00eanicas a peixes, biologia molecular e bioinform\u00e1tica<\/p>\n\n\n\n<p>\u200b\u200b<strong>Dr.  Rodrigo A. Torres<\/strong> &#8211; rodrigoaugustorres2@gmail.com &#8211; <strong><a href=\"https:\/\/orcid.org\/0000-0002-1158-9899\" data-type=\"URL\" data-id=\"https:\/\/orcid.org\/0000-0002-1158-9899\" target=\"_blank\" rel=\"noreferrer noopener\">ORCID<\/a><\/strong> \/ <strong><a href=\"http:\/\/lattes.cnpq.br\/6381742707422511\" data-type=\"URL\" data-id=\"http:\/\/lattes.cnpq.br\/6381742707422511\" target=\"_blank\" rel=\"noreferrer noopener\">Lattes<\/a><\/strong><\/p>\n\n\n\n<p><span style=\"text-decoration: underline\">Linha de Pesquisa<\/span>: Diversidade Gen\u00e9tica e Evolu\u00e7\u00e3o: <span style=\"text-decoration: underline\">Temas<\/span>: gen\u00f4mica evolutiva, gen\u00e9tica da conserva\u00e7\u00e3o, filogeografia, les\u00f5es gen\u00f4micas e avalia\u00e7\u00e3o da qualidade ambiental<\/p>\n\n\n\n<p><strong>Dr. Guilherme Juli\u00e3o Zocolo<\/strong> &#8211; guilherme.zocolo@embrapa.br &#8211; <strong><a href=\"https:\/\/orcid.org\/0000-0001-8835-0184\" data-type=\"link\" data-id=\"https:\/\/orcid.org\/0000-0001-8835-0184\">ORCID<\/a><\/strong><a> <\/a>\/ <strong><a href=\"http:\/\/lattes.cnpq.br\/4626560439053690\" data-type=\"link\" data-id=\"http:\/\/lattes.cnpq.br\/4626560439053690\">Lattes<\/a><\/strong><\/p>\n\n\n\n<p><span style=\"text-decoration: underline\">Linha de Pesquisa<\/span>: Biologia Molecular, Metodologias \u00d4micas e Aplica\u00e7\u00f5es. <span style=\"text-decoration: underline\">Temas<\/span>: An\u00e1lise metabol\u00f4mica de plantas e microrganismos, an\u00e1lises por espectrometria de massas (MS), an\u00e1lises m\u00fatuas entre metab\u00f3litos e express\u00e3o g\u00eanica, biomarcadores de resist\u00eancia e prospec\u00e7\u00e3o de biodenfensivos aplicados a soja.<\/p>\n","protected":false},"excerpt":{"rendered":"<p>O Programa conta com 17 docentes (14 no n\u00facleo permanente e 03 colaboradores), que ministram disciplinas, orientam em Mestrado e Doutorado, e publicam em peri\u00f3dicos cient\u00edficos. Todos t\u00eam t\u00edtulo de Doutor e alguns possuem P\u00f3s-Doutorado. Entre os docentes, 11 t\u00eam dedica\u00e7\u00e3o exclusiva \u00e0 UEL, com atribui\u00e7\u00f5es voltadas ao ensino de gradua\u00e7\u00e3o e p\u00f3s-gradua\u00e7\u00e3o. No total, [&hellip;]<\/p>\n","protected":false},"author":7,"featured_media":0,"parent":0,"menu_order":0,"comment_status":"closed","ping_status":"closed","template":"","meta":{"footnotes":""},"class_list":["post-49","page","type-page","status-publish","hentry"],"_links":{"self":[{"href":"https:\/\/pos.uel.br\/gbm\/wp-json\/wp\/v2\/pages\/49","targetHints":{"allow":["GET"]}}],"collection":[{"href":"https:\/\/pos.uel.br\/gbm\/wp-json\/wp\/v2\/pages"}],"about":[{"href":"https:\/\/pos.uel.br\/gbm\/wp-json\/wp\/v2\/types\/page"}],"author":[{"embeddable":true,"href":"https:\/\/pos.uel.br\/gbm\/wp-json\/wp\/v2\/users\/7"}],"replies":[{"embeddable":true,"href":"https:\/\/pos.uel.br\/gbm\/wp-json\/wp\/v2\/comments?post=49"}],"version-history":[{"count":22,"href":"https:\/\/pos.uel.br\/gbm\/wp-json\/wp\/v2\/pages\/49\/revisions"}],"predecessor-version":[{"id":1778,"href":"https:\/\/pos.uel.br\/gbm\/wp-json\/wp\/v2\/pages\/49\/revisions\/1778"}],"wp:attachment":[{"href":"https:\/\/pos.uel.br\/gbm\/wp-json\/wp\/v2\/media?parent=49"}],"curies":[{"name":"wp","href":"https:\/\/api.w.org\/{rel}","templated":true}]}}