{"id":46,"date":"2021-04-29T12:52:54","date_gmt":"2021-04-29T15:52:54","guid":{"rendered":"https:\/\/pos.uel.br\/gbm\/?page_id=46"},"modified":"2024-09-28T10:04:21","modified_gmt":"2024-09-28T13:04:21","slug":"doutorado","status":"publish","type":"page","link":"https:\/\/pos.uel.br\/gbm\/doutorado\/","title":{"rendered":"Doutorado"},"content":{"rendered":"\n<p><strong>Requisitos para o Doutorado:<\/strong><\/p>\n\n\n\n<ul class=\"wp-block-list\">\n<li>Poder\u00e3o se candidatar os possuidores de t\u00edtulo de Mestre obtido em Gen\u00e9tica e Biologia Molecular e \u00e1reas afins, em Programas&nbsp;<em>Stricto sensu<\/em>&nbsp;com validade nacional.<\/li>\n<\/ul>\n\n\n\n<p>&nbsp;Documentos para a inscri\u00e7\u00e3o:<\/p>\n\n\n\n<ul class=\"wp-block-list\">\n<li>Ficha de inscri\u00e7\u00e3o preenchida, dispon\u00edvel &lt;<a href=\"http:\/\/www.uel.br\/proppg\/portalnovo\/pages\/inscricoes-programas-cursos\/inscricoes-por-nivel.php\" target=\"_blank\" rel=\"noreferrer noopener\"><strong>fa\u00e7a o download da ficha de inscri\u00e7\u00e3o<\/strong><\/a>&gt;;<\/li>\n\n\n\n<li>Comprovante de recolhimento do pre\u00e7o p\u00fablico de inscri\u00e7\u00e3o determinado pela ProAF-UEL;<\/li>\n\n\n\n<li>Fot\u00f3copia dos seguintes documentos: CPF, c\u00e9dula de identidade, certificado de reservista, certid\u00e3o de nascimento ou casamento (sem tarjas e dobras) ou passaporte v\u00e1lido para os candidatos estrangeiros;<\/li>\n\n\n\n<li>C\u00f3pia frente e verso do diploma do curso de gradua\u00e7\u00e3o (autenticada para aqueles emitidos por outras IES);<\/li>\n\n\n\n<li>C\u00f3pia do diploma do curso de mestrado. Caso o candidato n\u00e3o possua o diploma de Mestre, dever\u00e1 apresentar c\u00f3pia simples da ata de defesa ou declara\u00e7\u00e3o emitida pela Coordena\u00e7\u00e3o do respectivo programa indicando o t\u00edtulo obtido e data da defesa (dia\/m\u00eas\/ano). Caso ainda esteja cursando o Mestrado, dever\u00e1 apresentar c\u00f3pia simples da Ata do Exame de Qualifica\u00e7\u00e3o;<\/li>\n\n\n\n<li>Curr\u00edculo Lattes documentado, em espiral &lt;<a href=\"https:\/\/31de4f2b-127b-4f96-85a7-5b5e0db81438.filesusr.com\/ugd\/85fc07_47c75fe0355a4f64b4cf49861dd81fa1.pdf\" target=\"_blank\" rel=\"noreferrer noopener\"><strong>fa\u00e7a o download do modelo<\/strong><\/a>&gt;;<\/li>\n\n\n\n<li>Tabela de Auto Pontua\u00e7\u00e3o do\u00a0Curr\u00edculo Lattes\u00a0 &lt;<strong><a href=\"https:\/\/pos.uel.br\/gbm\/wp-content\/uploads\/2024\/09\/Tabela-pontuacao.xlsx\" data-type=\"link\" data-id=\"https:\/\/pos.uel.br\/gbm\/wp-content\/uploads\/2024\/09\/Tabela-pontuacao.xlsx\">fa\u00e7a o download da tabela<\/a><\/strong>&gt;;<\/li>\n\n\n\n<li>C\u00f3pia do pr\u00e9-projeto da tese, assinado pelo(a) poss\u00edvel orientador(a), o qual dever\u00e1 ser entregue conforme estabelecido no regimento do PPG&nbsp; &lt;<a href=\"https:\/\/31de4f2b-127b-4f96-85a7-5b5e0db81438.filesusr.com\/ugd\/85fc07_3bf127d532dc4149beec602b124394a6.pdf\" target=\"_blank\" rel=\"noreferrer noopener\"><strong>fa\u00e7a o download do modelo de pr\u00e9-projeto<\/strong><\/a>&gt;;<\/li>\n\n\n\n<li>C\u00f3pia do artigo publicado ou comprovante de envio para publica\u00e7\u00e3o em peri\u00f3dico de circula\u00e7\u00e3o internacional, o qual dever\u00e1 ser entregue conforme estabelecido no regimento do PPG;<\/li>\n<\/ul>\n\n\n\n<p>Para candidatos estrangeiros:<\/p>\n\n\n\n<ul class=\"wp-block-list\">\n<li>Os documentos de identidade e diploma de gradua\u00e7\u00e3o devem estar traduzidos e autenticados por \u00f3rg\u00e3o oficial no Brasil. O visto de perman\u00eancia no pa\u00eds dever\u00e1 estar atualizado.<\/li>\n<\/ul>\n\n\n\n<p>&nbsp;Sele\u00e7\u00e3o:<\/p>\n\n\n\n<ul class=\"wp-block-list\">\n<li>A sele\u00e7\u00e3o dos candidatos ser\u00e1 de responsabilidade da Comiss\u00e3o Coordenadora e docentes do Programa, e constar\u00e1 das seguintes etapas e respectivos pesos:<\/li>\n\n\n\n<li>Apresenta\u00e7\u00e3o oral dos pr\u00e9-projetos de tese (peso 03);<\/li>\n\n\n\n<li>Argui\u00e7\u00e3o (peso 04);<\/li>\n\n\n\n<li>An\u00e1lise de&nbsp;Curr\u00edculo Lattes, pontuado pelo candidato conforme tabela de pontua\u00e7\u00e3o descrita no t\u00f3pico anterior (peso 03);<\/li>\n<\/ul>\n\n\n\n<p>&nbsp;Sobre a pontua\u00e7\u00e3o do&nbsp;Curr\u00edculo Lattes:<\/p>\n\n\n\n<ul class=\"wp-block-list\">\n<li>O candidato dever\u00e1 pontuar seu pr\u00f3prio curr\u00edculo, de acordo com a tabela de pontua\u00e7\u00e3o;<\/li>\n\n\n\n<li>Todas as informa\u00e7\u00f5es nele contidas dever\u00e3o ser comprovadas. Por exemplo, o candidato dever\u00e1 incluir fotoc\u00f3pias de carteira ou contrato de trabalho, de certificados de est\u00e1gio, de resumos publicados em anais de congressos, artigos publicados, etc. No caso de trabalhos aceitos para publica\u00e7\u00e3o, deve-se anexar c\u00f3pia do trabalho acompanhada da carta de aceite do peri\u00f3dico e\/ou editor;<\/li>\n\n\n\n<li>As informa\u00e7\u00f5es que n\u00e3o forem comprovadas n\u00e3o ser\u00e3o consideradas para a pontua\u00e7\u00e3o do curr\u00edculo;<\/li>\n\n\n\n<li>A nota m\u00ednima a ser atribu\u00edda ao&nbsp;Curr\u00edculo Lattes obedecer\u00e1 crit\u00e9rio de pontua\u00e7\u00e3o determinado pela Comiss\u00e3o Coordenadora do Programa;<\/li>\n\n\n\n<li>A nota final de cada &nbsp;Curr\u00edculo Lattes ser\u00e1 calculada a partir da seguinte equa\u00e7\u00e3o:<\/li>\n<\/ul>\n\n\n\n<p>&nbsp;onde:<br>&nbsp;<\/p>\n\n\n\n<ul class=\"wp-block-list\">\n<li>Nc = nota final da an\u00e1lise do&nbsp;Curr\u00edculo Lattes&nbsp;do candidato;<\/li>\n\n\n\n<li>Nmax = nota at\u00e9 10,0 (dez) que a banca examinadora considera justa para o candidato que obteve a maior pontua\u00e7\u00e3o;<\/li>\n\n\n\n<li>Nmin = nota que a banca examinadora considera justa para o candidato que obteve a menor pontua\u00e7\u00e3o;<\/li>\n\n\n\n<li>Pc = pontua\u00e7\u00e3o obtida pelo candidato na an\u00e1lise do&nbsp;Curr\u00edculo Lattes, com base no gabarito;<\/li>\n\n\n\n<li>Pmax = pontua\u00e7\u00e3o mais alta, obtida entre os&nbsp;Curr\u00edculo Lattes&nbsp;de todos os candidatos;<\/li>\n\n\n\n<li>Pmin = pontua\u00e7\u00e3o mais baixa, obtida entre os&nbsp;Curr\u00edculo Lattes&nbsp;de todos os candidatos.<\/li>\n<\/ul>\n\n\n\n<p>&nbsp;<br>Sobre a pontua\u00e7\u00e3o do pr\u00e9-projeto e da argui\u00e7\u00e3o:<\/p>\n\n\n\n<ul class=\"wp-block-list\">\n<li>As notas da apresenta\u00e7\u00e3o do pr\u00e9-projeto e da argui\u00e7\u00e3o resultar\u00e3o da m\u00e9dia das notas atribu\u00eddas pelos membros da Comiss\u00e3o Examinadora;<\/li>\n\n\n\n<li>Computadas as notas, ser\u00e1 atribu\u00edda ao candidato uma m\u00e9dia final, levando-se em conta os pesos discriminados acima;<\/li>\n\n\n\n<li>O preenchimento das vagas de Doutorado no Programa ser\u00e1 baseado na m\u00e9dia final dos candidatos aprovados e estes ser\u00e3o classificados de acordo com o n\u00famero de vagas pr\u00e9-estabelecido pelo(a) orientador(a);<\/li>\n\n\n\n<li>Os(As) candidatos(as) aprovados(as) que n\u00e3o conseguirem ocupar a vaga dispon\u00edvel do(a) orientador(a), ficar\u00e3o em uma lista suplementar;<\/li>\n\n\n\n<li>Nesta lista, o(a) orientador(a) ter\u00e1 direito a um aluno adicional, respeitando a classifica\u00e7\u00e3o dos alunos, bem como o limite de vagas do Programa e de cada orientador(a). O(A) orientador(a) poder\u00e1 aceitar ou n\u00e3o este aluno adicional e, caso n\u00e3o aceite, este(a) candidato(a) aprovado ficar\u00e1 em uma lista suplente.<\/li>\n\n\n\n<li>Os(As) candidatos(as) concorrer\u00e3o \u00e0s vagas escolhidas, n\u00e3o sendo permitida a mudan\u00e7a de orientador(a) ap\u00f3s divulga\u00e7\u00e3o do resultado do processo de sele\u00e7\u00e3o;<\/li>\n\n\n\n<li>O Programa de P\u00f3s-Gradua\u00e7\u00e3o em Gen\u00e9tica e Biologia Molecular tem recebido bolsas de estudos da CAPES e Funda\u00e7\u00e3o Arauc\u00e1ria, mas n\u00e3o em n\u00famero suficiente para atender a demanda;<\/li>\n\n\n\n<li>A distribui\u00e7\u00e3o de bolsas ser\u00e1 feita conforme a disponibilidade e por ordem de classifica\u00e7\u00e3o na Sele\u00e7\u00e3o.<\/li>\n<\/ul>\n","protected":false},"excerpt":{"rendered":"<p>Requisitos para o Doutorado: &nbsp;Documentos para a inscri\u00e7\u00e3o: Para candidatos estrangeiros: &nbsp;Sele\u00e7\u00e3o: &nbsp;Sobre a pontua\u00e7\u00e3o do&nbsp;Curr\u00edculo Lattes: &nbsp;onde:&nbsp; &nbsp;Sobre a pontua\u00e7\u00e3o do pr\u00e9-projeto e da argui\u00e7\u00e3o:<\/p>\n","protected":false},"author":7,"featured_media":0,"parent":0,"menu_order":0,"comment_status":"closed","ping_status":"closed","template":"","meta":{"footnotes":""},"class_list":["post-46","page","type-page","status-publish","hentry"],"_links":{"self":[{"href":"https:\/\/pos.uel.br\/gbm\/wp-json\/wp\/v2\/pages\/46","targetHints":{"allow":["GET"]}}],"collection":[{"href":"https:\/\/pos.uel.br\/gbm\/wp-json\/wp\/v2\/pages"}],"about":[{"href":"https:\/\/pos.uel.br\/gbm\/wp-json\/wp\/v2\/types\/page"}],"author":[{"embeddable":true,"href":"https:\/\/pos.uel.br\/gbm\/wp-json\/wp\/v2\/users\/7"}],"replies":[{"embeddable":true,"href":"https:\/\/pos.uel.br\/gbm\/wp-json\/wp\/v2\/comments?post=46"}],"version-history":[{"count":6,"href":"https:\/\/pos.uel.br\/gbm\/wp-json\/wp\/v2\/pages\/46\/revisions"}],"predecessor-version":[{"id":1664,"href":"https:\/\/pos.uel.br\/gbm\/wp-json\/wp\/v2\/pages\/46\/revisions\/1664"}],"wp:attachment":[{"href":"https:\/\/pos.uel.br\/gbm\/wp-json\/wp\/v2\/media?parent=46"}],"curies":[{"name":"wp","href":"https:\/\/api.w.org\/{rel}","templated":true}]}}