{"id":412,"date":"2021-06-10T17:26:20","date_gmt":"2021-06-10T20:26:20","guid":{"rendered":"https:\/\/pos.uel.br\/gbm\/?page_id=412"},"modified":"2021-06-22T11:28:03","modified_gmt":"2021-06-22T14:28:03","slug":"disciplinas-e-ementas","status":"publish","type":"page","link":"https:\/\/pos.uel.br\/gbm\/disciplinas-e-ementas\/","title":{"rendered":"Disciplinas e ementas"},"content":{"rendered":"\n<p>O PPG-GBM utiliza disciplinas com carga hor\u00e1ria expressa em cr\u00e9ditos, sendo que cada cr\u00e9dito corresponde a 15 (quinze) horas-aula. As disciplinas s\u00e3o agrupadas em obrigat\u00f3rias e optativas,&nbsp;de acordo com os respectivos conte\u00fados program\u00e1ticos. Para o Mestrado, cada discente precisa completar 1.050 (mil e cinquenta) horas, correspondentes a 70 (setenta) cr\u00e9ditos, assim distribu\u00eddos: a) 7 (sete) cr\u00e9ditos em disciplinas obrigat\u00f3rias, b) 13 (treze) cr\u00e9ditos em disciplinas optativas e c) 50 (cinquenta) cr\u00e9ditos em Disserta\u00e7\u00e3o de Mestrado. Para o Doutorado, cada discente precisa completar 2.685 (duas mil seiscentos e oitenta e cinco) horas e 179 (cento e setenta e nove) cr\u00e9ditos, assim distribu\u00eddos: a) 9 (nove) cr\u00e9ditos em disciplinas obrigat\u00f3rias, b) 20 (vinte) cr\u00e9ditos em disciplinas optativas e c) 150 (cento e cinquenta) cr\u00e9ditos em Tese.<\/p>\n\n\n\n<p>Veja as disciplinas e ementas: <a href=\"https:\/\/pos.uel.br\/gbm\/wp-content\/uploads\/2021\/06\/ementa-disciplinas.pdf\" data-type=\"URL\" data-id=\"https:\/\/pos.uel.br\/gbm\/wp-content\/uploads\/2021\/06\/ementa-disciplinas.pdf\" target=\"_blank\" rel=\"noreferrer noopener\">arquivo em PDF<\/a><\/p>\n\n\n\n<p>Veja o quadro de disciplinas por semestre: <a href=\"https:\/\/pos.uel.br\/gbm\/quadro-de-disciplinas\/\" data-type=\"URL\" data-id=\"https:\/\/pos.uel.br\/gbm\/quadro-de-disciplinas\/\" target=\"_blank\" rel=\"noreferrer noopener\">Link<\/a><\/p>\n","protected":false},"excerpt":{"rendered":"<p>O PPG-GBM utiliza disciplinas com carga hor\u00e1ria expressa em cr\u00e9ditos, sendo que cada cr\u00e9dito corresponde a 15 (quinze) horas-aula. As disciplinas s\u00e3o agrupadas em obrigat\u00f3rias e optativas,&nbsp;de acordo com os respectivos conte\u00fados program\u00e1ticos. Para o Mestrado, cada discente precisa completar 1.050 (mil e cinquenta) horas, correspondentes a 70 (setenta) cr\u00e9ditos, assim distribu\u00eddos: a) 7 (sete) [&hellip;]<\/p>\n","protected":false},"author":8,"featured_media":0,"parent":0,"menu_order":0,"comment_status":"closed","ping_status":"closed","template":"","meta":{"footnotes":""},"class_list":["post-412","page","type-page","status-publish","hentry"],"_links":{"self":[{"href":"https:\/\/pos.uel.br\/gbm\/wp-json\/wp\/v2\/pages\/412","targetHints":{"allow":["GET"]}}],"collection":[{"href":"https:\/\/pos.uel.br\/gbm\/wp-json\/wp\/v2\/pages"}],"about":[{"href":"https:\/\/pos.uel.br\/gbm\/wp-json\/wp\/v2\/types\/page"}],"author":[{"embeddable":true,"href":"https:\/\/pos.uel.br\/gbm\/wp-json\/wp\/v2\/users\/8"}],"replies":[{"embeddable":true,"href":"https:\/\/pos.uel.br\/gbm\/wp-json\/wp\/v2\/comments?post=412"}],"version-history":[{"count":4,"href":"https:\/\/pos.uel.br\/gbm\/wp-json\/wp\/v2\/pages\/412\/revisions"}],"predecessor-version":[{"id":603,"href":"https:\/\/pos.uel.br\/gbm\/wp-json\/wp\/v2\/pages\/412\/revisions\/603"}],"wp:attachment":[{"href":"https:\/\/pos.uel.br\/gbm\/wp-json\/wp\/v2\/media?parent=412"}],"curies":[{"name":"wp","href":"https:\/\/api.w.org\/{rel}","templated":true}]}}