{"id":38,"date":"2021-04-29T12:39:50","date_gmt":"2021-04-29T15:39:50","guid":{"rendered":"https:\/\/pos.uel.br\/gbm\/?page_id=38"},"modified":"2025-12-04T14:53:56","modified_gmt":"2025-12-04T17:53:56","slug":"formularios","status":"publish","type":"page","link":"https:\/\/pos.uel.br\/gbm\/formularios\/","title":{"rendered":"Formul\u00e1rios"},"content":{"rendered":"\n<p><strong>Formul\u00e1rios e instru\u00e7\u00f5es para tr\u00e2mites junto ao PPG-GBM-UEL<\/strong><\/p>\n\n\n\n<p><strong>Documentos para a inscri\u00e7\u00e3o exame sele\u00e7\u00e3o:<\/strong><\/p>\n\n\n\n<ul class=\"wp-block-list\">\n<li>Tabela de auto pontua\u00e7\u00e3o do Curr\u00edculo Lattes para exame de sele\u00e7\u00e3o &lt;<strong><a href=\"https:\/\/pos.uel.br\/gbm\/wp-content\/uploads\/2025\/10\/Tabela-pontuacao-atualizada.xlsx\" data-type=\"attachment\" data-id=\"1985\">fa\u00e7a o download<\/a><\/strong>&gt;<\/li>\n\n\n\n<li>Modelo e apresenta\u00e7\u00e3o do pr\u00e9-projeto de tese (Doutorado) &lt;<strong><a href=\"https:\/\/pos.uel.br\/gbm\/wp-content\/uploads\/2025\/10\/Modelo-Pre-projeto-Novo-1.pdf\" data-type=\"attachment\" data-id=\"1982\">fa\u00e7a o download<\/a><\/strong>&gt;<\/li>\n<\/ul>\n\n\n\n<p><strong>Modelo de Projeto (Disserta\u00e7\u00e3o\/Tese)<\/strong><\/p>\n\n\n\n<ul class=\"wp-block-list\">\n<li>Modelo de projetos disserta\u00e7\u00e3o\/tese &lt;<strong><a href=\"https:\/\/pos.uel.br\/gbm\/wp-content\/uploads\/2021\/06\/modelo-projeto-dissertacao.tese_.docx\" data-type=\"URL\" data-id=\"https:\/\/pos.uel.br\/gbm\/wp-content\/uploads\/2021\/06\/modelo-projeto-dissertacao.tese_.docx\" target=\"_blank\" rel=\"noreferrer noopener\">fa\u00e7a o download<\/a><\/strong>&gt;<\/li>\n<\/ul>\n\n\n\n<p>\u200b<strong>Documentos e instru\u00e7\u00f5es para exame de qualifica\u00e7\u00e3o:<\/strong><\/p>\n\n\n\n<ul class=\"wp-block-list\">\n<li>Instru\u00e7\u00f5es para exame de qualifica\u00e7\u00e3o disserta\u00e7\u00e3o\/tese &lt;<strong><a href=\"https:\/\/pos.uel.br\/gbm\/wp-content\/uploads\/2021\/07\/instrucoes-para-a-qualificacao-1.pdf\" data-type=\"URL\" data-id=\"https:\/\/pos.uel.br\/gbm\/wp-content\/uploads\/2021\/07\/instrucoes-para-a-qualificacao-1.pdf\" target=\"_blank\" rel=\"noreferrer noopener\">fa\u00e7a o download<\/a><\/strong>&gt;<\/li>\n\n\n\n<li>Indica\u00e7\u00e3o da banca examinadora para a qualifica\u00e7\u00e3o da disserta\u00e7\u00e3o\/tese &lt;<strong><a rel=\"noreferrer noopener\" href=\"https:\/\/pos.uel.br\/gbm\/wp-content\/uploads\/2021\/06\/indicacao_-banca_-examinadora_-qualificacao_M_D.doc\" data-type=\"URL\" data-id=\"https:\/\/pos.uel.br\/gbm\/wp-content\/uploads\/2021\/06\/indicacao_-banca_-examinadora_-qualificacao_M_D.doc\" target=\"_blank\">fa\u00e7a o download<\/a><\/strong>&gt;<\/li>\n<\/ul>\n\n\n\n<p>&nbsp;<br><strong>Documentos e instru\u00e7\u00f5es para defesa de disserta\u00e7\u00e3o\/tese:<\/strong><\/p>\n\n\n\n<ul class=\"wp-block-list\">\n<li>Indica\u00e7\u00e3o da banca examinadora para a defesa de disserta\u00e7\u00e3o ou tese &lt;<strong><a rel=\"noreferrer noopener\" href=\"https:\/\/pos.uel.br\/gbm\/wp-content\/uploads\/2021\/12\/Formulario-de-indicacao-de-banca-para-defesa-de-Dissertacao-ou-Tese.doc\" data-type=\"URL\" data-id=\"https:\/\/pos.uel.br\/gbm\/wp-content\/uploads\/2021\/12\/Formulario-de-indicacao-de-banca-para-defesa-de-Dissertacao-ou-Tese.doc\" target=\"_blank\">fa\u00e7a o download<\/a><\/strong>&gt;<\/li>\n\n\n\n<li>Formul\u00e1rio de cadastro de participantes externos para banca examinadora &lt;<strong><a href=\"https:\/\/pos.uel.br\/gbm\/wp-content\/uploads\/2025\/07\/Cadastro-de-Docente-Externo.doc\" data-type=\"attachment\" data-id=\"1930\">fa\u00e7a o download<\/a><\/strong>&gt;<\/li>\n\n\n\n<li>Orienta\u00e7\u00f5es para a banca examinadora &lt;<strong><a rel=\"noreferrer noopener\" href=\"https:\/\/pos.uel.br\/gbm\/wp-content\/uploads\/2021\/06\/ORIENTACOES-PARA-BANCA-EXAMINADORA-PPGGBM.pdf\" data-type=\"URL\" data-id=\"https:\/\/pos.uel.br\/gbm\/wp-content\/uploads\/2021\/06\/ORIENTACOES-PARA-BANCA-EXAMINADORA-PPGGBM.pdf\" target=\"_blank\">fa\u00e7a o download<\/a><\/strong>&gt;<\/li>\n\n\n\n<li>Modelo para disserta\u00e7\u00e3o\/tese &lt;<strong><a href=\"https:\/\/pos.uel.br\/gbm\/wp-content\/uploads\/2025\/12\/modelo-de-Dissertacao.Tese-PPG-GBM.docx\" data-type=\"attachment\" data-id=\"2022\">fa\u00e7a o download<\/a><\/strong>&gt;<\/li>\n<\/ul>\n\n\n\n<p><strong>Documentos ap\u00f3s a defesa de disserta\u00e7\u00e3o\/tese:<\/strong><\/p>\n\n\n\n<ul class=\"wp-block-list\">\n<li>Termo de Autoriza\u00e7\u00e3o \u00e0 Biblioteca Digital\/UEL  &lt;<strong><a href=\"https:\/\/pos.uel.br\/gbm\/wp-content\/uploads\/2025\/06\/Termo_de_Autorizacao-RIUEL-2024-05-03.pdf\" data-type=\"attachment\" data-id=\"1926\">fa\u00e7a o download<\/a><\/strong>&gt;<\/li>\n<\/ul>\n\n\n\n<p><\/p>\n","protected":false},"excerpt":{"rendered":"<p>Formul\u00e1rios e instru\u00e7\u00f5es para tr\u00e2mites junto ao PPG-GBM-UEL Documentos para a inscri\u00e7\u00e3o exame sele\u00e7\u00e3o: Modelo de Projeto (Disserta\u00e7\u00e3o\/Tese) \u200bDocumentos e instru\u00e7\u00f5es para exame de qualifica\u00e7\u00e3o: &nbsp;Documentos e instru\u00e7\u00f5es para defesa de disserta\u00e7\u00e3o\/tese: Documentos ap\u00f3s a defesa de disserta\u00e7\u00e3o\/tese:<\/p>\n","protected":false},"author":7,"featured_media":0,"parent":0,"menu_order":0,"comment_status":"closed","ping_status":"closed","template":"","meta":{"footnotes":""},"class_list":["post-38","page","type-page","status-publish","hentry"],"_links":{"self":[{"href":"https:\/\/pos.uel.br\/gbm\/wp-json\/wp\/v2\/pages\/38","targetHints":{"allow":["GET"]}}],"collection":[{"href":"https:\/\/pos.uel.br\/gbm\/wp-json\/wp\/v2\/pages"}],"about":[{"href":"https:\/\/pos.uel.br\/gbm\/wp-json\/wp\/v2\/types\/page"}],"author":[{"embeddable":true,"href":"https:\/\/pos.uel.br\/gbm\/wp-json\/wp\/v2\/users\/7"}],"replies":[{"embeddable":true,"href":"https:\/\/pos.uel.br\/gbm\/wp-json\/wp\/v2\/comments?post=38"}],"version-history":[{"count":52,"href":"https:\/\/pos.uel.br\/gbm\/wp-json\/wp\/v2\/pages\/38\/revisions"}],"predecessor-version":[{"id":2024,"href":"https:\/\/pos.uel.br\/gbm\/wp-json\/wp\/v2\/pages\/38\/revisions\/2024"}],"wp:attachment":[{"href":"https:\/\/pos.uel.br\/gbm\/wp-json\/wp\/v2\/media?parent=38"}],"curies":[{"name":"wp","href":"https:\/\/api.w.org\/{rel}","templated":true}]}}