{"id":377,"date":"2021-06-09T20:41:13","date_gmt":"2021-06-09T23:41:13","guid":{"rendered":"https:\/\/pos.uel.br\/gbm\/?page_id=377"},"modified":"2025-05-23T10:30:54","modified_gmt":"2025-05-23T13:30:54","slug":"banco-de-teses-e-dissertacoes","status":"publish","type":"page","link":"https:\/\/pos.uel.br\/gbm\/banco-de-teses-e-dissertacoes\/","title":{"rendered":"Banco de Teses e Disserta\u00e7\u00f5es"},"content":{"rendered":"\n<p>A Biblioteca Digital de Teses e Disserta\u00e7\u00f5es da UEL-BDTD disponibiliza via Web a produ\u00e7\u00e3o cient\u00edfica dos PPGs stricto sensu da UEL desde 2005. Ela oferece aos Colegiados de P\u00f3s-Gradua\u00e7\u00e3o suporte no lan\u00e7amento das produ\u00e7\u00f5es de teses e disserta\u00e7\u00f5es. Isso tem sido considerado um diferencial para as avalia\u00e7\u00f5es da CAPES e MEC. Atualmente, conta com trabalhos dispon\u00edveis com texto completo, no Sistema Nou-Rau desenvolvido pela UNICAMP. A UEL-BDTD participa da Rede Brasileira de Bibliotecas Digitais de Teses e Disserta\u00e7\u00f5es, coordenada pelo Instituto Brasileiro de Informa\u00e7\u00e3o em Ci\u00eancia e Tecnologia (IBICT) e da Networked Digital Library of Theses and Dissertations (NDLTD), coordenada pela Virginia Institute of Technology and State University (Virginia Tech). \u00c9 registrada tamb\u00e9m no ROAR (Registry of Open Acces Ropositories) na University of Southampton, UK. <\/p>\n\n\n\n<p>Veja o acervo de Teses e Disserta\u00e7\u00f5es<\/p>\n\n\n\n<p><strong><mark class=\"has-inline-color has-primary-accent-color\"><a href=\"http:\/\/repositorio.uel.br\/handle\/123456789\/24\">Reposit\u00f3rio Mestrado <\/a><\/mark><\/strong><\/p>\n\n\n\n<p><strong><mark class=\"has-inline-color has-primary-accent-color\"><a href=\"http:\/\/repositorio.uel.br\/handle\/123456789\/17\">Reposit\u00f3rio Doutorado<\/a><\/mark><\/strong><\/p>\n\n\n\n<p><\/p>\n","protected":false},"excerpt":{"rendered":"<p>A Biblioteca Digital de Teses e Disserta\u00e7\u00f5es da UEL-BDTD disponibiliza via Web a produ\u00e7\u00e3o cient\u00edfica dos PPGs stricto sensu da UEL desde 2005. Ela oferece aos Colegiados de P\u00f3s-Gradua\u00e7\u00e3o suporte no lan\u00e7amento das produ\u00e7\u00f5es de teses e disserta\u00e7\u00f5es. Isso tem sido considerado um diferencial para as avalia\u00e7\u00f5es da CAPES e MEC. Atualmente, conta com trabalhos [&hellip;]<\/p>\n","protected":false},"author":8,"featured_media":0,"parent":0,"menu_order":0,"comment_status":"closed","ping_status":"closed","template":"","meta":{"footnotes":""},"class_list":["post-377","page","type-page","status-publish","hentry"],"_links":{"self":[{"href":"https:\/\/pos.uel.br\/gbm\/wp-json\/wp\/v2\/pages\/377","targetHints":{"allow":["GET"]}}],"collection":[{"href":"https:\/\/pos.uel.br\/gbm\/wp-json\/wp\/v2\/pages"}],"about":[{"href":"https:\/\/pos.uel.br\/gbm\/wp-json\/wp\/v2\/types\/page"}],"author":[{"embeddable":true,"href":"https:\/\/pos.uel.br\/gbm\/wp-json\/wp\/v2\/users\/8"}],"replies":[{"embeddable":true,"href":"https:\/\/pos.uel.br\/gbm\/wp-json\/wp\/v2\/comments?post=377"}],"version-history":[{"count":5,"href":"https:\/\/pos.uel.br\/gbm\/wp-json\/wp\/v2\/pages\/377\/revisions"}],"predecessor-version":[{"id":1845,"href":"https:\/\/pos.uel.br\/gbm\/wp-json\/wp\/v2\/pages\/377\/revisions\/1845"}],"wp:attachment":[{"href":"https:\/\/pos.uel.br\/gbm\/wp-json\/wp\/v2\/media?parent=377"}],"curies":[{"name":"wp","href":"https:\/\/api.w.org\/{rel}","templated":true}]}}