{"id":368,"date":"2021-06-09T20:36:33","date_gmt":"2021-06-09T23:36:33","guid":{"rendered":"https:\/\/pos.uel.br\/gbm\/?page_id=368"},"modified":"2025-04-16T10:27:26","modified_gmt":"2025-04-16T13:27:26","slug":"politica-de-bolsas","status":"publish","type":"page","link":"https:\/\/pos.uel.br\/gbm\/politica-de-bolsas\/","title":{"rendered":"Pol\u00edtica de Bolsas"},"content":{"rendered":"\n<p><strong>O PPG-GBM adota os seguintes crit\u00e9rios para distribui\u00e7\u00e3o de bolsas de Mestrado e Doutorado (CAPES, CNPq e FA)<\/strong><\/p>\n\n\n\n<p><strong>Artigo 1\u00ba<\/strong>&nbsp;&#8211; A concess\u00e3o de bolsas aos alunos matriculados regularmente no PPG-GBM seguir\u00e1 a lista de classifica\u00e7\u00e3o, mediante o desempenho nos processos seletivos (Mestrado ou Doutorado), atendendo as Portaria vigentes da CAPES, CNPq e FA, \u00e0 \u00e9poca do processo de sele\u00e7\u00e3o.<\/p>\n\n\n\n<p>i) as cotas poder\u00e3o ser destinadas para ampla concorr\u00eancia nos processos seletivos e tamb\u00e9m para alunos ingressos no ano anterior, e que n\u00e3o foram contemplados com bolsas na ocasi\u00e3o da sele\u00e7\u00e3o.<\/p>\n\n\n\n<p><strong>Artigo 2\u00ba<\/strong>&nbsp;&#8211; As cotas pertencem ao Programa e a concess\u00e3o ser\u00e1 pelo prazo m\u00e1ximo de 24 meses para o Mestrado e 48 meses para o Doutorado, podendo a cota ser retirada do aluno mediante decis\u00e3o colegiada da Comiss\u00e3o de Bolsas.<\/p>\n\n\n\n<p><strong>Artigo 3\u00ba<\/strong>&nbsp;&#8211; Os contemplados com cotas de quaisquer ag\u00eancia de fomento dever\u00e3o seguir as seguintes regras estabelecidas na Portaria n.\u00ba 133 da CAPES, de 10 de julho de 2023, que regulamenta o ac\u00famulo de bolsas de mestrado e doutorado concedidas pelo Programa CAPES-DS no Pa\u00eds, com atividade remunerada ou outros rendimentos. <\/p>\n\n\n\n<p>Veja a<strong> Instru\u00e7\u00e3o de Servi\u00e7o da ProPPG-UEL<\/strong> sobre as bolsas de p\u00f3s-gradua\u00e7\u00e3o (<a href=\"https:\/\/pos.uel.br\/gbm\/wp-content\/uploads\/2023\/11\/Instrucao-de-Servico_PROPPG_07_2023-Portaria-133.pdf\" data-type=\"link\" data-id=\"https:\/\/pos.uel.br\/gbm\/wp-content\/uploads\/2023\/11\/Instrucao-de-Servico_PROPPG_07_2023-Portaria-133.pdf\">Link<\/a>)<\/p>\n\n\n\n<p>Al\u00e9m disso, algumas condutas dever\u00e3o ser respeitadas:<\/p>\n\n\n\n<p>i) para exercer outra atividade concomitante e remunerada, o discente bolsista dever\u00e1 apresentar os seguintes documentos \u00e0 comiss\u00e3o de bolsas do PPG-GBM:<\/p>\n\n\n\n<p><strong>Declara\u00e7\u00e3o de ac\u00famulo de atividades remuneradas<\/strong> (<a href=\"https:\/\/pos.uel.br\/gbm\/wp-content\/uploads\/2023\/11\/DeclaraodeAcmulos1-Modelo-2.docx\" data-type=\"link\" data-id=\"https:\/\/pos.uel.br\/gbm\/wp-content\/uploads\/2023\/11\/DeclaraodeAcmulos1-Modelo-2.docx\">Baixe o formul\u00e1rio<\/a>)<\/p>\n\n\n\n<p><strong>Termo de compromisso do bolsista<\/strong> (<a href=\"https:\/\/pos.uel.br\/gbm\/wp-content\/uploads\/2023\/11\/TermodeCompromissoDS_Bolsista.docx\" data-type=\"link\" data-id=\"https:\/\/pos.uel.br\/gbm\/wp-content\/uploads\/2023\/11\/TermodeCompromissoDS_Bolsista.docx\">Baixe o formul\u00e1rio<\/a>)<a href=\"https:\/\/www.jusbrasil.com.br\/topicos\/318949\/casos-excepcionais\"><\/a><\/p>\n\n\n\n<p>ii) apresentar o relat\u00f3rio semestral discente, assinado pelo orientador, no prazo estabelecido pela coordena\u00e7\u00e3o;<\/p>\n\n\n\n<p>iii) n\u00e3o reprovar em disciplinas nas quais estejam regularmente matriculados;<\/p>\n\n\n\n<p>iv) solicitar suspens\u00e3o da bolsa caso desistam de prosseguir no programa e<\/p>\n\n\n\n<p>v) n\u00e3o acumular bolsas de diferentes fontes de fomento.<\/p>\n\n\n\n<p><strong>Artigo 4\u00ba<\/strong>&nbsp;&#8211; Os bolsistas poder\u00e3o atuar como professores em institui\u00e7\u00f5es de ensino superior com carga hor\u00e1ria m\u00e1xima de 12 horas\/aula por semana, em disciplinas relativas aos temas do PPG-GBM, desde que com anu\u00eancia do orientador e ci\u00eancia da Comiss\u00e3o de Bolsas.<\/p>\n\n\n\n<p><strong>Artigo 5\u00ba<\/strong>&nbsp;&#8211; \u00c9 vedado aos bolsistas frequentar outros cursos de gradua\u00e7\u00e3o e especializa\u00e7\u00e3o enquanto receberem a bolsa.<\/p>\n\n\n\n<p><strong>Artigo 6\u00ba<\/strong>&nbsp;&#8211; O bolsista que a) descumprir os prazos de qualifica\u00e7\u00e3o estabelecidos em regimento, b) n\u00e3o realizar os est\u00e1gios de doc\u00eancia em curso de gradua\u00e7\u00e3o determinados pela CAPES, em temas compat\u00edveis com a \u00e1rea de pesquisa do Programa ou c) perderem os prazos de matr\u00edcula, ter\u00e3o as bolsas suspensas at\u00e9 que regularizem a situa\u00e7\u00e3o.<\/p>\n\n\n\n<p><strong>Artigo 7\u00ba<\/strong>&nbsp;&#8211; A distribui\u00e7\u00e3o das cotas depender\u00e1 da disponibiliza\u00e7\u00e3o das mesmas pelas fontes de fomento.<\/p>\n\n\n\n<p><strong>Artigo 8\u00ba<\/strong>&nbsp;&#8211; As cotas vinculadas \u00e0 projetos seguir\u00e3o as regras de concess\u00e3o de cada ag\u00eancia de fomento.<\/p>\n\n\n\n<p><strong>Artigo 9\u00ba<\/strong>&nbsp;&#8211; \u00c9 de obriga\u00e7\u00e3o dos bolsistas e orientadores a apresenta\u00e7\u00e3o de relat\u00f3rios \u00e0 fonte de fomento, conforme estabelecido em edital espec\u00edfico ou solicita\u00e7\u00e3o das ag\u00eancias pagadoras.<\/p>\n\n\n\n<p>Artigo <strong>10\u00ba<\/strong>&nbsp;&#8211; A Comiss\u00e3o de Bolsas do Programa, constitu\u00edda segundo o regimento do PPG-GBM, \u00e9 soberana para resolver casos omissos.<\/p>\n\n\n\n<p><strong>Comiss\u00e3o de bolsa 2025-2026<\/strong><\/p>\n\n\n\n<p>Coordena\u00e7\u00e3o: Prof. Dr. M\u00e1rio S\u00e9rgio Mantovani<\/p>\n\n\n\n<p>Representante Docente: <\/p>\n\n\n\n<p>Representante Discente: Matheus Felipe da Silva<\/p>\n","protected":false},"excerpt":{"rendered":"<p>O PPG-GBM adota os seguintes crit\u00e9rios para distribui\u00e7\u00e3o de bolsas de Mestrado e Doutorado (CAPES, CNPq e FA) Artigo 1\u00ba&nbsp;&#8211; A concess\u00e3o de bolsas aos alunos matriculados regularmente no PPG-GBM seguir\u00e1 a lista de classifica\u00e7\u00e3o, mediante o desempenho nos processos seletivos (Mestrado ou Doutorado), atendendo as Portaria vigentes da CAPES, CNPq e FA, \u00e0 \u00e9poca [&hellip;]<\/p>\n","protected":false},"author":8,"featured_media":0,"parent":0,"menu_order":0,"comment_status":"closed","ping_status":"closed","template":"","meta":{"footnotes":""},"class_list":["post-368","page","type-page","status-publish","hentry"],"_links":{"self":[{"href":"https:\/\/pos.uel.br\/gbm\/wp-json\/wp\/v2\/pages\/368","targetHints":{"allow":["GET"]}}],"collection":[{"href":"https:\/\/pos.uel.br\/gbm\/wp-json\/wp\/v2\/pages"}],"about":[{"href":"https:\/\/pos.uel.br\/gbm\/wp-json\/wp\/v2\/types\/page"}],"author":[{"embeddable":true,"href":"https:\/\/pos.uel.br\/gbm\/wp-json\/wp\/v2\/users\/8"}],"replies":[{"embeddable":true,"href":"https:\/\/pos.uel.br\/gbm\/wp-json\/wp\/v2\/comments?post=368"}],"version-history":[{"count":14,"href":"https:\/\/pos.uel.br\/gbm\/wp-json\/wp\/v2\/pages\/368\/revisions"}],"predecessor-version":[{"id":1816,"href":"https:\/\/pos.uel.br\/gbm\/wp-json\/wp\/v2\/pages\/368\/revisions\/1816"}],"wp:attachment":[{"href":"https:\/\/pos.uel.br\/gbm\/wp-json\/wp\/v2\/media?parent=368"}],"curies":[{"name":"wp","href":"https:\/\/api.w.org\/{rel}","templated":true}]}}