{"id":363,"date":"2021-06-09T20:32:39","date_gmt":"2021-06-09T23:32:39","guid":{"rendered":"https:\/\/pos.uel.br\/gbm\/?page_id=363"},"modified":"2025-12-04T14:54:47","modified_gmt":"2025-12-04T17:54:47","slug":"modelos-de-teses-e-dissertacoes","status":"publish","type":"page","link":"https:\/\/pos.uel.br\/gbm\/modelos-de-teses-e-dissertacoes\/","title":{"rendered":"Modelos de Teses e Disserta\u00e7\u00f5es"},"content":{"rendered":"\n<p>Os documentos finais poder\u00e3o ser redigidos na forma de artigos cient\u00edficos, mas dever\u00e3o conter os seguintes itens:<\/p>\n\n\n\n<ol style=\"list-style-type:upper-roman\" class=\"wp-block-list\">\n<li>Capa e contracapa com o T\u00edtulo geral, lista de tabelas e figuras, e lista de abrevia\u00e7\u00f5es. Ambos, capa e contracapa dever\u00e3o trazer as logo marcas da UEL, do Programa e das institui\u00e7\u00f5es parceiras;<\/li>\n\n\n\n<li>Folha com agradecimentos \u00e0s fontes de fomento e outros de arb\u00edtrio dos autores<\/li>\n\n\n\n<li>T\u00edtulo geral o mais claro e conciso poss\u00edvel. Evitar nomes cient\u00edficos no t\u00edtulo;<\/li>\n\n\n\n<li>Resumo: m\u00e1ximo de 250 palavras (palavras-chave: at\u00e9 6 entre &#8220;;&#8221;); <\/li>\n\n\n\n<li>Abstract: tradu\u00e7\u00e3o para o ingl\u00eas do resumo geral (keywords: at\u00e9 6 entre &#8220;;&#8221;)<\/li>\n\n\n\n<li>Introdu\u00e7\u00e3o: m\u00e1ximo de duas p\u00e1ginas;<\/li>\n\n\n\n<li>Revis\u00e3o Bibliogr\u00e1fica: este item \u00e9 obrigat\u00f3rio e pode ter a dimens\u00e3o que for necess\u00e1ria para uma completa revis\u00e3o. Se poss\u00edvel, esta revis\u00e3o deve ser publicada em peri\u00f3dicos ou em outro ve\u00edculo de dissemina\u00e7\u00e3o t\u00e9cnica ou cient\u00edfica. Anexar no final as normas em que a mesma foi escrita;<\/li>\n\n\n\n<li>Objetivos Geral e Espec\u00edficos<\/li>\n\n\n\n<li>Material e M\u00e9todos (Opcional);<\/li>\n\n\n\n<li>Bibliografia: todas as cita\u00e7\u00f5es bibliogr\u00e1ficas utilizadas nas partes descritas nos itens acima;<\/li>\n\n\n\n<li>Os artigos cient\u00edficos presentes no corpo da disserta\u00e7\u00e3o ou tese dever\u00e3o ser redigidos em portugu\u00eas ou ingl\u00eas e apresentados, seguindo as normas da revista para qual ser\u00e3o submetidos. Os artigos dever\u00e3o ser enviados<strong>&nbsp;<\/strong>em revistas com fator de impacto maior ou igual a 2 ou estrato A Qualis-CAPES<strong>;<\/strong><\/li>\n\n\n\n<li>Se a disserta\u00e7\u00e3o ou tese gerar mais de um artigo, cada um corresponder\u00e1 a um cap\u00edtulo espec\u00edfico da disserta\u00e7\u00e3o ou tese;<\/li>\n\n\n\n<li>Conclus\u00e3o Geral: no m\u00e1ximo duas p\u00e1ginas.<\/li>\n<\/ol>\n\n\n\n<p>Observa\u00e7\u00e3o 1 &#8211; S\u00f3 ser\u00e3o considerados artigos cient\u00edficos aqueles com autoria do estudante, podendo o orientador ou coorientador aparecer como autor correspondente ou coautor.<\/p>\n\n\n\n<p>Observa\u00e7\u00e3o 2 &#8211; Os trabalhos cient\u00edficos ou qualquer outra produ\u00e7\u00e3o intelectual para cumprir exig\u00eancias do Programa s\u00f3 poder\u00e3o ser utilizados uma \u00fanica vez e por um estudante.<\/p>\n\n\n\n<p>O PPG adota um modelo para o preparo das disserta\u00e7\u00f5es e teses: baixe aqui o <strong><a href=\"https:\/\/pos.uel.br\/gbm\/wp-content\/uploads\/2025\/12\/modelo-de-Dissertacao.Tese-PPG-GBM.docx\" data-type=\"attachment\" data-id=\"2022\">modelo<\/a><\/strong><\/p>\n\n\n\n<p><\/p>\n","protected":false},"excerpt":{"rendered":"<p>Os documentos finais poder\u00e3o ser redigidos na forma de artigos cient\u00edficos, mas dever\u00e3o conter os seguintes itens: Observa\u00e7\u00e3o 1 &#8211; S\u00f3 ser\u00e3o considerados artigos cient\u00edficos aqueles com autoria do estudante, podendo o orientador ou coorientador aparecer como autor correspondente ou coautor. Observa\u00e7\u00e3o 2 &#8211; Os trabalhos cient\u00edficos ou qualquer outra produ\u00e7\u00e3o intelectual para cumprir exig\u00eancias [&hellip;]<\/p>\n","protected":false},"author":8,"featured_media":0,"parent":0,"menu_order":0,"comment_status":"closed","ping_status":"closed","template":"","meta":{"footnotes":""},"class_list":["post-363","page","type-page","status-publish","hentry"],"_links":{"self":[{"href":"https:\/\/pos.uel.br\/gbm\/wp-json\/wp\/v2\/pages\/363","targetHints":{"allow":["GET"]}}],"collection":[{"href":"https:\/\/pos.uel.br\/gbm\/wp-json\/wp\/v2\/pages"}],"about":[{"href":"https:\/\/pos.uel.br\/gbm\/wp-json\/wp\/v2\/types\/page"}],"author":[{"embeddable":true,"href":"https:\/\/pos.uel.br\/gbm\/wp-json\/wp\/v2\/users\/8"}],"replies":[{"embeddable":true,"href":"https:\/\/pos.uel.br\/gbm\/wp-json\/wp\/v2\/comments?post=363"}],"version-history":[{"count":14,"href":"https:\/\/pos.uel.br\/gbm\/wp-json\/wp\/v2\/pages\/363\/revisions"}],"predecessor-version":[{"id":2023,"href":"https:\/\/pos.uel.br\/gbm\/wp-json\/wp\/v2\/pages\/363\/revisions\/2023"}],"wp:attachment":[{"href":"https:\/\/pos.uel.br\/gbm\/wp-json\/wp\/v2\/media?parent=363"}],"curies":[{"name":"wp","href":"https:\/\/api.w.org\/{rel}","templated":true}]}}