{"id":36,"date":"2021-04-29T12:39:50","date_gmt":"2021-04-29T15:39:50","guid":{"rendered":"https:\/\/pos.uel.br\/gbm\/?page_id=36"},"modified":"2024-04-15T09:09:51","modified_gmt":"2024-04-15T12:09:51","slug":"regimento-resolucoes-e-normas","status":"publish","type":"page","link":"https:\/\/pos.uel.br\/gbm\/regimento-resolucoes-e-normas\/","title":{"rendered":"Documenta\u00e7\u00e3o"},"content":{"rendered":"\n<p><\/p>\n\n\n\n<p><strong>2024 &#8211; Documenta\u00e7\u00e3o &#8211; Bolsas PDSE<\/strong><\/p>\n\n\n\n<p>Edital\/ProPPG\/CAPES (<a href=\"https:\/\/pos.uel.br\/gbm\/wp-content\/uploads\/2024\/03\/Edital_PROPPG_PDSE_UEL_2024_assinado_1_assinado.pdf\">PDF<\/a>) \u2013 Edital\/PPG-GBM (<a href=\"https:\/\/pos.uel.br\/gbm\/wp-content\/uploads\/2024\/03\/6.-Edital_PPG-GBM_UEL_PDSE2024.pdf\">PDF<\/a>)<\/p>\n\n\n\n<p>Declara\u00e7\u00e3o de flu\u00eancia \u2013 orientador local (<a href=\"https:\/\/pos.uel.br\/gbm\/wp-content\/uploads\/2024\/03\/3.-AnexoIII_Declaracao_Reconhecimento_da_Fluencia___Orient_Brasileiro.pdf\">PDF<\/a>)<\/p>\n\n\n\n<p>Declara\u00e7\u00e3o de flu\u00eancia \u2013 orientador estrangeiro (<a href=\"https:\/\/pos.uel.br\/gbm\/wp-content\/uploads\/2024\/03\/2.-Anexo-II_Declaracao_Reconhecimento_da_Fluencia_Linguistica_do_cooorientador_no_exterior__1_.pdf\">PDF<\/a>)<\/p>\n\n\n\n<p>Requisitos \u2013 profici\u00eancia (<a href=\"https:\/\/pos.uel.br\/gbm\/wp-content\/uploads\/2024\/03\/4.-Anexo_IV__Requisitos_Proficiencia_2024.pdf\">PDF<\/a>) \u2013 Declara\u00e7\u00e3o do orientador no exterior (<a href=\"https:\/\/pos.uel.br\/gbm\/wp-content\/uploads\/2024\/03\/5.-MODELO_DA_DECLARACAO_DO_COORIENTADOR_NO_EXTERIOR_2.pdf\">PDF<\/a>)<\/p>\n\n\n\n<p>Termo de outorga (<a href=\"https:\/\/pos.uel.br\/gbm\/wp-content\/uploads\/2024\/03\/1.-Anexo_I___Termo_de_Outorga.pdf\">PDF<\/a>)<\/p>\n\n\n\n<p><\/p>\n\n\n\n<p><strong>2024 &#8211; Edital de sele\u00e7\u00e3o &#8211; PPG-GBM<\/strong><\/p>\n\n\n\n<p>Sele\u00e7\u00e3o para o ingresso no Programa de P\u00f3s-Gradua\u00e7\u00e3o Stricto sensu em<br>Gen\u00e9tica e Biologia Molecular &#8211; Veja o edital (<a href=\"https:\/\/pos.uel.br\/gbm\/wp-content\/uploads\/2024\/04\/Edital_PPG-GBM-2024-1.pdf\" data-type=\"link\" data-id=\"https:\/\/pos.uel.br\/gbm\/wp-content\/uploads\/2024\/04\/Edital_PPG-GBM-2024-1.pdf\">PDF<\/a>)<\/p>\n\n\n\n<p>Veja as informa\u00e7\u00f5es sobre a pol\u00edtica de cotas do PPG (<a href=\"https:\/\/pos.uel.br\/gbm\/wp-content\/uploads\/2024\/04\/Politica-de-cotas-na-pos.pdf\" data-type=\"link\" data-id=\"https:\/\/pos.uel.br\/gbm\/wp-content\/uploads\/2024\/04\/Politica-de-cotas-na-pos.pdf\">PDF<\/a>)<\/p>\n","protected":false},"excerpt":{"rendered":"<p>2024 &#8211; Documenta\u00e7\u00e3o &#8211; Bolsas PDSE Edital\/ProPPG\/CAPES (PDF) \u2013 Edital\/PPG-GBM (PDF) Declara\u00e7\u00e3o de flu\u00eancia \u2013 orientador local (PDF) Declara\u00e7\u00e3o de flu\u00eancia \u2013 orientador estrangeiro (PDF) Requisitos \u2013 profici\u00eancia (PDF) \u2013 Declara\u00e7\u00e3o do orientador no exterior (PDF) Termo de outorga (PDF) 2024 &#8211; Edital de sele\u00e7\u00e3o &#8211; PPG-GBM Sele\u00e7\u00e3o para o ingresso no Programa de P\u00f3s-Gradua\u00e7\u00e3o [&hellip;]<\/p>\n","protected":false},"author":7,"featured_media":0,"parent":0,"menu_order":0,"comment_status":"closed","ping_status":"closed","template":"","meta":{"footnotes":""},"class_list":["post-36","page","type-page","status-publish","hentry"],"_links":{"self":[{"href":"https:\/\/pos.uel.br\/gbm\/wp-json\/wp\/v2\/pages\/36","targetHints":{"allow":["GET"]}}],"collection":[{"href":"https:\/\/pos.uel.br\/gbm\/wp-json\/wp\/v2\/pages"}],"about":[{"href":"https:\/\/pos.uel.br\/gbm\/wp-json\/wp\/v2\/types\/page"}],"author":[{"embeddable":true,"href":"https:\/\/pos.uel.br\/gbm\/wp-json\/wp\/v2\/users\/7"}],"replies":[{"embeddable":true,"href":"https:\/\/pos.uel.br\/gbm\/wp-json\/wp\/v2\/comments?post=36"}],"version-history":[{"count":9,"href":"https:\/\/pos.uel.br\/gbm\/wp-json\/wp\/v2\/pages\/36\/revisions"}],"predecessor-version":[{"id":1581,"href":"https:\/\/pos.uel.br\/gbm\/wp-json\/wp\/v2\/pages\/36\/revisions\/1581"}],"wp:attachment":[{"href":"https:\/\/pos.uel.br\/gbm\/wp-json\/wp\/v2\/media?parent=36"}],"curies":[{"name":"wp","href":"https:\/\/api.w.org\/{rel}","templated":true}]}}