{"id":357,"date":"2021-06-09T20:31:33","date_gmt":"2021-06-09T23:31:33","guid":{"rendered":"https:\/\/pos.uel.br\/gbm\/?page_id=357"},"modified":"2025-04-16T10:08:08","modified_gmt":"2025-04-16T13:08:08","slug":"exames-de-qualificacao","status":"publish","type":"page","link":"https:\/\/pos.uel.br\/gbm\/exames-de-qualificacao\/","title":{"rendered":"Exame de qualifica\u00e7\u00e3o"},"content":{"rendered":"\n<p><strong>Regras para os exames de qualifica\u00e7\u00e3o (Mestrado e Doutorado)<\/strong><\/p>\n\n\n\n<p>O Exame de Qualifica\u00e7\u00e3o dever\u00e1 ser requerido pelo estudante ap\u00f3s aprova\u00e7\u00e3o no exame de profici\u00eancia e integraliza\u00e7\u00e3o dos cr\u00e9ditos exigidos pelo Programa (acesse o portal do estudante no <a rel=\"noreferrer noopener\" href=\"https:\/\/sistemas.uel.br\/portaldepos\/index\" data-type=\"URL\" data-id=\"https:\/\/sistemas.uel.br\/portaldepos\/index\" target=\"_blank\">link<\/a>), seguindo o Regulamento do Stricto sensu de 2016\/2 do CEPE-37-2016 (baixe o <a rel=\"noreferrer noopener\" href=\"https:\/\/pos.uel.br\/gbm\/wp-content\/uploads\/2021\/07\/RegulamentoStrictosensu-2016-2-CEPE-37-2016.pdf\" data-type=\"URL\" data-id=\"https:\/\/pos.uel.br\/gbm\/wp-content\/uploads\/2021\/07\/RegulamentoStrictosensu-2016-2-CEPE-37-2016.pdf\" target=\"_blank\">arquivo.pdf<\/a>), observado o seguinte:<br><\/p>\n\n\n\n<p>I. Ser\u00e1 defendido perante uma Banca Examinadora constitu\u00edda de 3 (tr\u00eas) membros titulares e 2 (dois) suplentes portadores, no m\u00ednimo, do t\u00edtulo de Doutor, sendo 1 (um) orientador e os outros 2 (dois) indicados (membros internos ou externos). Baixe o formul\u00e1rio de indica\u00e7\u00e3o da banca no <a href=\"https:\/\/pos.uel.br\/gbm\/wp-content\/uploads\/2021\/07\/indicacao_-banca_-examinadora_-qualificacao_M_D.doc\" data-type=\"URL\" data-id=\"https:\/\/pos.uel.br\/gbm\/wp-content\/uploads\/2021\/07\/indicacao_-banca_-examinadora_-qualificacao_M_D.doc\" target=\"_blank\" rel=\"noreferrer noopener\">arquivo.pdf<\/a><br><\/p>\n\n\n\n<p>II. O co-orientador somente participar\u00e1 da Banca de Qualifica\u00e7\u00e3o na aus\u00eancia do orientador;<br><\/p>\n\n\n\n<p>III. Os Exames de Qualifica\u00e7\u00e3o ser\u00e3o orais, de maneira a promover uma discuss\u00e3o cont\u00ednua entre a banca examinadora e o candidato; A<br>apresenta\u00e7\u00e3o da qualifica\u00e7\u00e3o consistir\u00e1 numa exposi\u00e7\u00e3o verbal, antes da argui\u00e7\u00e3o, no prazo m\u00ednimo de 30 (trinta) minutos e no m\u00e1ximo de 50 (cinquenta) minutos (\u00b110). Cada membro da banca examinadora ter\u00e1 um prazo m\u00e1ximo de 30 (trinta) minutos para fazer a argui\u00e7\u00e3o ao estudante, ap\u00f3s a exposi\u00e7\u00e3o.<br><\/p>\n\n\n\n<p>IV. O resultado do exame ser\u00e1 de aprova\u00e7\u00e3o ou reprova\u00e7\u00e3o; Ser\u00e1 permitida apenas I (uma) repeti\u00e7\u00e3o do Exame de qualifica\u00e7\u00e3o num prazo nunca superior a 6 (seis) meses para o Mestrado e a 12 (doze) meses para o Doutorado.<\/p>\n","protected":false},"excerpt":{"rendered":"<p>Regras para os exames de qualifica\u00e7\u00e3o (Mestrado e Doutorado) O Exame de Qualifica\u00e7\u00e3o dever\u00e1 ser requerido pelo estudante ap\u00f3s aprova\u00e7\u00e3o no exame de profici\u00eancia e integraliza\u00e7\u00e3o dos cr\u00e9ditos exigidos pelo Programa (acesse o portal do estudante no link), seguindo o Regulamento do Stricto sensu de 2016\/2 do CEPE-37-2016 (baixe o arquivo.pdf), observado o seguinte: I. [&hellip;]<\/p>\n","protected":false},"author":8,"featured_media":0,"parent":0,"menu_order":0,"comment_status":"closed","ping_status":"closed","template":"","meta":{"footnotes":""},"class_list":["post-357","page","type-page","status-publish","hentry"],"_links":{"self":[{"href":"https:\/\/pos.uel.br\/gbm\/wp-json\/wp\/v2\/pages\/357","targetHints":{"allow":["GET"]}}],"collection":[{"href":"https:\/\/pos.uel.br\/gbm\/wp-json\/wp\/v2\/pages"}],"about":[{"href":"https:\/\/pos.uel.br\/gbm\/wp-json\/wp\/v2\/types\/page"}],"author":[{"embeddable":true,"href":"https:\/\/pos.uel.br\/gbm\/wp-json\/wp\/v2\/users\/8"}],"replies":[{"embeddable":true,"href":"https:\/\/pos.uel.br\/gbm\/wp-json\/wp\/v2\/comments?post=357"}],"version-history":[{"count":11,"href":"https:\/\/pos.uel.br\/gbm\/wp-json\/wp\/v2\/pages\/357\/revisions"}],"predecessor-version":[{"id":1813,"href":"https:\/\/pos.uel.br\/gbm\/wp-json\/wp\/v2\/pages\/357\/revisions\/1813"}],"wp:attachment":[{"href":"https:\/\/pos.uel.br\/gbm\/wp-json\/wp\/v2\/media?parent=357"}],"curies":[{"name":"wp","href":"https:\/\/api.w.org\/{rel}","templated":true}]}}