{"id":354,"date":"2021-06-09T20:30:00","date_gmt":"2021-06-09T23:30:00","guid":{"rendered":"https:\/\/pos.uel.br\/gbm\/?page_id=354"},"modified":"2021-07-15T11:47:19","modified_gmt":"2021-07-15T14:47:19","slug":"teses-e-dissertacoes","status":"publish","type":"page","link":"https:\/\/pos.uel.br\/gbm\/teses-e-dissertacoes\/","title":{"rendered":"Teses e Disserta\u00e7\u00f5es"},"content":{"rendered":"\n<p>As&nbsp;defesas&nbsp;de Tese&nbsp;e Disserta\u00e7\u00e3o, sever\u00e3o seguir o Regimento do PPG\/2020, desde que cumpridos os cr\u00e9ditos, a qualifica\u00e7\u00e3o e todos os requistos que constam do regimento. Preenchidas as formalidades do PPG-GBM, o estudante dever\u00e1 entregar os&nbsp;exemplares \u00e0&nbsp;Banca Examinadora&nbsp;em tempo suficiente para a avalia\u00e7\u00e3o.&nbsp;A Banca Examinadora&nbsp;dever\u00e1 ser indicada pelo orientador e ter aprova\u00e7\u00e3o da Comiss\u00e3o Coordenadora do Programa.&nbsp;<\/p>\n\n\n\n<p>Ap\u00f3s a homologa\u00e7\u00e3o dos nomes que constituir\u00e3o a Banca Examinadora, a defesa dever\u00e1 ocorrer num prazo m\u00e1ximo de 60 (sessenta) dias.&nbsp;A defesa&nbsp;ocorrer\u00e1 por meio de numa exposi\u00e7\u00e3o verbal da disserta\u00e7\u00e3o ou tese no prazo m\u00ednimo de 40 (quarenta) minutos e no m\u00e1ximo de 60 (sessenta) minutos, de modo presencial ou remoto (enquanto houver restri\u00e7\u00f5es em fun\u00e7\u00e3o da pandemia Covid).<\/p>\n\n\n\n<p>A defesa de disserta\u00e7\u00e3o ou tese ser\u00e1 p\u00fablica e a Banca arguir\u00e1 o candidato ap\u00f3s a exposi\u00e7\u00e3o, dispondo, para tanto, cada examinador do prazo de at\u00e9 30 (trinta) minutos, sendo o orientador o \u00faltimo a arguir.&nbsp;O resultado do julgamento da defesa da disserta\u00e7\u00e3o realizado logo ap\u00f3s a argui\u00e7\u00e3o e em sess\u00e3o secreta ser\u00e1 expresso pelos examinadores com a equival\u00eancia em grau: Aprovado ou Reprovado pela maioria dos membros da Banca.<\/p>\n\n\n\n<p>O&nbsp;candidato aprovado ter\u00e1 o prazo de 30 (trinta) dias para encaminhar as altera\u00e7\u00f5es solicitadas. Em caso de reprova\u00e7\u00e3o, o candidato ao t\u00edtulo de Mestre ou Doutor,&nbsp;ter\u00e1 um prazo de 6 (seis) meses para ser reavaliado, preferencialmente, pela mesma Banca.<\/p>\n","protected":false},"excerpt":{"rendered":"<p>As&nbsp;defesas&nbsp;de Tese&nbsp;e Disserta\u00e7\u00e3o, sever\u00e3o seguir o Regimento do PPG\/2020, desde que cumpridos os cr\u00e9ditos, a qualifica\u00e7\u00e3o e todos os requistos que constam do regimento. Preenchidas as formalidades do PPG-GBM, o estudante dever\u00e1 entregar os&nbsp;exemplares \u00e0&nbsp;Banca Examinadora&nbsp;em tempo suficiente para a avalia\u00e7\u00e3o.&nbsp;A Banca Examinadora&nbsp;dever\u00e1 ser indicada pelo orientador e ter aprova\u00e7\u00e3o da Comiss\u00e3o Coordenadora do Programa.&nbsp; [&hellip;]<\/p>\n","protected":false},"author":8,"featured_media":0,"parent":0,"menu_order":0,"comment_status":"closed","ping_status":"closed","template":"","meta":{"footnotes":""},"class_list":["post-354","page","type-page","status-publish","hentry"],"_links":{"self":[{"href":"https:\/\/pos.uel.br\/gbm\/wp-json\/wp\/v2\/pages\/354","targetHints":{"allow":["GET"]}}],"collection":[{"href":"https:\/\/pos.uel.br\/gbm\/wp-json\/wp\/v2\/pages"}],"about":[{"href":"https:\/\/pos.uel.br\/gbm\/wp-json\/wp\/v2\/types\/page"}],"author":[{"embeddable":true,"href":"https:\/\/pos.uel.br\/gbm\/wp-json\/wp\/v2\/users\/8"}],"replies":[{"embeddable":true,"href":"https:\/\/pos.uel.br\/gbm\/wp-json\/wp\/v2\/comments?post=354"}],"version-history":[{"count":2,"href":"https:\/\/pos.uel.br\/gbm\/wp-json\/wp\/v2\/pages\/354\/revisions"}],"predecessor-version":[{"id":780,"href":"https:\/\/pos.uel.br\/gbm\/wp-json\/wp\/v2\/pages\/354\/revisions\/780"}],"wp:attachment":[{"href":"https:\/\/pos.uel.br\/gbm\/wp-json\/wp\/v2\/media?parent=354"}],"curies":[{"name":"wp","href":"https:\/\/api.w.org\/{rel}","templated":true}]}}