{"id":341,"date":"2021-06-09T20:16:52","date_gmt":"2021-06-09T23:16:52","guid":{"rendered":"https:\/\/pos.uel.br\/gbm\/?page_id=341"},"modified":"2025-05-23T17:10:10","modified_gmt":"2025-05-23T20:10:10","slug":"discentes-matriculados-doutorado","status":"publish","type":"page","link":"https:\/\/pos.uel.br\/gbm\/discentes-matriculados-doutorado\/","title":{"rendered":"Discentes matriculados (Doutorado)"},"content":{"rendered":"\n<p>Abaixo, voc\u00ea pode encontrar a lista com o fluxo de alunos matriculados a cada dois anos. <\/p>\n\n\n\n<p>Baixe os domumentos em pdf:<\/p>\n\n\n\n<p>Quadri\u00eanio 2021-2024 (<a href=\"https:\/\/pos.uel.br\/gbm\/wp-content\/uploads\/2025\/05\/DOUTORADO-Quadrienio-2021-2024.pdf\" data-type=\"attachment\" data-id=\"1852\">PDF<\/a>)<\/p>\n\n\n\n<p>Quadri\u00eanio 2025-2028 (<a href=\"https:\/\/pos.uel.br\/gbm\/wp-content\/uploads\/2025\/05\/DOUTORADO-Quadrienio-2025-2028.pdf\" data-type=\"attachment\" data-id=\"1853\">PDF<\/a>)<\/p>\n\n\n\n<p><\/p>\n\n\n\n<p><\/p>\n\n\n\n<p><\/p>\n\n\n\n<p><\/p>\n","protected":false},"excerpt":{"rendered":"<p>Abaixo, voc\u00ea pode encontrar a lista com o fluxo de alunos matriculados a cada dois anos. Baixe os domumentos em pdf: Quadri\u00eanio 2021-2024 (PDF) Quadri\u00eanio 2025-2028 (PDF)<\/p>\n","protected":false},"author":8,"featured_media":0,"parent":0,"menu_order":0,"comment_status":"closed","ping_status":"closed","template":"","meta":{"footnotes":""},"class_list":["post-341","page","type-page","status-publish","hentry"],"_links":{"self":[{"href":"https:\/\/pos.uel.br\/gbm\/wp-json\/wp\/v2\/pages\/341","targetHints":{"allow":["GET"]}}],"collection":[{"href":"https:\/\/pos.uel.br\/gbm\/wp-json\/wp\/v2\/pages"}],"about":[{"href":"https:\/\/pos.uel.br\/gbm\/wp-json\/wp\/v2\/types\/page"}],"author":[{"embeddable":true,"href":"https:\/\/pos.uel.br\/gbm\/wp-json\/wp\/v2\/users\/8"}],"replies":[{"embeddable":true,"href":"https:\/\/pos.uel.br\/gbm\/wp-json\/wp\/v2\/comments?post=341"}],"version-history":[{"count":8,"href":"https:\/\/pos.uel.br\/gbm\/wp-json\/wp\/v2\/pages\/341\/revisions"}],"predecessor-version":[{"id":1857,"href":"https:\/\/pos.uel.br\/gbm\/wp-json\/wp\/v2\/pages\/341\/revisions\/1857"}],"wp:attachment":[{"href":"https:\/\/pos.uel.br\/gbm\/wp-json\/wp\/v2\/media?parent=341"}],"curies":[{"name":"wp","href":"https:\/\/api.w.org\/{rel}","templated":true}]}}