{"id":322,"date":"2021-06-09T19:47:32","date_gmt":"2021-06-09T22:47:32","guid":{"rendered":"https:\/\/pos.uel.br\/gbm\/?page_id=322"},"modified":"2025-05-27T16:34:34","modified_gmt":"2025-05-27T19:34:34","slug":"insercao-nacional-e-internacional","status":"publish","type":"page","link":"https:\/\/pos.uel.br\/gbm\/insercao-nacional-e-internacional\/","title":{"rendered":"Inser\u00e7\u00e3o nacional e internacional"},"content":{"rendered":"\n<p>O PPPG-GBM&nbsp;\u00e9 o \u00fanico na \u00e1rea de Gen\u00e9tica na Regi\u00e3o Metropolitana&nbsp;de Londrina, a qual \u00e9 composta por 25 munic\u00edpios e com uma estimativa de 1,2 milh\u00e3o de habitantes. Essa \u00e9 uma regi\u00e3o muito desenvolvida, com IDH elevado (0,824) e uma economia diversificada. As \u00e1reas de ensino superior, sa\u00fade e agroneg\u00f3cio que rodam a economia s\u00e3o diretamente atendidas pelo nosso PPG. H\u00e1 na regi\u00e3o metropolitana&nbsp;duas universidades p\u00fablicas (UEL e UTFPr),&nbsp;dois institutos de pesquisas (EMBRAPA-Soja e IDR-PR (antigo IDR-PR) al\u00e9m de&nbsp;outras nove universidades privadas&nbsp;e institutos privados de pesquisa. Quando olhamos para o setor produtivo, Londrina comp\u00f5em uma das micro regi\u00f5es mais ricas do pa\u00eds, com centenas propriedades rurais de m\u00e9dio e grande porte, e um elevado n\u00famero de empresas prestadoras de servi\u00e7o ligadas \u00e0 sa\u00fade e ao agroneg\u00f3cio, para onde muitos de nossos egressos migram. Nosso PPG em Gen\u00e9tica e Biologia Molecular \u00e9 de fundamental import\u00e2ncia para o atendimento da demanda de recursos humanos, gera\u00e7\u00e3o de conhecimento e tecnologia, presta\u00e7\u00e3o de servi\u00e7os e desenvolvimento regional.<\/p>\n\n\n\n<p>Os docentes do PPG tem colabora\u00e7\u00f5es formais e informais com diferentes universidades e institutos de pesquisas no pa\u00eds&nbsp;e do exterior. Esses incluem projetos b\u00e1sicos e aplicados na linha de Biologia Molecular e Gen\u00f4mica Aplicada (envolvendo a produ\u00e7\u00e3o de&nbsp;soja, caf\u00e9, bicho da seda e bioinseticidas), Gen\u00e9tica Toxicol\u00f3gica, Oncogen\u00e9tica e Gen\u00e9tica do Desenvolvimento (ecosa\u00fade, sa\u00fade animal e humana)&nbsp;e Diversidade Gen\u00e9tica e Evolu\u00e7\u00e3o (esp\u00e9cies cultivadas e nativas, microrganismos, animais e plantas).<\/p>\n\n\n\n<p>H\u00e1 colabora\u00e7\u00e3o com grupos de pesquisas de outras universidades e centros de pesquisa no Paran\u00e1 e de v\u00e1rios estados brasileiros, de importantes universidades do pa\u00eds, como USP, UNICAMP, UNESP, UFPE, UTFPr, UFPR, UFSC, UFRGS e muitas outras. No exterior, h\u00e1 colabora\u00e7\u00f5es com grupos de pesquisa de diversos pa\u00edses, como Argentina, Col\u00f4mbia, M\u00e9xico, E.U.A., Canad\u00e1, Fran\u00e7a, Alemanha, Espanha, Inglaterra, Jap\u00e3o e outros.<\/p>\n\n\n\n<p><\/p>\n\n\n\n<p><strong>Conv\u00eanios internacionais nos \u00faltimos 4 anos<\/strong><\/p>\n\n\n\n<p>Quatro dos nossos docentes tiveram conv\u00eanios formais e informais com pesquisadores de institui\u00e7\u00f5es estrangeiras no quadri\u00eanio, incluindo pa\u00edses da Europa, Am\u00e9rica&nbsp;do Norte, \u00c1sia e Am\u00e9rica do Sul. Muitos projetos tiveram apoio financeiro de ag\u00eancias de fomento e institutos de pesquisa, como CAPES-DAAD, CAPES-COFECUB, MCTIC\/FNDCT-CNPq, , MKTPlace e Cons\u00f3rcio Pesquisa Caf\u00e9, Technical University of Denmark e CSIRO Food Science Australia, North Ryde, NSW, Australia.<\/p>\n\n\n\n<p><strong>1) Alexandre Nepomuceno<\/strong> &#8211; Universidade de Wageningen, Holanda; INRA, Fran\u00e7a; Jircas\/Riken\/Universidade de Tokyo, Jap\u00e3o; ARS\/USDA Plant Gene Expression Center, USA; Rathamsted Research, Reino Unido e VIB da B\u00e9lgica e University of California at Berkeley. \u00a0<\/p>\n\n\n\n<p><strong>2) Andr\u00e9 Lu\u00eds Laforga Vanzela<\/strong> &#8211; Universidade da Ge\u00f3rgia, USA; IRD-Montpellier, Fran\u00e7a; CIIDIR, Instituto Polit\u00e9cnico Nacional, Durango, M\u00e9xico e IPK, Gaterslaben, Alemanha.<\/p>\n\n\n\n<p><strong>3) Luiz Filipe Prot\u00e1sio Pereira <\/strong>&#8211; CIRAD e IRD, Montpellier, Fran\u00e7a&nbsp;e Unversidade da Costa Rica , CR.<\/p>\n\n\n\n<p><strong>4) Gislayne Fernandes Leme Trindade Vilas Boas<\/strong> &#8211; Institut National de la Recherche Agronomique (INRA), Guyancourt na Fran\u00e7a e CEBB-CIB\u2013FIBA, Mar del Plata, Argentina.<\/p>\n\n\n\n<div class=\"wp-block-group is-nowrap is-layout-flex wp-container-core-group-is-layout-ad2f72ca wp-block-group-is-layout-flex\">\n<p><strong>5) Laurival A. Vilas Boas &#8211; <\/strong>Faculty of Biosciences and Aquaculture of Nord University na cidade de Bodo,<\/p>\n\n\n\n<p>Noruega.<\/p>\n<\/div>\n\n\n\n<p><\/p>\n\n\n\n<p><strong>Interc\u00e2mbio estudantil<\/strong><\/p>\n\n\n\n<p>O PPG-GBM estimula docentes e discentes a buscar colabora\u00e7\u00f5es internacionais para que parte experimental das teses e pesquisas sejam desenvolvidas em laborat\u00f3rios estrangeiros. Para obter a Bolsa de Doutorado Sandu\u00edche, os discentes passam por um processo de sele\u00e7\u00e3o, seguindo edital espec\u00edfico publicado anualmente (Edital de Bolsas PDSE), ou ent\u00e3o s\u00e3o enviados dentro de programas de coopera\u00e7\u00e3o bilateral firmados entre docentes e pesquisadores estrangeiros. <\/p>\n\n\n\n<p><strong><mark class=\"has-inline-color has-primary-accent-color\">2024<\/mark><\/strong><\/p>\n\n\n\n<p><strong>K\u00e1tia Fabiana dos Santos<\/strong> (Biotechnological Control of Pests &#8211; BCP, Universita de Val\u00e8ncia)<\/p>\n\n\n\n<p><strong>Erica Rom\u00e3o Pereira<\/strong> (Division of Cancer Biology and Genetics, Cancer Research Institute, Queen\u2019s<br>University, Kingston, Canad\u00e1)<\/p>\n\n\n\n<div class=\"wp-block-group is-layout-flex wp-block-group-is-layout-flex\">\n<p><strong><code>RENAN JOS\u00c9 CASAROTTO APPEL<\/code><\/strong> (Faculty of Biosciences and Aquaculture of Nord University na cidade de Bodo,<\/p>\n\n\n\n<p>Noruega) (<a href=\"https:\/\/www.gov.br\/capes\/pt-br\/assuntos\/noticias\/pesquisa-brasileira-analisa-cultivo-de-tilapias-na-noruega\">LINK<\/a>)<\/p>\n<\/div>\n\n\n\n<div class=\"wp-block-group is-vertical is-layout-flex wp-container-core-group-is-layout-8cf370e7 wp-block-group-is-layout-flex\">\n<p><strong>Karine Siqueira<\/strong> &#8211; (Faculty of Biosciences and Aquaculture of Nord University na cidade de Bodo,<\/p>\n\n\n\n<p>Noruega) (<a href=\"https:\/\/www.gov.br\/capes\/pt-br\/assuntos\/noticias\/pesquisa-brasileira-analisa-cultivo-de-tilapias-na-noruega\">LINK<\/a>)<\/p>\n<\/div>\n\n\n\n<p class=\"has-primary-accent-color has-text-color\"><strong>2021<\/strong><\/p>\n\n\n\n<p><strong>Monyse de N\u00f3brea<\/strong> (McGill University, Rosalind and Morris Goodman Cancer Research Center, Montreal, Canada).<\/p>\n\n\n\n<p><strong>Rafael de Assis<\/strong> (IRD, Montpellier, Fran\u00e7a)<\/p>\n\n\n\n<p><strong>Thayn\u00e1 Bisson Ferraz Lopes<\/strong> (Biology Centre ASCR, Ceske Budejovice, Rep\u00fablica Tcheca)<\/p>\n\n\n\n<p><\/p>\n\n\n\n<p class=\"has-primary-accent-color has-text-color\"><strong>2019-2020<\/strong><\/p>\n\n\n\n<p><strong>Thaissa Boldieri de Souza<\/strong> (IPK-Gaterslaben, Alemanha)<\/p>\n\n\n\n<p><strong>Paula Burchardt Picolli<\/strong> (Universidade da Georgia, Athens, USA)<\/p>\n\n\n\n<p><strong>Carolina Santos<\/strong> (Universidade de Calgary, Alberta, Canad\u00e1)<\/p>\n\n\n\n<p class=\"has-primary-accent-color has-text-color\"><strong>2018<\/strong><\/p>\n\n\n\n<p><strong>Renata de Castro Nunes<\/strong> (IRD, Montpellier, Fran\u00e7a)<\/p>\n\n\n\n<p><\/p>\n\n\n\n<p><\/p>\n\n\n\n<p><\/p>\n","protected":false},"excerpt":{"rendered":"<p>O PPPG-GBM&nbsp;\u00e9 o \u00fanico na \u00e1rea de Gen\u00e9tica na Regi\u00e3o Metropolitana&nbsp;de Londrina, a qual \u00e9 composta por 25 munic\u00edpios e com uma estimativa de 1,2 milh\u00e3o de habitantes. Essa \u00e9 uma regi\u00e3o muito desenvolvida, com IDH elevado (0,824) e uma economia diversificada. As \u00e1reas de ensino superior, sa\u00fade e agroneg\u00f3cio que rodam a economia s\u00e3o [&hellip;]<\/p>\n","protected":false},"author":8,"featured_media":0,"parent":0,"menu_order":0,"comment_status":"closed","ping_status":"closed","template":"","meta":{"footnotes":""},"class_list":["post-322","page","type-page","status-publish","hentry"],"_links":{"self":[{"href":"https:\/\/pos.uel.br\/gbm\/wp-json\/wp\/v2\/pages\/322","targetHints":{"allow":["GET"]}}],"collection":[{"href":"https:\/\/pos.uel.br\/gbm\/wp-json\/wp\/v2\/pages"}],"about":[{"href":"https:\/\/pos.uel.br\/gbm\/wp-json\/wp\/v2\/types\/page"}],"author":[{"embeddable":true,"href":"https:\/\/pos.uel.br\/gbm\/wp-json\/wp\/v2\/users\/8"}],"replies":[{"embeddable":true,"href":"https:\/\/pos.uel.br\/gbm\/wp-json\/wp\/v2\/comments?post=322"}],"version-history":[{"count":14,"href":"https:\/\/pos.uel.br\/gbm\/wp-json\/wp\/v2\/pages\/322\/revisions"}],"predecessor-version":[{"id":1892,"href":"https:\/\/pos.uel.br\/gbm\/wp-json\/wp\/v2\/pages\/322\/revisions\/1892"}],"wp:attachment":[{"href":"https:\/\/pos.uel.br\/gbm\/wp-json\/wp\/v2\/media?parent=322"}],"curies":[{"name":"wp","href":"https:\/\/api.w.org\/{rel}","templated":true}]}}