{"id":28,"date":"2021-04-29T12:30:37","date_gmt":"2021-04-29T15:30:37","guid":{"rendered":"https:\/\/pos.uel.br\/gbm\/?page_id=28"},"modified":"2025-04-14T10:34:31","modified_gmt":"2025-04-14T13:34:31","slug":"historico","status":"publish","type":"page","link":"https:\/\/pos.uel.br\/gbm\/historico\/","title":{"rendered":"Hist\u00f3rico"},"content":{"rendered":"\n<p>O Programa de P\u00f3s-Gradua\u00e7\u00e3o em Gen\u00e9tica e Biologia Molecular (PPG-GBM) est\u00e1 sediado no Departamento de Biologia Geral, Centro de Ci\u00eancias Biol\u00f3gicas, da Universidade Estadual de Londrina. Esse foi fundado em 1989 em uma parceria com o Instituto Agron\u00f4mico do Paran\u00e1 (IAPAR) e a Empresa Brasileira de Pesquisas Agropecu\u00e1rias (EMBRAPA-soja). Em 2024, o PPG-GBM completou 35 anos de exist\u00eancia, consolidando-se como um dos mais importantes Programas de Gen\u00e9tica e Biologia Molecular do Estado do Paran\u00e1, com um forte potencial de regionaliza\u00e7\u00e3o na forma\u00e7\u00e3o de recursos humanos. Desde a sua funda\u00e7\u00e3o, o PPG-GBM j\u00e1 formou mais de 300 mestres e 80 doutores e, desses egressos, cerca de metade atua como professores em institui\u00e7\u00f5es p\u00fablicas de ensino de base, universidades e institutos de pesquisa, e a outra metade na iniciativa privada. At\u00e9 2009, nosso PPG formou apenas mestres e, com a abertura do Doutorado nesse ano, o programa ampliou sua regionaliza\u00e7\u00e3o e seu potencial para a forma\u00e7\u00e3o de recursos humanos.<\/p>\n\n\n\n<p class=\"has-text-align-left\">O PPG-GBM \u00e9 muito importante para Londrina e sua Regi\u00e3o Metropolitana, que \u00e9 formada por 25 munic\u00edpios. Londrina est\u00e1 entre as 20 microrregi\u00f5es mais populosas do Brasil, com uma estimativa de 1,2 milh\u00e3o de habitantes, IDH elevado (0,824), associado a um PIB de aproximadamente 23,6 bilh\u00f5es\/ano. Isso se deve a uma economia diversificada, baseada em ind\u00fastrias, com\u00e9rcio, constru\u00e7\u00e3o civil, turismo, ensino superior, servi\u00e7os e agroneg\u00f3cio. Essas tr\u00eas \u00faltimas \u00e1reas da economia s\u00e3o atendidas pelo nosso PPG. Temos na regi\u00e3o dezenas de faculdades e universidades privadas, propriedades rurais de m\u00e9dio e grande porte, e um elevado n\u00famero de empresas prestadoras de servi\u00e7os ligadas \u00e0 sa\u00fade e ao agroneg\u00f3cio. Proje\u00e7\u00f5es indicam que esse \u00faltimo setor dever\u00e1 crescer de duas a tr\u00eas vezes nos pr\u00f3ximos 10 anos, e Londrina aparece como um dos principais polos tecnol\u00f3gicos do agroneg\u00f3cio do Pa\u00eds.<\/p>\n\n\n\n<p>Nesse sentido, a manuten\u00e7\u00e3o de um curso de excel\u00eancia em Gen\u00e9tica e Biologia Molecular \u00e9 de fundamental import\u00e2ncia para o atendimento da demanda de pessoal, gera\u00e7\u00e3o de conhecimento e tecnologia, presta\u00e7\u00e3o de servi\u00e7os e estabelecimento de parcerias da universidade com v\u00e1rios setores da sociedade. Por isso, a relev\u00e2ncia desse programa de p\u00f3s-gradua\u00e7\u00e3o no cen\u00e1rio regional e nacional. A boa forma\u00e7\u00e3o de nossos estudantes tem facilitado a admiss\u00e3o desses no mercado de trabalho, assim como a continuidade da forma\u00e7\u00e3o na UEL e em outras IES.\u00a0 A abertura do Doutorado em 2009 deu um salto de qualidade em diferentes aspectos. Em primeiro lugar, a forma\u00e7\u00e3o de recursos humanos tanto em Mestrado quanto em Doutorado lan\u00e7ou no mercado regional e nacional (escolas, faculdades, universidades e empresas) pessoal melhor qualificado. Em segundo lugar, permitiu a absor\u00e7\u00e3o de nossos mestres no pr\u00f3prio programa, possibilitando a continuidade dos projetos desenvolvidos durante a forma\u00e7\u00e3o. Por fim, atraiu estudantes formados em outros programas diante do potencial da UEL (est\u00e1 entre as 40 melhores universidades do Brasil e entre as 1.500 melhores do mundo, segundo o ranking 2024 do Center for World University) e da qualidade de vida na Regi\u00e3o Norte do Paran\u00e1. Neste contexto hist\u00f3rico, pode-se dizer que a abertura do Doutorado foi determinante para o fortalecimento do Programa e de suas linhas de pesquisa e, assim, para melhoria na qualidade de vida em termos regionais.<\/p>\n\n\n\n<p>\u200bO PPG-GBM tem despertado o interesse de bi\u00f3logos, agr\u00f4nomos e biom\u00e9dicos, dentre outros, com uma procura maior a cada ano de estudantes e profissionais de todo o Brasil. Os objetivos s\u00e3o i) a forma\u00e7\u00e3o de recursos humanos na \u00e1rea de Gen\u00e9tica e Biologia Molecular, com vista \u00e0 sua atua\u00e7\u00e3o em ensino e pesquisa em institui\u00e7\u00f5es p\u00fablicas e privadas de todo o Brasil e forma\u00e7\u00e3o de pessoal para a iniciativa privada, especialmente nas \u00e1reas do agroneg\u00f3cio e sa\u00fade. Embora o PPG esteja&nbsp;organizado em uma \u00fanica \u00e1rea de concentra\u00e7\u00e3o, denominada Gen\u00e9tica e Biologia Molecular, est\u00e1 dividido em tr\u00eas amplas linhas de pesquisa:&nbsp;1) Biologia Molecular e Gen\u00f4mica; 2)&nbsp; Diversidade Gen\u00e9tica e&nbsp; 3)&nbsp; Gen\u00e9tica Toxicol\u00f3gica e C\u00e2ncer.<\/p>\n","protected":false},"excerpt":{"rendered":"<p>O Programa de P\u00f3s-Gradua\u00e7\u00e3o em Gen\u00e9tica e Biologia Molecular (PPG-GBM) est\u00e1 sediado no Departamento de Biologia Geral, Centro de Ci\u00eancias Biol\u00f3gicas, da Universidade Estadual de Londrina. Esse foi fundado em 1989 em uma parceria com o Instituto Agron\u00f4mico do Paran\u00e1 (IAPAR) e a Empresa Brasileira de Pesquisas Agropecu\u00e1rias (EMBRAPA-soja). Em 2024, o PPG-GBM completou 35 [&hellip;]<\/p>\n","protected":false},"author":7,"featured_media":0,"parent":0,"menu_order":0,"comment_status":"closed","ping_status":"closed","template":"","meta":{"footnotes":""},"class_list":["post-28","page","type-page","status-publish","hentry"],"_links":{"self":[{"href":"https:\/\/pos.uel.br\/gbm\/wp-json\/wp\/v2\/pages\/28","targetHints":{"allow":["GET"]}}],"collection":[{"href":"https:\/\/pos.uel.br\/gbm\/wp-json\/wp\/v2\/pages"}],"about":[{"href":"https:\/\/pos.uel.br\/gbm\/wp-json\/wp\/v2\/types\/page"}],"author":[{"embeddable":true,"href":"https:\/\/pos.uel.br\/gbm\/wp-json\/wp\/v2\/users\/7"}],"replies":[{"embeddable":true,"href":"https:\/\/pos.uel.br\/gbm\/wp-json\/wp\/v2\/comments?post=28"}],"version-history":[{"count":4,"href":"https:\/\/pos.uel.br\/gbm\/wp-json\/wp\/v2\/pages\/28\/revisions"}],"predecessor-version":[{"id":1795,"href":"https:\/\/pos.uel.br\/gbm\/wp-json\/wp\/v2\/pages\/28\/revisions\/1795"}],"wp:attachment":[{"href":"https:\/\/pos.uel.br\/gbm\/wp-json\/wp\/v2\/media?parent=28"}],"curies":[{"name":"wp","href":"https:\/\/api.w.org\/{rel}","templated":true}]}}