{"id":24,"date":"2021-04-29T12:30:12","date_gmt":"2021-04-29T15:30:12","guid":{"rendered":"https:\/\/pos.uel.br\/gbm\/?page_id=24"},"modified":"2025-04-16T09:28:16","modified_gmt":"2025-04-16T12:28:16","slug":"mestrado","status":"publish","type":"page","link":"https:\/\/pos.uel.br\/gbm\/mestrado\/","title":{"rendered":"Mestrado"},"content":{"rendered":"\n<p><strong>Requisitos Mestrado:<\/strong>c\u00f3pia do CPF, c\u00e9dula de identidade, certificado de reservista, certid\u00e3o de nascimento ou casamento (sem tarjas e dobras) ou passaporte v\u00e1lido para estrangeiros;<br><br>Bibliografia recomendada:<\/p>\n\n\n\n<ul class=\"wp-block-list\">\n<li>PIERCE, B. A., 2011. Gen\u00e9tica &#8211; Um Enfoque Conceitual. Rio de Janeiro (RJ). Guanabara Koogan.&nbsp; 3\u00aa ed., 774p.&nbsp;<\/li>\n\n\n\n<li>RAMALHO, M; Santos, J.B. &amp; Pinto, C.B. 2008. Gen\u00e9tica na Agropecu\u00e1ria. Lavras: UFLA,&nbsp; 4\u00aa ed., 464p.&nbsp;<\/li>\n\n\n\n<li>SNUSTAD, D.P. &amp; Simmons, M.J. 2013. Fundamentos de Gen\u00e9tica. Rio de Janeiro (RJ). Guanabara Koogan. S.A. 6\u00aa ed., 739p.<\/li>\n<\/ul>\n","protected":false},"excerpt":{"rendered":"<p>Requisitos Mestrado:c\u00f3pia do CPF, c\u00e9dula de identidade, certificado de reservista, certid\u00e3o de nascimento ou casamento (sem tarjas e dobras) ou passaporte v\u00e1lido para estrangeiros; Bibliografia recomendada:<\/p>\n","protected":false},"author":7,"featured_media":0,"parent":0,"menu_order":0,"comment_status":"closed","ping_status":"closed","template":"","meta":{"footnotes":""},"class_list":["post-24","page","type-page","status-publish","hentry"],"_links":{"self":[{"href":"https:\/\/pos.uel.br\/gbm\/wp-json\/wp\/v2\/pages\/24","targetHints":{"allow":["GET"]}}],"collection":[{"href":"https:\/\/pos.uel.br\/gbm\/wp-json\/wp\/v2\/pages"}],"about":[{"href":"https:\/\/pos.uel.br\/gbm\/wp-json\/wp\/v2\/types\/page"}],"author":[{"embeddable":true,"href":"https:\/\/pos.uel.br\/gbm\/wp-json\/wp\/v2\/users\/7"}],"replies":[{"embeddable":true,"href":"https:\/\/pos.uel.br\/gbm\/wp-json\/wp\/v2\/comments?post=24"}],"version-history":[{"count":10,"href":"https:\/\/pos.uel.br\/gbm\/wp-json\/wp\/v2\/pages\/24\/revisions"}],"predecessor-version":[{"id":1809,"href":"https:\/\/pos.uel.br\/gbm\/wp-json\/wp\/v2\/pages\/24\/revisions\/1809"}],"wp:attachment":[{"href":"https:\/\/pos.uel.br\/gbm\/wp-json\/wp\/v2\/media?parent=24"}],"curies":[{"name":"wp","href":"https:\/\/api.w.org\/{rel}","templated":true}]}}