{"id":1945,"date":"2025-08-25T14:37:38","date_gmt":"2025-08-25T17:37:38","guid":{"rendered":"https:\/\/pos.uel.br\/gbm\/?page_id=1945"},"modified":"2025-08-25T14:40:40","modified_gmt":"2025-08-25T17:40:40","slug":"defesa-de-dissertacao-tese","status":"publish","type":"page","link":"https:\/\/pos.uel.br\/gbm\/defesa-de-dissertacao-tese\/","title":{"rendered":"Defesa de Disserta\u00e7\u00e3o\/Tese"},"content":{"rendered":"\n<p>A defesa do Programa em Gen\u00e9tica e Biologia Molecular ocorre na forma de uma Pr\u00e9-Disserta\u00e7\u00e3o e Pr\u00e9-Tese, ap\u00f3s a defesa as altera\u00e7\u00f5es sugeridas pela banca ser\u00e3o utilizadas para a confec\u00e7\u00e3o da vers\u00e3o final da disserta\u00e7\u00e3o e\/ou tese.<\/p>\n\n\n\n<p><strong>Poder\u00e3o ser redigidas na forma tradicional contendo os seguintes itens:<\/strong><\/p>\n\n\n\n<ol style=\"list-style-type:upper-roman\" class=\"wp-block-list\">\n<li>Capa e contracapa com o T\u00edtulo geral, lista de tabelas e figuras, e lista de abrevia\u00e7\u00f5es. Ambos, capa e contracapa dever\u00e3o trazer as logo marcas da UEL, do Programa e das institui\u00e7\u00f5es parceiras;<\/li>\n\n\n\n<li>Folha com agradecimentos \u00e0s fontes de fomento e outros de arb\u00edtrio dos autores<\/li>\n\n\n\n<li>T\u00edtulo geral o mais claro e conciso poss\u00edvel. Evitar nomes cient\u00edficos no t\u00edtulo;<\/li>\n\n\n\n<li>Resumo: m\u00e1ximo de 250 palavras;<\/li>\n\n\n\n<li>Abstract: tradu\u00e7\u00e3o para o ingl\u00eas do resumo geral;<\/li>\n\n\n\n<li>Introdu\u00e7\u00e3o: m\u00e1ximo de duas p\u00e1ginas;<\/li>\n\n\n\n<li>Revis\u00e3o Bibliogr\u00e1fica: este item \u00e9 obrigat\u00f3rio e pode ter a dimens\u00e3o que for necess\u00e1ria para uma completa revis\u00e3o.;<\/li>\n\n\n\n<li>Objetivos Geral e Espec\u00edficos<\/li>\n\n\n\n<li>Material e M\u00e9todos;<\/li>\n\n\n\n<li>Resultados;<\/li>\n\n\n\n<li>Discuss\u00e3o;<\/li>\n\n\n\n<li>Bibliografia: todas as cita\u00e7\u00f5es bibliogr\u00e1ficas utilizadas no corpo da Disserta\u00e7\u00e3o ou Tese;<\/li>\n\n\n\n<li>Conclus\u00e3o Geral: no m\u00e1ximo duas p\u00e1ginas.<\/li>\n<\/ol>\n\n\n\n<p><strong>Poder\u00e3o ser redigidas na forma de artigos cient\u00edficos, mas dever\u00e3o conter os seguintes itens:<\/strong><\/p>\n\n\n\n<ol style=\"list-style-type:upper-roman\" class=\"wp-block-list\">\n<li>Capa e contracapa com o T\u00edtulo geral, lista de tabelas e figuras, e lista de abrevia\u00e7\u00f5es. Ambos, capa e contracapa dever\u00e3o trazer as logo marcas da UEL, do Programa e das institui\u00e7\u00f5es parceiras;<\/li>\n\n\n\n<li>Folha com agradecimentos \u00e0s fontes de fomento e outros de arb\u00edtrio dos autores<\/li>\n\n\n\n<li>T\u00edtulo geral o mais claro e conciso poss\u00edvel. Evitar nomes cient\u00edficos no t\u00edtulo;<\/li>\n\n\n\n<li>Resumo: m\u00e1ximo de 250 palavras;<\/li>\n\n\n\n<li>Abstract: tradu\u00e7\u00e3o para o ingl\u00eas do resumo geral;<\/li>\n\n\n\n<li>Introdu\u00e7\u00e3o: m\u00e1ximo de duas p\u00e1ginas;<\/li>\n\n\n\n<li>Revis\u00e3o Bibliogr\u00e1fica: este item \u00e9 obrigat\u00f3rio e pode ter a dimens\u00e3o que for necess\u00e1ria para uma completa revis\u00e3o.;<\/li>\n\n\n\n<li>Objetivos Geral e Espec\u00edficos<\/li>\n\n\n\n<li>Material e M\u00e9todos;<\/li>\n\n\n\n<li>Bibliografia utilizadas nesta parte introdut\u00f3ria<\/li>\n\n\n\n<li>Os artigos cient\u00edficos presentes no corpo da disserta\u00e7\u00e3o ou tese dever\u00e3o ser redigidos em portugu\u00eas ou ingl\u00eas e apresentados, seguindo as normas da revista para qual ser\u00e3o submetidos. Os artigos dever\u00e3o ser enviadosem revistas com fator de impacto maior ou igual a 2 ou estrato superior Qualis-CAPES<strong>.<\/strong><\/li>\n\n\n\n<li>Se a disserta\u00e7\u00e3o ou tese gerar mais de um artigo, cada um corresponder\u00e1 a um cap\u00edtulo espec\u00edfico da disserta\u00e7\u00e3o ou tese<\/li>\n\n\n\n<li>Conclus\u00e3o Geral: no m\u00e1ximo duas p\u00e1ginas.<\/li>\n\n\n\n<li>Bibliografia total: Opcional, contendo as refer\u00eancias utilizadas na parte introdut\u00f3ria e as citadas nos artigos cient\u00edficos<\/li>\n<\/ol>\n\n\n\n<p>\u00a71<sup>o<\/sup> S\u00f3 ser\u00e3o considerados artigos cient\u00edficos aqueles com autoria do estudante, podendo o orientador ou coorientador aparecer como autor correspondente ou coautor.<\/p>\n\n\n\n<p><strong>Documentos e instru\u00e7\u00f5es para defesa de disserta\u00e7\u00e3o\/tese:<\/strong><\/p>\n\n\n\n<ul class=\"wp-block-list\">\n<li>Indica\u00e7\u00e3o da banca examinadora para a defesa de disserta\u00e7\u00e3o ou tese &lt;<strong><a href=\"https:\/\/pos.uel.br\/gbm\/wp-content\/uploads\/2021\/12\/Formulario-de-indicacao-de-banca-para-defesa-de-Dissertacao-ou-Tese.doc\" target=\"_blank\" rel=\"noreferrer noopener\">fa\u00e7a o download<\/a><\/strong>&gt;<\/li>\n\n\n\n<li>Formul\u00e1rio de cadastro de participantes externos para banca examinadora &lt;<strong><a href=\"https:\/\/pos.uel.br\/gbm\/wp-content\/uploads\/2025\/07\/Cadastro-de-Docente-Externo.doc\">fa\u00e7a o download<\/a><\/strong>&gt;<\/li>\n\n\n\n<li>Orienta\u00e7\u00f5es para a banca examinadora &lt;<strong><a href=\"https:\/\/pos.uel.br\/gbm\/wp-content\/uploads\/2021\/06\/ORIENTACOES-PARA-BANCA-EXAMINADORA-PPGGBM.pdf\" target=\"_blank\" rel=\"noreferrer noopener\">fa\u00e7a o download<\/a><\/strong>&gt;<\/li>\n\n\n\n<li>Modelo para disserta\u00e7\u00e3o\/tese &lt;<strong><a href=\"https:\/\/pos.uel.br\/gbm\/wp-content\/uploads\/2021\/06\/modelo-dissertacao_tese.docx\">fa\u00e7a o download<\/a><\/strong>&gt;<\/li>\n<\/ul>\n\n\n\n<p><\/p>\n","protected":false},"excerpt":{"rendered":"<p>A defesa do Programa em Gen\u00e9tica e Biologia Molecular ocorre na forma de uma Pr\u00e9-Disserta\u00e7\u00e3o e Pr\u00e9-Tese, ap\u00f3s a defesa as altera\u00e7\u00f5es sugeridas pela banca ser\u00e3o utilizadas para a confec\u00e7\u00e3o da vers\u00e3o final da disserta\u00e7\u00e3o e\/ou tese. Poder\u00e3o ser redigidas na forma tradicional contendo os seguintes itens: Poder\u00e3o ser redigidas na forma de artigos cient\u00edficos, [&hellip;]<\/p>\n","protected":false},"author":31,"featured_media":0,"parent":0,"menu_order":0,"comment_status":"closed","ping_status":"closed","template":"","meta":{"footnotes":""},"class_list":["post-1945","page","type-page","status-publish","hentry"],"_links":{"self":[{"href":"https:\/\/pos.uel.br\/gbm\/wp-json\/wp\/v2\/pages\/1945","targetHints":{"allow":["GET"]}}],"collection":[{"href":"https:\/\/pos.uel.br\/gbm\/wp-json\/wp\/v2\/pages"}],"about":[{"href":"https:\/\/pos.uel.br\/gbm\/wp-json\/wp\/v2\/types\/page"}],"author":[{"embeddable":true,"href":"https:\/\/pos.uel.br\/gbm\/wp-json\/wp\/v2\/users\/31"}],"replies":[{"embeddable":true,"href":"https:\/\/pos.uel.br\/gbm\/wp-json\/wp\/v2\/comments?post=1945"}],"version-history":[{"count":3,"href":"https:\/\/pos.uel.br\/gbm\/wp-json\/wp\/v2\/pages\/1945\/revisions"}],"predecessor-version":[{"id":1952,"href":"https:\/\/pos.uel.br\/gbm\/wp-json\/wp\/v2\/pages\/1945\/revisions\/1952"}],"wp:attachment":[{"href":"https:\/\/pos.uel.br\/gbm\/wp-json\/wp\/v2\/media?parent=1945"}],"curies":[{"name":"wp","href":"https:\/\/api.w.org\/{rel}","templated":true}]}}