{"id":1912,"date":"2025-06-10T16:00:36","date_gmt":"2025-06-10T19:00:36","guid":{"rendered":"https:\/\/pos.uel.br\/gbm\/?page_id=1912"},"modified":"2025-07-09T15:56:09","modified_gmt":"2025-07-09T18:56:09","slug":"entrega-da-versao-final-de-dissertacao-tese","status":"publish","type":"page","link":"https:\/\/pos.uel.br\/gbm\/entrega-da-versao-final-de-dissertacao-tese\/","title":{"rendered":"Entrega da vers\u00e3o final de disserta\u00e7\u00e3o\/tese"},"content":{"rendered":"\n<p>\u00c9 necess\u00e1rio entregar ao Programa de P\u00f3s gradua\u00e7\u00e3o (via email):<\/p>\n\n\n\n<ul class=\"wp-block-list\">\n<li>Termo de autoriza\u00e7\u00e3o da biblioteca (<a href=\"https:\/\/pos.uel.br\/gbm\/wp-content\/uploads\/2025\/06\/Termo_de_Autorizacao-RIUEL-2024-05-03.pdf\" data-type=\"attachment\" data-id=\"1926\">PDF<\/a>)<\/li>\n\n\n\n<li>vers\u00e3o final&nbsp;em pdf (<a href=\"https:\/\/pos.uel.br\/gbm\/wp-content\/uploads\/2021\/06\/modelo-dissertacao_tese.docx\" data-type=\"attachment\" data-id=\"526\">modelo<\/a>)<\/li>\n\n\n\n<li>vers\u00e3o final&nbsp;em word<\/li>\n<\/ul>\n\n\n\n<p>Observa\u00e7\u00e3o:<\/p>\n\n\n\n<p>Na&nbsp;vers\u00e3o final&nbsp;da&nbsp;disserta\u00e7\u00e3o, s\u00e3o imprescind\u00edveis os seguintes itens:<\/p>\n\n\n\n<ol class=\"wp-block-list\">\n<li>\u2013 Folha de parecer assinada por todos os membros da banca que dever\u00e1 estar junto na&nbsp;vers\u00e3o final&nbsp;em pdf e word (<strong>ser\u00e1 necess\u00e1rio a assinatura digital dos membros da banca ou original em caso de defesas presenciais<\/strong>)<\/li>\n\n\n\n<li>\u2013 Ficha catalogr\u00e1fica (<a href=\"https:\/\/sites.uel.br\/bibliotecas\/geracao-automatica-de-ficha-catalografica\/\" target=\"_blank\" rel=\"noreferrer noopener\">https:\/\/sites.uel.br\/bibliotecas\/geracao-automatica-de-ficha-catalografica\/<\/a>)<\/li>\n\n\n\n<li>\u2013 Resumo em Portugu\u00eas e <\/li>\n\n\n\n<li>&#8211; Palavras chave<\/li>\n\n\n\n<li>\u2013 Abstract e T\u00edtulo em Ingl\u00eas<\/li>\n\n\n\n<li>&#8211; Keywords<\/li>\n<\/ol>\n\n\n\n<p><\/p>\n\n\n\n<p><strong><mark class=\"has-inline-color has-primary-accent-color\">DIPLOMA<\/mark><\/strong><\/p>\n\n\n\n<p>Ap\u00f3s o recebimento de todos os documentos solicitados de defesa, bem como a vers\u00e3o final da disserta\u00e7\u00e3o\/tese em conformidae com as regras acima; a documenta\u00e7\u00e3o ser\u00e1 encaminhada a Pro-reitoria de P\u00f3s-Gradua\u00e7\u00e3o (PROPPG) a qual \u00e9 respons\u00e1vel pela emiss\u00e3o do diploma.<\/p>\n\n\n\n<p><\/p>\n","protected":false},"excerpt":{"rendered":"<p>\u00c9 necess\u00e1rio entregar ao Programa de P\u00f3s gradua\u00e7\u00e3o (via email): Observa\u00e7\u00e3o: Na&nbsp;vers\u00e3o final&nbsp;da&nbsp;disserta\u00e7\u00e3o, s\u00e3o imprescind\u00edveis os seguintes itens: DIPLOMA Ap\u00f3s o recebimento de todos os documentos solicitados de defesa, bem como a vers\u00e3o final da disserta\u00e7\u00e3o\/tese em conformidae com as regras acima; a documenta\u00e7\u00e3o ser\u00e1 encaminhada a Pro-reitoria de P\u00f3s-Gradua\u00e7\u00e3o (PROPPG) a qual \u00e9 respons\u00e1vel [&hellip;]<\/p>\n","protected":false},"author":31,"featured_media":0,"parent":0,"menu_order":0,"comment_status":"closed","ping_status":"closed","template":"","meta":{"footnotes":""},"class_list":["post-1912","page","type-page","status-publish","hentry"],"_links":{"self":[{"href":"https:\/\/pos.uel.br\/gbm\/wp-json\/wp\/v2\/pages\/1912","targetHints":{"allow":["GET"]}}],"collection":[{"href":"https:\/\/pos.uel.br\/gbm\/wp-json\/wp\/v2\/pages"}],"about":[{"href":"https:\/\/pos.uel.br\/gbm\/wp-json\/wp\/v2\/types\/page"}],"author":[{"embeddable":true,"href":"https:\/\/pos.uel.br\/gbm\/wp-json\/wp\/v2\/users\/31"}],"replies":[{"embeddable":true,"href":"https:\/\/pos.uel.br\/gbm\/wp-json\/wp\/v2\/comments?post=1912"}],"version-history":[{"count":5,"href":"https:\/\/pos.uel.br\/gbm\/wp-json\/wp\/v2\/pages\/1912\/revisions"}],"predecessor-version":[{"id":1942,"href":"https:\/\/pos.uel.br\/gbm\/wp-json\/wp\/v2\/pages\/1912\/revisions\/1942"}],"wp:attachment":[{"href":"https:\/\/pos.uel.br\/gbm\/wp-json\/wp\/v2\/media?parent=1912"}],"curies":[{"name":"wp","href":"https:\/\/api.w.org\/{rel}","templated":true}]}}