{"id":163,"date":"2021-06-09T14:06:24","date_gmt":"2021-06-09T17:06:24","guid":{"rendered":"https:\/\/pos.uel.br\/gbm\/?page_id=163"},"modified":"2024-10-04T09:48:23","modified_gmt":"2024-10-04T12:48:23","slug":"autoavaliacao-3","status":"publish","type":"page","link":"https:\/\/pos.uel.br\/gbm\/autoavaliacao-3\/","title":{"rendered":"Autoavalia\u00e7\u00e3o"},"content":{"rendered":"\n<p>A autoavalia\u00e7\u00e3o do PPG-GBM segue a determina\u00e7\u00e3o da CAPES, de acordo com a Portaria n\u00ba 148 de 14 de julho de 2018. Para tal, o programa se baseou nas atividades do Grupo de Trabalho da Pro-reitoria de P\u00f3s-gradua\u00e7\u00e3o da UEL. Inicialmente, foram elaboradas fichas de autoavalia\u00e7\u00e3o para tr\u00eas grupos (egressos, discentes e docentes). Nessas, a comiss\u00e3o de autoavalia\u00e7\u00e3o buscou por contrastar as impress\u00f5es dos orientadores, alunos e ex-alunos sobre a qualidade geral de forma\u00e7\u00e3o do pessoal em rela\u00e7\u00e3o \u00e0 proposta do programa. Para tal, foram elaborados e aplicados diferentes question\u00e1rios. A tentativa de readequar o PPG-GBM de acordo com o Plano Nacional de P\u00f3s-Gradua\u00e7\u00e3o (PNPG 2011-2020) e as orienta\u00e7\u00f5es dos GTs da CAPES e da UEL foi muito \u00fatil. A autoavalia\u00e7\u00e3o abordou aspectos sobre a forma\u00e7\u00e3o de pessoal e os impactos do programa na sociedade. Contudo, os question\u00e1rios contendo 50 quest\u00f5es n\u00e3o foram bem aceitos pelos grupos. Para otimizar o processo, adotamos o modelo sugerido pela CB1 em 2023\/2024. Esse novo instrumento foi menor mas igualmente eficiente para detectar defici\u00eancias e elaborar a\u00e7\u00f5es de curto, m\u00e9dio e longo prazos, e aprimorar a qualidade do programa de maneira continuada. Esperamos com isso alcan\u00e7ar melhores \u00edndices quanto ao Ensino e Aprendizagem, Internacionaliza\u00e7\u00e3o, Produ\u00e7\u00e3o Cient\u00edfica, Inova\u00e7\u00e3o e Transfer\u00eancia de Conhecimento e Impacto e Relev\u00e2ncia Social.<\/p>\n\n\n\n<p><\/p>\n","protected":false},"excerpt":{"rendered":"<p>A autoavalia\u00e7\u00e3o do PPG-GBM segue a determina\u00e7\u00e3o da CAPES, de acordo com a Portaria n\u00ba 148 de 14 de julho de 2018. Para tal, o programa se baseou nas atividades do Grupo de Trabalho da Pro-reitoria de P\u00f3s-gradua\u00e7\u00e3o da UEL. Inicialmente, foram elaboradas fichas de autoavalia\u00e7\u00e3o para tr\u00eas grupos (egressos, discentes e docentes). Nessas, a [&hellip;]<\/p>\n","protected":false},"author":8,"featured_media":0,"parent":0,"menu_order":0,"comment_status":"closed","ping_status":"closed","template":"","meta":{"footnotes":""},"class_list":["post-163","page","type-page","status-publish","hentry"],"_links":{"self":[{"href":"https:\/\/pos.uel.br\/gbm\/wp-json\/wp\/v2\/pages\/163","targetHints":{"allow":["GET"]}}],"collection":[{"href":"https:\/\/pos.uel.br\/gbm\/wp-json\/wp\/v2\/pages"}],"about":[{"href":"https:\/\/pos.uel.br\/gbm\/wp-json\/wp\/v2\/types\/page"}],"author":[{"embeddable":true,"href":"https:\/\/pos.uel.br\/gbm\/wp-json\/wp\/v2\/users\/8"}],"replies":[{"embeddable":true,"href":"https:\/\/pos.uel.br\/gbm\/wp-json\/wp\/v2\/comments?post=163"}],"version-history":[{"count":3,"href":"https:\/\/pos.uel.br\/gbm\/wp-json\/wp\/v2\/pages\/163\/revisions"}],"predecessor-version":[{"id":1675,"href":"https:\/\/pos.uel.br\/gbm\/wp-json\/wp\/v2\/pages\/163\/revisions\/1675"}],"wp:attachment":[{"href":"https:\/\/pos.uel.br\/gbm\/wp-json\/wp\/v2\/media?parent=163"}],"curies":[{"name":"wp","href":"https:\/\/api.w.org\/{rel}","templated":true}]}}