{"id":149,"date":"2021-05-26T08:59:36","date_gmt":"2021-05-26T11:59:36","guid":{"rendered":"https:\/\/pos.uel.br\/gbm\/?page_id=149"},"modified":"2025-05-27T16:22:18","modified_gmt":"2025-05-27T19:22:18","slug":"laboratorios","status":"publish","type":"page","link":"https:\/\/pos.uel.br\/gbm\/laboratorios\/","title":{"rendered":"Laborat\u00f3rios"},"content":{"rendered":"\n<p>A infraestrutura dispon\u00edvel para as atividades de ensino, pesquisa e gest\u00e3o administrativa, como por exemplo, as condi\u00e7\u00f5es laboratoriais e \u00e1reas experimentais, s\u00e3o muito boas. Al\u00e9m da infraestrutura da UEL, nosso programa conta com a parceria hist\u00f3rica com a EMBRAPA-Soja, IDR-Paran\u00e1. \u00c9 importante mencionar que a UEL concentra a maior parte da estrutura que os discentes e docentes utilizam, al\u00e9m daquelas adicionais, como bibliotecas, centro de atendimento \u00e0 comunidade universit\u00e1ria, restaurante universit\u00e1rio, teatros, anfiteatros, centro esportivo, e outras. Nosso PPG possui sala de aula, secretaria, sala dos estudantes e de reuni\u00f5es pr\u00f3prias do programa e, al\u00e9m dessas, contamos com as salas de aula e laborat\u00f3rios do CCB e da Central Multiusu\u00e1ria.<\/p>\n\n\n\n<p><strong>Laborat\u00f3rio de Citogen\u00e9tica Animal<\/strong><br>Telefone: 43 3371-5150<br>www.uel.br\/laboratorios\/laca<br>Professoras: Renata da Rosa<br>\u200b<br><strong>Laborat\u00f3rio de Citogen\u00e9tica e Diversidade Vegetal<\/strong><br>Telefone: 43 3371-5148<br><a href=\"https:\/\/sites.google.com\/uel.br\/lcdv\/in%C3%ADcio\" data-type=\"link\" data-id=\"https:\/\/sites.google.com\/uel.br\/lcdv\/in%C3%ADcio\">Homepage<\/a><br>Professor: Andr\u00e9 Lu\u00eds Laforga Vanzela<br><\/p>\n\n\n\n<p><strong>Laborat\u00f3rio de Gen\u00e9tica e Ecologia Animal<\/strong><br>Telefone: 43 3371-4437<br>www.uel.br\/laboratorios\/lagea<br>Professoras: Fernanda S. de Almeida &#8211; S\u00edlvia H. Sofia<br><\/p>\n\n\n\n<p><strong>Laborat\u00f3rio de Toxicologia e Dist\u00farbios Metab\u00f3licos da Reprodu\u00e7\u00e3o<\/strong><br>Telefone: 43 3371-5938<br>Professora: Glaura S. A. Fernandes<br><\/p>\n\n\n\n<p><strong>Laborat\u00f3rio de Mutag\u00eanese e Oncogen\u00e9tica<\/strong><br>Telefone: 43 3371-4527<br>Professora: Juliana M. Serpeloni &#8211; Roberta Losi Guembarovski<br>\u200b<br><strong>Laborat\u00f3rio de Gen\u00e9tica Toxicol\u00f3gica<\/strong><br>Telefone: 43 3371-5120<br>Professor: M\u00e1rio S\u00e9rgio Mantovani<br>\u200b<br><strong>Laborat\u00f3rio de Gen\u00e9tica e Taxonomia de Bact\u00e9rias \u2013 Bioinseticida<\/strong><br>Telefone: 43 3371-4752 &#8211; Link<br>Professores(as): Gislayne T. Vilas-B\u00f4as &#8211; Laurival A. Vilas-B\u00f4as<br><\/p>\n\n\n\n<p><strong>Laborat\u00f3rio de Bioinform\u00e1tica<\/strong><br>Telefone: 43 3371-4752 &#8211; Link<br>Professores(as): Laurival A. Vilas-B\u00f4as &#8211; Renata da Rosa<\/p>\n\n\n\n<p><\/p>\n\n\n\n<p><strong>Laborat\u00f3rio de <strong>&nbsp;Bioengenharia Tecidual e C\u00e9lulas Tronco<\/strong><\/strong><br>Telefone: (43) 3371-4527<br>Professor: Phelipe Oliveira Favaron<br><\/p>\n\n\n\n<p><strong>Laborat\u00f3rio de Biotecnologia Vegetal<\/strong> <strong>Embrapa Soja<\/strong> &#8211; 1<br>Telefone: 43 3371- 6265<br>Professores(as): Alexandre Nepomuceno<br><\/p>\n\n\n\n<p><strong>Laborat\u00f3rio de Biotecnologia Vegetal<\/strong> <strong>Embrapa Soja<\/strong> &#8211; 2<br>Telefone: (43) 3376-2160 \/ 2399<br>Professor: Luiz Filipe P. Pereira<\/p>\n\n\n\n<p><\/p>\n\n\n\n<p><strong><strong>Laborat\u00f3rio de Biotecnologia&nbsp;Vegetal<\/strong><\/strong> <strong>Embrapa Soja<\/strong> &#8211; 3<br>Telefone: (43) 33716265<br>Professora: Dra. Francismar C. Marcelino-Guimar\u00e3es<\/p>\n\n\n\n<p><\/p>\n\n\n\n<p><strong>Laborat\u00f3rio de Biotecnologia Vegetal Embrapa Soja<\/strong> &#8211; 4<br>Telefone: (43) 3371-6277<br>homepage: https:\/\/www.embrapa.br\/soja<br>Professora: Liliane Marcia Mertz Henning<\/p>\n\n\n\n<p><\/p>\n\n\n\n<div class=\"wp-block-group\"><div class=\"wp-block-group__inner-container is-layout-constrained wp-block-group-is-layout-constrained\">\n<p><strong><strong>Laborat\u00f3rio de Ecologia Qu\u00edmica Embrapa Soja<\/strong><\/strong><br>Telefone: (43) 9.8802-6778<br>Professor: Guilherme Juliao Zocolo<\/p>\n\n\n\n<p><\/p>\n\n\n\n<p><strong>Laborat\u00f3rio de Gen\u00f4mica Ambiental &#8211; UTFPR<\/strong><br>rodrigotorres@utfpr.edu.br\/ratorres.alunos@gmail.com e monicaadam@utfpr.edu.br\/mogabrod@gmail.com<br>Professores: RodrigoTorres e M\u00f4nica Adam<\/p>\n<\/div><\/div>\n\n\n\n<p><\/p>\n\n\n\n<div class=\"wp-block-group\"><div class=\"wp-block-group__inner-container is-layout-constrained wp-block-group-is-layout-constrained\">\n<p>Al\u00e9m dos laborat\u00f3rios vinculados aos docentes do PPG-GBM, os discentes t\u00eam acesso \u00e0 outros setores da UEL para as atividades acad\u00eamicas e de pesquisa:<\/p>\n\n\n\n<p><strong>Blocos 7 e 8<\/strong> (Sala de aulas do PPG-GBM; Anfiteatro 202; Sala de perman\u00eancia dos p\u00f3s-graduandos); <strong>Laborat\u00f3rio de Citogen\u00e9tica Humana e Aconselhamento Gen\u00e9tico<\/strong>; <strong>Laborat\u00f3rio de Bioinform\u00e1tica e de Inform\u00e1tica (LIG); <\/strong><\/p>\n\n\n\n<p><strong>Central Multiusu\u00e1ria de Laborat\u00f3rios de Pesquisa da UEL (CMLP)<\/strong><\/p>\n<\/div><\/div>\n\n\n\n<p> A CMLP administra seis laborat\u00f3rios (Laborat\u00f3rio de Apoio \u00e0 Pesquisa Agropecu\u00e1ria &#8211; LAPA, Laborat\u00f3rio de Microscopia Eletr\u00f4nica e Microan\u00e1lise &#8211; LMEM, Laborat\u00f3rio de An\u00e1lise de Materiais e Mol\u00e9culas &#8211; LAMM, Laborat\u00f3rio de Espectroscopia \u2013 ESPEC, Laborat\u00f3rio de An\u00e1lises por Raio X \u2013 LARX e o Laborat\u00f3rio Escola de P\u00f3s-Gradua\u00e7\u00e3o &#8211; LABESC). Os principais equipamentos adquiridos como multiusu\u00e1rios s\u00e3o: Microsc\u00f3pios Eletr\u00f4nicos de Transmiss\u00e3o e Varredura e aparelhos de suporte, Espectr\u00f4metro de Massa, Sequenciador GBS-tecnologia ion-proton, Sequenciador ABI, Cit\u00f4metro de Fluxo, Microsc\u00f3pio Confocal, Espectr\u00f4metro de Infravermelho Pr\u00f3ximo (NIR), Espectr\u00f4metro de Absor\u00e7\u00e3o At\u00f4mica (AAS), Espectr\u00f4metro de Raio X, Aparelhos de PCR Tempo Real, Ultracentr\u00edfuga Refrigerada de bancada, Ultracentr\u00edfuga de ch\u00e3o de alta performance, Quantificador de DNA, RNA e prote\u00ednas, Microsc\u00f3pio de Epifluoresc\u00eancia, Freezer a -80&nbsp;graus, al\u00e9m dos equipamentos de suporte, como balan\u00e7as, sistemas de eletroforese e outros.<\/p>\n\n\n\n<p><strong>Laborat\u00f3rio Escola de P\u00f3s-gradua\u00e7\u00e3o (LABESC)<\/strong><\/p>\n\n\n\n<p>O LABESC, que \u00e9 uma central com 9 salas de aulas e reuni\u00f5es, equipadas com sistemas de v\u00eddeo confer\u00eancia (3) e Internet r\u00e1pida. Esse espa\u00e7o tem nos possibilitado trazer professores e pesquisadores para participar de modo remoto das bancas examinadoras de Mestrado e Doutorado. Esse espa\u00e7o foi constru\u00eddo com recursos da FINEP e melhorou muito nosso ambiente de trabalho voltado \u00e0s atividades acad\u00eamicas, como semin\u00e1rios, <em>workshops<\/em>&nbsp;e simp\u00f3sios, com foco no compartilhamento de informa\u00e7\u00e3o.<\/p>\n","protected":false},"excerpt":{"rendered":"<p>A infraestrutura dispon\u00edvel para as atividades de ensino, pesquisa e gest\u00e3o administrativa, como por exemplo, as condi\u00e7\u00f5es laboratoriais e \u00e1reas experimentais, s\u00e3o muito boas. Al\u00e9m da infraestrutura da UEL, nosso programa conta com a parceria hist\u00f3rica com a EMBRAPA-Soja, IDR-Paran\u00e1. \u00c9 importante mencionar que a UEL concentra a maior parte da estrutura que os discentes [&hellip;]<\/p>\n","protected":false},"author":8,"featured_media":0,"parent":0,"menu_order":0,"comment_status":"closed","ping_status":"closed","template":"","meta":{"footnotes":""},"class_list":["post-149","page","type-page","status-publish","hentry"],"_links":{"self":[{"href":"https:\/\/pos.uel.br\/gbm\/wp-json\/wp\/v2\/pages\/149","targetHints":{"allow":["GET"]}}],"collection":[{"href":"https:\/\/pos.uel.br\/gbm\/wp-json\/wp\/v2\/pages"}],"about":[{"href":"https:\/\/pos.uel.br\/gbm\/wp-json\/wp\/v2\/types\/page"}],"author":[{"embeddable":true,"href":"https:\/\/pos.uel.br\/gbm\/wp-json\/wp\/v2\/users\/8"}],"replies":[{"embeddable":true,"href":"https:\/\/pos.uel.br\/gbm\/wp-json\/wp\/v2\/comments?post=149"}],"version-history":[{"count":21,"href":"https:\/\/pos.uel.br\/gbm\/wp-json\/wp\/v2\/pages\/149\/revisions"}],"predecessor-version":[{"id":1888,"href":"https:\/\/pos.uel.br\/gbm\/wp-json\/wp\/v2\/pages\/149\/revisions\/1888"}],"wp:attachment":[{"href":"https:\/\/pos.uel.br\/gbm\/wp-json\/wp\/v2\/media?parent=149"}],"curies":[{"name":"wp","href":"https:\/\/api.w.org\/{rel}","templated":true}]}}