{"id":144,"date":"2021-05-26T08:38:12","date_gmt":"2021-05-26T11:38:12","guid":{"rendered":"https:\/\/pos.uel.br\/gbm\/?page_id=144"},"modified":"2024-03-21T07:36:45","modified_gmt":"2024-03-21T10:36:45","slug":"grade-curricular","status":"publish","type":"page","link":"https:\/\/pos.uel.br\/gbm\/grade-curricular\/","title":{"rendered":"Grade curricular"},"content":{"rendered":"\n<p>O PPG-GBM tem uma grade curricular diversificada, que contempla as tr\u00eas linhas de pesquisa (i- Biologia Molecular e Gen\u00f4mica, ii- Diversidade Gen\u00e9tica e iii- Gen\u00e9tica Toxicol\u00f3gica e C\u00e2ncer). H\u00e1 disciplinas com carga hor\u00e1ria expressa em cr\u00e9ditos, sendo que cada cr\u00e9dito corresponde a 15 (quinze) horas-aula. As disciplinas s\u00e3o agrupadas em obrigat\u00f3rias e optativas,&nbsp;de acordo com os respectivos conte\u00fados program\u00e1ticos. Para o Mestrado, cada discente precisa completar 1.050 (mil e cinquenta) horas, correspondentes a 70 (setenta) cr\u00e9ditos, assim distribu\u00eddos: a) 7 (sete) cr\u00e9ditos em disciplinas obrigat\u00f3rias, b) 13 (treze) cr\u00e9ditos em disciplinas optativas e c) 50 (cinquenta) cr\u00e9ditos em Disserta\u00e7\u00e3o de Mestrado. Para o Doutorado, cada discente precisa completar 2.685 (duas mil seiscentos e oitenta e cinco) horas e 179 (cento e setenta e nove) cr\u00e9ditos, assim distribu\u00eddos: a) 9 (nove) cr\u00e9ditos em disciplinas obrigat\u00f3rias, b) 20 (vinte) cr\u00e9ditos em disciplinas optativas e c) 150 (cento e cinquenta) cr\u00e9ditos em Tese. H\u00e1 ainda disciplinas especiais como \u201cT\u00f3picos Especiais em Gen\u00e9tica e Biologia Molecular\u201d e \u201cAtividades Especiais\u201d, que s\u00e3o utilizadas suprir alguns conte\u00fados via professores de outras IES, de modo a obter um bom n\u00edvel de atualiza\u00e7\u00e3o, al\u00e9m de flexibilizar a obten\u00e7\u00e3o de cr\u00e9ditos, para ambos Mestrado e Doutorado.<\/p>\n\n\n\n<p><strong>Obten\u00e7\u00e3o de cr\u00e9ditos especiais<\/strong> (os discentes poder\u00e3o obter tais cr\u00e9ditos nas seguintes situa\u00e7\u00f5es)<\/p>\n\n\n\n<div class=\"wp-block-columns is-layout-flex wp-container-core-columns-is-layout-9d6595d7 wp-block-columns-is-layout-flex\">\n<div class=\"wp-block-column is-layout-flow wp-block-column-is-layout-flow\">\n<ul class=\"wp-block-list\">\n<li>Participa\u00e7\u00e3o&nbsp;em&nbsp;Congressos,&nbsp;Workshops,&nbsp;Simp\u00f3sios&nbsp;ou&nbsp;outro&nbsp;tipo&nbsp;de&nbsp;reuni\u00e3o&nbsp;cient\u00edfica&nbsp;nacional ou internacional,&nbsp;desde&nbsp;que&nbsp;comprovada&nbsp;a&nbsp;apresenta\u00e7\u00e3o&nbsp;de&nbsp;trabalho&nbsp;pelo&nbsp;discente,&nbsp;com&nbsp;publica\u00e7\u00e3o&nbsp;do&nbsp;resumo&nbsp;ou&nbsp;trabalho&nbsp;completo,&nbsp;na&nbsp;forma&nbsp;impressa&nbsp;ou&nbsp;digital,&nbsp;em&nbsp;anais&nbsp;ou&nbsp;similares.&nbsp;Poder\u00e1&nbsp;ser&nbsp;concedido&nbsp;1&nbsp;cr\u00e9dito&nbsp;aos&nbsp;alunos&nbsp;de&nbsp;Mestrado&nbsp;e&nbsp;Doutorado,&nbsp;desde&nbsp;que&nbsp;o&nbsp;discente&nbsp;configure&nbsp;como&nbsp;primeiro&nbsp;autor&nbsp;e&nbsp;o&nbsp;tema&nbsp;esteja&nbsp;relacionado&nbsp;\u00e0&nbsp;disserta\u00e7\u00e3o&nbsp;ou&nbsp;tese. Tal&nbsp;concess\u00e3o&nbsp;fica&nbsp;condicionada&nbsp;\u00e0&nbsp;avalia\u00e7\u00e3o&nbsp;de&nbsp;m\u00e9rito&nbsp;pela&nbsp;Comiss\u00e3o&nbsp;Coordenadora&nbsp;do&nbsp;Programa;<\/li>\n\n\n\n<li>Participa\u00e7\u00e3o do discente como membro de Comiss\u00e3o Organizadora de eventos cient\u00edficos (congressos, workshops, simp\u00f3sios ou outros tipos de reuni\u00f5es cient\u00edficas), desde que comprovada sua participa\u00e7\u00e3o. Poder\u00e1 ser atribu\u00eddo no m\u00e1ximo um 1 cr\u00e9dito aos alunos de Mestrado e Doutorado, condicionados \u00e0 avalia\u00e7\u00e3o de m\u00e9rito pela Comiss\u00e3o Coordenadora de Programa;<\/li>\n\n\n\n<li>Participa\u00e7\u00e3o do discente em cursos extracurriculares relacionados ao projeto de pesquisa ou \u00e0 forma\u00e7\u00e3o acad\u00eamica na \u00e1rea do Programa, ou \u00e1reas correlatas. Poder\u00e1 ser atribu\u00eddo 1 cr\u00e9dito nessas modalidades aos alunos de Mestrado e Doutorado, condicionados \u00e0 avalia\u00e7\u00e3o de m\u00e9rito pela Comiss\u00e3o Coordenadora de Programa e<\/li>\n\n\n\n<li>Para&nbsp;todos&nbsp;os&nbsp;casos,&nbsp;os&nbsp;cr\u00e9ditos&nbsp;dever\u00e3o&nbsp;ser&nbsp;solicitados&nbsp;mediante:&nbsp;i)&nbsp;preenchimento&nbsp;e&nbsp;apresenta\u00e7\u00e3o&nbsp;de&nbsp;formul\u00e1rio&nbsp;espec\u00edfico,&nbsp;assinados&nbsp;pelo&nbsp;alunos&nbsp;e&nbsp;pelo&nbsp;orientador&nbsp;e&nbsp;ii)&nbsp;documentos&nbsp;comprobat\u00f3rios,&nbsp;em&nbsp;tempo&nbsp;\u00fatil&nbsp;para&nbsp;que&nbsp;a&nbsp;comiss\u00e3o&nbsp;proceda&nbsp;com&nbsp;a&nbsp;concess\u00e3o&nbsp;dos&nbsp;cr\u00e9ditos,&nbsp;segundo&nbsp;o&nbsp;calend\u00e1rio&nbsp;da&nbsp;Pro-PPG<\/li>\n<\/ul>\n\n\n\n<p><strong>baixe o formul\u00e1rio para solicitar cr\u00e9ditos especiais<\/strong> &lt;formul\u00e1rio.doc&gt;<\/p>\n<\/div>\n<\/div>\n\n\n\n<p>Veja as grades curriculares ativas: <a href=\"https:\/\/pos.uel.br\/gbm\/wp-content\/uploads\/2021\/07\/RegulamentoStrictosensu-2016-2-CEPE-37-2016.pdf\" data-type=\"URL\" data-id=\"https:\/\/pos.uel.br\/gbm\/wp-content\/uploads\/2021\/07\/RegulamentoStrictosensu-2016-2-CEPE-37-2016.pdf\" target=\"_blank\" rel=\"noreferrer noopener\">arquivo em PDF &#8211; grade 2018<\/a>  \/ <a rel=\"noreferrer noopener\" href=\"https:\/\/pos.uel.br\/gbm\/wp-content\/uploads\/2021\/06\/nova-grade-2020-Reest-PPG-Genetica-Biol-Mol.pdf\" data-type=\"URL\" data-id=\"https:\/\/pos.uel.br\/gbm\/wp-content\/uploads\/2021\/06\/nova-grade-2020-Reest-PPG-Genetica-Biol-Mol.pdf\" target=\"_blank\">arquivo em PDF &#8211; grade 2020<\/a><\/p>\n","protected":false},"excerpt":{"rendered":"<p>O PPG-GBM tem uma grade curricular diversificada, que contempla as tr\u00eas linhas de pesquisa (i- Biologia Molecular e Gen\u00f4mica, ii- Diversidade Gen\u00e9tica e iii- Gen\u00e9tica Toxicol\u00f3gica e C\u00e2ncer). H\u00e1 disciplinas com carga hor\u00e1ria expressa em cr\u00e9ditos, sendo que cada cr\u00e9dito corresponde a 15 (quinze) horas-aula. As disciplinas s\u00e3o agrupadas em obrigat\u00f3rias e optativas,&nbsp;de acordo com [&hellip;]<\/p>\n","protected":false},"author":8,"featured_media":0,"parent":0,"menu_order":0,"comment_status":"closed","ping_status":"closed","template":"","meta":{"footnotes":""},"class_list":["post-144","page","type-page","status-publish","hentry"],"_links":{"self":[{"href":"https:\/\/pos.uel.br\/gbm\/wp-json\/wp\/v2\/pages\/144","targetHints":{"allow":["GET"]}}],"collection":[{"href":"https:\/\/pos.uel.br\/gbm\/wp-json\/wp\/v2\/pages"}],"about":[{"href":"https:\/\/pos.uel.br\/gbm\/wp-json\/wp\/v2\/types\/page"}],"author":[{"embeddable":true,"href":"https:\/\/pos.uel.br\/gbm\/wp-json\/wp\/v2\/users\/8"}],"replies":[{"embeddable":true,"href":"https:\/\/pos.uel.br\/gbm\/wp-json\/wp\/v2\/comments?post=144"}],"version-history":[{"count":25,"href":"https:\/\/pos.uel.br\/gbm\/wp-json\/wp\/v2\/pages\/144\/revisions"}],"predecessor-version":[{"id":1525,"href":"https:\/\/pos.uel.br\/gbm\/wp-json\/wp\/v2\/pages\/144\/revisions\/1525"}],"wp:attachment":[{"href":"https:\/\/pos.uel.br\/gbm\/wp-json\/wp\/v2\/media?parent=144"}],"curies":[{"name":"wp","href":"https:\/\/api.w.org\/{rel}","templated":true}]}}