{"id":142,"date":"2021-05-26T08:29:33","date_gmt":"2021-05-26T11:29:33","guid":{"rendered":"https:\/\/pos.uel.br\/gbm\/?page_id=142"},"modified":"2025-05-23T09:44:05","modified_gmt":"2025-05-23T12:44:05","slug":"calendario-do-ppg","status":"publish","type":"page","link":"https:\/\/pos.uel.br\/gbm\/calendario-do-ppg\/","title":{"rendered":"Calend\u00e1rio do PPG"},"content":{"rendered":"\n<p>O calend\u00e1rio de atividades dos PPGs <em>stricto sensu<\/em> \u00e9  discutido e aprovado pelo colegiado de p\u00f3s-gradua\u00e7\u00e3o a cada ano, seguindo as portarias e resolu\u00e7\u00f5es das inst\u00e2ncias superiores da Universidade.<\/p>\n\n\n\n<p>Veja o calend\u00e1rio: arquivo<a href=\"https:\/\/pos.uel.br\/gbm\/wp-content\/uploads\/2025\/05\/CalendarioStricto_2025-2026.pdf\" data-type=\"link\" data-id=\"https:\/\/pos.uel.br\/gbm\/wp-content\/uploads\/2025\/05\/CalendarioStricto_2025-2026.pdf\">https:\/\/pos.uel.br\/gbm\/wp-content\/uploads\/2025\/05\/CalendarioStricto_2025-2026.pdf<\/a> em PDF<\/p>\n","protected":false},"excerpt":{"rendered":"<p>O calend\u00e1rio de atividades dos PPGs stricto sensu \u00e9 discutido e aprovado pelo colegiado de p\u00f3s-gradua\u00e7\u00e3o a cada ano, seguindo as portarias e resolu\u00e7\u00f5es das inst\u00e2ncias superiores da Universidade. Veja o calend\u00e1rio: arquivohttps:\/\/pos.uel.br\/gbm\/wp-content\/uploads\/2025\/05\/CalendarioStricto_2025-2026.pdf em PDF<\/p>\n","protected":false},"author":8,"featured_media":0,"parent":0,"menu_order":0,"comment_status":"closed","ping_status":"closed","template":"","meta":{"footnotes":""},"class_list":["post-142","page","type-page","status-publish","hentry"],"_links":{"self":[{"href":"https:\/\/pos.uel.br\/gbm\/wp-json\/wp\/v2\/pages\/142","targetHints":{"allow":["GET"]}}],"collection":[{"href":"https:\/\/pos.uel.br\/gbm\/wp-json\/wp\/v2\/pages"}],"about":[{"href":"https:\/\/pos.uel.br\/gbm\/wp-json\/wp\/v2\/types\/page"}],"author":[{"embeddable":true,"href":"https:\/\/pos.uel.br\/gbm\/wp-json\/wp\/v2\/users\/8"}],"replies":[{"embeddable":true,"href":"https:\/\/pos.uel.br\/gbm\/wp-json\/wp\/v2\/comments?post=142"}],"version-history":[{"count":5,"href":"https:\/\/pos.uel.br\/gbm\/wp-json\/wp\/v2\/pages\/142\/revisions"}],"predecessor-version":[{"id":1843,"href":"https:\/\/pos.uel.br\/gbm\/wp-json\/wp\/v2\/pages\/142\/revisions\/1843"}],"wp:attachment":[{"href":"https:\/\/pos.uel.br\/gbm\/wp-json\/wp\/v2\/media?parent=142"}],"curies":[{"name":"wp","href":"https:\/\/api.w.org\/{rel}","templated":true}]}}