{"id":138,"date":"2021-05-26T08:19:24","date_gmt":"2021-05-26T11:19:24","guid":{"rendered":"https:\/\/pos.uel.br\/gbm\/?page_id=138"},"modified":"2025-04-16T11:07:12","modified_gmt":"2025-04-16T14:07:12","slug":"estudante-especial","status":"publish","type":"page","link":"https:\/\/pos.uel.br\/gbm\/estudante-especial\/","title":{"rendered":"Estudante Especial"},"content":{"rendered":"\n<p><strong>Informa\u00e7\u00f5es gerais para estudantes especiais:<\/strong><\/p>\n\n\n\n<ul class=\"wp-block-list\">\n<li>\u00c9 considerado Estudante Especial aquele matriculado em disciplinas isoladas do Programa.<\/li>\n\n\n\n<li>As disciplinas dispon\u00edveis ao Estudante Especial s\u00e3o definidas pela Coordena\u00e7\u00e3o do Curso e autorizadas pelo docente respons\u00e1vel antes do per\u00edodo de inscri\u00e7\u00e3o, sendo divulgadas com anteced\u00eancia pela PROPPG.<\/li>\n\n\n\n<li>O Estudante Especial pode cursar disciplinas da p\u00f3s-gradua\u00e7\u00e3o sem prestar o exame de sele\u00e7\u00e3o. Por\u00e9m, o ingresso como Estudante Especial n\u00e3o d\u00e1 direito a vaga para o curso como aluno regular, somente ap\u00f3s aprova\u00e7\u00e3o no exame de sele\u00e7\u00e3o.<\/li>\n\n\n\n<li>O estudante especial poder\u00e1 cursar at\u00e9 50% (cinq\u00fcenta por cento) dos cr\u00e9ditos em disciplinas exigidas pelo Programa (cada cr\u00e9dito equivale a 15 horas aula):  Mestrado&nbsp;at\u00e9 10 cr\u00e9ditos e Doutorado at\u00e9 15 cr\u00e9ditos.<\/li>\n<\/ul>\n\n\n\n<ul class=\"wp-block-list\">\n<li>Per\u00edodo de inscri\u00e7\u00e3o (veja edital).<\/li>\n\n\n\n<li>A inscri\u00e7\u00e3o para ingresso como Estudante Especial nos Programas de P\u00f3s-Gradua\u00e7\u00e3o <em>stricto sensu<\/em> da UEL \u00e9 realizada via internet, diretamente no site da PROPPG-UEL, para candidatos que possuam curso de gradua\u00e7\u00e3o conclu\u00eddo e reconhecido pelo \u00f3rg\u00e3o competente, de forma a atender a Resolu\u00e7\u00e3o 01\/2001 da CES\/CNE.&nbsp;<\/li>\n\n\n\n<li>O candidato dever\u00e1 preencher a ficha de inscri\u00e7\u00e3o, dispon\u00edvel somente no per\u00edodo de inscri\u00e7\u00e3o (semestral), gerar boleto e efetuar pagamento do pre\u00e7o p\u00fablico de inscri\u00e7\u00e3o estipulada. (Ler o edital, dispon\u00edvel durante o per\u00edodo de inscri\u00e7\u00e3o, Portal\/UEL);<\/li>\n\n\n\n<li>Na ficha de inscri\u00e7\u00e3o o candidato dever\u00e1 indicar a(s) disciplina(s), de interesse; em caso de escolha de mais de uma disciplina, indicar a op\u00e7\u00e3o por ordem de prioridade;<\/li>\n\n\n\n<li>Ap\u00f3s a efetiva\u00e7\u00e3o da inscri\u00e7\u00e3o, n\u00e3o ser\u00e1 permitida a troca de disciplinas ou altera\u00e7\u00e3o na prioridade de op\u00e7\u00e3o.<\/li>\n\n\n\n<li>A entrega da documenta\u00e7\u00e3o \u00e9 imprescind\u00edvel para a confirma\u00e7\u00e3o da inscri\u00e7\u00e3o; a n\u00e3o apresenta\u00e7\u00e3o implicar\u00e1 no indeferimento da mesma.<\/li>\n<\/ul>\n\n\n\n<p><\/p>\n","protected":false},"excerpt":{"rendered":"<p>Informa\u00e7\u00f5es gerais para estudantes especiais:<\/p>\n","protected":false},"author":8,"featured_media":0,"parent":0,"menu_order":0,"comment_status":"closed","ping_status":"closed","template":"","meta":{"footnotes":""},"class_list":["post-138","page","type-page","status-publish","hentry"],"_links":{"self":[{"href":"https:\/\/pos.uel.br\/gbm\/wp-json\/wp\/v2\/pages\/138","targetHints":{"allow":["GET"]}}],"collection":[{"href":"https:\/\/pos.uel.br\/gbm\/wp-json\/wp\/v2\/pages"}],"about":[{"href":"https:\/\/pos.uel.br\/gbm\/wp-json\/wp\/v2\/types\/page"}],"author":[{"embeddable":true,"href":"https:\/\/pos.uel.br\/gbm\/wp-json\/wp\/v2\/users\/8"}],"replies":[{"embeddable":true,"href":"https:\/\/pos.uel.br\/gbm\/wp-json\/wp\/v2\/comments?post=138"}],"version-history":[{"count":11,"href":"https:\/\/pos.uel.br\/gbm\/wp-json\/wp\/v2\/pages\/138\/revisions"}],"predecessor-version":[{"id":1826,"href":"https:\/\/pos.uel.br\/gbm\/wp-json\/wp\/v2\/pages\/138\/revisions\/1826"}],"wp:attachment":[{"href":"https:\/\/pos.uel.br\/gbm\/wp-json\/wp\/v2\/media?parent=138"}],"curies":[{"name":"wp","href":"https:\/\/api.w.org\/{rel}","templated":true}]}}