{"id":130,"date":"2021-05-26T08:09:37","date_gmt":"2021-05-26T11:09:37","guid":{"rendered":"https:\/\/pos.uel.br\/gbm\/?page_id=130"},"modified":"2021-06-10T17:38:08","modified_gmt":"2021-06-10T20:38:08","slug":"credenciamento-de-docentes","status":"publish","type":"page","link":"https:\/\/pos.uel.br\/gbm\/credenciamento-de-docentes\/","title":{"rendered":"Credenciamento de docentes"},"content":{"rendered":"\n<p>Para o credenciamento, a coordena\u00e7\u00e3o avalia os candidatos quanto \u00e0 inser\u00e7\u00e3o dos projetos nas linhas de pesquisa do PPG, o potencial de contribui\u00e7\u00e3o dos docentes em carga hor\u00e1ria em sala de aula, tempo de titula\u00e7\u00e3o, projetos aprovados com fontes de fomento e capacidade de nuclea\u00e7\u00e3o (produ\u00e7\u00e3o na carreira versus \u00edndice H versus produ\u00e7\u00e3o com discentes). Aos rec\u00e9m credenciados, o PPG permite a orienta\u00e7\u00e3o de tese de Doutorado ap\u00f3s ter orientado pelo menos Mestrado, com publica\u00e7\u00e3o com o mesmo discente em revistas qualificadas pela CAPES. Quanto \u00e0s regras de descredenciamento, a comiss\u00e3o coordenadora o adota quando o(a) docente apresentar: i) baixa produ\u00e7\u00e3o cient\u00edfica ou produ\u00e7\u00e3o sem discentes do PPG, ii) n\u00e3o orientar\u00a0no quadri\u00eanio, iii) n\u00e3o ofertar regularmente vagas para Mestrado e Doutorado, iv) n\u00e3o entregar relat\u00f3rios de atividades, v) n\u00e3o atualizar o Curr\u00edculo Lattes, sempre que solicitado pelo PPG, vi) n\u00e3o participar no processo de autoavalia\u00e7\u00e3o, conforme o Plano Institucional de Autoavalia\u00e7\u00e3o da P\u00f3s-gradua\u00e7\u00e3o e vii) descumprir os prazos estabelecidos de qualifica\u00e7\u00e3o e defesa, determinados pela coordena\u00e7\u00e3o.<\/p>\n\n\n\n<p>\u200b<strong>Solicita\u00e7\u00f5es\u00a0de\u00a0credenciamento dever\u00e3o\u00a0ser\u00a0encaminhas\u00a0diretamente\u00a0 \u00e0\u00a0comiss\u00e3o\u00a0coordenadora do\u00a0programa,\u00a0mediante a apresenta\u00e7\u00e3o dos seguinte documentos:<\/strong><\/p>\n\n\n\n<p>1-&nbsp;comprovante&nbsp;do&nbsp;t\u00edtulo&nbsp;de&nbsp;doutor&nbsp;ou&nbsp;equivalente;<\/p>\n\n\n\n<p>2-&nbsp;carta&nbsp;manifestando&nbsp;o&nbsp;interesse&nbsp;de&nbsp;credenciamento&nbsp;e&nbsp;a&nbsp;capacidade&nbsp;de&nbsp;viabilidade&nbsp;financeira&nbsp;para&nbsp;assegurar&nbsp;o<\/p>\n\n\n\n<p>desenvolvimento&nbsp;de disserta\u00e7\u00f5es&nbsp;e&nbsp;teses;<\/p>\n\n\n\n<p>3-&nbsp;proposi\u00e7\u00e3o&nbsp;de&nbsp;disciplina&nbsp;a&nbsp;ser&nbsp;ministrada&nbsp;anualmente&nbsp;ou&nbsp;bi-anualmente;<\/p>\n\n\n\n<p>4-&nbsp;Curr\u00edculo&nbsp;Lattes&nbsp;com,&nbsp;no&nbsp;m\u00ednimo,&nbsp;publica\u00e7\u00e3o&nbsp;de&nbsp;quatro&nbsp;artigos&nbsp;cient\u00edficos&nbsp;nos&nbsp;\u00faltimos&nbsp;quatro&nbsp;anos&nbsp;sendo,&nbsp;no&nbsp;m\u00ednimo,&nbsp;dois&nbsp;artigos&nbsp;com&nbsp;fator&nbsp;de&nbsp;impacto&nbsp;igual&nbsp;ou&nbsp;maior&nbsp;2,0, ou equivalentes \u00e0 categoria B1, de acordo com as normas da&nbsp;CAPES&nbsp;para&nbsp;a&nbsp;CB-1;<\/p>\n\n\n\n<p>5-&nbsp;Conjunto&nbsp;de&nbsp;artigos&nbsp;publicados&nbsp;no&nbsp;per\u00edodo (quadri\u00eanio), cuja somat\u00f3ria dos FI\/4 seja igual \u00e0 mediana do somat\u00f3rio do FI\/NP\/Ano do Programa (calculado a cada quadri\u00eanio correspondente).<\/p>\n\n\n\n<p>\u200b<strong>Caber\u00e1&nbsp;\u00e0&nbsp;comiss\u00e3o&nbsp;coordenadora&nbsp;do&nbsp;programa:<\/strong><\/p>\n\n\n\n<p>\u200b1-&nbsp;Emitir&nbsp;um&nbsp;parecer&nbsp;sobre&nbsp;o&nbsp;processo&nbsp;de&nbsp;credenciamento&nbsp;ou&nbsp;n\u00e3o&nbsp;do&nbsp;proponente;<\/p>\n\n\n\n<p>2-&nbsp;Verificar&nbsp;se&nbsp;o&nbsp;docente&nbsp;\u00e9&nbsp;credenciado&nbsp;em&nbsp;outro&nbsp;programa&nbsp;e&nbsp;qual&nbsp;a&nbsp;sua real&nbsp;contribui\u00e7\u00e3o&nbsp;ao&nbsp;programa;<\/p>\n\n\n\n<p>3-&nbsp;Verificar&nbsp;se&nbsp;as&nbsp;linhas&nbsp;de&nbsp;pesquisa&nbsp;do&nbsp;proponente&nbsp;se&nbsp;enquadram&nbsp;\u00e0s&nbsp;linhas&nbsp;do&nbsp;programa, e&nbsp;se&nbsp;a&nbsp;linha&nbsp;pretendida&nbsp;comporta&nbsp;o&nbsp;credenciamento&nbsp;de&nbsp;mais&nbsp;orientadores;<\/p>\n\n\n\n<p>Somente poder\u00e3o orientar em Doutorado aqueles(as) que j\u00e1 tiveram orienta\u00e7\u00e3o de Mestrado (pelo menos 1) defendida e homologada.<\/p>\n","protected":false},"excerpt":{"rendered":"<p>Para o credenciamento, a coordena\u00e7\u00e3o avalia os candidatos quanto \u00e0 inser\u00e7\u00e3o dos projetos nas linhas de pesquisa do PPG, o potencial de contribui\u00e7\u00e3o dos docentes em carga hor\u00e1ria em sala de aula, tempo de titula\u00e7\u00e3o, projetos aprovados com fontes de fomento e capacidade de nuclea\u00e7\u00e3o (produ\u00e7\u00e3o na carreira versus \u00edndice H versus produ\u00e7\u00e3o com discentes). [&hellip;]<\/p>\n","protected":false},"author":8,"featured_media":0,"parent":0,"menu_order":0,"comment_status":"closed","ping_status":"closed","template":"","meta":{"footnotes":""},"class_list":["post-130","page","type-page","status-publish","hentry"],"_links":{"self":[{"href":"https:\/\/pos.uel.br\/gbm\/wp-json\/wp\/v2\/pages\/130","targetHints":{"allow":["GET"]}}],"collection":[{"href":"https:\/\/pos.uel.br\/gbm\/wp-json\/wp\/v2\/pages"}],"about":[{"href":"https:\/\/pos.uel.br\/gbm\/wp-json\/wp\/v2\/types\/page"}],"author":[{"embeddable":true,"href":"https:\/\/pos.uel.br\/gbm\/wp-json\/wp\/v2\/users\/8"}],"replies":[{"embeddable":true,"href":"https:\/\/pos.uel.br\/gbm\/wp-json\/wp\/v2\/comments?post=130"}],"version-history":[{"count":2,"href":"https:\/\/pos.uel.br\/gbm\/wp-json\/wp\/v2\/pages\/130\/revisions"}],"predecessor-version":[{"id":417,"href":"https:\/\/pos.uel.br\/gbm\/wp-json\/wp\/v2\/pages\/130\/revisions\/417"}],"wp:attachment":[{"href":"https:\/\/pos.uel.br\/gbm\/wp-json\/wp\/v2\/media?parent=130"}],"curies":[{"name":"wp","href":"https:\/\/api.w.org\/{rel}","templated":true}]}}